{"id":10147,"date":"2023-08-22T16:18:55","date_gmt":"2023-08-22T14:18:55","guid":{"rendered":"http:\/\/lelalano.fr\/?page_id=10147"},"modified":"2023-08-24T17:23:41","modified_gmt":"2023-08-24T15:23:41","slug":"semaine-du-mer-06-septembre-au-mar-12-septembre-2023","status":"publish","type":"page","link":"https:\/\/lelalano.fr\/index.php\/semaine-du-mer-06-septembre-au-mar-12-septembre-2023\/","title":{"rendered":"Semaine du Mer. 06 septembre au Mar. 12 septembre 2023"},"content":{"rendered":"<h4>Petit R\u00e9cap&#8217; de la semaine<\/h4>\n<p>\t\t\t\t\t\t\t\t\t\t\t\tmercredi 06 septembre\t\t\t\t\t<\/p>\n<ul>\n<li><a href=\"#jun\">Juniors<\/a> \u00e0 16h<\/li>\n<li><a href=\"#yan\">Yannick<\/a> \u00e0 20h45<\/li>\n<\/ul>\n<p>\t\t\t\t\t\t\t\t\t\t\t\tsamedi 09 septembre\t\t\t\t\t<\/p>\n<ul>\n<li><a href=\"#les\">Les Algues vertes<\/a> \u00e0 20h45<\/li>\n<\/ul>\n<p>\t\t\t\t\t\t\t\t\t\t\t\tdimanche 10 septembre\t\t\t\t\t<\/p>\n<ul>\n<li><a href=\"#bar\">Barbie<\/a> \u00e0 20h45 (vo)<\/li>\n<\/ul>\n<p>\t\t\t\t\t\t\t\t\t\t\t\tmardi 12 septembre\t\t\t\t\t<\/p>\n<ul>\n<li><a href=\"#lim\">Limbo<\/a> \u00e0 20h45 (vo)<\/li>\n<\/ul>\n<h4>Juniors<\/h4>\n<p>\t\t\t\t\t\t\t\t\t\t<img loading=\"lazy\" decoding=\"async\" width=\"730\" height=\"991\" src=\"http:\/\/lelalano.fr\/wp-content\/uploads\/2023\/08\/juniors-754x1024.jpg\" alt=\"\" srcset=\"http:\/\/lelalano.fr\/wp-content\/uploads\/2023\/08\/juniors-754x1024.jpg 754w, http:\/\/lelalano.fr\/wp-content\/uploads\/2023\/08\/juniors-221x300.jpg 221w, http:\/\/lelalano.fr\/wp-content\/uploads\/2023\/08\/juniors-768x1043.jpg 768w, http:\/\/lelalano.fr\/wp-content\/uploads\/2023\/08\/juniors.jpg 795w\" sizes=\"(max-width: 730px) 100vw, 730px\" \/>\t\t\t\t\t\t\t\t\t\t\t<\/p>\n<h2>Synopsis<\/h2>\n<p>Jordan, 14 ans, s\u2019ennuie dans le petit village de Mornas. Sa m\u00e8re infirmi\u00e8re \u00e9tant souvent absente, il s\u2019occupe avec son meilleur ami Patrick en jouant \u00e0 leur console affectueusement nomm\u00e9e Jessica. Mais lorsque Jessica rend l\u2019\u00e2me, Jordan d\u00e9cide de simuler une maladie et de monter une cagnotte en ligne pour s\u2019en racheter une. Quand ce mensonge se propage dans la cour du coll\u00e8ge, les regards se tournent enfin vers eux. Un d\u00e9but de popularit\u00e9 qui mettra leur amiti\u00e9 ind\u00e9fectible \u00e0 rude \u00e9preuve&#8230;\t\t<\/p>\n<h4>S\u00c9ANCES<\/h4>\n<ul>\n<li >\n\t\t\t\t\t\t\t\t\t\tmercredi 06 septembre 16h\n\t\t\t\t\t\t\t\t\t<\/li>\n<\/ul>\n<h4>INFOS SUR LE FILM<\/h4>\n<p>\t\t<a href=\"https:\/\/www.allocine.fr\/film\/agenda\/sem-2023-07-26\/\"> 26 juillet 2023 <\/a> <strong> en salle <\/strong> \/ 1h 35min \/ <a href=\"https:\/\/www.allocine.fr\/films\/genre-13005\/\">Com\u00e9die<\/a>De <a href=\"https:\/\/www.allocine.fr\/personne\/fichepersonne_gen_cpersonne=761677.html\">Hugo P. Thomas<\/a>Par <a href=\"https:\/\/www.allocine.fr\/personne\/fichepersonne_gen_cpersonne=761677.html\">Hugo P. Thomas<\/a>, <a href=\"https:\/\/www.allocine.fr\/personne\/fichepersonne_gen_cpersonne=809379.html\">Jules Lugan<\/a>Avec <a href=\"https:\/\/www.allocine.fr\/personne\/fichepersonne_gen_cpersonne=11882.html\">Vanessa Paradis<\/a>, <a href=\"https:\/\/www.allocine.fr\/personne\/fichepersonne_gen_cpersonne=996282.html\">Ewan Bourdelles<\/a>, <a href=\"https:\/\/www.allocine.fr\/personne\/fichepersonne_gen_cpersonne=996284.html\">Noah Zandouche<\/a><br \/>\n\t\t\t<a href=\"https:\/\/www.youtube.com\/watch?v=X4TXwa3XN5s\" target=\"_blank\" role=\"button\"><br \/>\n\t\t\t\t\t\tbande annonce<br \/>\n\t\t\t\t\t<\/a><br \/>\n\t\t\t<a href=\"#top\" role=\"button\"><br \/>\n\t\t\t\t\t\thaut de la page<br \/>\n\t\t\t\t\t<\/a><\/p>\n<h4>Yannick<\/h4>\n<p>\t\t\t\t\t\t\t\t\t\t<img loading=\"lazy\" decoding=\"async\" width=\"730\" height=\"973\" src=\"http:\/\/lelalano.fr\/wp-content\/uploads\/2023\/08\/yannick_1-768x1024.jpg\" alt=\"\" srcset=\"http:\/\/lelalano.fr\/wp-content\/uploads\/2023\/08\/yannick_1-768x1024.jpg 768w, http:\/\/lelalano.fr\/wp-content\/uploads\/2023\/08\/yannick_1-225x300.jpg 225w, http:\/\/lelalano.fr\/wp-content\/uploads\/2023\/08\/yannick_1.jpg 810w\" sizes=\"(max-width: 730px) 100vw, 730px\" \/>\t\t\t\t\t\t\t\t\t\t\t<\/p>\n<h2>Synopsis<\/h2>\n<section id=\"synopsis-details\">\n<section id=\"synopsis-details\">En pleine repr\u00e9sentation de la pi\u00e8ce \u00ab Le Cocu \u00bb, un tr\u00e8s mauvais boulevard, Yannick se l\u00e8ve et interrompt le spectacle pour reprendre la soir\u00e9e en main&#8230;<\/section>\n<\/section>\n<h4>S\u00c9ANCES<\/h4>\n<ul>\n<li >\n\t\t\t\t\t\t\t\t\t\tmercredi 06 septembre 20h45\n\t\t\t\t\t\t\t\t\t<\/li>\n<\/ul>\n<h4>INFOS SUR LE FILM<\/h4>\n<p>\t\t<a href=\"https:\/\/www.allocine.fr\/film\/agenda\/sem-2023-08-02\/\"> 2 ao\u00fbt 2023 <\/a> <strong> en salle <\/strong> \/ 1h 07min \/ <a href=\"https:\/\/www.allocine.fr\/films\/genre-13005\/\">Com\u00e9die<\/a>De <a href=\"https:\/\/www.allocine.fr\/personne\/fichepersonne_gen_cpersonne=146639.html\">Quentin Dupieux<\/a>Par <a href=\"https:\/\/www.allocine.fr\/personne\/fichepersonne_gen_cpersonne=146639.html\">Quentin Dupieux<\/a>Avec <a href=\"https:\/\/www.allocine.fr\/personne\/fichepersonne_gen_cpersonne=839686.html\">Rapha\u00ebl Quenard<\/a>, <a href=\"https:\/\/www.allocine.fr\/personne\/fichepersonne_gen_cpersonne=242219.html\">Blanche Gardin<\/a>, <a href=\"https:\/\/www.allocine.fr\/personne\/fichepersonne_gen_cpersonne=194479.html\">Pio Marma\u00ef<\/a><br \/>\n\t\t\t<a href=\"https:\/\/www.youtube.com\/watch?v=5OLFCHvHa2A\" target=\"_blank\" role=\"button\"><br \/>\n\t\t\t\t\t\tVOIR LA BANDE ANNONCE<br \/>\n\t\t\t\t\t<\/a><br \/>\n\t\t\t<a href=\"#top\" role=\"button\"><br \/>\n\t\t\t\t\t\thaut de la page<br \/>\n\t\t\t\t\t<\/a><\/p>\n<h4>Les Algues vertes<\/h4>\n<p>\t\t\t\t\t\t\t\t\t\t<img loading=\"lazy\" decoding=\"async\" width=\"730\" height=\"994\" src=\"http:\/\/lelalano.fr\/wp-content\/uploads\/2023\/06\/Les-Algues-vertes-752x1024.jpg\" alt=\"\" srcset=\"http:\/\/lelalano.fr\/wp-content\/uploads\/2023\/06\/Les-Algues-vertes-752x1024.jpg 752w, http:\/\/lelalano.fr\/wp-content\/uploads\/2023\/06\/Les-Algues-vertes-220x300.jpg 220w, http:\/\/lelalano.fr\/wp-content\/uploads\/2023\/06\/Les-Algues-vertes-768x1046.jpg 768w, http:\/\/lelalano.fr\/wp-content\/uploads\/2023\/06\/Les-Algues-vertes.jpg 793w\" sizes=\"(max-width: 730px) 100vw, 730px\" \/>\t\t\t\t\t\t\t\t\t\t\t<\/p>\n<h2>Synopsis et d\u00e9tails<\/h2>\n<p>\u00c0 la suite de morts suspectes, In\u00e8s L\u00e9raud, jeune journaliste, d\u00e9cide de s\u2019installer en Bretagne pour enqu\u00eater sur le ph\u00e9nom\u00e8ne des algues vertes. \u00c0 travers ses rencontres, elle d\u00e9couvre la fabrique du silence qui entoure ce d\u00e9sastre \u00e9cologique et social. Face aux pressions, parviendra-t-elle \u00e0 faire triompher la v\u00e9rit\u00e9 ?<\/p>\n<p><i>Adaptation des algues vertes &#8211; l\u2019histoire interdite, la bande dessin\u00e9e d\u2019In\u00e8s L\u00e9raud et Pierre Van Hove, tir\u00e9e de l&#8217;enqu\u00eate men\u00e9e par In\u00e8s L\u00e9raud sur le scandale des algues vertes.<\/i><\/p>\n<p>\u00a0<\/p>\n<h4>S\u00c9ANCES<\/h4>\n<ul>\n<li >\n\t\t\t\t\t\t\t\t\t\tsamedi 09 septembre 20h45\n\t\t\t\t\t\t\t\t\t<\/li>\n<\/ul>\n<h4>INFOS SUR LE FILM<\/h4>\n<p>\t\t<a href=\"https:\/\/www.allocine.fr\/film\/agenda\/sem-2023-07-12\/\"> 12 juillet 2023 <\/a> <strong> en salle <\/strong> \/ 1h 47min \/ <a href=\"https:\/\/www.allocine.fr\/films\/genre-13008\/\">Drame<\/a>, <a href=\"https:\/\/www.allocine.fr\/films\/genre-13023\/\">Thriller<\/a>De <a href=\"https:\/\/www.allocine.fr\/personne\/fichepersonne_gen_cpersonne=627.html\">Pierre Jolivet<\/a>Par <a href=\"https:\/\/www.allocine.fr\/personne\/fichepersonne_gen_cpersonne=627.html\">Pierre Jolivet<\/a>, <a href=\"https:\/\/www.allocine.fr\/personne\/fichepersonne_gen_cpersonne=240829.html\">In\u00e8s L\u00e9raud<\/a>Avec <a href=\"https:\/\/www.allocine.fr\/personne\/fichepersonne_gen_cpersonne=144941.html\">C\u00e9line Sallette<\/a>, <a href=\"https:\/\/www.allocine.fr\/personne\/fichepersonne_gen_cpersonne=32807.html\">Nina Meurisse<\/a>, <a href=\"https:\/\/www.allocine.fr\/personne\/fichepersonne_gen_cpersonne=173450.html\">Julie Ferrier<\/a><br \/>\n\t\t\t<a href=\"https:\/\/www.youtube.com\/watch?v=KyRpq2eHvdg&amp;t=3s\" target=\"_blank\" role=\"button\"><br \/>\n\t\t\t\t\t\tVoir la bande annonce<br \/>\n\t\t\t\t\t<\/a><br \/>\n\t\t\t<a href=\"#top\" role=\"button\"><br \/>\n\t\t\t\t\t\thaut de la page<br \/>\n\t\t\t\t\t<\/a><\/p>\n<h4>Barbie (vo)<\/h4>\n<p>\t\t\t\t\t\t\t\t\t\t<img loading=\"lazy\" decoding=\"async\" width=\"691\" height=\"1024\" src=\"http:\/\/lelalano.fr\/wp-content\/uploads\/2023\/06\/Barbie-691x1024.jpg\" alt=\"\" srcset=\"http:\/\/lelalano.fr\/wp-content\/uploads\/2023\/06\/Barbie-691x1024.jpg 691w, http:\/\/lelalano.fr\/wp-content\/uploads\/2023\/06\/Barbie-203x300.jpg 203w, http:\/\/lelalano.fr\/wp-content\/uploads\/2023\/06\/Barbie.jpg 729w\" sizes=\"(max-width: 691px) 100vw, 691px\" \/>\t\t\t\t\t\t\t\t\t\t\t<\/p>\n<h2>Synopsis<\/h2>\n<p>A Barbie Land, vous \u00eates un \u00eatre parfait dans un monde parfait. Sauf si vous \u00eates en crise existentielle, ou si vous \u00eates Ken.<\/p>\n<h4>S\u00c9ANCES<\/h4>\n<ul>\n<li >\n\t\t\t\t\t\t\t\t\t\tdimanche 10 septembre 20h45 (vostfr : anglais sous-titr\u00e9 en fran\u00e7ais)\n\t\t\t\t\t\t\t\t\t<\/li>\n<\/ul>\n<h4>INFOS SUR LE FILM<\/h4>\n<p>\t\t<a href=\"https:\/\/www.allocine.fr\/film\/agenda\/sem-2023-07-19\/\"> 19 juillet 2023 <\/a> <strong> en salle <\/strong> \/ 1h 54min \/ <a href=\"https:\/\/www.allocine.fr\/films\/genre-13001\/\">Aventure<\/a>, <a href=\"https:\/\/www.allocine.fr\/films\/genre-13005\/\">Com\u00e9die<\/a>, <a href=\"https:\/\/www.allocine.fr\/films\/genre-13036\/\">Famille<\/a>De <a href=\"https:\/\/www.allocine.fr\/personne\/fichepersonne_gen_cpersonne=227924.html\">Greta Gerwig<\/a>Par <a href=\"https:\/\/www.allocine.fr\/personne\/fichepersonne_gen_cpersonne=227924.html\">Greta Gerwig<\/a>, <a href=\"https:\/\/www.allocine.fr\/personne\/fichepersonne_gen_cpersonne=41958.html\">Noah Baumbach<\/a>Avec <a href=\"https:\/\/www.allocine.fr\/personne\/fichepersonne_gen_cpersonne=403573.html\">Margot Robbie<\/a>, <a href=\"https:\/\/www.allocine.fr\/personne\/fichepersonne_gen_cpersonne=57126.html\">Ryan Gosling<\/a>, <a href=\"https:\/\/www.allocine.fr\/personne\/fichepersonne_gen_cpersonne=859102.html\">Emma Mackey<\/a><br \/>\n\t\t\t<a href=\"https:\/\/www.youtube.com\/watch?v=2oOzWcbVf1c\" target=\"_blank\" role=\"button\"><br \/>\n\t\t\t\t\t\tVOIR LA BANDE ANNONCE<br \/>\n\t\t\t\t\t<\/a><br \/>\n\t\t\t<a href=\"#top\" role=\"button\"><br \/>\n\t\t\t\t\t\thaut de la page<br \/>\n\t\t\t\t\t<\/a><\/p>\n<h4>Limbo (vo) (int &#8211; 16 ans)<\/h4>\n<p>\t\t\t\t\t\t\t\t\t\t<img loading=\"lazy\" decoding=\"async\" width=\"730\" height=\"994\" src=\"http:\/\/lelalano.fr\/wp-content\/uploads\/2023\/08\/Limbo-752x1024.jpg\" alt=\"\" srcset=\"http:\/\/lelalano.fr\/wp-content\/uploads\/2023\/08\/Limbo-752x1024.jpg 752w, http:\/\/lelalano.fr\/wp-content\/uploads\/2023\/08\/Limbo-220x300.jpg 220w, http:\/\/lelalano.fr\/wp-content\/uploads\/2023\/08\/Limbo-768x1046.jpg 768w, http:\/\/lelalano.fr\/wp-content\/uploads\/2023\/08\/Limbo.jpg 793w\" sizes=\"(max-width: 730px) 100vw, 730px\" \/>\t\t\t\t\t\t\t\t\t\t\t<\/p>\n<h2>Synopsis et d\u00e9tails<\/h2>\n<p><strong>Interdit aux moins de 16 ans.<\/strong>\u00a0Dans les bas-fonds de Hong-Kong, un flic v\u00e9t\u00e9ran et son jeune sup\u00e9rieur doivent faire \u00e9quipe pour arr\u00eater un tueur qui s\u2019attaque aux femmes, laissant leur main coup\u00e9e pour seule signature. Quand toutes leurs pistes s\u2019essoufflent, ils d\u00e9cident d\u2019utiliser une jeune d\u00e9linquante comme app\u00e2t.\t\t<\/p>\n<h4>S\u00c9ANCES<\/h4>\n<ul>\n<li >\n\t\t\t\t\t\t\t\t\t\tmardi 12 septembre 20h45 (vostfr : Cantonais sous-titr\u00e9 fran\u00e7ais)\n\t\t\t\t\t\t\t\t\t<\/li>\n<\/ul>\n<h4>INFOS SUR LE FILM<\/h4>\n<p>\t\t<a href=\"https:\/\/www.allocine.fr\/film\/agenda\/sem-2023-07-12\/\"> 12 juillet 2023 <\/a> <strong> en salle <\/strong> \/ 1h 58min \/ <a href=\"https:\/\/www.allocine.fr\/films\/genre-13023\/\">Thriller<\/a>, <a href=\"https:\/\/www.allocine.fr\/films\/genre-13018\/\">Policier<\/a>, <a href=\"https:\/\/www.allocine.fr\/films\/genre-13008\/\">Drame<\/a>De <a href=\"https:\/\/www.allocine.fr\/personne\/fichepersonne_gen_cpersonne=187673.html\">Soi Cheang<\/a>Par <a href=\"https:\/\/www.allocine.fr\/personne\/fichepersonne_gen_cpersonne=84532.html\">Kin Yee Au<\/a>Avec <a href=\"https:\/\/www.allocine.fr\/personne\/fichepersonne_gen_cpersonne=150310.html\">Ka Tung Lam<\/a>, <a href=\"https:\/\/www.allocine.fr\/personne\/fichepersonne_gen_cpersonne=641435.html\">Yase Liu<\/a>, <a href=\"https:\/\/www.allocine.fr\/personne\/fichepersonne_gen_cpersonne=516852.html\">Mason Lee<\/a><br \/>\n\t\t\t<a href=\"https:\/\/www.youtube.com\/watch?v=02zbHmptyWE\" target=\"_blank\" role=\"button\"><br \/>\n\t\t\t\t\t\tVOIR LA BANDE ANNONCE<br \/>\n\t\t\t\t\t<\/a><br \/>\n\t\t\t<a href=\"#top\" role=\"button\"><br \/>\n\t\t\t\t\t\thaut de la page<br \/>\n\t\t\t\t\t<\/a><\/p>\n","protected":false},"excerpt":{"rendered":"<p>Petit R\u00e9cap&#8217; de la semaine mercredi 06 septembre Juniors \u00e0 16h Yannick \u00e0 20h45 samedi 09 septembre Les Algues vertes \u00e0 20h45 dimanche 10 septembre Barbie \u00e0 20h45 (vo) mardi 12 septembre Limbo \u00e0 20h45 (vo) Juniors Synopsis Jordan, 14 ans, s\u2019ennuie dans le petit village de Mornas. Sa m\u00e8re infirmi\u00e8re \u00e9tant souvent absente, il<span class=\"read-more-wrap\"><a class=\"moretag\" href=\"https:\/\/lelalano.fr\/index.php\/semaine-du-mer-06-septembre-au-mar-12-septembre-2023\/\">Lire la suite<span class=\"screen-reader-text\">Semaine du Mer. 06 septembre au Mar. 12 septembre 2023<\/span><\/a><\/span><\/p>\n","protected":false},"author":1,"featured_media":0,"parent":0,"menu_order":0,"comment_status":"closed","ping_status":"closed","template":"","meta":{"footnotes":""},"_links":{"self":[{"href":"https:\/\/lelalano.fr\/index.php\/wp-json\/wp\/v2\/pages\/10147"}],"collection":[{"href":"https:\/\/lelalano.fr\/index.php\/wp-json\/wp\/v2\/pages"}],"about":[{"href":"https:\/\/lelalano.fr\/index.php\/wp-json\/wp\/v2\/types\/page"}],"author":[{"embeddable":true,"href":"https:\/\/lelalano.fr\/index.php\/wp-json\/wp\/v2\/users\/1"}],"replies":[{"embeddable":true,"href":"https:\/\/lelalano.fr\/index.php\/wp-json\/wp\/v2\/comments?post=10147"}],"version-history":[{"count":26,"href":"https:\/\/lelalano.fr\/index.php\/wp-json\/wp\/v2\/pages\/10147\/revisions"}],"predecessor-version":[{"id":10281,"href":"https:\/\/lelalano.fr\/index.php\/wp-json\/wp\/v2\/pages\/10147\/revisions\/10281"}],"wp:attachment":[{"href":"https:\/\/lelalano.fr\/index.php\/wp-json\/wp\/v2\/media?parent=10147"}],"curies":[{"name":"wp","href":"https:\/\/api.w.org\/{rel}","templated":true}]}}