{"id":10348,"date":"2023-09-24T19:59:03","date_gmt":"2023-09-24T17:59:03","guid":{"rendered":"http:\/\/lelalano.fr\/?page_id=10348"},"modified":"2023-10-11T16:42:57","modified_gmt":"2023-10-11T14:42:57","slug":"semaine-du-mer-25-octobre-au-mar-31-octobre-2023","status":"publish","type":"page","link":"https:\/\/lelalano.fr\/index.php\/semaine-du-mer-25-octobre-au-mar-31-octobre-2023\/","title":{"rendered":"Semaine du Mer. 25 octobre au Mar. 31 octobre 2023"},"content":{"rendered":"<h4>Petit R\u00e9cap&#8217; de la semaine<\/h4>\n<p>\t\t\t\t\t\t\t\t\t\t\t\tmercredi 25 octobre\t\t\t\t\t<\/p>\n<ul>\n<li><a href=\"#the\">The Creator<\/a>\u00a0 \u00e0 16h<\/li>\n<li><a href=\"#lar\">L&#8217;Arbre aux papillons d&#8217;or<\/a> \u00e0 20h45 (vo)<\/li>\n<\/ul>\n<p>\t\t\t\t\t\t\t\t\t\t\t\tjeudi 26 octobre\t\t\t\t\t<\/p>\n<ul>\n<li><a href=\"#gra\">Gran Turismo<\/a> \u00e0 15h<\/li>\n<\/ul>\n<p>\t\t\t\t\t\t\t\t\t\t\t\tsamedi 28 octobre\t\t\t\t\t<\/p>\n<ul>\n<li><a href=\"#the\">The Creator<\/a> \u00e0 20h45<\/li>\n<\/ul>\n<p>\t\t\t\t\t\t\t\t\t\t\t\tdimanche 29 octobre\t\t\t\t\t<\/p>\n<ul>\n<li><a href=\"#dog\">Dogman<\/a> \u00e0 20h45<\/li>\n<\/ul>\n<p>\t\t\t\t\t\t\t\t\t\t\t\tmardi 31 octobre\t\t\t\t\t<\/p>\n<ul>\n<li><a href=\"#ber\">Bernadette<\/a> \u00e0 20h45<\/li>\n<\/ul>\n<h4>The Creator<br \/>\n<\/h4>\n<p>\t\t\t\t\t\t\t\t\t\t<img loading=\"lazy\" decoding=\"async\" width=\"730\" height=\"913\" src=\"http:\/\/lelalano.fr\/wp-content\/uploads\/2023\/09\/The-Creator-819x1024.jpg\" alt=\"\" srcset=\"http:\/\/lelalano.fr\/wp-content\/uploads\/2023\/09\/The-Creator-819x1024.jpg 819w, http:\/\/lelalano.fr\/wp-content\/uploads\/2023\/09\/The-Creator-240x300.jpg 240w, http:\/\/lelalano.fr\/wp-content\/uploads\/2023\/09\/The-Creator-768x960.jpg 768w, http:\/\/lelalano.fr\/wp-content\/uploads\/2023\/09\/The-Creator.jpg 864w\" sizes=\"(max-width: 730px) 100vw, 730px\" \/>\t\t\t\t\t\t\t\t\t\t\t<\/p>\n<h2>Synopsis<\/h2>\n<p>Dans un futur proche, humains et intelligence artificielle (IA) se livrent une guerre sans merci. <br \/>Soldat am\u00e9ricain infiltr\u00e9 en Asie, Joshua est s\u00e9par\u00e9 de sa femme Maya au cours d\u2019un assaut. Supposant que celle-ci est d\u00e9c\u00e9d\u00e9e, il rentre aux \u00c9tats-Unis, compl\u00e8tement d\u00e9vast\u00e9. Cinq ans plus tard, l\u2019arm\u00e9e lui demande de revenir sur le terrain, craignant qu\u2019une puissante intelligence artificielle n\u2019ait cr\u00e9\u00e9 une arme qui permette \u00e0 l\u2019Orient de gagner la guerre qu\u2019elle livre \u00e0 l\u2019Occident. Sentant son utilisation proche, elle souhaite qu\u2019il la trouve et la d\u00e9truise. <br \/>Lorsque la colonelle Jean Howell apprend \u00e0 Joshua que Maya est peut-\u00eatre en vie et qu\u2019elle se trouverait dans la zone de combat, celui-ci trouve soudainement un nouvel enjeu dans cette mission qu\u2019il avait tout d\u2019abord accept\u00e9 \u00e0 contrecoeur. Cependant, peu apr\u00e8s son arriv\u00e9e en Asie, il d\u00e9couvre que l\u2019arme en question n\u2019est autre qu\u2019une petite fille de 6 ans pr\u00e9nomm\u00e9e Alphie. D\u00e8s lors, Joshua commence \u00e0 remettre en question ses convictions sur l\u2019IA : O\u00f9 est la v\u00e9rit\u00e9 ? Que lui a-t-on cach\u00e9 ?\t\t<\/p>\n<h4>S\u00c9ANCES<\/h4>\n<ul>\n<li >\n\t\t\t\t\t\t\t\t\t\tmercredi 25 octobre 16h\n\t\t\t\t\t\t\t\t\t<\/li>\n<li >\n\t\t\t\t\t\t\t\t\t\tsamedi 28 octobre 20h45\n\t\t\t\t\t\t\t\t\t<\/li>\n<\/ul>\n<h4>INFOS SUR LE FILM<\/h4>\n<p>\t\t<a href=\"https:\/\/www.allocine.fr\/film\/agenda\/sem-2023-09-27\/\"> 27 septembre 2023 <\/a> <strong> en salle <\/strong> \/ 2h 13min \/ <a href=\"https:\/\/www.allocine.fr\/films\/genre-13021\/\">Science fiction<\/a>, <a href=\"https:\/\/www.allocine.fr\/films\/genre-13008\/\">Drame<\/a>, <a href=\"https:\/\/www.allocine.fr\/films\/genre-13001\/\">Aventure<\/a>De <a href=\"https:\/\/www.allocine.fr\/personne\/fichepersonne_gen_cpersonne=455146.html\">Gareth Edwards (V)<\/a>Par <a href=\"https:\/\/www.allocine.fr\/personne\/fichepersonne_gen_cpersonne=455146.html\">Gareth Edwards (V)<\/a>, <a href=\"https:\/\/www.allocine.fr\/personne\/fichepersonne_gen_cpersonne=38460.html\">Chris Weitz<\/a>Avec <a href=\"https:\/\/www.allocine.fr\/personne\/fichepersonne_gen_cpersonne=418466.html\">John David Washington<\/a>, <a href=\"https:\/\/www.allocine.fr\/personne\/fichepersonne_gen_cpersonne=416661.html\">Gemma Chan<\/a>, <a href=\"https:\/\/www.allocine.fr\/personne\/fichepersonne_gen_cpersonne=83395.html\">Ken Watanabe<\/a><br \/>\n\t\t\t<a href=\"https:\/\/www.youtube.com\/watch?v=vkpTXoVKJoY\" target=\"_blank\" role=\"button\"><br \/>\n\t\t\t\t\t\tbande annonce<br \/>\n\t\t\t\t\t<\/a><br \/>\n\t\t\t<a href=\"#top\" role=\"button\"><br \/>\n\t\t\t\t\t\thaut de la page<br \/>\n\t\t\t\t\t<\/a><\/p>\n<h4>L&#8217;Arbre aux papillons d&#8217;or (vo)<\/h4>\n<p>\t\t\t\t\t\t\t\t\t\t<img loading=\"lazy\" decoding=\"async\" width=\"680\" height=\"924\" src=\"http:\/\/lelalano.fr\/wp-content\/uploads\/2023\/09\/LArbre-aux-papillons-dor.jpg\" alt=\"\" srcset=\"http:\/\/lelalano.fr\/wp-content\/uploads\/2023\/09\/LArbre-aux-papillons-dor.jpg 680w, http:\/\/lelalano.fr\/wp-content\/uploads\/2023\/09\/LArbre-aux-papillons-dor-221x300.jpg 221w\" sizes=\"(max-width: 680px) 100vw, 680px\" \/>\t\t\t\t\t\t\t\t\t\t\t<\/p>\n<h2>Synopsis<\/h2>\n<p>Apr\u00e8s la mort de sa belle-s\u0153ur dans un accident de moto \u00e0 Saigon, Thien se voit confier la t\u00e2che de ramener son corps dans leur village natal. Il y emm\u00e8ne \u00e9galement son neveu de 5 ans, Dao, qui a miraculeusement surv\u00e9cu \u00e0 l\u2019accident. Au milieu des paysages mystiques de la campagne vietnamienne, Thien part \u00e0 la recherche de son fr\u00e8re a\u00een\u00e9, disparu il y a des ann\u00e9es, un voyage qui remet profond\u00e9ment en question sa foi.\t\t<\/p>\n<h4>S\u00c9ANCES<\/h4>\n<ul>\n<li >\n\t\t\t\t\t\t\t\t\t\tmercredi 25 octobre 20h45 (vostfr : vietnamien sous-titr\u00e9 fran\u00e7ais)\n\t\t\t\t\t\t\t\t\t<\/li>\n<\/ul>\n<h4>INFOS SUR LE FILM<\/h4>\n<p>\t\t<a href=\"https:\/\/www.allocine.fr\/film\/agenda\/sem-2023-09-20\/\"> 20 septembre 2023 <\/a> <strong> en salle <\/strong> \/ 2h 58min \/ <a href=\"https:\/\/www.allocine.fr\/films\/genre-13008\/\">Drame<\/a>De <a href=\"https:\/\/www.allocine.fr\/personne\/fichepersonne_gen_cpersonne=871971.html\">Pham Thi\u00ean \u00c2n<\/a>Par <a href=\"https:\/\/www.allocine.fr\/personne\/fichepersonne_gen_cpersonne=871971.html\">Pham Thi\u00ean \u00c2n<\/a>Avec <a href=\"https:\/\/www.allocine.fr\/personne\/fichepersonne_gen_cpersonne=994145.html\">Le Phong Vu<\/a>, <a href=\"https:\/\/www.allocine.fr\/personne\/fichepersonne_gen_cpersonne=994146.html\">Nguyen Thi Truc Quynh<\/a>, <a href=\"https:\/\/www.allocine.fr\/personne\/fichepersonne_gen_cpersonne=994148.html\">Nguyen Thinh<\/a>Titre original  B\u00ean trong v\u1ecf k\u00e9n v\u00e0ng<br \/>\n\t\t\t<a href=\"https:\/\/www.youtube.com\/watch?v=mxLG_4N0rlQ\" target=\"_blank\" role=\"button\"><br \/>\n\t\t\t\t\t\tVOIR LA BANDE ANNONCE<br \/>\n\t\t\t\t\t<\/a><br \/>\n\t\t\t<a href=\"#top\" role=\"button\"><br \/>\n\t\t\t\t\t\thaut de la page<br \/>\n\t\t\t\t\t<\/a><\/p>\n<h4>Gran Turismo<\/h4>\n<p>\t\t\t\t\t\t\t\t\t\t<img loading=\"lazy\" decoding=\"async\" width=\"730\" height=\"989\" src=\"http:\/\/lelalano.fr\/wp-content\/uploads\/2023\/08\/Gran-Turismo-756x1024.jpg\" alt=\"\" srcset=\"http:\/\/lelalano.fr\/wp-content\/uploads\/2023\/08\/Gran-Turismo-756x1024.jpg 756w, http:\/\/lelalano.fr\/wp-content\/uploads\/2023\/08\/Gran-Turismo-221x300.jpg 221w, http:\/\/lelalano.fr\/wp-content\/uploads\/2023\/08\/Gran-Turismo-768x1041.jpg 768w, http:\/\/lelalano.fr\/wp-content\/uploads\/2023\/08\/Gran-Turismo.jpg 797w\" sizes=\"(max-width: 730px) 100vw, 730px\" \/>\t\t\t\t\t\t\t\t\t\t\t<\/p>\n<h2>Synopsis<\/h2>\n<p>Gran Turismo retrace l&#8217;incroyable histoire vraie d&#8217;une \u00e9quipe d&#8217;outsiders : un gamer issu de la classe ouvri\u00e8re, un ex-pilote de course rat\u00e9 et un cadre id\u00e9aliste de l\u2019industrie du sport automobile. Ensemble, ils risquent tout et s&#8217;attaquent au sport le plus \u00e9litiste au monde.<\/p>\n<p>Inspirant, palpitant et bourr\u00e9 d\u2019action, le film GRAN TURISMO prouve que rien n&#8217;est impossible quand on est d\u00e9termin\u00e9 \u00e0 prendre tous les risques.\t\t<\/p>\n<h4>S\u00c9ANCES<\/h4>\n<ul>\n<li >\n\t\t\t\t\t\t\t\t\t\tjeudi 26 octobre 15h\n\t\t\t\t\t\t\t\t\t<\/li>\n<\/ul>\n<h4>INFOS SUR LE FILM<\/h4>\n<p>\t\t<a href=\"https:\/\/www.allocine.fr\/film\/agenda\/sem-2023-08-09\/\"> 9 ao\u00fbt 2023 <\/a> <strong> en salle <\/strong> \/ 2h 14min \/ <a href=\"https:\/\/www.allocine.fr\/films\/genre-13025\/\">Action<\/a>, <a href=\"https:\/\/www.allocine.fr\/films\/genre-13008\/\">Drame<\/a>De <a href=\"https:\/\/www.allocine.fr\/personne\/fichepersonne_gen_cpersonne=165634.html\">Neill Blomkamp<\/a>Par <a href=\"https:\/\/www.allocine.fr\/personne\/fichepersonne_gen_cpersonne=165634.html\">Neill Blomkamp<\/a>, <a href=\"https:\/\/www.allocine.fr\/personne\/fichepersonne_gen_cpersonne=867428.html\">Zach Baylin<\/a>Avec <a href=\"https:\/\/www.allocine.fr\/personne\/fichepersonne_gen_cpersonne=114167.html\">David Harbour<\/a>, <a href=\"https:\/\/www.allocine.fr\/personne\/fichepersonne_gen_cpersonne=64908.html\">Orlando Bloom<\/a>, <a href=\"https:\/\/www.allocine.fr\/personne\/fichepersonne_gen_cpersonne=847557.html\">Archie Madekwe<\/a>Titre original  Gran Turismo: Based On a True Story<br \/>\n\t\t\t<a href=\"https:\/\/www.youtube.com\/watch?v=oS_E5W7URs4&amp;t=3s\" target=\"_blank\" role=\"button\"><br \/>\n\t\t\t\t\t\tVOIR LA BANDE ANNONCE<br \/>\n\t\t\t\t\t<\/a><br \/>\n\t\t\t<a href=\"#top\" role=\"button\"><br \/>\n\t\t\t\t\t\thaut de la page<br \/>\n\t\t\t\t\t<\/a><\/p>\n<h4>DogMan<\/h4>\n<p>\t\t\t\t\t\t\t\t\t\t<img loading=\"lazy\" decoding=\"async\" width=\"717\" height=\"1024\" src=\"http:\/\/lelalano.fr\/wp-content\/uploads\/2023\/09\/DogMan-717x1024.jpg\" alt=\"\" srcset=\"http:\/\/lelalano.fr\/wp-content\/uploads\/2023\/09\/DogMan-717x1024.jpg 717w, http:\/\/lelalano.fr\/wp-content\/uploads\/2023\/09\/DogMan-210x300.jpg 210w, http:\/\/lelalano.fr\/wp-content\/uploads\/2023\/09\/DogMan.jpg 756w\" sizes=\"(max-width: 717px) 100vw, 717px\" \/>\t\t\t\t\t\t\t\t\t\t\t<\/p>\n<h2>Synopsis<\/h2>\n<p>Avertissement : des sc\u00e8nes, des propos ou des images peuvent heurter la sensibilit\u00e9 des spectateursL\u2019incroyable histoire d\u2019un enfant, meurtri par la vie, qui trouvera son salut gr\u00e2ce \u00e0 l\u2019amour que lui portent ses chiens.\t\t<\/p>\n<h4>S\u00c9ANCES<\/h4>\n<ul>\n<li >\n\t\t\t\t\t\t\t\t\t\tdimanche 29 octobre 20h45\n\t\t\t\t\t\t\t\t\t<\/li>\n<\/ul>\n<h4>INFOS SUR LE FILM<\/h4>\n<p>\t\t<a href=\"https:\/\/www.allocine.fr\/film\/agenda\/sem-2023-09-27\/\"> 27 septembre 2023 <\/a> <strong> en salle <\/strong> \/ 1h 54min \/ <a href=\"https:\/\/www.allocine.fr\/films\/genre-13008\/\">Drame<\/a>, <a href=\"https:\/\/www.allocine.fr\/films\/genre-13025\/\">Action<\/a>, <a href=\"https:\/\/www.allocine.fr\/films\/genre-13023\/\">Thriller<\/a>De <a href=\"https:\/\/www.allocine.fr\/personne\/fichepersonne_gen_cpersonne=626.html\">Luc Besson<\/a>Par <a href=\"https:\/\/www.allocine.fr\/personne\/fichepersonne_gen_cpersonne=626.html\">Luc Besson<\/a>Avec <a href=\"https:\/\/www.allocine.fr\/personne\/fichepersonne_gen_cpersonne=455309.html\">Caleb Landry Jones<\/a>, <a href=\"https:\/\/www.allocine.fr\/personne\/fichepersonne_gen_cpersonne=893609.html\">Jojo T. Gibbs<\/a>, <a href=\"https:\/\/www.allocine.fr\/personne\/fichepersonne_gen_cpersonne=114176.html\">Christopher Denham<\/a><br \/>\n\t\t\t<a href=\"https:\/\/www.youtube.com\/watch?v=SCnShJ9jW24\" target=\"_blank\" role=\"button\"><br \/>\n\t\t\t\t\t\tVOIR LA BANDE ANNONCE<br \/>\n\t\t\t\t\t<\/a><br \/>\n\t\t\t<a href=\"#top\" role=\"button\"><br \/>\n\t\t\t\t\t\thaut de la page<br \/>\n\t\t\t\t\t<\/a><\/p>\n<h4>Bernadette<\/h4>\n<p>\t\t\t\t\t\t\t\t\t\t<img loading=\"lazy\" decoding=\"async\" width=\"730\" height=\"973\" src=\"http:\/\/lelalano.fr\/wp-content\/uploads\/2023\/09\/Bernadette-768x1024.jpg\" alt=\"\" srcset=\"http:\/\/lelalano.fr\/wp-content\/uploads\/2023\/09\/Bernadette-768x1024.jpg 768w, http:\/\/lelalano.fr\/wp-content\/uploads\/2023\/09\/Bernadette-225x300.jpg 225w, http:\/\/lelalano.fr\/wp-content\/uploads\/2023\/09\/Bernadette.jpg 810w\" sizes=\"(max-width: 730px) 100vw, 730px\" \/>\t\t\t\t\t\t\t\t\t\t\t<\/p>\n<h2>Synopsis<\/h2>\n<p>Quand elle arrive \u00e0 l\u2019Elys\u00e9e, Bernadette Chirac s\u2019attend \u00e0 obtenir enfin la place qu\u2019elle m\u00e9rite, elle qui a toujours \u0153uvr\u00e9 dans l\u2019ombre de son mari pour qu\u2019il devienne pr\u00e9sident. Mise de c\u00f4t\u00e9 car jug\u00e9e trop ringarde, Bernadette d\u00e9cide alors de prendre sa revanche en devenant une figure m\u00e9diatique incontournable.\t\t<\/p>\n<h4>S\u00c9ANCES<\/h4>\n<ul>\n<li >\n\t\t\t\t\t\t\t\t\t\tmardi 31 octobre 20h45\n\t\t\t\t\t\t\t\t\t<\/li>\n<\/ul>\n<h4>INFOS SUR LE FILM<\/h4>\n<p>\t\t<a href=\"https:\/\/www.allocine.fr\/film\/agenda\/sem-2023-10-04\/\"> 4 octobre 2023 <\/a> <strong> en salle <\/strong> \/ 1h 32min \/ <a href=\"https:\/\/www.allocine.fr\/films\/genre-13005\/\">Com\u00e9die<\/a>De <a href=\"https:\/\/www.allocine.fr\/personne\/fichepersonne_gen_cpersonne=628938.html\">L\u00e9a Domenach<\/a>Par <a href=\"https:\/\/www.allocine.fr\/personne\/fichepersonne_gen_cpersonne=628938.html\">L\u00e9a Domenach<\/a>, <a href=\"https:\/\/www.allocine.fr\/personne\/fichepersonne_gen_cpersonne=802648.html\">Cl\u00e9mence Dargent<\/a>Avec <a href=\"https:\/\/www.allocine.fr\/personne\/fichepersonne_gen_cpersonne=191.html\">Catherine Deneuve<\/a>, <a href=\"https:\/\/www.allocine.fr\/personne\/fichepersonne_gen_cpersonne=2078.html\">Denis Podalyd\u00e8s<\/a>, <a href=\"https:\/\/www.allocine.fr\/personne\/fichepersonne_gen_cpersonne=2080.html\">Michel Vuillermoz<\/a><br \/>\n\t\t\t<a href=\"https:\/\/www.youtube.com\/watch?v=PpasuJOvAx4\" target=\"_blank\" role=\"button\"><br \/>\n\t\t\t\t\t\tVoir la bande annonce<br \/>\n\t\t\t\t\t<\/a><br \/>\n\t\t\t<a href=\"#top\" role=\"button\"><br \/>\n\t\t\t\t\t\thaut de la page<br \/>\n\t\t\t\t\t<\/a><\/p>\n","protected":false},"excerpt":{"rendered":"<p>Petit R\u00e9cap&#8217; de la semaine mercredi 25 octobre The Creator\u00a0 \u00e0 16h L&#8217;Arbre aux papillons d&#8217;or \u00e0 20h45 (vo) jeudi 26 octobre Gran Turismo \u00e0 15h samedi 28 octobre The Creator \u00e0 20h45 dimanche 29 octobre Dogman \u00e0 20h45 mardi 31 octobre Bernadette \u00e0 20h45 The Creator Synopsis Dans un futur proche, humains et intelligence<span class=\"read-more-wrap\"><a class=\"moretag\" href=\"https:\/\/lelalano.fr\/index.php\/semaine-du-mer-25-octobre-au-mar-31-octobre-2023\/\">Lire la suite<span class=\"screen-reader-text\">Semaine du Mer. 25 octobre au Mar. 31 octobre 2023<\/span><\/a><\/span><\/p>\n","protected":false},"author":1,"featured_media":0,"parent":0,"menu_order":0,"comment_status":"closed","ping_status":"closed","template":"","meta":{"footnotes":""},"_links":{"self":[{"href":"https:\/\/lelalano.fr\/index.php\/wp-json\/wp\/v2\/pages\/10348"}],"collection":[{"href":"https:\/\/lelalano.fr\/index.php\/wp-json\/wp\/v2\/pages"}],"about":[{"href":"https:\/\/lelalano.fr\/index.php\/wp-json\/wp\/v2\/types\/page"}],"author":[{"embeddable":true,"href":"https:\/\/lelalano.fr\/index.php\/wp-json\/wp\/v2\/users\/1"}],"replies":[{"embeddable":true,"href":"https:\/\/lelalano.fr\/index.php\/wp-json\/wp\/v2\/comments?post=10348"}],"version-history":[{"count":19,"href":"https:\/\/lelalano.fr\/index.php\/wp-json\/wp\/v2\/pages\/10348\/revisions"}],"predecessor-version":[{"id":10421,"href":"https:\/\/lelalano.fr\/index.php\/wp-json\/wp\/v2\/pages\/10348\/revisions\/10421"}],"wp:attachment":[{"href":"https:\/\/lelalano.fr\/index.php\/wp-json\/wp\/v2\/media?parent=10348"}],"curies":[{"name":"wp","href":"https:\/\/api.w.org\/{rel}","templated":true}]}}