{"id":1061,"date":"2018-05-24T11:12:56","date_gmt":"2018-05-24T09:12:56","guid":{"rendered":"http:\/\/lelalano.fr\/?page_id=1061"},"modified":"2025-12-18T18:28:06","modified_gmt":"2025-12-18T17:28:06","slug":"tarifs","status":"publish","type":"page","link":"https:\/\/lelalano.fr\/index.php\/tarifs\/","title":{"rendered":"Tarifs"},"content":{"rendered":"<h3>Attention nous ne prenons pas la carte bancaire. <br \/>Les moyens de paiement accept\u00e9 sont les esp\u00e8ces ou les ch\u00e8ques.<br \/><\/h3>\n<p>\t\t\t\t\t\t\t\t\t\t<img width=\"730\" height=\"730\" src=\"http:\/\/lelalano.fr\/wp-content\/uploads\/2023\/01\/tarifs-cin\u00e9-1.jpg\" alt=\"\" decoding=\"async\" loading=\"lazy\" srcset=\"https:\/\/lelalano.fr\/wp-content\/uploads\/2023\/01\/tarifs-cin\u00e9-1.jpg 1024w, https:\/\/lelalano.fr\/wp-content\/uploads\/2023\/01\/tarifs-cin\u00e9-1-150x150.jpg 150w, https:\/\/lelalano.fr\/wp-content\/uploads\/2023\/01\/tarifs-cin\u00e9-1-300x300.jpg 300w, https:\/\/lelalano.fr\/wp-content\/uploads\/2023\/01\/tarifs-cin\u00e9-1-768x768.jpg 768w\" sizes=\"(max-width: 730px) 100vw, 730px\" \/><\/p>\n","protected":false},"excerpt":{"rendered":"<p>Attention nous ne prenons pas la carte bancaire. Les moyens de paiement accept\u00e9 sont les esp\u00e8ces ou les ch\u00e8ques.<\/p>\n","protected":false},"author":1,"featured_media":0,"parent":0,"menu_order":0,"comment_status":"closed","ping_status":"closed","template":"","meta":{"footnotes":""},"_links":{"self":[{"href":"https:\/\/lelalano.fr\/index.php\/wp-json\/wp\/v2\/pages\/1061"}],"collection":[{"href":"https:\/\/lelalano.fr\/index.php\/wp-json\/wp\/v2\/pages"}],"about":[{"href":"https:\/\/lelalano.fr\/index.php\/wp-json\/wp\/v2\/types\/page"}],"author":[{"embeddable":true,"href":"https:\/\/lelalano.fr\/index.php\/wp-json\/wp\/v2\/users\/1"}],"replies":[{"embeddable":true,"href":"https:\/\/lelalano.fr\/index.php\/wp-json\/wp\/v2\/comments?post=1061"}],"version-history":[{"count":7,"href":"https:\/\/lelalano.fr\/index.php\/wp-json\/wp\/v2\/pages\/1061\/revisions"}],"predecessor-version":[{"id":13953,"href":"https:\/\/lelalano.fr\/index.php\/wp-json\/wp\/v2\/pages\/1061\/revisions\/13953"}],"wp:attachment":[{"href":"https:\/\/lelalano.fr\/index.php\/wp-json\/wp\/v2\/media?parent=1061"}],"curies":[{"name":"wp","href":"https:\/\/api.w.org\/{rel}","templated":true}]}}