{"id":10613,"date":"2023-11-22T19:42:13","date_gmt":"2023-11-22T18:42:13","guid":{"rendered":"http:\/\/lelalano.fr\/?page_id=10613"},"modified":"2023-12-17T21:50:55","modified_gmt":"2023-12-17T20:50:55","slug":"semaine-du-mer-03-janvier-au-mar-09-janvier-2024","status":"publish","type":"page","link":"https:\/\/lelalano.fr\/index.php\/semaine-du-mer-03-janvier-au-mar-09-janvier-2024\/","title":{"rendered":"Semaine du Mer. 03 janvier au Mar. 09 janvier 2024"},"content":{"rendered":"<h4>Petit R\u00e9cap&#8217; de la semaine<\/h4>\n<p>\t\t\t\t\t\t\t\t\t\t\t\tmercredi 03 janvier\t\t\t\t\t<\/p>\n<ul>\n<li><a href=\"#mig\">Migration<\/a> \u00e0 16h<\/li>\n<li><a href=\"#les\">Les Trois Mousquetaires: Milady<\/a> \u00e0 20h45<\/li>\n<\/ul>\n<p>\t\t\t\t\t\t\t\t\t\t\t\tsamedi 06 janvier\t\t\t\t\t<\/p>\n<ul>\n<li><a href=\"#les\">Les Trois Mousquetaires: Milady<\/a> \u00e0 20h45<\/li>\n<\/ul>\n<p>\t\t\t\t\t\t\t\t\t\t\t\tdimanche 07 janvier\t\t\t\t\t<\/p>\n<ul>\n<li><a href=\"#rie\">Rien \u00e0 perdre<\/a> \u00e0 20h45<\/li>\n<\/ul>\n<p>\t\t\t\t\t\t\t\t\t\t\t\tmardi 09 janvier\t\t\t\t\t<\/p>\n<ul>\n<li><a href=\"#tes\">Testament<\/a> \u00e0 20h45 (vo)<\/li>\n<\/ul>\n<h4>Migration<\/h4>\n<p>\t\t\t\t\t\t\t\t\t\t<img loading=\"lazy\" decoding=\"async\" width=\"730\" height=\"973\" src=\"http:\/\/lelalano.fr\/wp-content\/uploads\/2023\/11\/migration-768x1024.jpg\" alt=\"\" srcset=\"http:\/\/lelalano.fr\/wp-content\/uploads\/2023\/11\/migration-768x1024.jpg 768w, http:\/\/lelalano.fr\/wp-content\/uploads\/2023\/11\/migration-225x300.jpg 225w, http:\/\/lelalano.fr\/wp-content\/uploads\/2023\/11\/migration.jpg 810w\" sizes=\"(max-width: 730px) 100vw, 730px\" \/>\t\t\t\t\t\t\t\t\t\t\t<\/p>\n<h2>Synopsis<\/h2>\n<p>La famille Colvert est en proie \u00e0 un dilemme d\u2019ordre domestique. Alors que Mack est totalement satisfait de patauger paisiblement et d\u00e9finitivement avec sa famille, dans leur petite mare de la Nouvelle Angleterre, sa femme Pam serait plut\u00f4t du genre \u00e0 bousculer un peu cette routine pour montrer \u00e0 ses enfants &#8211; Dax qui n\u2019est d\u00e9j\u00e0 plus un caneton et sa petite s\u0153ur Gwen &#8211; le reste du monde. Lorsqu\u2019ils accueillent, le temps de leur halte, une famille de canards migrateurs, c\u2019est l\u2019occasion r\u00eav\u00e9e pour Pam de persuader Mack de les imiter et de se lancer dans un p\u00e9riple en famille\u202f: destination la Jama\u00efque, en passant par New York. Alors qu\u2019ils s\u2019envolent vers le soleil pour l\u2019hiver, le plan si bien trac\u00e9 des Colvert va vite battre de l\u2019aile. Mais la tournure aussi chaotique et inattendue que vont prendre les choses va les changer \u00e0 jamais et leur apprendre beaucoup plus que pr\u00e9vu.\t\t<\/p>\n<h4>S\u00c9ANCES<\/h4>\n<ul>\n<li >\n\t\t\t\t\t\t\t\t\t\tmercredi 03 janvier 16h\n\t\t\t\t\t\t\t\t\t<\/li>\n<\/ul>\n<h4>INFOS SUR LE FILM<\/h4>\n<p>\t\t<a href=\"https:\/\/www.allocine.fr\/film\/agenda\/sem-2023-12-06\/\"> 6 d\u00e9cembre 2023 <\/a> <strong> en salle <\/strong> \/ 1h 22min \/ <a href=\"https:\/\/www.allocine.fr\/films\/genre-13026\/\">Animation<\/a>, <a href=\"https:\/\/www.allocine.fr\/films\/genre-13001\/\">Aventure<\/a>, <a href=\"https:\/\/www.allocine.fr\/films\/genre-13005\/\">Com\u00e9die<\/a>, <a href=\"https:\/\/www.allocine.fr\/films\/genre-13036\/\">Famille<\/a>De <a href=\"https:\/\/www.allocine.fr\/personne\/fichepersonne_gen_cpersonne=553321.html\">Benjamin Renner<\/a>, <a href=\"https:\/\/www.allocine.fr\/personne\/fichepersonne_gen_cpersonne=1007454.html\">Guylo Homsy<\/a>Par <a href=\"https:\/\/www.allocine.fr\/personne\/fichepersonne_gen_cpersonne=38459.html\">Mike White<\/a>Avec <a href=\"https:\/\/www.allocine.fr\/personne\/fichepersonne_gen_cpersonne=194479.html\">Pio Marma\u00ef<\/a>, <a href=\"https:\/\/www.allocine.fr\/personne\/fichepersonne_gen_cpersonne=445697.html\">Kumail Nanjiani<\/a>, <a href=\"https:\/\/www.allocine.fr\/personne\/fichepersonne_gen_cpersonne=229397.html\">Laure Calamy<\/a><br \/>\n\t\t\t<a href=\"https:\/\/www.youtube.com\/watch?v=siiOpMvGRwg\" target=\"_blank\" role=\"button\"><br \/>\n\t\t\t\t\t\tbande annonce<br \/>\n\t\t\t\t\t<\/a><br \/>\n\t\t\t<a href=\"#top\" role=\"button\"><br \/>\n\t\t\t\t\t\thaut de la page<br \/>\n\t\t\t\t\t<\/a><\/p>\n<h4>Les Trois Mousquetaires: Milady<\/h4>\n<p>\t\t\t\t\t\t\t\t\t\t<img loading=\"lazy\" decoding=\"async\" width=\"730\" height=\"994\" src=\"http:\/\/lelalano.fr\/wp-content\/uploads\/2023\/11\/Les-Trois-Mousquetaires-Milady-752x1024.jpg\" alt=\"\" srcset=\"http:\/\/lelalano.fr\/wp-content\/uploads\/2023\/11\/Les-Trois-Mousquetaires-Milady-752x1024.jpg 752w, http:\/\/lelalano.fr\/wp-content\/uploads\/2023\/11\/Les-Trois-Mousquetaires-Milady-220x300.jpg 220w, http:\/\/lelalano.fr\/wp-content\/uploads\/2023\/11\/Les-Trois-Mousquetaires-Milady-768x1046.jpg 768w, http:\/\/lelalano.fr\/wp-content\/uploads\/2023\/11\/Les-Trois-Mousquetaires-Milady.jpg 793w\" sizes=\"(max-width: 730px) 100vw, 730px\" \/>\t\t\t\t\t\t\t\t\t\t\t<\/p>\n<h2>Synopsis<\/h2>\n<p>Du Louvre au Palais de Buckingham, des bas-fonds de Paris au si\u00e8ge de La Rochelle\u2026 dans un Royaume divis\u00e9 par les guerres de religion et menac\u00e9 d\u2019invasion par l\u2019Angleterre, une poign\u00e9e d\u2019hommes et de femmes vont croiser leurs \u00e9p\u00e9es et lier leur destin \u00e0 celui de la France.\t\t<\/p>\n<h4>S\u00c9ANCES<\/h4>\n<ul>\n<li >\n\t\t\t\t\t\t\t\t\t\tmercredi 03 janvier 20h45\n\t\t\t\t\t\t\t\t\t<\/li>\n<li >\n\t\t\t\t\t\t\t\t\t\tsamedi 06 janvier 20h45\n\t\t\t\t\t\t\t\t\t<\/li>\n<\/ul>\n<h4>INFOS SUR LE FILM<\/h4>\n<p>\t\t<a href=\"https:\/\/www.allocine.fr\/film\/agenda\/sem-2023-12-13\/\"> 13 d\u00e9cembre 2023 <\/a> <strong> en salle <\/strong> \/ 1h 55min \/ <a href=\"https:\/\/www.allocine.fr\/films\/genre-13001\/\">Aventure<\/a>, <a href=\"https:\/\/www.allocine.fr\/films\/genre-13015\/\">Historique<\/a>De <a href=\"https:\/\/www.allocine.fr\/personne\/fichepersonne_gen_cpersonne=682356.html\">Martin Bourboulon<\/a>Par <a href=\"https:\/\/www.allocine.fr\/personne\/fichepersonne_gen_cpersonne=99797.html\">Alexandre De La Patelli\u00e8re<\/a>, <a href=\"https:\/\/www.allocine.fr\/personne\/fichepersonne_gen_cpersonne=93931.html\">Matthieu Delaporte<\/a>Avec <a href=\"https:\/\/www.allocine.fr\/personne\/fichepersonne_gen_cpersonne=198048.html\">Fran\u00e7ois Civil<\/a>, <a href=\"https:\/\/www.allocine.fr\/personne\/fichepersonne_gen_cpersonne=17028.html\">Romain Duris<\/a>, <a href=\"https:\/\/www.allocine.fr\/personne\/fichepersonne_gen_cpersonne=16217.html\">Vincent Cassel<\/a><br \/>\n\t\t\t<a href=\"https:\/\/www.youtube.com\/watch?v=q_CLdbJnGIw\" target=\"_blank\" role=\"button\"><br \/>\n\t\t\t\t\t\tVOIR LA BANDE ANNONCE<br \/>\n\t\t\t\t\t<\/a><br \/>\n\t\t\t<a href=\"#top\" role=\"button\"><br \/>\n\t\t\t\t\t\thaut de la page<br \/>\n\t\t\t\t\t<\/a><\/p>\n<h4>Rien \u00e0 Perdre<\/h4>\n<p>\t\t\t\t\t\t\t\t\t\t<img loading=\"lazy\" decoding=\"async\" width=\"730\" height=\"973\" src=\"http:\/\/lelalano.fr\/wp-content\/uploads\/2023\/11\/Rien-\u00e0-Perdre-768x1024.jpg\" alt=\"\" srcset=\"http:\/\/lelalano.fr\/wp-content\/uploads\/2023\/11\/Rien-\u00e0-Perdre-768x1024.jpg 768w, http:\/\/lelalano.fr\/wp-content\/uploads\/2023\/11\/Rien-\u00e0-Perdre-225x300.jpg 225w, http:\/\/lelalano.fr\/wp-content\/uploads\/2023\/11\/Rien-\u00e0-Perdre.jpg 810w\" sizes=\"(max-width: 730px) 100vw, 730px\" \/>\t\t\t\t\t\t\t\t\t\t\t<\/p>\n<h2>Synopsis<\/h2>\n<p>Sylvie vit \u00e0 Brest avec ses deux enfants, Sofiane et Jean-Jacques. Une nuit, Sofiane se blesse alors qu\u2019il est seul dans l\u2019appartement. Les services sociaux sont alert\u00e9s et placent l\u2019enfant en foyer, le temps de mener une enqu\u00eate. Persuad\u00e9e d\u2019\u00eatre victime d\u2019une erreur judiciaire, Sylvie se lance dans un combat pour r\u00e9cup\u00e9rer son fils.\t\t<\/p>\n<h4>S\u00c9ANCES<\/h4>\n<ul>\n<li >\n\t\t\t\t\t\t\t\t\t\tdimanche 07 janvier 20h45\n\t\t\t\t\t\t\t\t\t<\/li>\n<\/ul>\n<h4>INFOS SUR LE FILM<\/h4>\n<p>\t\t<a href=\"https:\/\/www.allocine.fr\/film\/agenda\/sem-2023-11-22\/\"> 22 novembre 2023 <\/a> <strong> en salle <\/strong> \/ 1h 52min \/ <a href=\"https:\/\/www.allocine.fr\/films\/genre-13008\/\">Drame<\/a>De <a href=\"https:\/\/www.allocine.fr\/personne\/fichepersonne_gen_cpersonne=238424.html\">Delphine Deloget<\/a>Par <a href=\"https:\/\/www.allocine.fr\/personne\/fichepersonne_gen_cpersonne=238424.html\">Delphine Deloget<\/a>Avec <a href=\"https:\/\/www.allocine.fr\/personne\/fichepersonne_gen_cpersonne=97635.html\">Virginie Efira<\/a>, <a href=\"https:\/\/www.allocine.fr\/personne\/fichepersonne_gen_cpersonne=836753.html\">F\u00e9lix Lefebvre<\/a>, <a href=\"https:\/\/www.allocine.fr\/personne\/fichepersonne_gen_cpersonne=617041.html\">Arieh Worthalter<\/a><br \/>\n\t\t\t<a href=\"https:\/\/www.youtube.com\/watch?v=e_6fSKll56A\" target=\"_blank\" role=\"button\"><br \/>\n\t\t\t\t\t\tVoir la bande annonce<br \/>\n\t\t\t\t\t<\/a><br \/>\n\t\t\t<a href=\"#top\" role=\"button\"><br \/>\n\t\t\t\t\t\thaut de la page<br \/>\n\t\t\t\t\t<\/a><\/p>\n<h4>Testament (vo : qu\u00e9b\u00e9cois)<\/h4>\n<p>\t\t\t\t\t\t\t\t\t\t<img loading=\"lazy\" decoding=\"async\" width=\"730\" height=\"991\" src=\"http:\/\/lelalano.fr\/wp-content\/uploads\/2023\/11\/testament-754x1024.jpg\" alt=\"\" srcset=\"http:\/\/lelalano.fr\/wp-content\/uploads\/2023\/11\/testament-754x1024.jpg 754w, http:\/\/lelalano.fr\/wp-content\/uploads\/2023\/11\/testament-221x300.jpg 221w, http:\/\/lelalano.fr\/wp-content\/uploads\/2023\/11\/testament-768x1043.jpg 768w, http:\/\/lelalano.fr\/wp-content\/uploads\/2023\/11\/testament.jpg 795w\" sizes=\"(max-width: 730px) 100vw, 730px\" \/>\t\t\t\t\t\t\t\t\t\t\t<\/p>\n<h2>Synopsis<\/h2>\n<p>Dans une e\u0300re d\u2019e\u0301volution identitaire, Jean-Michel, un ce\u0301libataire de 70 ans, a perdu tous ses repe\u0300res dans cette socie\u0301te\u0301 et semble n\u2019avoir plus grand chose a\u0300 attendre de la vie. Mais voici que dans la maison de retraite ou\u0300 il re\u0301side, Suzanne, la directrice, est prise a\u0300 partie par de jeunes manifestants qui re\u0301clament la destruction d\u2019une fresque offensante a\u0300 leurs yeux. Alors qu\u2019il observe avec ironie cette e\u0301poque post pande\u0301mique ou\u0300 tout lui semble partir a\u0300 la de\u0301rive, Jean-Michel reprend en main sa vie&#8230; et celle des autres.\t\t<\/p>\n<h4>S\u00c9ANCES<\/h4>\n<ul>\n<li >\n\t\t\t\t\t\t\t\t\t\tmardi 09 janvier 20h45 (vostfr : qu\u00e9becois sous-titr\u00e9 fran\u00e7ais)\n\t\t\t\t\t\t\t\t\t<\/li>\n<\/ul>\n<h4>INFOS SUR LE FILM<\/h4>\n<p>\t\t<a href=\"https:\/\/www.allocine.fr\/film\/agenda\/sem-2023-11-22\/\"> 22 novembre 2023 <\/a> <strong> en salle <\/strong> \/ 1h 55min \/ <a href=\"https:\/\/www.allocine.fr\/films\/genre-13005\/\">Com\u00e9die<\/a>De <a href=\"https:\/\/www.allocine.fr\/personne\/fichepersonne_gen_cpersonne=6237.html\">Denys Arcand<\/a>Par <a href=\"https:\/\/www.allocine.fr\/personne\/fichepersonne_gen_cpersonne=6237.html\">Denys Arcand<\/a>Avec <a href=\"https:\/\/www.allocine.fr\/personne\/fichepersonne_gen_cpersonne=6243.html\">R\u00e9my Girard<\/a>, <a href=\"https:\/\/www.allocine.fr\/personne\/fichepersonne_gen_cpersonne=95116.html\">Sophie Lorain<\/a>, <a href=\"https:\/\/www.allocine.fr\/personne\/fichepersonne_gen_cpersonne=997568.html\"> Marie-Mai<\/a><br \/>\n\t\t\t<a href=\"https:\/\/www.youtube.com\/watch?v=PMNzBy85AKI\" target=\"_blank\" role=\"button\"><br \/>\n\t\t\t\t\t\tVOIR LA BANDE ANNONCE<br \/>\n\t\t\t\t\t<\/a><br \/>\n\t\t\t<a href=\"#top\" role=\"button\"><br \/>\n\t\t\t\t\t\thaut de la page<br \/>\n\t\t\t\t\t<\/a><\/p>\n","protected":false},"excerpt":{"rendered":"<p>Petit R\u00e9cap&#8217; de la semaine mercredi 03 janvier Migration \u00e0 16h Les Trois Mousquetaires: Milady \u00e0 20h45 samedi 06 janvier Les Trois Mousquetaires: Milady \u00e0 20h45 dimanche 07 janvier Rien \u00e0 perdre \u00e0 20h45 mardi 09 janvier Testament \u00e0 20h45 (vo) Migration Synopsis La famille Colvert est en proie \u00e0 un dilemme d\u2019ordre domestique. Alors<span class=\"read-more-wrap\"><a class=\"moretag\" href=\"https:\/\/lelalano.fr\/index.php\/semaine-du-mer-03-janvier-au-mar-09-janvier-2024\/\">Lire la suite<span class=\"screen-reader-text\">Semaine du Mer. 03 janvier au Mar. 09 janvier 2024<\/span><\/a><\/span><\/p>\n","protected":false},"author":1,"featured_media":0,"parent":0,"menu_order":0,"comment_status":"closed","ping_status":"closed","template":"","meta":{"footnotes":""},"_links":{"self":[{"href":"https:\/\/lelalano.fr\/index.php\/wp-json\/wp\/v2\/pages\/10613"}],"collection":[{"href":"https:\/\/lelalano.fr\/index.php\/wp-json\/wp\/v2\/pages"}],"about":[{"href":"https:\/\/lelalano.fr\/index.php\/wp-json\/wp\/v2\/types\/page"}],"author":[{"embeddable":true,"href":"https:\/\/lelalano.fr\/index.php\/wp-json\/wp\/v2\/users\/1"}],"replies":[{"embeddable":true,"href":"https:\/\/lelalano.fr\/index.php\/wp-json\/wp\/v2\/comments?post=10613"}],"version-history":[{"count":20,"href":"https:\/\/lelalano.fr\/index.php\/wp-json\/wp\/v2\/pages\/10613\/revisions"}],"predecessor-version":[{"id":10654,"href":"https:\/\/lelalano.fr\/index.php\/wp-json\/wp\/v2\/pages\/10613\/revisions\/10654"}],"wp:attachment":[{"href":"https:\/\/lelalano.fr\/index.php\/wp-json\/wp\/v2\/media?parent=10613"}],"curies":[{"name":"wp","href":"https:\/\/api.w.org\/{rel}","templated":true}]}}