{"id":10934,"date":"2024-02-21T21:55:29","date_gmt":"2024-02-21T20:55:29","guid":{"rendered":"http:\/\/lelalano.fr\/?page_id=10934"},"modified":"2024-02-22T17:19:30","modified_gmt":"2024-02-22T16:19:30","slug":"semaine-du-mer-13-mars-au-mar-19-mars-2024","status":"publish","type":"page","link":"https:\/\/lelalano.fr\/index.php\/semaine-du-mer-13-mars-au-mar-19-mars-2024\/","title":{"rendered":"Semaine du Mer. 13 mars au Mar. 19 mars 2024"},"content":{"rendered":"<h4>Petit R\u00e9cap&#8217; de la semaine<\/h4>\n<p>\t\t\t\t\t\t\t\t\t\t\t\tmercredi 13 mars\t\t\t\t\t<\/p>\n<ul>\n<li><a href=\"#ler\">Le Royaume des Abysses<\/a> \u00e0 16h<\/li>\n<li><a href=\"#lem\">L&#8217;Empire<\/a> \u00e0 20h45<\/li>\n<\/ul>\n<p>\t\t\t\t\t\t\t\t\t\t\t\tsamedi 16 mars\t\t\t\t\t<\/p>\n<ul>\n<li><a href=\"#les\">Les ch\u00e8vres <\/a>\u00e0 20h45<\/li>\n<\/ul>\n<p>\t\t\t\t\t\t\t\t\t\t\t\tdimanche 17 mars\t\t\t\t\t<\/p>\n<ul>\n<li><a href=\"#bob\">Bob Marley : One Love<\/a> \u00e0 20h45 (vostfr)<\/li>\n<\/ul>\n<p>\t\t\t\t\t\t\t\t\t\t\t\tmardi 19 mars\t\t\t\t\t<\/p>\n<ul>\n<li><a href=\"#les\">Les ch\u00e8vres<\/a> \u00e0 20h45<\/li>\n<\/ul>\n<h4>Le Royaume des abysses<\/h4>\n<p>\t\t\t\t\t\t\t\t\t\t<img width=\"730\" height=\"994\" src=\"http:\/\/lelalano.fr\/wp-content\/uploads\/2024\/02\/Le-Royaume-des-abysses-752x1024.jpg\" alt=\"\" decoding=\"async\" loading=\"lazy\" srcset=\"http:\/\/lelalano.fr\/wp-content\/uploads\/2024\/02\/Le-Royaume-des-abysses-752x1024.jpg 752w, http:\/\/lelalano.fr\/wp-content\/uploads\/2024\/02\/Le-Royaume-des-abysses-220x300.jpg 220w, http:\/\/lelalano.fr\/wp-content\/uploads\/2024\/02\/Le-Royaume-des-abysses-768x1046.jpg 768w, http:\/\/lelalano.fr\/wp-content\/uploads\/2024\/02\/Le-Royaume-des-abysses.jpg 793w\" sizes=\"(max-width: 730px) 100vw, 730px\" \/>\t\t\t\t\t\t\t\t\t\t\t<\/p>\n<h2>Synopsis<\/h2>\n<p><b>Par les th\u00e8mes qu\u2019il aborde, par la forme d\u2019expression parfois forte qu\u2019il adopte, ce film peut effrayer le plus jeune public.<\/b><\/p>\n<p>Shenxiu, une fillette de 10 ans, est aspir\u00e9e dans les profondeurs marines durant une croisi\u00e8re familiale. Elle d\u00e9couvre l\u2019univers fantastique des abysses, un monde inconnu peupl\u00e9 d\u2019incroyables cr\u00e9atures. Dans ce lieu myst\u00e9rieux \u00e9merge le Restaurant des abysses, dirig\u00e9 par l\u2019embl\u00e9matique Capitaine Nanhe. Poursuivis par le Fant\u00f4me Rouge, leur route sera sem\u00e9e d\u2019\u00e9preuves et de nombreux secrets. Leur odyss\u00e9e sous-marine ne fait que commencer.<\/p>\n<h4>S\u00c9ANCES<\/h4>\n<ul>\n<li >\n\t\t\t\t\t\t\t\t\t\tmercredi 13 mars 16h\n\t\t\t\t\t\t\t\t\t<\/li>\n<\/ul>\n<h4>INFOS SUR LE FILM<\/h4>\n<p>\t\t<a href=\"https:\/\/www.allocine.fr\/film\/agenda\/sem-2024-02-21\/\"> 21 f\u00e9vrier 2024 <\/a> <strong> en salle <\/strong> | 1h 52min | <a href=\"https:\/\/www.allocine.fr\/films\/genre-13001\/\">Aventure<\/a>, <a href=\"https:\/\/www.allocine.fr\/films\/genre-13026\/\">Animation<\/a>, <a href=\"https:\/\/www.allocine.fr\/films\/genre-13012\/\">Fantastique<\/a>De <a href=\"https:\/\/www.allocine.fr\/personne\/fichepersonne_gen_cpersonne=773965.html\">Tian Xiaopeng<\/a>Par <a href=\"https:\/\/www.allocine.fr\/personne\/fichepersonne_gen_cpersonne=773965.html\">Tian Xiaopeng<\/a>Avec <a href=\"https:\/\/www.allocine.fr\/personne\/fichepersonne_gen_cpersonne=540275.html\">Aaricia Dubois<\/a>, <a href=\"https:\/\/www.allocine.fr\/personne\/fichepersonne_gen_cpersonne=986946.html\">Wang Tingwen<\/a>, <a href=\"https:\/\/www.allocine.fr\/personne\/fichepersonne_gen_cpersonne=986947.html\">Su Xin<\/a>Titre original  Shen Hai\u00e0 partir de 10 ans.\u00a0<br \/>\n\t\t\t<a href=\"https:\/\/www.youtube.com\/watch?v=eG-H-XBfasw\" target=\"_blank\" role=\"button\" rel=\"noopener\"><br \/>\n\t\t\t\t\t\tbande annonce<br \/>\n\t\t\t\t\t<\/a><br \/>\n\t\t\t<a href=\"#top\" role=\"button\"><br \/>\n\t\t\t\t\t\thaut de la page<br \/>\n\t\t\t\t\t<\/a><\/p>\n<h4>L&#8217;Empire<\/h4>\n<p>\t\t\t\t\t\t\t\t\t\t<img width=\"730\" height=\"973\" src=\"http:\/\/lelalano.fr\/wp-content\/uploads\/2024\/02\/LEmpire-768x1024.jpg\" alt=\"\" decoding=\"async\" loading=\"lazy\" srcset=\"http:\/\/lelalano.fr\/wp-content\/uploads\/2024\/02\/LEmpire-768x1024.jpg 768w, http:\/\/lelalano.fr\/wp-content\/uploads\/2024\/02\/LEmpire-225x300.jpg 225w, http:\/\/lelalano.fr\/wp-content\/uploads\/2024\/02\/LEmpire.jpg 810w\" sizes=\"(max-width: 730px) 100vw, 730px\" \/>\t\t\t\t\t\t\t\t\t\t\t<\/p>\n<h2>Synopsis<\/h2>\n<p>Entre Ma Loute et La Vie de J\u00e9sus, entre le ciel et la terre, Bruno Dumont nous offre une vision caustique, cruelle et d\u00e9jant\u00e9e de La Guerre des \u00e9toiles.\t\t<\/p>\n<h4>S\u00c9ANCES<\/h4>\n<ul>\n<li >\n\t\t\t\t\t\t\t\t\t\tmercredi 13 mars 20h45\n\t\t\t\t\t\t\t\t\t<\/li>\n<\/ul>\n<h4>INFOS SUR LE FILM<\/h4>\n<p>\t\t<a href=\"https:\/\/www.allocine.fr\/film\/agenda\/sem-2024-02-21\/\"> 21 f\u00e9vrier 2024 <\/a> <strong> en salle <\/strong> | 1h 50min | <a href=\"https:\/\/www.allocine.fr\/films\/genre-13005\/\">Com\u00e9die<\/a>, <a href=\"https:\/\/www.allocine.fr\/films\/genre-13002\/\">Com\u00e9die dramatique<\/a>, <a href=\"https:\/\/www.allocine.fr\/films\/genre-13008\/\">Drame<\/a>, <a href=\"https:\/\/www.allocine.fr\/films\/genre-13021\/\">Science Fiction<\/a>De <a href=\"https:\/\/www.allocine.fr\/personne\/fichepersonne_gen_cpersonne=21241.html\">Bruno Dumont<\/a>Par <a href=\"https:\/\/www.allocine.fr\/personne\/fichepersonne_gen_cpersonne=21241.html\">Bruno Dumont<\/a>Avec <a href=\"https:\/\/www.allocine.fr\/personne\/fichepersonne_gen_cpersonne=706237.html\">Lyna Khoudri<\/a>, <a href=\"https:\/\/www.allocine.fr\/personne\/fichepersonne_gen_cpersonne=454402.html\">Anamaria Vartolomei<\/a>, <a href=\"https:\/\/www.allocine.fr\/personne\/fichepersonne_gen_cpersonne=240868.html\">Camille Cottin<\/a><br \/>\n\t\t\t<a href=\"https:\/\/www.youtube.com\/watch?v=2ePuxiIJbms\" target=\"_blank\" role=\"button\" rel=\"noopener\"><br \/>\n\t\t\t\t\t\tVOIR LA BANDE ANNONCE<br \/>\n\t\t\t\t\t<\/a><br \/>\n\t\t\t<a href=\"#top\" role=\"button\"><br \/>\n\t\t\t\t\t\thaut de la page<br \/>\n\t\t\t\t\t<\/a><\/p>\n<h4>Les Ch\u00e8vres !<\/h4>\n<p>\t\t\t\t\t\t\t\t\t\t<img width=\"730\" height=\"973\" src=\"http:\/\/lelalano.fr\/wp-content\/uploads\/2024\/02\/Les-Chevres-_-768x1024.jpg\" alt=\"\" decoding=\"async\" loading=\"lazy\" srcset=\"http:\/\/lelalano.fr\/wp-content\/uploads\/2024\/02\/Les-Chevres-_-768x1024.jpg 768w, http:\/\/lelalano.fr\/wp-content\/uploads\/2024\/02\/Les-Chevres-_-225x300.jpg 225w, http:\/\/lelalano.fr\/wp-content\/uploads\/2024\/02\/Les-Chevres-_.jpg 810w\" sizes=\"(max-width: 730px) 100vw, 730px\" \/>\t\t\t\t\t\t\t\t\t\t\t<\/p>\n<h2>Synopsis<\/h2>\n<p>Saviez-vous qu\u2019au 17e si\u00e8cle, les animaux pouvaient \u00eatre jug\u00e9s pour avoir commis un crime ?<\/p>\n<p>Ma\u00eetre Pompignac, ris\u00e9e du barreau, pense avoir trouv\u00e9 l\u2019affaire de sa vie : d\u00e9fendre la jeune et innocente Josette, accus\u00e9e \u00e0 tort du meurtre d\u2019un mar\u00e9chal\u2026 Mais c\u2019\u00e9tait sans compter sur son adversaire, le redoutable et r\u00e9put\u00e9 Ma\u00eetre Valvert, et surtout sur Josette, qui s\u2019av\u00e8re n\u2019\u00eatre autre\u2026 qu\u2019une ch\u00e8vre !<\/p>\n<h4>S\u00c9ANCES<\/h4>\n<ul>\n<li >\n\t\t\t\t\t\t\t\t\t\tsamedi 16 mars 20h45\n\t\t\t\t\t\t\t\t\t<\/li>\n<li >\n\t\t\t\t\t\t\t\t\t\tmardi 19 mars 20h45\n\t\t\t\t\t\t\t\t\t<\/li>\n<\/ul>\n<h4>INFOS SUR LE FILM<\/h4>\n<p>\t\t<a href=\"https:\/\/www.allocine.fr\/film\/agenda\/sem-2024-02-21\/\"> 21 f\u00e9vrier 2024 <\/a> <strong> en salle <\/strong> | 1h 40min | <a href=\"https:\/\/www.allocine.fr\/films\/genre-13005\/\">Com\u00e9die<\/a>De <a href=\"https:\/\/www.allocine.fr\/personne\/fichepersonne_gen_cpersonne=195292.html\">Fred Cavay\u00e9<\/a>Par <a href=\"https:\/\/www.allocine.fr\/personne\/fichepersonne_gen_cpersonne=195292.html\">Fred Cavay\u00e9<\/a>, <a href=\"https:\/\/www.allocine.fr\/personne\/fichepersonne_gen_cpersonne=768201.html\">Sarah Kaminsky<\/a>Avec <a href=\"https:\/\/www.allocine.fr\/personne\/fichepersonne_gen_cpersonne=37979.html\">Dany Boon<\/a>, <a href=\"https:\/\/www.allocine.fr\/personne\/fichepersonne_gen_cpersonne=214497.html\">J\u00e9r\u00f4me Commandeur<\/a>, <a href=\"https:\/\/www.allocine.fr\/personne\/fichepersonne_gen_cpersonne=800590.html\">Claire Chust<\/a><br \/>\n\t\t\t<a href=\"https:\/\/www.youtube.com\/watch?v=P_OEH3L1QKs\" target=\"_blank\" role=\"button\" rel=\"noopener\"><br \/>\n\t\t\t\t\t\tVoir la bande annonce<br \/>\n\t\t\t\t\t<\/a><br \/>\n\t\t\t<a href=\"#top\" role=\"button\"><br \/>\n\t\t\t\t\t\thaut de la page<br \/>\n\t\t\t\t\t<\/a><\/p>\n<h4>Bob Marley: One Love (vo)<\/h4>\n<p>\t\t\t\t\t\t\t\t\t\t<img width=\"730\" height=\"913\" src=\"http:\/\/lelalano.fr\/wp-content\/uploads\/2024\/02\/Bob-Marley-One-Love-819x1024.jpg\" alt=\"\" decoding=\"async\" loading=\"lazy\" srcset=\"http:\/\/lelalano.fr\/wp-content\/uploads\/2024\/02\/Bob-Marley-One-Love-819x1024.jpg 819w, http:\/\/lelalano.fr\/wp-content\/uploads\/2024\/02\/Bob-Marley-One-Love-240x300.jpg 240w, http:\/\/lelalano.fr\/wp-content\/uploads\/2024\/02\/Bob-Marley-One-Love-768x960.jpg 768w, http:\/\/lelalano.fr\/wp-content\/uploads\/2024\/02\/Bob-Marley-One-Love.jpg 864w\" sizes=\"(max-width: 730px) 100vw, 730px\" \/>\t\t\t\t\t\t\t\t\t\t\t<\/p>\n<h2>Synopsis<\/h2>\n<p>Tout Public<\/p>\n<p>Bob Marley: One Love c\u00e9l\u00e8bre la vie et la musique d&#8217;une ic\u00f4ne qui a inspir\u00e9 des g\u00e9n\u00e9rations \u00e0 travers son message d&#8217;amour et d&#8217;unit\u00e9.<\/p>\n<p>Pour la premi\u00e8re fois sur grand \u00e9cran, d\u00e9couvrez l&#8217;histoire puissante de Bob Marley, sa r\u00e9silience face \u00e0 l\u2019adversit\u00e9, le chemin qui l\u2019a amen\u00e9 \u00e0 sa musique r\u00e9volutionnaire.<\/p>\n<h4>S\u00c9ANCES<\/h4>\n<ul>\n<li >\n\t\t\t\t\t\t\t\t\t\tdimanche 17 mars 20h45 (vostfr)\n\t\t\t\t\t\t\t\t\t<\/li>\n<\/ul>\n<h4>INFOS SUR LE FILM<\/h4>\n<p>\t\t<a href=\"https:\/\/www.allocine.fr\/film\/agenda\/sem-2024-02-14\/\"> 14 f\u00e9vrier 2024 <\/a> <strong> en salle <\/strong> | 1h 47min | <a href=\"https:\/\/www.allocine.fr\/films\/genre-13027\/\">Biopic<\/a>, <a href=\"https:\/\/www.allocine.fr\/films\/genre-13008\/\">Drame<\/a>De <a href=\"https:\/\/www.allocine.fr\/personne\/fichepersonne_gen_cpersonne=631927.html\">Reinaldo Marcus Green<\/a>Par <a href=\"https:\/\/www.allocine.fr\/personne\/fichepersonne_gen_cpersonne=631927.html\">Reinaldo Marcus Green<\/a>, <a href=\"https:\/\/www.allocine.fr\/personne\/fichepersonne_gen_cpersonne=867428.html\">Zach Baylin<\/a>Avec <a href=\"https:\/\/www.allocine.fr\/personne\/fichepersonne_gen_cpersonne=765143.html\">Kingsley Ben-Adir<\/a>, <a href=\"https:\/\/www.allocine.fr\/personne\/fichepersonne_gen_cpersonne=661436.html\">Lashana Lynch<\/a>, <a href=\"https:\/\/www.allocine.fr\/personne\/fichepersonne_gen_cpersonne=596903.html\">James Norton<\/a><br \/>\n\t\t\t<a href=\"https:\/\/www.youtube.com\/watch?v=o-lq-cSSm4s\" target=\"_blank\" role=\"button\" rel=\"noopener\"><br \/>\n\t\t\t\t\t\tVOIR LA BANDE ANNONCE<br \/>\n\t\t\t\t\t<\/a><br \/>\n\t\t\t<a href=\"#top\" role=\"button\"><br \/>\n\t\t\t\t\t\thaut de la page<br \/>\n\t\t\t\t\t<\/a><\/p>\n","protected":false},"excerpt":{"rendered":"<p>Petit R\u00e9cap&#8217; de la semaine mercredi 13 mars Le Royaume des Abysses \u00e0 16h L&#8217;Empire \u00e0 20h45 samedi 16 mars Les ch\u00e8vres \u00e0 20h45 dimanche 17 mars Bob Marley : One Love \u00e0 20h45 (vostfr) mardi 19 mars Les ch\u00e8vres \u00e0 20h45 Le Royaume des abysses Synopsis Par les th\u00e8mes qu\u2019il aborde, par la forme<span class=\"read-more-wrap\"><a class=\"moretag\" href=\"https:\/\/lelalano.fr\/index.php\/semaine-du-mer-13-mars-au-mar-19-mars-2024\/\">Lire la suite<span class=\"screen-reader-text\">Semaine du Mer. 13 mars au Mar. 19 mars 2024<\/span><\/a><\/span><\/p>\n","protected":false},"author":1,"featured_media":0,"parent":0,"menu_order":0,"comment_status":"closed","ping_status":"closed","template":"","meta":{"footnotes":""},"_links":{"self":[{"href":"https:\/\/lelalano.fr\/index.php\/wp-json\/wp\/v2\/pages\/10934"}],"collection":[{"href":"https:\/\/lelalano.fr\/index.php\/wp-json\/wp\/v2\/pages"}],"about":[{"href":"https:\/\/lelalano.fr\/index.php\/wp-json\/wp\/v2\/types\/page"}],"author":[{"embeddable":true,"href":"https:\/\/lelalano.fr\/index.php\/wp-json\/wp\/v2\/users\/1"}],"replies":[{"embeddable":true,"href":"https:\/\/lelalano.fr\/index.php\/wp-json\/wp\/v2\/comments?post=10934"}],"version-history":[{"count":20,"href":"https:\/\/lelalano.fr\/index.php\/wp-json\/wp\/v2\/pages\/10934\/revisions"}],"predecessor-version":[{"id":11016,"href":"https:\/\/lelalano.fr\/index.php\/wp-json\/wp\/v2\/pages\/10934\/revisions\/11016"}],"wp:attachment":[{"href":"https:\/\/lelalano.fr\/index.php\/wp-json\/wp\/v2\/media?parent=10934"}],"curies":[{"name":"wp","href":"https:\/\/api.w.org\/{rel}","templated":true}]}}