{"id":11567,"date":"2024-07-17T17:13:36","date_gmt":"2024-07-17T15:13:36","guid":{"rendered":"http:\/\/lelalano.fr\/?page_id=11567"},"modified":"2024-09-08T20:19:57","modified_gmt":"2024-09-08T18:19:57","slug":"cycle-3-2024-2025","status":"publish","type":"page","link":"https:\/\/lelalano.fr\/index.php\/cycle-3-2024-2025\/","title":{"rendered":"Cycle 3 2024-2025"},"content":{"rendered":"<h4>Synth\u00e8se<\/h4>\n<p>\t\t\t\t\t\t\t\t\t\t\t\tPremier Trimestre\t\t\t\t\t<\/p>\n<h4><a href=\"#ler\">Le royaume de Kensuk\u00e9<\/a><\/h4>\n<p><em>\u00a0<\/em><\/p>\n<p>\t\t\t\t\t\t\t\t\t\t\t\tSecond Trimestre\t\t\t\t\t<\/p>\n<p><a href=\"#cal\">Calamity<\/a><\/p>\n<p>\u00a0<\/p>\n<p>\t\t\t\t\t\t\t\t\t\t\t\tTroisi\u00e8me Trimestre\t\t\t\t\t<\/p>\n<p><a href=\"#bal\">Avril et le monde truqu\u00e9<\/a><\/p>\n<p><em>\u00a0<\/em><\/p>\n<h4>Le royaume de Kensuk\u00e9<\/h4>\n<p>\t\t\t\t\t\t\t\t\t\t<img width=\"400\" height=\"550\" src=\"http:\/\/lelalano.fr\/wp-content\/uploads\/2024\/07\/Le-royaume-de-Kensuke.jpg\" alt=\"\" decoding=\"async\" loading=\"lazy\" srcset=\"http:\/\/lelalano.fr\/wp-content\/uploads\/2024\/07\/Le-royaume-de-Kensuke.jpg 400w, http:\/\/lelalano.fr\/wp-content\/uploads\/2024\/07\/Le-royaume-de-Kensuke-218x300.jpg 218w\" sizes=\"(max-width: 400px) 100vw, 400px\" \/>\t\t\t\t\t\t\t\t\t\t\t<\/p>\n<figure class='gallery-item'>\n\t\t\t\t<a data-elementor-open-lightbox=\"default\" data-elementor-lightbox-slideshow=\"e061c3a\" href='http:\/\/lelalano.fr\/wp-content\/uploads\/2024\/07\/photo-film-Le-royaume-de-Kensuke-2.jpg'><img width=\"150\" height=\"150\" src=\"http:\/\/lelalano.fr\/wp-content\/uploads\/2024\/07\/photo-film-Le-royaume-de-Kensuke-2-150x150.jpg\" alt=\"\" decoding=\"async\" loading=\"lazy\" \/><\/a><br \/>\n\t\t\t<\/figure>\n<figure class='gallery-item'>\n\t\t\t\t<a data-elementor-open-lightbox=\"default\" data-elementor-lightbox-slideshow=\"e061c3a\" href='http:\/\/lelalano.fr\/wp-content\/uploads\/2024\/07\/photo-film-Le-royaume-de-Kensuke-3.jpg'><img width=\"150\" height=\"150\" src=\"http:\/\/lelalano.fr\/wp-content\/uploads\/2024\/07\/photo-film-Le-royaume-de-Kensuke-3-150x150.jpg\" alt=\"\" decoding=\"async\" loading=\"lazy\" \/><\/a><br \/>\n\t\t\t<\/figure>\n<figure class='gallery-item'>\n\t\t\t\t<a data-elementor-open-lightbox=\"default\" data-elementor-lightbox-slideshow=\"e061c3a\" href='http:\/\/lelalano.fr\/wp-content\/uploads\/2024\/07\/photo-film-Le-royaume-de-Kensuke-4.jpg'><img width=\"150\" height=\"150\" src=\"http:\/\/lelalano.fr\/wp-content\/uploads\/2024\/07\/photo-film-Le-royaume-de-Kensuke-4-150x150.jpg\" alt=\"\" decoding=\"async\" loading=\"lazy\" \/><\/a><br \/>\n\t\t\t<\/figure>\n<figure class='gallery-item'>\n\t\t\t\t<a data-elementor-open-lightbox=\"default\" data-elementor-lightbox-slideshow=\"e061c3a\" href='http:\/\/lelalano.fr\/wp-content\/uploads\/2024\/07\/photo-film-Le-royaume-de-Kensuke-5.jpg'><img width=\"150\" height=\"150\" src=\"http:\/\/lelalano.fr\/wp-content\/uploads\/2024\/07\/photo-film-Le-royaume-de-Kensuke-5-150x150.jpg\" alt=\"\" decoding=\"async\" loading=\"lazy\" \/><\/a><br \/>\n\t\t\t<\/figure>\n<h2>Ressources :<\/h2>\n<ul>\n<li><a href=\"http:\/\/lelalano.fr\/wp-content\/uploads\/2024\/07\/leroyaumedekensuke-dossierpeda-vdef_compressed.pdf\" target=\"_blank\" rel=\"noopener\">dossier p\u00e9dagogique<\/a><\/li>\n<\/ul>\n<p><strong>R\u00e9alis\u00e9 par :<\/strong> Neil Boyle et Kirk Hendry<\/p>\n<p><strong>Pays :<\/strong> France<\/p>\n<p><strong>Date de sortie :<\/strong> 2023<\/p>\n<p><strong>Dur\u00e9e :<\/strong> 1h24<\/p>\n<p><strong>\u00c2ge conseill\u00e9 :<\/strong> Tous publics, \u00e0 partir de 8 ans<\/p>\n<p><strong>Genre :<\/strong> Aventure, Animation<\/p>\n<p>L\u2019incroyable histoire de Michael, 11 ans, parti faire un tour du monde \u00e0 la voile avec ses parents, avant qu\u2019une terrible temp\u00eate ne le propulse par-dessus bord avec sa chienne Stella. \u00c9chou\u00e9s sur une \u00eele d\u00e9serte, comment survivre ? Un myst\u00e9rieux inconnu vient alors \u00e0 leur secours en leur offrant \u00e0 boire et \u00e0 manger. C\u2019est Kensuk\u00e9, un ancien soldat japonais vivant seul sur l\u2019\u00eele avec ses amis les orangs-outans depuis la guerre. Il ouvre \u00e0 Michael les portes de son royaume et lorsque des trafiquants de singes tentent d\u2019envahir l\u2019\u00eele, c\u2019est ensemble qu\u2019ils uniront leurs forces pour sauver ce paradis\u2026<\/p>\n<p><em>Adapt\u00e9 du roman best-seller de Michael Morpurgo<\/em><\/p>\n<p><strong>Horaires des s\u00e9ances :<\/strong><\/p>\n<ul>\n<li>jeudi 3 octobre 14h15<\/li>\n<li>jeudi 14 novembre 14h15<\/li>\n<\/ul>\n<p>\t\t\t<a href=\"#synthese\"><br \/>\n\t\t\t<\/a><\/p>\n<h4>Calamity, une enfance de Martha Jane Cannary<\/h4>\n<p>\t\t\t\t\t\t\t\t\t\t<img width=\"400\" height=\"550\" src=\"http:\/\/lelalano.fr\/wp-content\/uploads\/2024\/07\/Calamity-une-enfance-de-Martha-Jane-Cannary.jpg\" alt=\"\" decoding=\"async\" loading=\"lazy\" srcset=\"http:\/\/lelalano.fr\/wp-content\/uploads\/2024\/07\/Calamity-une-enfance-de-Martha-Jane-Cannary.jpg 400w, http:\/\/lelalano.fr\/wp-content\/uploads\/2024\/07\/Calamity-une-enfance-de-Martha-Jane-Cannary-218x300.jpg 218w\" sizes=\"(max-width: 400px) 100vw, 400px\" \/>\t\t\t\t\t\t\t\t\t\t\t<\/p>\n<figure class='gallery-item'>\n\t\t\t\t<a data-elementor-open-lightbox=\"default\" data-elementor-lightbox-slideshow=\"ac8598d\" href='http:\/\/lelalano.fr\/wp-content\/uploads\/2024\/07\/Calamity-1-1.jpg'><img width=\"150\" height=\"150\" src=\"http:\/\/lelalano.fr\/wp-content\/uploads\/2024\/07\/Calamity-1-1-150x150.jpg\" alt=\"\" decoding=\"async\" loading=\"lazy\" \/><\/a><br \/>\n\t\t\t<\/figure>\n<figure class='gallery-item'>\n\t\t\t\t<a data-elementor-open-lightbox=\"default\" data-elementor-lightbox-slideshow=\"ac8598d\" href='http:\/\/lelalano.fr\/wp-content\/uploads\/2024\/07\/Calamity-2.jpg'><img width=\"150\" height=\"150\" src=\"http:\/\/lelalano.fr\/wp-content\/uploads\/2024\/07\/Calamity-2-150x150.jpg\" alt=\"\" decoding=\"async\" loading=\"lazy\" \/><\/a><br \/>\n\t\t\t<\/figure>\n<figure class='gallery-item'>\n\t\t\t\t<a data-elementor-open-lightbox=\"default\" data-elementor-lightbox-slideshow=\"ac8598d\" href='http:\/\/lelalano.fr\/wp-content\/uploads\/2024\/07\/Calamity-3.jpg'><img width=\"150\" height=\"150\" src=\"http:\/\/lelalano.fr\/wp-content\/uploads\/2024\/07\/Calamity-3-150x150.jpg\" alt=\"\" decoding=\"async\" loading=\"lazy\" \/><\/a><br \/>\n\t\t\t<\/figure>\n<figure class='gallery-item'>\n\t\t\t\t<a data-elementor-open-lightbox=\"default\" data-elementor-lightbox-slideshow=\"ac8598d\" href='http:\/\/lelalano.fr\/wp-content\/uploads\/2024\/07\/Calamity-6.jpg'><img width=\"150\" height=\"150\" src=\"http:\/\/lelalano.fr\/wp-content\/uploads\/2024\/07\/Calamity-6-150x150.jpg\" alt=\"\" decoding=\"async\" loading=\"lazy\" \/><\/a><br \/>\n\t\t\t<\/figure>\n<figure class='gallery-item'>\n\t\t\t\t<a data-elementor-open-lightbox=\"default\" data-elementor-lightbox-slideshow=\"ac8598d\" href='http:\/\/lelalano.fr\/wp-content\/uploads\/2024\/07\/Calamity-7.jpg'><img width=\"150\" height=\"150\" src=\"http:\/\/lelalano.fr\/wp-content\/uploads\/2024\/07\/Calamity-7-150x150.jpg\" alt=\"\" decoding=\"async\" loading=\"lazy\" \/><\/a><br \/>\n\t\t\t<\/figure>\n<figure class='gallery-item'>\n\t\t\t\t<a data-elementor-open-lightbox=\"default\" data-elementor-lightbox-slideshow=\"ac8598d\" href='http:\/\/lelalano.fr\/wp-content\/uploads\/2024\/07\/Calamity-8.jpg'><img width=\"150\" height=\"150\" src=\"http:\/\/lelalano.fr\/wp-content\/uploads\/2024\/07\/Calamity-8-150x150.jpg\" alt=\"\" decoding=\"async\" loading=\"lazy\" \/><\/a><br \/>\n\t\t\t<\/figure>\n<figure class='gallery-item'>\n\t\t\t\t<a data-elementor-open-lightbox=\"default\" data-elementor-lightbox-slideshow=\"ac8598d\" href='http:\/\/lelalano.fr\/wp-content\/uploads\/2024\/07\/Calamity-9.jpg'><img width=\"150\" height=\"150\" src=\"http:\/\/lelalano.fr\/wp-content\/uploads\/2024\/07\/Calamity-9-150x150.jpg\" alt=\"\" decoding=\"async\" loading=\"lazy\" \/><\/a><br \/>\n\t\t\t<\/figure>\n<h2>Ressources :<\/h2>\n<ul>\n<li><a href=\"http:\/\/lelalano.fr\/wp-content\/uploads\/2024\/07\/Dossier-pedagogique-CALAMITY.pdf\" target=\"_blank\" rel=\"noopener\">dossier p\u00e9dagogique<\/a><\/li>\n<\/ul>\n<p><strong>R\u00e9alis\u00e9 par :<\/strong> R\u00e9mi Chay\u00e9<\/p>\n<p><strong>Pays :<\/strong> France<\/p>\n<p><strong>Date de sortie :<\/strong> 2020<\/p>\n<p><strong>Dur\u00e9e :<\/strong> 1h22<\/p>\n<p><strong>Avec les voix de :<\/strong> Salom\u00e9 Boulven, Alexandra Lamy, Alexis Tomassian\u2026<\/p>\n<p><strong>\u00c2ge conseill\u00e9 :<\/strong> Tous publics, \u00e0 partir de 6 ans<\/p>\n<p><strong>Genre :<\/strong> Aventure, Animation, Drame, Familial, Histoire, Western<\/p>\n<p><strong>Synopsis :<\/strong>\u00a0<\/p>\n<p>1863, \u00c9tats-Unis d\u2019Am\u00e9rique. Dans un convoi qui progresse vers l\u2019Ouest avec l\u2019espoir d\u2019une vie meilleure, le p\u00e8re de Martha Jane se blesse. C\u2019est elle qui doit conduire le chariot familial et soigner les chevaux. L\u2019apprentissage est rude et pourtant Martha Jane ne s\u2019est jamais sentie aussi libre. Et comme c\u2019est plus pratique pour faire du cheval, elle n\u2019h\u00e9site pas \u00e0 passer un pantalon. C\u2019est l\u2019audace de trop pour Abraham, le chef du convoi. Accus\u00e9e de vol, Martha est oblig\u00e9e de fuir. Habill\u00e9e en gar\u00e7on, \u00e0 la recherche des preuves de son innocence, elle d\u00e9couvre un monde en construction o\u00f9 sa personnalit\u00e9 unique va s\u2019affirmer. Une aventure pleine de dangers et riche en rencontres qui, \u00e9tape par \u00e9tape, r\u00e9v\u00e9lera la mythique Calamity Jane.<\/p>\n<p><strong>Horaires des s\u00e9ances :<\/strong><\/p>\n<ul>\n<li>jeudi 16 janvier 14h15<\/li>\n<li>jeudi 13 mars 14h15<\/li>\n<\/ul>\n<p>\t\t\t<a href=\"#synthese\"><br \/>\n\t\t\t<\/a><\/p>\n<h4>Avril et le monde truqu\u00e9<\/h4>\n<p>\t\t\t\t\t\t\t\t\t\t<img width=\"683\" height=\"1024\" src=\"http:\/\/lelalano.fr\/wp-content\/uploads\/2024\/07\/avril-683x1024.jpg\" alt=\"\" decoding=\"async\" loading=\"lazy\" srcset=\"http:\/\/lelalano.fr\/wp-content\/uploads\/2024\/07\/avril-683x1024.jpg 683w, http:\/\/lelalano.fr\/wp-content\/uploads\/2024\/07\/avril-200x300.jpg 200w, http:\/\/lelalano.fr\/wp-content\/uploads\/2024\/07\/avril.jpg 720w\" sizes=\"(max-width: 683px) 100vw, 683px\" \/>\t\t\t\t\t\t\t\t\t\t\t<\/p>\n<figure class='gallery-item'>\n\t\t\t\t<a data-elementor-open-lightbox=\"default\" data-elementor-lightbox-slideshow=\"18ead9c\" href='http:\/\/lelalano.fr\/wp-content\/uploads\/2024\/07\/avril-2.jpg'><img width=\"150\" height=\"150\" src=\"http:\/\/lelalano.fr\/wp-content\/uploads\/2024\/07\/avril-2-150x150.jpg\" alt=\"\" decoding=\"async\" loading=\"lazy\" \/><\/a><br \/>\n\t\t\t<\/figure>\n<figure class='gallery-item'>\n\t\t\t\t<a data-elementor-open-lightbox=\"default\" data-elementor-lightbox-slideshow=\"18ead9c\" href='http:\/\/lelalano.fr\/wp-content\/uploads\/2024\/07\/avril-3.jpg'><img width=\"150\" height=\"150\" src=\"http:\/\/lelalano.fr\/wp-content\/uploads\/2024\/07\/avril-3-150x150.jpg\" alt=\"\" decoding=\"async\" loading=\"lazy\" \/><\/a><br \/>\n\t\t\t<\/figure>\n<figure class='gallery-item'>\n\t\t\t\t<a data-elementor-open-lightbox=\"default\" data-elementor-lightbox-slideshow=\"18ead9c\" href='http:\/\/lelalano.fr\/wp-content\/uploads\/2024\/07\/avril-5.jpg'><img width=\"150\" height=\"150\" src=\"http:\/\/lelalano.fr\/wp-content\/uploads\/2024\/07\/avril-5-150x150.jpg\" alt=\"\" decoding=\"async\" loading=\"lazy\" \/><\/a><br \/>\n\t\t\t<\/figure>\n<figure class='gallery-item'>\n\t\t\t\t<a data-elementor-open-lightbox=\"default\" data-elementor-lightbox-slideshow=\"18ead9c\" href='http:\/\/lelalano.fr\/wp-content\/uploads\/2024\/07\/avril-6.jpg'><img width=\"150\" height=\"150\" src=\"http:\/\/lelalano.fr\/wp-content\/uploads\/2024\/07\/avril-6-150x150.jpg\" alt=\"\" decoding=\"async\" loading=\"lazy\" \/><\/a><br \/>\n\t\t\t<\/figure>\n<figure class='gallery-item'>\n\t\t\t\t<a data-elementor-open-lightbox=\"default\" data-elementor-lightbox-slideshow=\"18ead9c\" href='http:\/\/lelalano.fr\/wp-content\/uploads\/2024\/07\/avril-7.jpg'><img width=\"150\" height=\"150\" src=\"http:\/\/lelalano.fr\/wp-content\/uploads\/2024\/07\/avril-7-150x150.jpg\" alt=\"\" decoding=\"async\" loading=\"lazy\" \/><\/a><br \/>\n\t\t\t<\/figure>\n<figure class='gallery-item'>\n\t\t\t\t<a data-elementor-open-lightbox=\"default\" data-elementor-lightbox-slideshow=\"18ead9c\" href='http:\/\/lelalano.fr\/wp-content\/uploads\/2024\/07\/avril-8.jpg'><img width=\"150\" height=\"150\" src=\"http:\/\/lelalano.fr\/wp-content\/uploads\/2024\/07\/avril-8-150x150.jpg\" alt=\"\" decoding=\"async\" loading=\"lazy\" \/><\/a><br \/>\n\t\t\t<\/figure>\n<figure class='gallery-item'>\n\t\t\t\t<a data-elementor-open-lightbox=\"default\" data-elementor-lightbox-slideshow=\"18ead9c\" href='http:\/\/lelalano.fr\/wp-content\/uploads\/2024\/07\/avril-9.jpg'><img width=\"150\" height=\"150\" src=\"http:\/\/lelalano.fr\/wp-content\/uploads\/2024\/07\/avril-9-150x150.jpg\" alt=\"\" decoding=\"async\" loading=\"lazy\" \/><\/a><br \/>\n\t\t\t<\/figure>\n<h2>Ressources :<\/h2>\n<ul>\n<li><a href=\"http:\/\/lelalano.fr\/wp-content\/uploads\/2024\/07\/dossier-pedagogique-avril.pdf\" target=\"_blank\" rel=\"noopener\">dossier p\u00e9dagogique<\/a><\/li>\n<\/ul>\n<p>Long m\u00e9trage , Couleur 2015 , 1h46<\/p>\n<p>Aventure , Animation<\/p>\n<p>R\u00e9alisateur :  Christian Desmares, Franck Ekinci<\/p>\n<p>Casting  : Marion Cotillard, Philippe Katerine, Jean Rochefort, Olivier Gourmet, Marc-Andr\u00e9 Grondin, Bouli Lanners, Anne Coesens, Macha Grenon, Beno\u00eet Bri\u00e8re<\/p>\n<p><strong>Synopsis :<\/strong>\u00a01941. Le monde est radicalement diff\u00e9rent de celui d\u00e9crit par l&#8217;Histoire habituelle. Napol\u00e9on V r\u00e8gne sur la France, o\u00f9 comme partout sur le globe, depuis 70 ans, les savants disparaissent myst\u00e9rieusement, privant l&#8217;humanit\u00e9 d&#8217;inventions capitales. Ignorant notamment radio, t\u00e9l\u00e9vision, \u00e9lectricit\u00e9, aviation, moteur \u00e0 explosion, cet univers est enlis\u00e9 dans une technologie d\u00e9pass\u00e9e, comme endormi dans un savoir du XIX\u00e8me si\u00e8cle, gouvern\u00e9 par le charbon et la vapeur. C&#8217;est dans ce monde \u00e9trange qu&#8217;une jeune fille, Avril, part \u00e0 la recherche de ses parents, scientifiques disparus, en compagnie de Darwin, son chat parlant et de Julius, jeune gredin des rues. Ce trio devra affronter les dangers et les myst\u00e8res de ce Monde Truqu\u00e9. Qui enl\u00e8ve les savants depuis des d\u00e9cennies ? Dans quel sinistre but ?<\/p>\n<p><strong>Horaires des s\u00e9ances :<\/strong><\/p>\n<ul>\n<li>mardi 13 mai 10h<\/li>\n<li>jeudi 05 juin 14h15<\/li>\n<\/ul>\n<p>\t\t\t<a href=\"#synthese\"><br \/>\n\t\t\t<\/a><\/p>\n","protected":false},"excerpt":{"rendered":"<p>Synth\u00e8se Premier Trimestre Le royaume de Kensuk\u00e9 \u00a0 Second Trimestre Calamity \u00a0 Troisi\u00e8me Trimestre Avril et le monde truqu\u00e9 \u00a0 Le royaume de Kensuk\u00e9 Ressources : dossier p\u00e9dagogique R\u00e9alis\u00e9 par : Neil Boyle et Kirk Hendry Pays : France Date de sortie : 2023 Dur\u00e9e : 1h24 \u00c2ge conseill\u00e9 : Tous publics, \u00e0 partir de<span class=\"read-more-wrap\"><a class=\"moretag\" href=\"https:\/\/lelalano.fr\/index.php\/cycle-3-2024-2025\/\">Lire la suite<span class=\"screen-reader-text\">Cycle 3 2024-2025<\/span><\/a><\/span><\/p>\n","protected":false},"author":1,"featured_media":0,"parent":0,"menu_order":0,"comment_status":"closed","ping_status":"closed","template":"","meta":{"footnotes":""},"_links":{"self":[{"href":"https:\/\/lelalano.fr\/index.php\/wp-json\/wp\/v2\/pages\/11567"}],"collection":[{"href":"https:\/\/lelalano.fr\/index.php\/wp-json\/wp\/v2\/pages"}],"about":[{"href":"https:\/\/lelalano.fr\/index.php\/wp-json\/wp\/v2\/types\/page"}],"author":[{"embeddable":true,"href":"https:\/\/lelalano.fr\/index.php\/wp-json\/wp\/v2\/users\/1"}],"replies":[{"embeddable":true,"href":"https:\/\/lelalano.fr\/index.php\/wp-json\/wp\/v2\/comments?post=11567"}],"version-history":[{"count":22,"href":"https:\/\/lelalano.fr\/index.php\/wp-json\/wp\/v2\/pages\/11567\/revisions"}],"predecessor-version":[{"id":11965,"href":"https:\/\/lelalano.fr\/index.php\/wp-json\/wp\/v2\/pages\/11567\/revisions\/11965"}],"wp:attachment":[{"href":"https:\/\/lelalano.fr\/index.php\/wp-json\/wp\/v2\/media?parent=11567"}],"curies":[{"name":"wp","href":"https:\/\/api.w.org\/{rel}","templated":true}]}}