{"id":11609,"date":"2024-07-17T17:56:39","date_gmt":"2024-07-17T15:56:39","guid":{"rendered":"http:\/\/lelalano.fr\/?page_id=11609"},"modified":"2024-07-23T15:03:13","modified_gmt":"2024-07-23T13:03:13","slug":"cycle-2-2024-2025","status":"publish","type":"page","link":"https:\/\/lelalano.fr\/index.php\/cycle-2-2024-2025\/","title":{"rendered":"Cycle 2 2024-2025"},"content":{"rendered":"<h4>Synth\u00e8se<\/h4>\n<p>\t\t\t\t\t\t\t\t\t\t\t\tPremier Trimestre\t\t\t\t\t<\/p>\n<h4><a href=\"#leo\">L\u00c9O, LA FABULEUSE HISTOIRE DE L\u00c9ONARD DE VINCI<\/a><\/h4>\n<p>\u00a0<\/p>\n<p>\t\t\t\t\t\t\t\t\t\t\t\tSecond Trimestre\t\t\t\t\t<\/p>\n<h4><a href=\"#leg\">Le Grand M\u00e9chant Renard<\/a><\/h4>\n<h4>\u00a0<\/h4>\n<p>\u00a0<\/p>\n<p>\t\t\t\t\t\t\t\t\t\t\t\tTroisi\u00e8me Trimestre\t\t\t\t\t<\/p>\n<section data-id=\"34a4d17\" data-element_type=\"section\">\n<h4><a href=\"#dil\">Dilili \u00e0 Paris<\/a><\/h4>\n<p>\u00a0<\/p>\n<\/section>\n<h4 contenteditable=\"true\" data-elementor-setting-key=\"title\" data-pen-placeholder=\"\u00c9crivez ici...\">\u00a0<\/h4>\n<h4>\nL\u00c9O, LA FABULEUSE HISTOIRE DE L\u00c9ONARD DE VINCI<br \/>\n<\/h4>\n<p>\t\t\t\t\t\t\t\t\t\t<img width=\"400\" height=\"550\" src=\"http:\/\/lelalano.fr\/wp-content\/uploads\/2024\/07\/leo-affiche.jpg\" alt=\"\" decoding=\"async\" loading=\"lazy\" srcset=\"http:\/\/lelalano.fr\/wp-content\/uploads\/2024\/07\/leo-affiche.jpg 400w, http:\/\/lelalano.fr\/wp-content\/uploads\/2024\/07\/leo-affiche-218x300.jpg 218w\" sizes=\"(max-width: 400px) 100vw, 400px\" \/>\t\t\t\t\t\t\t\t\t\t\t<\/p>\n<figure class='gallery-item'>\n\t\t\t\t<a data-elementor-open-lightbox=\"default\" data-elementor-lightbox-slideshow=\"ada3ebb\" href='http:\/\/lelalano.fr\/wp-content\/uploads\/2024\/07\/leo-1.jpg'><img width=\"150\" height=\"150\" src=\"http:\/\/lelalano.fr\/wp-content\/uploads\/2024\/07\/leo-1-150x150.jpg\" alt=\"\" decoding=\"async\" loading=\"lazy\" \/><\/a><br \/>\n\t\t\t<\/figure>\n<figure class='gallery-item'>\n\t\t\t\t<a data-elementor-open-lightbox=\"default\" data-elementor-lightbox-slideshow=\"ada3ebb\" href='http:\/\/lelalano.fr\/wp-content\/uploads\/2024\/07\/leo-2.jpg'><img width=\"150\" height=\"150\" src=\"http:\/\/lelalano.fr\/wp-content\/uploads\/2024\/07\/leo-2-150x150.jpg\" alt=\"\" decoding=\"async\" loading=\"lazy\" \/><\/a><br \/>\n\t\t\t<\/figure>\n<figure class='gallery-item'>\n\t\t\t\t<a data-elementor-open-lightbox=\"default\" data-elementor-lightbox-slideshow=\"ada3ebb\" href='http:\/\/lelalano.fr\/wp-content\/uploads\/2024\/07\/leo3.jpg'><img width=\"150\" height=\"150\" src=\"http:\/\/lelalano.fr\/wp-content\/uploads\/2024\/07\/leo3-150x150.jpg\" alt=\"\" decoding=\"async\" loading=\"lazy\" \/><\/a><br \/>\n\t\t\t<\/figure>\n<figure class='gallery-item'>\n\t\t\t\t<a data-elementor-open-lightbox=\"default\" data-elementor-lightbox-slideshow=\"ada3ebb\" href='http:\/\/lelalano.fr\/wp-content\/uploads\/2024\/07\/leo4.jpg'><img width=\"150\" height=\"150\" src=\"http:\/\/lelalano.fr\/wp-content\/uploads\/2024\/07\/leo4-150x150.jpg\" alt=\"\" decoding=\"async\" loading=\"lazy\" \/><\/a><br \/>\n\t\t\t<\/figure>\n<figure class='gallery-item'>\n\t\t\t\t<a data-elementor-open-lightbox=\"default\" data-elementor-lightbox-slideshow=\"ada3ebb\" href='http:\/\/lelalano.fr\/wp-content\/uploads\/2024\/07\/leo5.jpg'><img width=\"150\" height=\"150\" src=\"http:\/\/lelalano.fr\/wp-content\/uploads\/2024\/07\/leo5-150x150.jpg\" alt=\"\" decoding=\"async\" loading=\"lazy\" \/><\/a><br \/>\n\t\t\t<\/figure>\n<h2>Ressources :<\/h2>\n<ul>\n<li><a href=\"http:\/\/lelalano.fr\/wp-content\/uploads\/2024\/07\/G0002763_kit_pedago_leo_print_kmbo-2_compressed.pdf\" target=\"_blank\" rel=\"noopener\">dossier p\u00e9dagogique<\/a><\/li>\n<\/ul>\n<p><strong>R\u00e9alis\u00e9 par :<\/strong> Jim Capobianco, Pierre-Luc Granjon<\/p>\n<p><strong>Pays :<\/strong> Irlande<\/p>\n<p><strong>Date de sortie :<\/strong> 2024<\/p>\n<p><strong>Dur\u00e9e :<\/strong> 1h37<\/p>\n<p><strong>\u00c2ge conseill\u00e9 :<\/strong> Tous publics, \u00e0 partir de 7 ans<\/p>\n<p><strong>Avec les voix de :<\/strong> Andr\u00e9 Dussollier, Marion Cotillard, Juliette Armanet\u2026<\/p>\n<p><strong>Genre :<\/strong> Animation<\/p>\n<h2>Synopsis<\/h2>\n<p>Bienvenue dans la Renaissance ! Une \u00e9poque o\u00f9 artistes, savants, rois et reines inventent un monde nouveau. Parmi eux, un curieux personnage passe ses journ\u00e9es \u00e0 dessiner d\u2019\u00e9tranges machines et \u00e0 explorer les id\u00e9es les plus folles. Observer la lune, voler comme un oiseau, d\u00e9couvrir les secrets de la m\u00e9decine\u2026 il r\u00eave de changer le monde. Embarquez pour un voyage avec le plus grand des g\u00e9nies, L\u00e9onard de Vinci !\t\t<\/p>\n<p><strong>Horaires des s\u00e9ances :<\/strong><\/p>\n<ul>\n<li>jeudi 03 octobre 10h<\/li>\n<li>mardi 12 novembre 10h<\/li>\n<\/ul>\n<h4>Inscription<\/h4>\n<p>Pour vous inscrire merci d&#8217;adresser un mail \u00e0 : <strong>lelalano@yahoo.fr<\/strong> contenant les informations suivantes : nombres d&#8217;\u00e9l\u00e8ves,\u00a0 nom de l&#8217;\u00e9cole, de l&#8217;enseignant, adresse de l&#8217;\u00e9tablissement et \/ou du rpi. Num\u00e9ro de t\u00e9l\u00e9phone.<\/p>\n<p><em>Nous vous rappelons \u00e9galement que le Conseil D\u00e9partemental des Hautes-Pyr\u00e9n\u00e9es prend en charge la moiti\u00e9 du prix des places soit 1.5\u20ac par \u00e9l\u00e8ve.<\/em><\/p>\n<p>\t\t\t<a href=\"#synthese\"><br \/>\n\t\t\t<\/a><\/p>\n<h4>Le Grand M\u00e9chant Renard<\/h4>\n<p>\t\t\t\t\t\t\t\t\t\t<img width=\"400\" height=\"550\" src=\"http:\/\/lelalano.fr\/wp-content\/uploads\/2024\/07\/affiche-Le-Grand-Mechant-Renard.jpg\" alt=\"\" decoding=\"async\" loading=\"lazy\" srcset=\"http:\/\/lelalano.fr\/wp-content\/uploads\/2024\/07\/affiche-Le-Grand-Mechant-Renard.jpg 400w, http:\/\/lelalano.fr\/wp-content\/uploads\/2024\/07\/affiche-Le-Grand-Mechant-Renard-218x300.jpg 218w\" sizes=\"(max-width: 400px) 100vw, 400px\" \/>\t\t\t\t\t\t\t\t\t\t\t<\/p>\n<figure class='gallery-item'>\n\t\t\t\t<a data-elementor-open-lightbox=\"default\" data-elementor-lightbox-slideshow=\"18ead9c\" href='http:\/\/lelalano.fr\/wp-content\/uploads\/2024\/07\/photo-film-Le-Grand-Mechant-Renard.jpg'><img width=\"150\" height=\"150\" src=\"http:\/\/lelalano.fr\/wp-content\/uploads\/2024\/07\/photo-film-Le-Grand-Mechant-Renard-150x150.jpg\" alt=\"\" decoding=\"async\" loading=\"lazy\" \/><\/a><br \/>\n\t\t\t<\/figure>\n<figure class='gallery-item'>\n\t\t\t\t<a data-elementor-open-lightbox=\"default\" data-elementor-lightbox-slideshow=\"18ead9c\" href='http:\/\/lelalano.fr\/wp-content\/uploads\/2024\/07\/photo-film-Le-Grand-Mechant-Renard-2.jpg'><img width=\"150\" height=\"150\" src=\"http:\/\/lelalano.fr\/wp-content\/uploads\/2024\/07\/photo-film-Le-Grand-Mechant-Renard-2-150x150.jpg\" alt=\"\" decoding=\"async\" loading=\"lazy\" \/><\/a><br \/>\n\t\t\t<\/figure>\n<figure class='gallery-item'>\n\t\t\t\t<a data-elementor-open-lightbox=\"default\" data-elementor-lightbox-slideshow=\"18ead9c\" href='http:\/\/lelalano.fr\/wp-content\/uploads\/2024\/07\/photo-film-Le-Grand-Mechant-Renard-3.jpg'><img width=\"150\" height=\"150\" src=\"http:\/\/lelalano.fr\/wp-content\/uploads\/2024\/07\/photo-film-Le-Grand-Mechant-Renard-3-150x150.jpg\" alt=\"\" decoding=\"async\" loading=\"lazy\" \/><\/a><br \/>\n\t\t\t<\/figure>\n<figure class='gallery-item'>\n\t\t\t\t<a data-elementor-open-lightbox=\"default\" data-elementor-lightbox-slideshow=\"18ead9c\" href='http:\/\/lelalano.fr\/wp-content\/uploads\/2024\/07\/photo-film-Le-Grand-Mechant-Renard-4.jpg'><img width=\"150\" height=\"150\" src=\"http:\/\/lelalano.fr\/wp-content\/uploads\/2024\/07\/photo-film-Le-Grand-Mechant-Renard-4-150x150.jpg\" alt=\"\" decoding=\"async\" loading=\"lazy\" \/><\/a><br \/>\n\t\t\t<\/figure>\n<figure class='gallery-item'>\n\t\t\t\t<a data-elementor-open-lightbox=\"default\" data-elementor-lightbox-slideshow=\"18ead9c\" href='http:\/\/lelalano.fr\/wp-content\/uploads\/2024\/07\/photo-film-Le-Grand-Mechant-Renard-5.jpg'><img width=\"150\" height=\"150\" src=\"http:\/\/lelalano.fr\/wp-content\/uploads\/2024\/07\/photo-film-Le-Grand-Mechant-Renard-5-150x150.jpg\" alt=\"\" decoding=\"async\" loading=\"lazy\" \/><\/a><br \/>\n\t\t\t<\/figure>\n<figure class='gallery-item'>\n\t\t\t\t<a data-elementor-open-lightbox=\"default\" data-elementor-lightbox-slideshow=\"18ead9c\" href='http:\/\/lelalano.fr\/wp-content\/uploads\/2024\/07\/photo-film-Le-Grand-Mechant-Renard-6.jpg'><img width=\"150\" height=\"150\" src=\"http:\/\/lelalano.fr\/wp-content\/uploads\/2024\/07\/photo-film-Le-Grand-Mechant-Renard-6-150x150.jpg\" alt=\"\" decoding=\"async\" loading=\"lazy\" \/><\/a><br \/>\n\t\t\t<\/figure>\n<h2>Ressources :<\/h2>\n<ul>\n<li><a href=\"http:\/\/lelalano.fr\/wp-content\/uploads\/2024\/07\/cinefete19_legrandmechantrenard.pdf\" target=\"_blank\" rel=\"noopener\">dossier p\u00e9dagogique<\/a><\/li>\n<\/ul>\n<p><strong>R\u00e9alis\u00e9 par :<\/strong> Benjamin Renner, Patrick Imbert<\/p>\n<p><strong>Pays :<\/strong> France<\/p>\n<p><strong>Date de sortie :<\/strong> 2017<\/p>\n<p><strong>Dur\u00e9e :<\/strong> 1h20<\/p>\n<p><strong>\u00c2ge conseill\u00e9 :<\/strong> Tous publics, \u00e0 partir de 5 ans<\/p>\n<p><strong>Genre :<\/strong> Animation<\/p>\n<h2>Synopsis<\/h2>\n<p>Ceux qui pensent que la campagne est un lieu calme et paisible se trompent, on y trouve des animaux particuli\u00e8rement agit\u00e9s, un Renard qui se prend pour une poule, un Lapin qui fait la cigogne et un Canard qui veut remplacer le P\u00e8re No\u00ebl. Si vous voulez prendre des vacances, passez votre chemin\u2026<\/p>\n<p><em>Le film se compose de trois histoires de 26 minutes :<\/em><\/p>\n<p><strong>Un b\u00e9b\u00e9 \u00e0 livrer <\/strong>\u2013 La Cigogne feint un accident de vol pour se d\u00e9barrasser du b\u00e9b\u00e9 qu\u2019elle doit livrer et confie la t\u00e2che au Lapin et au Canard de la ferme o\u00f9 elle a atterri.<\/p>\n<p><strong>Le Grand M\u00e9chant Renard <\/strong>\u2013 Le Renard qui peine \u00e0 impressionner les animaux de la ferme se r\u00e9sout, sur les conseils du Loup, \u00e0 voler des \u0153ufs pour enfin pouvoir manger des poussins. Sauf que, lorsque les oeufs \u00e9closent, les poussins prennent le renard pour leur m\u00e8re et finissent par se prendre pour des renards.<\/p>\n<p><strong>Un No\u00ebl parfait <\/strong>\u2013 C\u2019est No\u00ebl \u00e0 la ferme. Suite \u00e0 un malentendu, le Lapin et le Canard pensent qu\u2019ils doivent remplacer le P\u00e8re No\u00ebl pour sauver No\u00ebl.<\/p>\n<p><strong>Horaires des s\u00e9ances :<\/strong><\/p>\n<ul>\n<li>jeudi 16 janvier 10h<\/li>\n<li>mardi 18 mars 10h<\/li>\n<\/ul>\n<h4>Inscription<\/h4>\n<p>Pour vous inscrire merci d&#8217;adresser un mail \u00e0 : <strong>lelalano@yahoo.fr<\/strong> contenant les informations suivantes : nombres d&#8217;\u00e9l\u00e8ves,\u00a0 nom de l&#8217;\u00e9cole, de l&#8217;enseignant, adresse de l&#8217;\u00e9tablissement et \/ou du rpi. Num\u00e9ro de t\u00e9l\u00e9phone.<\/p>\n<p><em>Nous vous rappelons \u00e9galement que le Conseil D\u00e9partemental des Hautes-Pyr\u00e9n\u00e9es prend en charge la moiti\u00e9 du prix des places soit 1.5\u20ac par \u00e9l\u00e8ve.<\/em><\/p>\n<p>\t\t\t<a href=\"#synthese\"><br \/>\n\t\t\t<\/a><\/p>\n<h4>\nDilili \u00e0 Paris<br \/>\n<\/h4>\n<p>\t\t\t\t\t\t\t\t\t\t<img width=\"400\" height=\"550\" src=\"http:\/\/lelalano.fr\/wp-content\/uploads\/2024\/07\/affiche-Dilili-a-Paris-.jpg\" alt=\"\" decoding=\"async\" loading=\"lazy\" srcset=\"http:\/\/lelalano.fr\/wp-content\/uploads\/2024\/07\/affiche-Dilili-a-Paris-.jpg 400w, http:\/\/lelalano.fr\/wp-content\/uploads\/2024\/07\/affiche-Dilili-a-Paris--218x300.jpg 218w\" sizes=\"(max-width: 400px) 100vw, 400px\" \/>\t\t\t\t\t\t\t\t\t\t\t<\/p>\n<figure class='gallery-item'>\n\t\t\t\t<a data-elementor-open-lightbox=\"default\" data-elementor-lightbox-slideshow=\"ac8598d\" href='http:\/\/lelalano.fr\/wp-content\/uploads\/2024\/07\/photo-film-Dilili-a-Paris.jpg'><img width=\"150\" height=\"150\" src=\"http:\/\/lelalano.fr\/wp-content\/uploads\/2024\/07\/photo-film-Dilili-a-Paris-150x150.jpg\" alt=\"\" decoding=\"async\" loading=\"lazy\" \/><\/a><br \/>\n\t\t\t<\/figure>\n<figure class='gallery-item'>\n\t\t\t\t<a data-elementor-open-lightbox=\"default\" data-elementor-lightbox-slideshow=\"ac8598d\" href='http:\/\/lelalano.fr\/wp-content\/uploads\/2024\/07\/photo-film-Dilili-a-Paris-2.jpg'><img width=\"150\" height=\"150\" src=\"http:\/\/lelalano.fr\/wp-content\/uploads\/2024\/07\/photo-film-Dilili-a-Paris-2-150x150.jpg\" alt=\"\" decoding=\"async\" loading=\"lazy\" \/><\/a><br \/>\n\t\t\t<\/figure>\n<figure class='gallery-item'>\n\t\t\t\t<a data-elementor-open-lightbox=\"default\" data-elementor-lightbox-slideshow=\"ac8598d\" href='http:\/\/lelalano.fr\/wp-content\/uploads\/2024\/07\/photo-film-Dilili-a-Paris-3.jpg'><img width=\"150\" height=\"150\" src=\"http:\/\/lelalano.fr\/wp-content\/uploads\/2024\/07\/photo-film-Dilili-a-Paris-3-150x150.jpg\" alt=\"\" decoding=\"async\" loading=\"lazy\" \/><\/a><br \/>\n\t\t\t<\/figure>\n<figure class='gallery-item'>\n\t\t\t\t<a data-elementor-open-lightbox=\"default\" data-elementor-lightbox-slideshow=\"ac8598d\" href='http:\/\/lelalano.fr\/wp-content\/uploads\/2024\/07\/photo-film-Dilili-a-Paris-4.jpg'><img width=\"150\" height=\"150\" src=\"http:\/\/lelalano.fr\/wp-content\/uploads\/2024\/07\/photo-film-Dilili-a-Paris-4-150x150.jpg\" alt=\"\" decoding=\"async\" loading=\"lazy\" \/><\/a><br \/>\n\t\t\t<\/figure>\n<figure class='gallery-item'>\n\t\t\t\t<a data-elementor-open-lightbox=\"default\" data-elementor-lightbox-slideshow=\"ac8598d\" href='http:\/\/lelalano.fr\/wp-content\/uploads\/2024\/07\/photo-film-Dilili-a-Paris-5.jpg'><img width=\"150\" height=\"150\" src=\"http:\/\/lelalano.fr\/wp-content\/uploads\/2024\/07\/photo-film-Dilili-a-Paris-5-150x150.jpg\" alt=\"\" decoding=\"async\" loading=\"lazy\" \/><\/a><br \/>\n\t\t\t<\/figure>\n<h2>Ressources :<\/h2>\n<ul>\n<li><a href=\"http:\/\/lelalano.fr\/wp-content\/uploads\/2024\/07\/DILILI_A_PARIS_DOSSIER_PEDAGOGIQUE.pdf\" target=\"_blank\" rel=\"noopener\">dossier p\u00e9dagogique<\/a><\/li>\n<\/ul>\n<ul>\n<li>\n<p><strong>R\u00e9alis\u00e9 par :<\/strong> Michel Ocelot<\/p>\n<p><strong>Pays :<\/strong> France<\/p>\n<p><strong>Date de sortie :<\/strong> 2018<\/p>\n<p><strong>Dur\u00e9e :<\/strong> 1h35<\/p>\n<p><strong>\u00c2ge conseill\u00e9 :<\/strong> Tous publics, \u00e0 partir de 7 ans<\/p>\n<p><strong>Genre :<\/strong> Animation<\/p>\n<\/li>\n<\/ul>\n<p><strong>Synopsis :<\/strong><\/p>\n<p style=\"margin-bottom: 0cm;\">Dans le Paris de la Belle \u00c9poque, en compagnie d\u2019un jeune livreur en triporteur, la petite kanake Dilili m\u00e8ne une enqu\u00eate sur des enl\u00e8vements myst\u00e9rieux de fillettes. Elle va d\u2019aventure en aventure \u00e0 travers la ville prestigieuse, rencontrant des hommes et des femmes extraordinaires, qui l\u2019aident, et des m\u00e9chants, qui s\u00e9vissent dans l\u2019ombre. Les deux amis feront triompher la lumi\u00e8re, la libert\u00e9 et la joie de vivre ensemble.<\/p>\n<p><strong>Horaires des s\u00e9ances :<\/strong><\/p>\n<ul>\n<li>mardi 06 mai 10h<\/li>\n<li>mardi 27 mai 10h<\/li>\n<\/ul>\n<h4>Inscription<\/h4>\n<p>Pour vous inscrire merci d&#8217;adresser un mail \u00e0 : <strong>lelalano@yahoo.fr<\/strong> contenant les informations suivantes : nombres d&#8217;\u00e9l\u00e8ves,\u00a0 nom de l&#8217;\u00e9cole, de l&#8217;enseignant, adresse de l&#8217;\u00e9tablissement et \/ou du rpi. Num\u00e9ro de t\u00e9l\u00e9phone.<\/p>\n<p><em>Nous vous rappelons \u00e9galement que le Conseil D\u00e9partemental des Hautes-Pyr\u00e9n\u00e9es prend en charge la moiti\u00e9 du prix des places soit 1.5\u20ac par \u00e9l\u00e8ve.<\/em><\/p>\n<p>\t\t\t<a href=\"#synthese\"><br \/>\n\t\t\t<\/a><\/p>\n","protected":false},"excerpt":{"rendered":"<p>Synth\u00e8se Premier Trimestre L\u00c9O, LA FABULEUSE HISTOIRE DE L\u00c9ONARD DE VINCI \u00a0 Second Trimestre Le Grand M\u00e9chant Renard \u00a0 \u00a0 Troisi\u00e8me Trimestre Dilili \u00e0 Paris \u00a0 \u00a0 L\u00c9O, LA FABULEUSE HISTOIRE DE L\u00c9ONARD DE VINCI Ressources : dossier p\u00e9dagogique R\u00e9alis\u00e9 par : Jim Capobianco, Pierre-Luc Granjon Pays : Irlande Date de sortie : 2024 Dur\u00e9e<span class=\"read-more-wrap\"><a class=\"moretag\" href=\"https:\/\/lelalano.fr\/index.php\/cycle-2-2024-2025\/\">Lire la suite<span class=\"screen-reader-text\">Cycle 2 2024-2025<\/span><\/a><\/span><\/p>\n","protected":false},"author":1,"featured_media":0,"parent":0,"menu_order":0,"comment_status":"closed","ping_status":"closed","template":"","meta":{"footnotes":""},"_links":{"self":[{"href":"https:\/\/lelalano.fr\/index.php\/wp-json\/wp\/v2\/pages\/11609"}],"collection":[{"href":"https:\/\/lelalano.fr\/index.php\/wp-json\/wp\/v2\/pages"}],"about":[{"href":"https:\/\/lelalano.fr\/index.php\/wp-json\/wp\/v2\/types\/page"}],"author":[{"embeddable":true,"href":"https:\/\/lelalano.fr\/index.php\/wp-json\/wp\/v2\/users\/1"}],"replies":[{"embeddable":true,"href":"https:\/\/lelalano.fr\/index.php\/wp-json\/wp\/v2\/comments?post=11609"}],"version-history":[{"count":21,"href":"https:\/\/lelalano.fr\/index.php\/wp-json\/wp\/v2\/pages\/11609\/revisions"}],"predecessor-version":[{"id":11785,"href":"https:\/\/lelalano.fr\/index.php\/wp-json\/wp\/v2\/pages\/11609\/revisions\/11785"}],"wp:attachment":[{"href":"https:\/\/lelalano.fr\/index.php\/wp-json\/wp\/v2\/media?parent=11609"}],"curies":[{"name":"wp","href":"https:\/\/api.w.org\/{rel}","templated":true}]}}