{"id":11631,"date":"2024-07-18T11:00:03","date_gmt":"2024-07-18T09:00:03","guid":{"rendered":"http:\/\/lelalano.fr\/?page_id=11631"},"modified":"2024-07-18T11:20:27","modified_gmt":"2024-07-18T09:20:27","slug":"semaine-du-mer-04-septembre-au-mar-10-septembre-2024","status":"publish","type":"page","link":"https:\/\/lelalano.fr\/index.php\/semaine-du-mer-04-septembre-au-mar-10-septembre-2024\/","title":{"rendered":"Semaine du Mer. 04 septembre au Mar. 10 septembre 2024"},"content":{"rendered":"<h4>Petit R\u00e9cap&#8217; de la semaine<\/h4>\n<p>\t\t\t\t\t\t\t\t\t\t\t\tmercredi 04 septembre\t\t\t\t\t<\/p>\n<ul>\n<li><a href=\"#pen\">Pendant ce temps sur terre<\/a> \u00e0 20h45<\/li>\n<\/ul>\n<p>\t\t\t\t\t\t\t\t\t\t\t\tsamedi 07 septembre\t\t\t\t\t<\/p>\n<ul>\n<li><a href=\"#gar\">Garfield, h\u00e9ro malgr\u00e9 lui<\/a> \u00e0 20h45<\/li>\n<\/ul>\n<p>\t\t\t\t\t\t\t\t\t\t\t\tdimanche 08 septembre 20h45\t\t\t\t\t<\/p>\n<ul>\n<li><a href=\"#ely\">Elyas<\/a> \u00e0 20h45<\/li>\n<\/ul>\n<p>\t\t\t\t\t\t\t\t\t\t\t\tmardi 10 septembre 20h45\t\t\t\t\t<\/p>\n<ul>\n<li><a href=\"#tot\">To the moon<\/a> \u00e0 20h45 (vostfr)<\/li>\n<\/ul>\n<h4>Pendant ce temps sur Terre<\/h4>\n<p>\t\t\t\t\t\t\t\t\t\t<img width=\"600\" height=\"800\" src=\"http:\/\/lelalano.fr\/wp-content\/uploads\/2024\/07\/Pendant-ce-temps-sur-Terre.jpg\" alt=\"\" decoding=\"async\" loading=\"lazy\" srcset=\"http:\/\/lelalano.fr\/wp-content\/uploads\/2024\/07\/Pendant-ce-temps-sur-Terre.jpg 600w, http:\/\/lelalano.fr\/wp-content\/uploads\/2024\/07\/Pendant-ce-temps-sur-Terre-225x300.jpg 225w\" sizes=\"(max-width: 600px) 100vw, 600px\" \/>\t\t\t\t\t\t\t\t\t\t\t<\/p>\n<h2>Synopsis<\/h2>\n<p>Tout public\u00a0<\/p>\n<p>Elsa, 23 ans, a toujours \u00e9t\u00e9 tr\u00e8s proche de son fr\u00e8re a\u00een\u00e9 Franck, spationaute disparu myst\u00e9rieusement 3 ans plus t\u00f4t au cours d\u2019une mission spatiale. Un jour, elle est contact\u00e9e depuis l\u2019espace par une forme de vie inconnue qui pr\u00e9tend pouvoir ramener son fr\u00e8re sur terre. Mais il y a un prix a payer\u2026<\/p>\n<h4>S\u00c9ANCES<\/h4>\n<ul>\n<li >\n\t\t\t\t\t\t\t\t\t\tmercredi 04 septembre 20h45\n\t\t\t\t\t\t\t\t\t<\/li>\n<\/ul>\n<h4>INFOS SUR LE FILM<\/h4>\n<p>\t\t1h 29min | <a href=\"https:\/\/www.allocine.fr\/films\/genre-13008\/\">Drame<\/a>De <a href=\"https:\/\/www.allocine.fr\/personne\/fichepersonne_gen_cpersonne=172568.html\">J\u00e9r\u00e9my Clapin<\/a>Par <a href=\"https:\/\/www.allocine.fr\/personne\/fichepersonne_gen_cpersonne=172568.html\">J\u00e9r\u00e9my Clapin<\/a>Avec <a href=\"https:\/\/www.allocine.fr\/personne\/fichepersonne_gen_cpersonne=912680.html\">Megan Northam<\/a>, <a href=\"https:\/\/www.allocine.fr\/personne\/fichepersonne_gen_cpersonne=526463.html\">Sofia Lesaffre<\/a>, <a href=\"https:\/\/www.allocine.fr\/personne\/fichepersonne_gen_cpersonne=144985.html\">Catherine Sal\u00e9e<\/a><br \/>\n\t\t\t<a href=\"https:\/\/www.youtube.com\/watch?v=JV2o59Rg2oY\" target=\"_blank\" role=\"button\" rel=\"noopener\"><br \/>\n\t\t\t\t\t\tbande annonce<br \/>\n\t\t\t\t\t<\/a><br \/>\n\t\t\t<a href=\"#top\" role=\"button\"><br \/>\n\t\t\t\t\t\thaut de la page<br \/>\n\t\t\t\t\t<\/a><\/p>\n<h4>Garfield : H\u00e9ros malgr\u00e9 lui<\/h4>\n<p>\t\t\t\t\t\t\t\t\t\t<img width=\"730\" height=\"913\" src=\"http:\/\/lelalano.fr\/wp-content\/uploads\/2024\/07\/Garfield-Heros-malgre-lui-819x1024.jpg\" alt=\"\" decoding=\"async\" loading=\"lazy\" srcset=\"http:\/\/lelalano.fr\/wp-content\/uploads\/2024\/07\/Garfield-Heros-malgre-lui-819x1024.jpg 819w, http:\/\/lelalano.fr\/wp-content\/uploads\/2024\/07\/Garfield-Heros-malgre-lui-240x300.jpg 240w, http:\/\/lelalano.fr\/wp-content\/uploads\/2024\/07\/Garfield-Heros-malgre-lui-768x960.jpg 768w, http:\/\/lelalano.fr\/wp-content\/uploads\/2024\/07\/Garfield-Heros-malgre-lui.jpg 864w\" sizes=\"(max-width: 730px) 100vw, 730px\" \/>\t\t\t\t\t\t\t\t\t\t\t<\/p>\n<h2><strong>Synopsis<\/strong><\/h2>\n<p>Garfield, le c\u00e9l\u00e8bre chat d&#8217;int\u00e9rieur, amateur de lasagnes et qui d\u00e9teste les lundis, est sur le point d&#8217;\u00eatre embarqu\u00e9 dans une folle aventure ! Apr\u00e8s avoir retrouv\u00e9 son p\u00e8re disparu, Vic, un chat des rues mal peign\u00e9, Garfield et son ami le chien Odie sont forc\u00e9s de quitter leur vie faite de confort pour aider Vic \u00e0 accomplir un cambriolage aussi risqu\u00e9 qu&#8217;hilarant.\t\t<\/p>\n<h4>S\u00c9ANCES<\/h4>\n<ul>\n<li >\n\t\t\t\t\t\t\t\t\t\tsamedi 07 septembre 20h45\n\t\t\t\t\t\t\t\t\t<\/li>\n<\/ul>\n<h4>INFOS SUR LE FILM<\/h4>\n<p>\t\t1h 41min | <a href=\"https:\/\/www.allocine.fr\/films\/genre-13001\/\">Aventure<\/a>, <a href=\"https:\/\/www.allocine.fr\/films\/genre-13026\/\">Animation<\/a>, <a href=\"https:\/\/www.allocine.fr\/films\/genre-13005\/\">Com\u00e9die<\/a>, <a href=\"https:\/\/www.allocine.fr\/films\/genre-13036\/\">Famille<\/a>De <a href=\"https:\/\/www.allocine.fr\/personne\/fichepersonne_gen_cpersonne=52264.html\">Mark Dindal<\/a>Par <a href=\"https:\/\/www.allocine.fr\/personne\/fichepersonne_gen_cpersonne=52266.html\">David Reynolds<\/a>, <a href=\"https:\/\/www.allocine.fr\/personne\/fichepersonne_gen_cpersonne=107124.html\">Mark Torgrove<\/a>Avec <a href=\"https:\/\/www.allocine.fr\/personne\/fichepersonne_gen_cpersonne=98332.html\">Chris Pratt<\/a>, <a href=\"https:\/\/www.allocine.fr\/personne\/fichepersonne_gen_cpersonne=157958.html\">Hannah Waddingham<\/a>, <a href=\"https:\/\/www.allocine.fr\/personne\/fichepersonne_gen_cpersonne=14454.html\">Samuel L. Jackson<\/a>Titre original  The Garfield Movie<br \/>\n\t\t\t<a href=\"https:\/\/www.youtube.com\/watch?v=cldTF5e8wpQ\" target=\"_blank\" role=\"button\" rel=\"noopener\"><br \/>\n\t\t\t\t\t\tVOIR LA BANDE ANNONCE<br \/>\n\t\t\t\t\t<\/a><br \/>\n\t\t\t<a href=\"#top\" role=\"button\"><br \/>\n\t\t\t\t\t\thaut de la page<br \/>\n\t\t\t\t\t<\/a><\/p>\n<h4>Elyas<\/h4>\n<p>\t\t\t\t\t\t\t\t\t\t<img width=\"730\" height=\"973\" src=\"http:\/\/lelalano.fr\/wp-content\/uploads\/2024\/07\/Elyas-768x1024.jpg\" alt=\"\" decoding=\"async\" loading=\"lazy\" srcset=\"http:\/\/lelalano.fr\/wp-content\/uploads\/2024\/07\/Elyas-768x1024.jpg 768w, http:\/\/lelalano.fr\/wp-content\/uploads\/2024\/07\/Elyas-225x300.jpg 225w, http:\/\/lelalano.fr\/wp-content\/uploads\/2024\/07\/Elyas.jpg 810w\" sizes=\"(max-width: 730px) 100vw, 730px\" \/>\t\t\t\t\t\t\t\t\t\t\t<\/p>\n<h2>Synopsis<\/h2>\n<p>Elyas, ancien soldat des Forces Sp\u00e9ciales, solitaire et parano\u00efaque, devient garde du corps pour Nour, 13 ans et sa m\u00e8re Amina, venues du Moyen-Orient. Tandis que l\u2019ex-guerrier et la jeune fille s\u2019apprivoisent, un myst\u00e9rieux commando les prend pour cibles. Elyas ne reculera devant rien pour la sauver.\t\t<\/p>\n<h4>S\u00c9ANCES<\/h4>\n<ul>\n<li >\n\t\t\t\t\t\t\t\t\t\tdimanche 08 septembre 20h45\n\t\t\t\t\t\t\t\t\t<\/li>\n<\/ul>\n<h4>INFOS SUR LE FILM<\/h4>\n<p>\t\tDe <a href=\"https:\/\/www.allocine.fr\/personne\/fichepersonne_gen_cpersonne=28163.html\">Florent-Emilio Siri<\/a>Avec <a href=\"https:\/\/www.allocine.fr\/personne\/fichepersonne_gen_cpersonne=20204.html\">Roschdy Zem<\/a>, <a href=\"https:\/\/www.allocine.fr\/personne\/fichepersonne_gen_cpersonne=544621.html\">La\u00ebtitia E\u00efdo<\/a>, <a href=\"https:\/\/www.allocine.fr\/personne\/fichepersonne_gen_cpersonne=968902.html\">Jeanne Michel<\/a><br \/>\n\t\t\t<a href=\"https:\/\/www.youtube.com\/watch?v=CurKNMuYof8\" target=\"_blank\" role=\"button\" rel=\"noopener\"><br \/>\n\t\t\t\t\t\tVoir la bande annonce<br \/>\n\t\t\t\t\t<\/a><br \/>\n\t\t\t<a href=\"#top\" role=\"button\"><br \/>\n\t\t\t\t\t\thaut de la page<br \/>\n\t\t\t\t\t<\/a><\/p>\n<h4>To The Moon (vo)<\/h4>\n<p>\t\t\t\t\t\t\t\t\t\t<img width=\"683\" height=\"1024\" src=\"http:\/\/lelalano.fr\/wp-content\/uploads\/2024\/07\/To-The-Moon-683x1024.jpg\" alt=\"\" decoding=\"async\" loading=\"lazy\" srcset=\"http:\/\/lelalano.fr\/wp-content\/uploads\/2024\/07\/To-The-Moon-683x1024.jpg 683w, http:\/\/lelalano.fr\/wp-content\/uploads\/2024\/07\/To-The-Moon-200x300.jpg 200w, http:\/\/lelalano.fr\/wp-content\/uploads\/2024\/07\/To-The-Moon.jpg 720w\" sizes=\"(max-width: 683px) 100vw, 683px\" \/>\t\t\t\t\t\t\t\t\t\t\t<\/p>\n<h2>Synopsis<\/h2>\n<p>Tout public\u00a0<\/p>\n<p>Charg\u00e9e de redorer l&#8217;image de la NASA aupr\u00e8s du public, l&#8217;\u00e9tincelante Kelly Jones, experte en marketing, va perturber la t\u00e2che d\u00e9j\u00e0 complexe du directeur de la mission, Cole Davis. Lorsque la Maison-Blanche estime que le projet est trop important pour \u00e9chouer, Kelly Jones se voit confier la r\u00e9alisation d&#8217;un faux alunissage, en guise de plan B et le compte \u00e0 rebours est alors vraiment lanc\u00e9&#8230;<\/p>\n<h4>S\u00c9ANCES<\/h4>\n<ul>\n<li >\n\t\t\t\t\t\t\t\t\t\tmardi 10 septembre 20h45\n\t\t\t\t\t\t\t\t\t<\/li>\n<\/ul>\n<h4>INFOS SUR LE FILM<\/h4>\n<p>\t\t2h 11min | <a href=\"https:\/\/www.allocine.fr\/films\/genre-13005\/\">Com\u00e9die<\/a>, <a href=\"https:\/\/www.allocine.fr\/films\/genre-13024\/\">Romance<\/a>De <a href=\"https:\/\/www.allocine.fr\/personne\/fichepersonne_gen_cpersonne=50075.html\">Greg Berlanti<\/a>Par <a href=\"https:\/\/www.allocine.fr\/personne\/fichepersonne_gen_cpersonne=961301.html\">Rose Gilroy<\/a>Avec <a href=\"https:\/\/www.allocine.fr\/personne\/fichepersonne_gen_cpersonne=27868.html\">Scarlett Johansson<\/a>, <a href=\"https:\/\/www.allocine.fr\/personne\/fichepersonne_gen_cpersonne=126186.html\">Channing Tatum<\/a>, <a href=\"https:\/\/www.allocine.fr\/personne\/fichepersonne_gen_cpersonne=116908.html\">Jim Rash<\/a>Titre original  Fly Me to the Moon<br \/>\n\t\t\t<a href=\"https:\/\/www.youtube.com\/watch?v=C4OAwvc_go4\" target=\"_blank\" role=\"button\" rel=\"noopener\"><br \/>\n\t\t\t\t\t\tVOIR LA BANDE ANNONCE<br \/>\n\t\t\t\t\t<\/a><br \/>\n\t\t\t<a href=\"#top\" role=\"button\"><br \/>\n\t\t\t\t\t\thaut de la page<br \/>\n\t\t\t\t\t<\/a><\/p>\n","protected":false},"excerpt":{"rendered":"<p>Petit R\u00e9cap&#8217; de la semaine mercredi 04 septembre Pendant ce temps sur terre \u00e0 20h45 samedi 07 septembre Garfield, h\u00e9ro malgr\u00e9 lui \u00e0 20h45 dimanche 08 septembre 20h45 Elyas \u00e0 20h45 mardi 10 septembre 20h45 To the moon \u00e0 20h45 (vostfr) Pendant ce temps sur Terre Synopsis Tout public\u00a0 Elsa, 23 ans, a toujours \u00e9t\u00e9<span class=\"read-more-wrap\"><a class=\"moretag\" href=\"https:\/\/lelalano.fr\/index.php\/semaine-du-mer-04-septembre-au-mar-10-septembre-2024\/\">Lire la suite<span class=\"screen-reader-text\">Semaine du Mer. 04 septembre au Mar. 10 septembre 2024<\/span><\/a><\/span><\/p>\n","protected":false},"author":1,"featured_media":0,"parent":0,"menu_order":0,"comment_status":"closed","ping_status":"closed","template":"","meta":{"footnotes":""},"_links":{"self":[{"href":"https:\/\/lelalano.fr\/index.php\/wp-json\/wp\/v2\/pages\/11631"}],"collection":[{"href":"https:\/\/lelalano.fr\/index.php\/wp-json\/wp\/v2\/pages"}],"about":[{"href":"https:\/\/lelalano.fr\/index.php\/wp-json\/wp\/v2\/types\/page"}],"author":[{"embeddable":true,"href":"https:\/\/lelalano.fr\/index.php\/wp-json\/wp\/v2\/users\/1"}],"replies":[{"embeddable":true,"href":"https:\/\/lelalano.fr\/index.php\/wp-json\/wp\/v2\/comments?post=11631"}],"version-history":[{"count":12,"href":"https:\/\/lelalano.fr\/index.php\/wp-json\/wp\/v2\/pages\/11631\/revisions"}],"predecessor-version":[{"id":11650,"href":"https:\/\/lelalano.fr\/index.php\/wp-json\/wp\/v2\/pages\/11631\/revisions\/11650"}],"wp:attachment":[{"href":"https:\/\/lelalano.fr\/index.php\/wp-json\/wp\/v2\/media?parent=11631"}],"curies":[{"name":"wp","href":"https:\/\/api.w.org\/{rel}","templated":true}]}}