{"id":11686,"date":"2024-07-18T12:33:06","date_gmt":"2024-07-18T10:33:06","guid":{"rendered":"http:\/\/lelalano.fr\/?page_id=11686"},"modified":"2024-07-23T14:57:18","modified_gmt":"2024-07-23T12:57:18","slug":"cycle-1-2024-2025","status":"publish","type":"page","link":"https:\/\/lelalano.fr\/index.php\/cycle-1-2024-2025\/","title":{"rendered":"Cycle 1 2024-2025"},"content":{"rendered":"<h4>Synth\u00e8se<\/h4>\n<p>\t\t\t\t\t\t\t\t\t\t\t\tPremier Trimestre\t\t\t\t\t<\/p>\n<h4><a href=\"#lar\">La Ronde des couleurs<\/a><\/h4>\n<p>\u00a0<\/p>\n<p>\t\t\t\t\t\t\t\t\t\t\t\tSecond Trimestre\t\t\t\t\t<\/p>\n<section data-id=\"34a4d17\" data-element_type=\"section\">\n<h4><a href=\"#ler\">Le R\u00eave de Sam<\/a><\/h4>\n<\/section>\n<p>\u00a0<\/p>\n<p><em>\u00a0<\/em><\/p>\n<p>\t\t\t\t\t\t\t\t\t\t\t\tTroisi\u00e8me Trimestre\t\t\t\t\t<\/p>\n<h4><a href=\"#lod\">L&#8217;Odyss\u00e9e de Choum<\/a><\/h4>\n<p>\u00a0<\/p>\n<p><em>\u00a0<\/em><\/p>\n<h4>La Ronde des couleurs<\/h4>\n<p>\t\t\t\t\t\t\t\t\t\t<img width=\"400\" height=\"550\" src=\"http:\/\/lelalano.fr\/wp-content\/uploads\/2024\/07\/affiche-La-Ronde-des-couleurs.jpg\" alt=\"\" decoding=\"async\" loading=\"lazy\" srcset=\"http:\/\/lelalano.fr\/wp-content\/uploads\/2024\/07\/affiche-La-Ronde-des-couleurs.jpg 400w, http:\/\/lelalano.fr\/wp-content\/uploads\/2024\/07\/affiche-La-Ronde-des-couleurs-218x300.jpg 218w\" sizes=\"(max-width: 400px) 100vw, 400px\" \/>\t\t\t\t\t\t\t\t\t\t\t<\/p>\n<figure class='gallery-item'>\n\t\t\t\t<a data-elementor-open-lightbox=\"default\" data-elementor-lightbox-slideshow=\"c28bd0c\" href='http:\/\/lelalano.fr\/wp-content\/uploads\/2024\/07\/photo-film-La-Ronde-des-couleurs-8.jpg'><img width=\"150\" height=\"150\" src=\"http:\/\/lelalano.fr\/wp-content\/uploads\/2024\/07\/photo-film-La-Ronde-des-couleurs-8-150x150.jpg\" alt=\"\" decoding=\"async\" loading=\"lazy\" \/><\/a><br \/>\n\t\t\t<\/figure>\n<figure class='gallery-item'>\n\t\t\t\t<a data-elementor-open-lightbox=\"default\" data-elementor-lightbox-slideshow=\"c28bd0c\" href='http:\/\/lelalano.fr\/wp-content\/uploads\/2024\/07\/photo-film-La-Ronde-des-couleurs-7.jpg'><img width=\"150\" height=\"150\" src=\"http:\/\/lelalano.fr\/wp-content\/uploads\/2024\/07\/photo-film-La-Ronde-des-couleurs-7-150x150.jpg\" alt=\"\" decoding=\"async\" loading=\"lazy\" \/><\/a><br \/>\n\t\t\t<\/figure>\n<figure class='gallery-item'>\n\t\t\t\t<a data-elementor-open-lightbox=\"default\" data-elementor-lightbox-slideshow=\"c28bd0c\" href='http:\/\/lelalano.fr\/wp-content\/uploads\/2024\/07\/photo-film-La-Ronde-des-couleurs-6.jpg'><img width=\"150\" height=\"150\" src=\"http:\/\/lelalano.fr\/wp-content\/uploads\/2024\/07\/photo-film-La-Ronde-des-couleurs-6-150x150.jpg\" alt=\"\" decoding=\"async\" loading=\"lazy\" \/><\/a><br \/>\n\t\t\t<\/figure>\n<figure class='gallery-item'>\n\t\t\t\t<a data-elementor-open-lightbox=\"default\" data-elementor-lightbox-slideshow=\"c28bd0c\" href='http:\/\/lelalano.fr\/wp-content\/uploads\/2024\/07\/photo-film-La-Ronde-des-couleurs-5.jpg'><img width=\"150\" height=\"150\" src=\"http:\/\/lelalano.fr\/wp-content\/uploads\/2024\/07\/photo-film-La-Ronde-des-couleurs-5-150x150.jpg\" alt=\"\" decoding=\"async\" loading=\"lazy\" \/><\/a><br \/>\n\t\t\t<\/figure>\n<figure class='gallery-item'>\n\t\t\t\t<a data-elementor-open-lightbox=\"default\" data-elementor-lightbox-slideshow=\"c28bd0c\" href='http:\/\/lelalano.fr\/wp-content\/uploads\/2024\/07\/photo-film-La-Ronde-des-couleurs-4.jpg'><img width=\"150\" height=\"150\" src=\"http:\/\/lelalano.fr\/wp-content\/uploads\/2024\/07\/photo-film-La-Ronde-des-couleurs-4-150x150.jpg\" alt=\"\" decoding=\"async\" loading=\"lazy\" \/><\/a><br \/>\n\t\t\t<\/figure>\n<figure class='gallery-item'>\n\t\t\t\t<a data-elementor-open-lightbox=\"default\" data-elementor-lightbox-slideshow=\"c28bd0c\" href='http:\/\/lelalano.fr\/wp-content\/uploads\/2024\/07\/photo-film-La-Ronde-des-couleurs-3.jpg'><img width=\"150\" height=\"150\" src=\"http:\/\/lelalano.fr\/wp-content\/uploads\/2024\/07\/photo-film-La-Ronde-des-couleurs-3-150x150.jpg\" alt=\"\" decoding=\"async\" loading=\"lazy\" \/><\/a><br \/>\n\t\t\t<\/figure>\n<figure class='gallery-item'>\n\t\t\t\t<a data-elementor-open-lightbox=\"default\" data-elementor-lightbox-slideshow=\"c28bd0c\" href='http:\/\/lelalano.fr\/wp-content\/uploads\/2024\/07\/photo-film-La-Ronde-des-couleurs-2.jpg'><img width=\"150\" height=\"150\" src=\"http:\/\/lelalano.fr\/wp-content\/uploads\/2024\/07\/photo-film-La-Ronde-des-couleurs-2-150x150.jpg\" alt=\"\" decoding=\"async\" loading=\"lazy\" \/><\/a><br \/>\n\t\t\t<\/figure>\n<figure class='gallery-item'>\n\t\t\t\t<a data-elementor-open-lightbox=\"default\" data-elementor-lightbox-slideshow=\"c28bd0c\" href='http:\/\/lelalano.fr\/wp-content\/uploads\/2024\/07\/photo-film-La-Ronde-des-couleurs.jpg'><img width=\"150\" height=\"150\" src=\"http:\/\/lelalano.fr\/wp-content\/uploads\/2024\/07\/photo-film-La-Ronde-des-couleurs-150x150.jpg\" alt=\"\" decoding=\"async\" loading=\"lazy\" \/><\/a><br \/>\n\t\t\t<\/figure>\n<h2>Ressources :<\/h2>\n<ul>\n<li><a href=\"http:\/\/lelalano.fr\/wp-content\/uploads\/2024\/07\/DP-La-Ronde-des-couleurs.pdf\" target=\"_blank\" rel=\"noopener\">Dossier p\u00e9dagogique<\/a><\/li>\n<\/ul>\n<p><strong>R\u00e9alis\u00e9 par :<\/strong> Susan Hoffman, Vaiana Gauthier, Ceylan Beyoglu, Dotty Kultys, Yoshiko Misumi, Dace Riduze<\/p>\n<p><strong>Pays :<\/strong> Allemagne, France, Royaume-Uni, Japon, Lettonie<\/p>\n<p><strong>Date de sortie :<\/strong> 2017<\/p>\n<p><strong>Dur\u00e9e :<\/strong> 0h38<\/p>\n<p><strong>\u00c2ge conseill\u00e9 :<\/strong> Tous publics, \u00e0 partir de 3 ans<\/p>\n<p><strong>Genre :<\/strong> Animation<\/p>\n<h2>Synopsis :<\/h2>\n<p><em>Au fil des saisons, sur le pelage des animaux, ou encore dans une boite de crayons, les couleurs sont partout ! M\u00eame la musique a ses couleurs ! Un programme de 6 courts-m\u00e9trages qui fera d\u00e9couvrir aux plus petits un univers bariol\u00e9 et bigarr\u00e9.<\/em><\/p>\n<p><strong>Le petit lynx gris <\/strong>(3 min 34) \u2013 Il est parfois bien difficile de s\u2019int\u00e9grer lorsque l\u2019on est diff\u00e9rent. Mais avec un peu d\u2019ouverture d\u2019esprit et de camaraderie, tout est possible, m\u00eame dans le plus \u00e9trange des mondes !<\/p>\n<p><strong>Mailles <\/strong>(4 min 04) \u2013 Une sensation, une odeur\u2026 tant de choses nous ram\u00e8nent \u00e0 de doux souvenirs. Un petit rien peut parfois vous faire revoir la vie en couleurs !<\/p>\n<p><strong>Piccolo Concerto <\/strong>(6 min) \u2013 Une petite fl\u00fbte n\u2019arrive pas \u00e0 trouver sa place dans son orchestre. Un voyage des plus color\u00e9s dans le monde du Jazz va lui redonner go\u00fbt \u00e0 la musique !<\/p>\n<p><strong>La fille qui parlait chat <\/strong>(5 min 40) \u2013 Dans une soci\u00e9t\u00e9 terne et bien triste, une petite fille s\u2019ennuie terriblement. Avec l\u2019aide d\u2019un myst\u00e9rieux chat, elle va d\u00e9couvrir un monde plein de fantaisie. Un petit vent de folie va alors souffler d\u00e9licieusement sur la ville\u2026<\/p>\n<p><strong>La comptine de grand-p\u00e8re <\/strong>(8 min 20) \u2013 Dans l\u2019esprit d\u2019un enfant, toutes les folies sont permises, et notre jeune h\u00e9ro\u00efne ne fait pas exception. Son grand-p\u00e8re est contraint de rester au lit, mais pour elle, pas question d\u2019abandonner leurs jeux jusqu\u2019\u00e0 leurs derniers instants ensemble.<\/p>\n<p><strong>Le petit crayon rouge <\/strong>(8 min 36) \u2013 Et si un crayon rouge se retrouvait dans le monde qu\u2019il est en train de colorier, poursuivi pas une mouche pr\u00eate \u00e0 tout pour lui jouer des tours ? Heureusement l\u2019union fait la force\u2026<\/p>\n<h4><strong>Horaires des s\u00e9ances :<\/strong><\/h4>\n<ul>\n<li>mardi 01 octobre 10h<\/li>\n<li>jeudi 14 novembre 10h<\/li>\n<\/ul>\n<h4>Inscription<\/h4>\n<p>Pour vous inscrire merci d&#8217;adresser un mail \u00e0 : <strong>lelalano@yahoo.fr<\/strong> contenant les informations suivantes : nombres d&#8217;\u00e9l\u00e8ves,\u00a0 nom de l&#8217;\u00e9cole, de l&#8217;enseignant, adresse de l&#8217;\u00e9tablissement et \/ou du rpi. Num\u00e9ro de t\u00e9l\u00e9phone.<\/p>\n<p><em>Nous vous rappelons \u00e9galement que le Conseil D\u00e9partemental des Hautes-Pyr\u00e9n\u00e9es prend en charge la moiti\u00e9 du prix des places soit 1.5\u20ac par \u00e9l\u00e8ve.<\/em><\/p>\n<p>\t\t\t<a href=\"#synthese\"><br \/>\n\t\t\t<\/a><\/p>\n<h4>Le R\u00eave de Sam<\/h4>\n<p>\t\t\t\t\t\t\t\t\t\t<img width=\"400\" height=\"550\" src=\"http:\/\/lelalano.fr\/wp-content\/uploads\/2024\/07\/affiche-Le-Reve-de-Sam-.jpg\" alt=\"\" decoding=\"async\" loading=\"lazy\" srcset=\"http:\/\/lelalano.fr\/wp-content\/uploads\/2024\/07\/affiche-Le-Reve-de-Sam-.jpg 400w, http:\/\/lelalano.fr\/wp-content\/uploads\/2024\/07\/affiche-Le-Reve-de-Sam--218x300.jpg 218w\" sizes=\"(max-width: 400px) 100vw, 400px\" \/>\t\t\t\t\t\t\t\t\t\t\t<\/p>\n<figure class='gallery-item'>\n\t\t\t\t<a data-elementor-open-lightbox=\"default\" data-elementor-lightbox-slideshow=\"19f9bb6\" href='http:\/\/lelalano.fr\/wp-content\/uploads\/2024\/07\/photo-film-Le-Reve-de-Sam.jpg'><img width=\"150\" height=\"150\" src=\"http:\/\/lelalano.fr\/wp-content\/uploads\/2024\/07\/photo-film-Le-Reve-de-Sam-150x150.jpg\" alt=\"\" decoding=\"async\" loading=\"lazy\" \/><\/a><br \/>\n\t\t\t<\/figure>\n<figure class='gallery-item'>\n\t\t\t\t<a data-elementor-open-lightbox=\"default\" data-elementor-lightbox-slideshow=\"19f9bb6\" href='http:\/\/lelalano.fr\/wp-content\/uploads\/2024\/07\/photo-film-Le-Reve-de-Sam-2.jpg'><img width=\"150\" height=\"150\" src=\"http:\/\/lelalano.fr\/wp-content\/uploads\/2024\/07\/photo-film-Le-Reve-de-Sam-2-150x150.jpg\" alt=\"\" decoding=\"async\" loading=\"lazy\" \/><\/a><br \/>\n\t\t\t<\/figure>\n<figure class='gallery-item'>\n\t\t\t\t<a data-elementor-open-lightbox=\"default\" data-elementor-lightbox-slideshow=\"19f9bb6\" href='http:\/\/lelalano.fr\/wp-content\/uploads\/2024\/07\/photo-film-Le-Reve-de-Sam-3.jpg'><img width=\"150\" height=\"150\" src=\"http:\/\/lelalano.fr\/wp-content\/uploads\/2024\/07\/photo-film-Le-Reve-de-Sam-3-150x150.jpg\" alt=\"\" decoding=\"async\" loading=\"lazy\" \/><\/a><br \/>\n\t\t\t<\/figure>\n<figure class='gallery-item'>\n\t\t\t\t<a data-elementor-open-lightbox=\"default\" data-elementor-lightbox-slideshow=\"19f9bb6\" href='http:\/\/lelalano.fr\/wp-content\/uploads\/2024\/07\/photo-film-Le-Reve-de-Sam-4.jpg'><img width=\"150\" height=\"150\" src=\"http:\/\/lelalano.fr\/wp-content\/uploads\/2024\/07\/photo-film-Le-Reve-de-Sam-4-150x150.jpg\" alt=\"\" decoding=\"async\" loading=\"lazy\" \/><\/a><br \/>\n\t\t\t<\/figure>\n<figure class='gallery-item'>\n\t\t\t\t<a data-elementor-open-lightbox=\"default\" data-elementor-lightbox-slideshow=\"19f9bb6\" href='http:\/\/lelalano.fr\/wp-content\/uploads\/2024\/07\/photo-film-Le-Reve-de-Sam-5.jpg'><img width=\"150\" height=\"150\" src=\"http:\/\/lelalano.fr\/wp-content\/uploads\/2024\/07\/photo-film-Le-Reve-de-Sam-5-150x150.jpg\" alt=\"\" decoding=\"async\" loading=\"lazy\" \/><\/a><br \/>\n\t\t\t<\/figure>\n<figure class='gallery-item'>\n\t\t\t\t<a data-elementor-open-lightbox=\"default\" data-elementor-lightbox-slideshow=\"19f9bb6\" href='http:\/\/lelalano.fr\/wp-content\/uploads\/2024\/07\/photo-film-Le-Reve-de-Sam-6.jpg'><img width=\"150\" height=\"150\" src=\"http:\/\/lelalano.fr\/wp-content\/uploads\/2024\/07\/photo-film-Le-Reve-de-Sam-6-150x150.jpg\" alt=\"\" decoding=\"async\" loading=\"lazy\" \/><\/a><br \/>\n\t\t\t<\/figure>\n<figure class='gallery-item'>\n\t\t\t\t<a data-elementor-open-lightbox=\"default\" data-elementor-lightbox-slideshow=\"19f9bb6\" href='http:\/\/lelalano.fr\/wp-content\/uploads\/2024\/07\/photo-film-Le-Reve-de-Sam-7.jpg'><img width=\"150\" height=\"150\" src=\"http:\/\/lelalano.fr\/wp-content\/uploads\/2024\/07\/photo-film-Le-Reve-de-Sam-7-150x150.jpg\" alt=\"\" decoding=\"async\" loading=\"lazy\" \/><\/a><br \/>\n\t\t\t<\/figure>\n<figure class='gallery-item'>\n\t\t\t\t<a data-elementor-open-lightbox=\"default\" data-elementor-lightbox-slideshow=\"19f9bb6\" href='http:\/\/lelalano.fr\/wp-content\/uploads\/2024\/07\/photo-film-Le-Reve-de-Sam-8.jpg'><img width=\"150\" height=\"150\" src=\"http:\/\/lelalano.fr\/wp-content\/uploads\/2024\/07\/photo-film-Le-Reve-de-Sam-8-150x150.jpg\" alt=\"\" decoding=\"async\" loading=\"lazy\" \/><\/a><br \/>\n\t\t\t<\/figure>\n<figure class='gallery-item'>\n\t\t\t\t<a data-elementor-open-lightbox=\"default\" data-elementor-lightbox-slideshow=\"19f9bb6\" href='http:\/\/lelalano.fr\/wp-content\/uploads\/2024\/07\/photo-film-Le-Reve-de-Sam-9.jpg'><img width=\"150\" height=\"150\" src=\"http:\/\/lelalano.fr\/wp-content\/uploads\/2024\/07\/photo-film-Le-Reve-de-Sam-9-150x150.jpg\" alt=\"\" decoding=\"async\" loading=\"lazy\" \/><\/a><br \/>\n\t\t\t<\/figure>\n<h2>Ressources :<\/h2>\n<ul>\n<li><a href=\"http:\/\/lelalano.fr\/wp-content\/uploads\/2024\/07\/DocPeda.pdf\" target=\"_blank\" rel=\"noopener\">Dossier p\u00e9dagogique<\/a><\/li>\n<\/ul>\n<p><strong>R\u00e9alis\u00e9 par :<\/strong> Robin Joseph, Marlies van der Wel, Pierre Clenet, N\u00f6lwenn Roberts<\/p>\n<p><strong>Pays :<\/strong> Canada, Pays-Bas, France<\/p>\n<p><strong>Date de sortie :<\/strong> 2019<\/p>\n<p><strong>Dur\u00e9e :<\/strong> 0h41<\/p>\n<p><strong>\u00c2ge conseill\u00e9 :<\/strong> Tous publics, \u00e0 partir de 4 ans<\/p>\n<p><strong>Genre :<\/strong> Animation<\/p>\n<h2>Synopsis  :<\/h2>\n<p>Chacun, \u00e0 sa fa\u00e7on, cherche un moyen de s\u2019accomplir : poursuivre son r\u00eave et tenter de le r\u00e9aliser. L\u2019impulsion qui met en mouvement les personnages de ces histoires les conduira vers de nouveaux horizons.<\/p>\n<p><em>Quatre courts m\u00e9trages d\u2019animation composent ce programme :\u00a0<\/em><\/p>\n<p><strong>Le Renard et la baleine <\/strong>(12 min) \u2013 Un renard s\u2019embarque sur les flots \u00e0 la recherche d\u2019une baleine l\u00e9gendaire.<\/p>\n<p><strong>Jonas et la mer <\/strong>(11 min) \u2013 Depuis son enfance, Jonas r\u00eave de vivre dans la mer, comme un poisson dans l\u2019eau.\u00a0<\/p>\n<p><strong>Home sweet home <\/strong>(10 min) \u2013 Un jour, une maison d\u00e9cide de quitter sa banlieue pour partir \u00e0 l\u2019aventure.<\/p>\n<p><strong>Le R\u00eave de Sam<\/strong> (8 min) \u2013 Sam, une petite souris, se lance dans la r\u00e9alisation de son plus grand r\u00eave : voler comme un oiseau.<\/p>\n<h4><strong>Horaires des s\u00e9ances :<\/strong><\/h4>\n<ul>\n<li>mardi 14 janvier 10h<\/li>\n<li>jeudi 20 mars 10h<\/li>\n<\/ul>\n<h4>Inscription<\/h4>\n<p>Pour vous inscrire merci d&#8217;adresser un mail \u00e0 : <strong>lelalano@yahoo.fr<\/strong> contenant les informations suivantes : nombres d&#8217;\u00e9l\u00e8ves,\u00a0 nom de l&#8217;\u00e9cole, de l&#8217;enseignant, adresse de l&#8217;\u00e9tablissement et \/ou du rpi. Num\u00e9ro de t\u00e9l\u00e9phone.<\/p>\n<p><em>Nous vous rappelons \u00e9galement que le Conseil D\u00e9partemental des Hautes-Pyr\u00e9n\u00e9es prend en charge la moiti\u00e9 du prix des places soit 1.5\u20ac par \u00e9l\u00e8ve.<\/em><\/p>\n<p>\t\t\t<a href=\"#synthese\"><br \/>\n\t\t\t<\/a><\/p>\n<h4>L&#8217;Odyss\u00e9e de Choum<br \/>\n<\/h4>\n<p>\t\t\t\t\t\t\t\t\t\t<img width=\"400\" height=\"550\" src=\"http:\/\/lelalano.fr\/wp-content\/uploads\/2024\/07\/affiche-LOdyssee-de-Choum-1-ozpp35ydgc71lo391f3nu8sfbrusgao84iv555fpto.jpg\" alt=\"\" decoding=\"async\" loading=\"lazy\" srcset=\"http:\/\/lelalano.fr\/wp-content\/uploads\/2024\/07\/affiche-LOdyssee-de-Choum-1-ozpp35ydgc71lo391f3nu8sfbrusgao84iv555fpto.jpg 400w, http:\/\/lelalano.fr\/wp-content\/uploads\/2024\/07\/affiche-LOdyssee-de-Choum-1-ozpp35ydgc71lo391f3nu8sfbrusgao84iv555fpto-218x300.jpg 218w\" sizes=\"(max-width: 400px) 100vw, 400px\" \/>\t\t\t\t\t\t\t\t\t\t\t<\/p>\n<figure class='gallery-item'>\n\t\t\t\t<a data-elementor-open-lightbox=\"default\" data-elementor-lightbox-slideshow=\"953300e\" href='http:\/\/lelalano.fr\/wp-content\/uploads\/2024\/07\/photo-film-LOdyssee-de-Choum.jpg'><img width=\"150\" height=\"150\" src=\"http:\/\/lelalano.fr\/wp-content\/uploads\/2024\/07\/photo-film-LOdyssee-de-Choum-150x150.jpg\" alt=\"\" decoding=\"async\" loading=\"lazy\" \/><\/a><br \/>\n\t\t\t<\/figure>\n<figure class='gallery-item'>\n\t\t\t\t<a data-elementor-open-lightbox=\"default\" data-elementor-lightbox-slideshow=\"953300e\" href='http:\/\/lelalano.fr\/wp-content\/uploads\/2024\/07\/photo-film-LOdyssee-de-Choum-2.jpg'><img width=\"150\" height=\"150\" src=\"http:\/\/lelalano.fr\/wp-content\/uploads\/2024\/07\/photo-film-LOdyssee-de-Choum-2-150x150.jpg\" alt=\"\" decoding=\"async\" loading=\"lazy\" \/><\/a><br \/>\n\t\t\t<\/figure>\n<figure class='gallery-item'>\n\t\t\t\t<a data-elementor-open-lightbox=\"default\" data-elementor-lightbox-slideshow=\"953300e\" href='http:\/\/lelalano.fr\/wp-content\/uploads\/2024\/07\/photo-film-LOdyssee-de-Choum-3.jpg'><img width=\"150\" height=\"150\" src=\"http:\/\/lelalano.fr\/wp-content\/uploads\/2024\/07\/photo-film-LOdyssee-de-Choum-3-150x150.jpg\" alt=\"\" decoding=\"async\" loading=\"lazy\" \/><\/a><br \/>\n\t\t\t<\/figure>\n<figure class='gallery-item'>\n\t\t\t\t<a data-elementor-open-lightbox=\"default\" data-elementor-lightbox-slideshow=\"953300e\" href='http:\/\/lelalano.fr\/wp-content\/uploads\/2024\/07\/photo-film-LOdyssee-de-Choum-4.jpg'><img width=\"150\" height=\"150\" src=\"http:\/\/lelalano.fr\/wp-content\/uploads\/2024\/07\/photo-film-LOdyssee-de-Choum-4-150x150.jpg\" alt=\"\" decoding=\"async\" loading=\"lazy\" \/><\/a><br \/>\n\t\t\t<\/figure>\n<figure class='gallery-item'>\n\t\t\t\t<a data-elementor-open-lightbox=\"default\" data-elementor-lightbox-slideshow=\"953300e\" href='http:\/\/lelalano.fr\/wp-content\/uploads\/2024\/07\/photo-film-LOdyssee-de-Choum-5.jpg'><img width=\"150\" height=\"150\" src=\"http:\/\/lelalano.fr\/wp-content\/uploads\/2024\/07\/photo-film-LOdyssee-de-Choum-5-150x150.jpg\" alt=\"\" decoding=\"async\" loading=\"lazy\" \/><\/a><br \/>\n\t\t\t<\/figure>\n<figure class='gallery-item'>\n\t\t\t\t<a data-elementor-open-lightbox=\"default\" data-elementor-lightbox-slideshow=\"953300e\" href='http:\/\/lelalano.fr\/wp-content\/uploads\/2024\/07\/photo-film-LOdyssee-de-Choum-6.jpg'><img width=\"150\" height=\"150\" src=\"http:\/\/lelalano.fr\/wp-content\/uploads\/2024\/07\/photo-film-LOdyssee-de-Choum-6-150x150.jpg\" alt=\"\" decoding=\"async\" loading=\"lazy\" \/><\/a><br \/>\n\t\t\t<\/figure>\n<figure class='gallery-item'>\n\t\t\t\t<a data-elementor-open-lightbox=\"default\" data-elementor-lightbox-slideshow=\"953300e\" href='http:\/\/lelalano.fr\/wp-content\/uploads\/2024\/07\/photo-film-LOdyssee-de-Choum-7.jpg'><img width=\"150\" height=\"150\" src=\"http:\/\/lelalano.fr\/wp-content\/uploads\/2024\/07\/photo-film-LOdyssee-de-Choum-7-150x150.jpg\" alt=\"\" decoding=\"async\" loading=\"lazy\" \/><\/a><br \/>\n\t\t\t<\/figure>\n<figure class='gallery-item'>\n\t\t\t\t<a data-elementor-open-lightbox=\"default\" data-elementor-lightbox-slideshow=\"953300e\" href='http:\/\/lelalano.fr\/wp-content\/uploads\/2024\/07\/photo-film-LOdyssee-de-Choum-8.jpg'><img width=\"150\" height=\"150\" src=\"http:\/\/lelalano.fr\/wp-content\/uploads\/2024\/07\/photo-film-LOdyssee-de-Choum-8-150x150.jpg\" alt=\"\" decoding=\"async\" loading=\"lazy\" \/><\/a><br \/>\n\t\t\t<\/figure>\n<figure class='gallery-item'>\n\t\t\t\t<a data-elementor-open-lightbox=\"default\" data-elementor-lightbox-slideshow=\"953300e\" href='http:\/\/lelalano.fr\/wp-content\/uploads\/2024\/07\/photo-film-LOdyssee-de-Choum-9.jpg'><img width=\"150\" height=\"150\" src=\"http:\/\/lelalano.fr\/wp-content\/uploads\/2024\/07\/photo-film-LOdyssee-de-Choum-9-150x150.jpg\" alt=\"\" decoding=\"async\" loading=\"lazy\" \/><\/a><br \/>\n\t\t\t<\/figure>\n<figure class='gallery-item'>\n\t\t\t\t<a data-elementor-open-lightbox=\"default\" data-elementor-lightbox-slideshow=\"953300e\" href='http:\/\/lelalano.fr\/wp-content\/uploads\/2024\/07\/photo-film-LOdyssee-de-Choum-10.jpg'><img width=\"150\" height=\"150\" src=\"http:\/\/lelalano.fr\/wp-content\/uploads\/2024\/07\/photo-film-LOdyssee-de-Choum-10-150x150.jpg\" alt=\"\" decoding=\"async\" loading=\"lazy\" \/><\/a><br \/>\n\t\t\t<\/figure>\n<figure class='gallery-item'>\n\t\t\t\t<a data-elementor-open-lightbox=\"default\" data-elementor-lightbox-slideshow=\"953300e\" href='http:\/\/lelalano.fr\/wp-content\/uploads\/2024\/07\/photo-film-LOdyssee-de-Choum-11.jpg'><img width=\"150\" height=\"150\" src=\"http:\/\/lelalano.fr\/wp-content\/uploads\/2024\/07\/photo-film-LOdyssee-de-Choum-11-150x150.jpg\" alt=\"\" decoding=\"async\" loading=\"lazy\" \/><\/a><br \/>\n\t\t\t<\/figure>\n<h2>Ressources :<\/h2>\n<ul>\n<li><a href=\"http:\/\/lelalano.fr\/wp-content\/uploads\/2024\/07\/odc_0.pdf\" target=\"_blank\" rel=\"noopener\">Dossier p\u00e9dagogique<\/a><\/li>\n<\/ul>\n<p><strong>R\u00e9alis\u00e9 par :<\/strong> Julien Bisaro, Sonja Rohleder, Carol Freeman<\/p>\n<p><strong>Pays :<\/strong> France, Irlande, Allemagne<\/p>\n<p><strong>Date de sortie :<\/strong> 2020<\/p>\n<p><strong>Dur\u00e9e :<\/strong> 0h38<\/p>\n<p><strong>\u00c2ge conseill\u00e9 :<\/strong> Tous publics, \u00e0 partir de 3 ans<\/p>\n<p><strong>Genre :<\/strong> Animation<\/p>\n<p>\u00a0\t\t<\/p>\n<h2>Synopsis :<\/h2>\n<p>Programme de trois courts m\u00e9trages compos\u00e9 de :<\/p>\n<p>\u2013 L\u2019ODYSS\u00c9E DE CHOUM\u00a0 (26 min) : Choum, la petite chouette, vient juste d\u2019\u00e9clore lorsque la temp\u00eate renverse l\u2019arbre qui l\u2019abritait. Tomb\u00e9e du nid, la voil\u00e0 qui s\u2019\u00e9lance cahin-caha poussant le second \u0153uf de la nich\u00e9e \u00e0 la recherche d\u2019une maman\u2026<\/p>\n<p>\u2013 LE NID (4 min) : Pour charmer ses comp\u00e8res, un bel oiseau se montre tr\u00e8s cr\u00e9atif.<\/p>\n<p>\u2013 L\u2019OISEAU ET LA BALEINE (7 min) : Une jeune baleine, s\u00e9par\u00e9e de sa famille, fait un bout de chemin avec un oiseau en cage.<\/p>\n<h4><strong>Horaires des s\u00e9ances :<\/strong><\/h4>\n<ul>\n<li>mardi 29 avril 10h<\/li>\n<li>mardi 20 mai 10h<\/li>\n<\/ul>\n<h4>Inscription<\/h4>\n<p>Pour vous inscrire merci d&#8217;adresser un mail \u00e0 : <strong>lelalano@yahoo.fr<\/strong> contenant les informations suivantes : nombres d&#8217;\u00e9l\u00e8ves,\u00a0 nom de l&#8217;\u00e9cole, de l&#8217;enseignant, adresse de l&#8217;\u00e9tablissement et \/ou du rpi. Num\u00e9ro de t\u00e9l\u00e9phone.<\/p>\n<p><em>Nous vous rappelons \u00e9galement que le Conseil D\u00e9partemental des Hautes-Pyr\u00e9n\u00e9es prend en charge la moiti\u00e9 du prix des places soit 1.5\u20ac par \u00e9l\u00e8ve.<\/em><\/p>\n<p>\t\t\t<a href=\"#synthese\"><br \/>\n\t\t\t<\/a><\/p>\n","protected":false},"excerpt":{"rendered":"<p>Synth\u00e8se Premier Trimestre La Ronde des couleurs \u00a0 Second Trimestre Le R\u00eave de Sam \u00a0 \u00a0 Troisi\u00e8me Trimestre L&#8217;Odyss\u00e9e de Choum \u00a0 \u00a0 La Ronde des couleurs Ressources : Dossier p\u00e9dagogique R\u00e9alis\u00e9 par : Susan Hoffman, Vaiana Gauthier, Ceylan Beyoglu, Dotty Kultys, Yoshiko Misumi, Dace Riduze Pays : Allemagne, France, Royaume-Uni, Japon, Lettonie Date de<span class=\"read-more-wrap\"><a class=\"moretag\" href=\"https:\/\/lelalano.fr\/index.php\/cycle-1-2024-2025\/\">Lire la suite<span class=\"screen-reader-text\">Cycle 1 2024-2025<\/span><\/a><\/span><\/p>\n","protected":false},"author":1,"featured_media":0,"parent":0,"menu_order":0,"comment_status":"closed","ping_status":"closed","template":"","meta":{"footnotes":""},"_links":{"self":[{"href":"https:\/\/lelalano.fr\/index.php\/wp-json\/wp\/v2\/pages\/11686"}],"collection":[{"href":"https:\/\/lelalano.fr\/index.php\/wp-json\/wp\/v2\/pages"}],"about":[{"href":"https:\/\/lelalano.fr\/index.php\/wp-json\/wp\/v2\/types\/page"}],"author":[{"embeddable":true,"href":"https:\/\/lelalano.fr\/index.php\/wp-json\/wp\/v2\/users\/1"}],"replies":[{"embeddable":true,"href":"https:\/\/lelalano.fr\/index.php\/wp-json\/wp\/v2\/comments?post=11686"}],"version-history":[{"count":20,"href":"https:\/\/lelalano.fr\/index.php\/wp-json\/wp\/v2\/pages\/11686\/revisions"}],"predecessor-version":[{"id":11783,"href":"https:\/\/lelalano.fr\/index.php\/wp-json\/wp\/v2\/pages\/11686\/revisions\/11783"}],"wp:attachment":[{"href":"https:\/\/lelalano.fr\/index.php\/wp-json\/wp\/v2\/media?parent=11686"}],"curies":[{"name":"wp","href":"https:\/\/api.w.org\/{rel}","templated":true}]}}