{"id":11789,"date":"2024-07-25T14:22:34","date_gmt":"2024-07-25T12:22:34","guid":{"rendered":"http:\/\/lelalano.fr\/?page_id=11789"},"modified":"2024-07-25T14:52:14","modified_gmt":"2024-07-25T12:52:14","slug":"spectacles-scolaires-2024-2025","status":"publish","type":"page","link":"https:\/\/lelalano.fr\/index.php\/spectacles-scolaires-2024-2025\/","title":{"rendered":"Spectacles Scolaires 2024-2025"},"content":{"rendered":"<h2>Chronologie des spectacles<\/h2>\n<p>\t\t\t\t\t\t\t\t\t\t\t\tVendredi 08 novembre 2024\t\t\t\t\t<\/p>\n<h4>LES 39 MARCHES<\/h4>\n<p>Th\u00e9\u00e2tre en langue anglaise.<\/p>\n<h2>Vendredi 08 novembre 2024 &#8211; 10h<\/h2>\n<p>\t\t\t\t\t\t\t\t\t\t<img width=\"219\" height=\"326\" src=\"http:\/\/lelalano.fr\/wp-content\/uploads\/2024\/07\/220px-The_39_Steps_1935_-_poster.jpg\" alt=\"\" decoding=\"async\" loading=\"lazy\" srcset=\"http:\/\/lelalano.fr\/wp-content\/uploads\/2024\/07\/220px-The_39_Steps_1935_-_poster.jpg 219w, http:\/\/lelalano.fr\/wp-content\/uploads\/2024\/07\/220px-The_39_Steps_1935_-_poster-202x300.jpg 202w\" sizes=\"(max-width: 219px) 100vw, 219px\" \/><br \/>\n\t\t\t\t\t\t\t\t\t\t<img width=\"682\" height=\"1024\" src=\"http:\/\/lelalano.fr\/wp-content\/uploads\/2024\/07\/etc-2-682x1024.jpg\" alt=\"\" decoding=\"async\" loading=\"lazy\" srcset=\"http:\/\/lelalano.fr\/wp-content\/uploads\/2024\/07\/etc-2-682x1024.jpg 682w, http:\/\/lelalano.fr\/wp-content\/uploads\/2024\/07\/etc-2-200x300.jpg 200w, http:\/\/lelalano.fr\/wp-content\/uploads\/2024\/07\/etc-2-768x1154.jpg 768w, http:\/\/lelalano.fr\/wp-content\/uploads\/2024\/07\/etc-2.jpg 852w\" sizes=\"(max-width: 682px) 100vw, 682px\" \/><br \/>\n\t\t\t\t\t\t\t\t\t\t<img width=\"730\" height=\"314\" src=\"http:\/\/lelalano.fr\/wp-content\/uploads\/2024\/07\/etc-1-1024x440.jpg\" alt=\"\" decoding=\"async\" loading=\"lazy\" srcset=\"http:\/\/lelalano.fr\/wp-content\/uploads\/2024\/07\/etc-1-1024x440.jpg 1024w, http:\/\/lelalano.fr\/wp-content\/uploads\/2024\/07\/etc-1-300x129.jpg 300w, http:\/\/lelalano.fr\/wp-content\/uploads\/2024\/07\/etc-1-768x330.jpg 768w, http:\/\/lelalano.fr\/wp-content\/uploads\/2024\/07\/etc-1-1536x661.jpg 1536w, http:\/\/lelalano.fr\/wp-content\/uploads\/2024\/07\/etc-1-2048x881.jpg 2048w\" sizes=\"(max-width: 730px) 100vw, 730px\" \/>\t\t\t\t\t\t\t\t\t\t\t<\/p>\n<h2>LES 39 MARCHES (the 39 steps)<\/h2>\n<h2>Cie ETC (English Theater Compagny)<\/h2>\n<p>\u00e0 partir de 12 ans r\u00e9serv\u00e9 aux classes pratiquant l&#8217;anglais.<\/p>\n<p>La Compagnie ETC (the english theater compagny) Cr\u00e9\u00e9 en 2016 dans le Gers, et compos\u00e9e de com\u00e9diens et techniciens anglais qui pr\u00e9sentent des pi\u00e8ces de th\u00e9\u00e2tre dans leur langue maternelle. Ils interpr\u00e9teront dans la version th\u00e9\u00e2trale de Patrick Barlow, LES 39 MARCHES ..<\/p>\n<p>L&#8217;int\u00e9r\u00eat p\u00e9dagogique de cette repr\u00e9sentation d&#8217;environ une heure, est de permettre aux \u00e9l\u00e8ves fran\u00e7ais d&#8217;entendre une pi\u00e8ce en anglais par des natifs, dans une proximit\u00e9 que seul le th\u00e9\u00e2tre permet.<\/p>\n<p><strong>Synopsis :<\/strong><\/p>\n<p>\u00c0 Londres, le Canadien Richard Hannay rencontre, au terme d&#8217;un spectacle musical interrompu bien singuli\u00e8rement, une demoiselle, Annabella Schmidt, qui se pr\u00e9tend poursuivie. Il accepte de la cacher chez lui, o\u00f9 elle est assassin\u00e9e. Craignant d&#8217;\u00eatre accus\u00e9, il comprend qu&#8217;il ne pourra prouver son innocence de ce meurtre que s&#8217;il s&#8217;implique dans une intrigue d&#8217;espionnage. Il n&#8217;a que deux indices, une phrase qu&#8217;elle lui a dite sur une soci\u00e9t\u00e9 secr\u00e8te, \u00ab les 39 marches \u00bb et le nom d&#8217;un lieu en \u00c9cosse. il d\u00e9cide de se rendre l\u00e0 o\u00f9 la disparue devait aller, dans les Highlands. Il est alors poursuivi par cette myst\u00e9rieuse soci\u00e9t\u00e9 criminelle \u00e9voqu\u00e9e par la victime, et par la police. En route, dans le train, il croise Pamela, une blonde qui envisage d&#8217;abord de le livrer aux autorit\u00e9s, avant de l&#8217;aider. <\/p>\n<h3><strong>Tarif et r\u00e9servation<\/strong><\/h3>\n<p>L&#8217;offre est r\u00e9f\u00e9renc\u00e9e sur le Pass Culture et ADAGE. Fa\u00eetes-vous connaitre afin que nous puissions vous cr\u00e9er une offre r\u00e9servable.<\/p>\n<p>Tarif scolaire : 5 \u20ac par \u00e9l\u00e8ve.<\/p>\n<p>R\u00e9servations par mail : lelalano@yahoo.fr<\/p>\n<p><em>Merci de pr\u00e9ciser\u00a0 le nom de l&#8217;\u00e9cole, celui de l&#8217;enseignant, le nombre d&#8217;\u00e9l\u00e8ves, un num\u00e9ro de t\u00e9l\u00e9phone ainsi que le code de l&#8217;\u00e9tablissement pour la cr\u00e9ation de l&#8217;offre r\u00e9servable. (Toutes les donn\u00e9es que vous nous transmettrez, ne seront utilis\u00e9es qu&#8217;\u00e0 la seule fin de l&#8217;organisation de l&#8217;\u00e9v\u00e8nement concern\u00e9.)<br \/><\/em><\/p>\n<p>Nous vous confirmerons le plus rapidement possible par mail, votre r\u00e9servation.<\/p>\n<p><em>\u00a0<\/em><\/p>\n<p>\t\t\t<a href=\"#chrono\"><br \/>\n\t\t\t<\/a><\/p>\n<h2>Nos partenaires :<\/h2>\n<p>\t\t\t\t\t\t\t\t\t\t<img width=\"200\" height=\"200\" src=\"http:\/\/lelalano.fr\/wp-content\/uploads\/2018\/03\/cd65-new.jpg\" alt=\"\" decoding=\"async\" loading=\"lazy\" srcset=\"http:\/\/lelalano.fr\/wp-content\/uploads\/2018\/03\/cd65-new.jpg 200w, http:\/\/lelalano.fr\/wp-content\/uploads\/2018\/03\/cd65-new-150x150.jpg 150w, http:\/\/lelalano.fr\/wp-content\/uploads\/2018\/03\/cd65-new-186x186.jpg 186w\" sizes=\"(max-width: 200px) 100vw, 200px\" \/><br \/>\n\t\t\t\t\t\t\t\t\t\t<img width=\"200\" height=\"87\" src=\"http:\/\/lelalano.fr\/wp-content\/uploads\/2018\/03\/logo-d\u00e9finitif-texte-pour-le-site-e1522417890838.png\" alt=\"\" decoding=\"async\" loading=\"lazy\" \/><br \/>\n\t\t\t\t\t\t\t\t\t\t<img width=\"105\" height=\"150\" src=\"http:\/\/lelalano.fr\/wp-content\/uploads\/2018\/03\/lalanne-trie.jpg\" alt=\"\" decoding=\"async\" loading=\"lazy\" \/><br \/>\n\t\t\t\t\t\t\t\t\t\t<img width=\"730\" height=\"405\" src=\"http:\/\/lelalano.fr\/wp-content\/uploads\/2022\/07\/jmf-horizontal_rouge-1024x568.png\" alt=\"\" decoding=\"async\" loading=\"lazy\" srcset=\"http:\/\/lelalano.fr\/wp-content\/uploads\/2022\/07\/jmf-horizontal_rouge-1024x568.png 1024w, http:\/\/lelalano.fr\/wp-content\/uploads\/2022\/07\/jmf-horizontal_rouge-300x166.png 300w, http:\/\/lelalano.fr\/wp-content\/uploads\/2022\/07\/jmf-horizontal_rouge-768x426.png 768w\" sizes=\"(max-width: 730px) 100vw, 730px\" \/><\/p>\n","protected":false},"excerpt":{"rendered":"<p>Chronologie des spectacles Vendredi 08 novembre 2024 LES 39 MARCHES Th\u00e9\u00e2tre en langue anglaise. Vendredi 08 novembre 2024 &#8211; 10h LES 39 MARCHES (the 39 steps) Cie ETC (English Theater Compagny) \u00e0 partir de 12 ans r\u00e9serv\u00e9 aux classes pratiquant l&#8217;anglais. La Compagnie ETC (the english theater compagny) Cr\u00e9\u00e9 en 2016 dans le Gers, et<span class=\"read-more-wrap\"><a class=\"moretag\" href=\"https:\/\/lelalano.fr\/index.php\/spectacles-scolaires-2024-2025\/\">Lire la suite<span class=\"screen-reader-text\">Spectacles Scolaires 2024-2025<\/span><\/a><\/span><\/p>\n","protected":false},"author":1,"featured_media":0,"parent":0,"menu_order":0,"comment_status":"closed","ping_status":"closed","template":"","meta":{"footnotes":""},"_links":{"self":[{"href":"https:\/\/lelalano.fr\/index.php\/wp-json\/wp\/v2\/pages\/11789"}],"collection":[{"href":"https:\/\/lelalano.fr\/index.php\/wp-json\/wp\/v2\/pages"}],"about":[{"href":"https:\/\/lelalano.fr\/index.php\/wp-json\/wp\/v2\/types\/page"}],"author":[{"embeddable":true,"href":"https:\/\/lelalano.fr\/index.php\/wp-json\/wp\/v2\/users\/1"}],"replies":[{"embeddable":true,"href":"https:\/\/lelalano.fr\/index.php\/wp-json\/wp\/v2\/comments?post=11789"}],"version-history":[{"count":7,"href":"https:\/\/lelalano.fr\/index.php\/wp-json\/wp\/v2\/pages\/11789\/revisions"}],"predecessor-version":[{"id":11802,"href":"https:\/\/lelalano.fr\/index.php\/wp-json\/wp\/v2\/pages\/11789\/revisions\/11802"}],"wp:attachment":[{"href":"https:\/\/lelalano.fr\/index.php\/wp-json\/wp\/v2\/media?parent=11789"}],"curies":[{"name":"wp","href":"https:\/\/api.w.org\/{rel}","templated":true}]}}