{"id":11804,"date":"2024-07-25T14:57:06","date_gmt":"2024-07-25T12:57:06","guid":{"rendered":"http:\/\/lelalano.fr\/?page_id=11804"},"modified":"2024-07-25T16:27:58","modified_gmt":"2024-07-25T14:27:58","slug":"cinema-scolaire-2024-2025","status":"publish","type":"page","link":"https:\/\/lelalano.fr\/index.php\/cinema-scolaire-2024-2025\/","title":{"rendered":"Cin\u00e9ma scolaire 2024\/2025"},"content":{"rendered":"<p><img width=\"730\" height=\"110\" src=\"http:\/\/lelalano.fr\/wp-content\/uploads\/2024\/07\/mailing-sco-cine.jpg\" alt=\"\" decoding=\"async\" loading=\"lazy\" srcset=\"http:\/\/lelalano.fr\/wp-content\/uploads\/2024\/07\/mailing-sco-cine.jpg 950w, http:\/\/lelalano.fr\/wp-content\/uploads\/2024\/07\/mailing-sco-cine-300x45.jpg 300w, http:\/\/lelalano.fr\/wp-content\/uploads\/2024\/07\/mailing-sco-cine-768x116.jpg 768w\" sizes=\"(max-width: 730px) 100vw, 730px\" \/><br \/>\n\t\t\t<a href=\"http:\/\/lelalano.fr\/index.php\/cycle-1-2024-2025\/\" role=\"button\"><br \/>\n\t\t\t\t\t\tProgramme cycle 1<br \/>\n\t\t\t\t\t<\/a><br \/>\n\t\t\t<a href=\"http:\/\/lelalano.fr\/index.php\/cycle-2-2024-2025\/\" role=\"button\"><br \/>\n\t\t\t\t\t\tProgramme cycle 2<br \/>\n\t\t\t\t\t<\/a><br \/>\n\t\t\t<a href=\"http:\/\/lelalano.fr\/index.php\/cycle-3-2024-2025\/\" role=\"button\"><br \/>\n\t\t\t\t\t\tProgramme cycle 3<br \/>\n\t\t\t\t\t<\/a><\/p>\n<p>Nous vous proposons 9 films pour l&#8217;ann\u00e9e scolaire 2024\/25 class\u00e9s par cycle par commodit\u00e9 mais il est tout \u00e0 fait possible de faire son choix par rapport au th\u00e9matique de chaque film.<\/p>\n<p>Vous trouverez pour chaque film un lien vers le dossier p\u00e9dagogique de l&#8217;oeuvre.<\/p>\n<p>Pour vous inscrire, il vous suffit de nous adresser par mail <em><strong>(lelalano@yahoo.fr)<\/strong><\/em> votre r\u00e9servation en indiquant le nom de l&#8217;\u00e9tablissement, celui de l&#8217;enseignant-e, la s\u00e9ance choisie et un num\u00e9ro de t\u00e9l\u00e9phone.<\/p>\n<p>Les dates et horaires des s\u00e9ances sont indiqu\u00e9es en bas de chaque fiche film.<\/p>\n","protected":false},"excerpt":{"rendered":"<p>Programme cycle 1 Programme cycle 2 Programme cycle 3 Nous vous proposons 9 films pour l&#8217;ann\u00e9e scolaire 2024\/25 class\u00e9s par cycle par commodit\u00e9 mais il est tout \u00e0 fait possible de faire son choix par rapport au th\u00e9matique de chaque film. Vous trouverez pour chaque film un lien vers le dossier p\u00e9dagogique de l&#8217;oeuvre. Pour<span class=\"read-more-wrap\"><a class=\"moretag\" href=\"https:\/\/lelalano.fr\/index.php\/cinema-scolaire-2024-2025\/\">Lire la suite<span class=\"screen-reader-text\">Cin\u00e9ma scolaire 2024\/2025<\/span><\/a><\/span><\/p>\n","protected":false},"author":1,"featured_media":0,"parent":0,"menu_order":0,"comment_status":"closed","ping_status":"closed","template":"","meta":{"footnotes":""},"_links":{"self":[{"href":"https:\/\/lelalano.fr\/index.php\/wp-json\/wp\/v2\/pages\/11804"}],"collection":[{"href":"https:\/\/lelalano.fr\/index.php\/wp-json\/wp\/v2\/pages"}],"about":[{"href":"https:\/\/lelalano.fr\/index.php\/wp-json\/wp\/v2\/types\/page"}],"author":[{"embeddable":true,"href":"https:\/\/lelalano.fr\/index.php\/wp-json\/wp\/v2\/users\/1"}],"replies":[{"embeddable":true,"href":"https:\/\/lelalano.fr\/index.php\/wp-json\/wp\/v2\/comments?post=11804"}],"version-history":[{"count":8,"href":"https:\/\/lelalano.fr\/index.php\/wp-json\/wp\/v2\/pages\/11804\/revisions"}],"predecessor-version":[{"id":11823,"href":"https:\/\/lelalano.fr\/index.php\/wp-json\/wp\/v2\/pages\/11804\/revisions\/11823"}],"wp:attachment":[{"href":"https:\/\/lelalano.fr\/index.php\/wp-json\/wp\/v2\/media?parent=11804"}],"curies":[{"name":"wp","href":"https:\/\/api.w.org\/{rel}","templated":true}]}}