{"id":11883,"date":"2024-08-31T21:58:26","date_gmt":"2024-08-31T19:58:26","guid":{"rendered":"http:\/\/lelalano.fr\/?page_id=11883"},"modified":"2024-08-31T22:23:24","modified_gmt":"2024-08-31T20:23:24","slug":"semaine-du-mer-18-septembre-au-mar-24-septembre-2024","status":"publish","type":"page","link":"https:\/\/lelalano.fr\/index.php\/semaine-du-mer-18-septembre-au-mar-24-septembre-2024\/","title":{"rendered":"Semaine du Mer. 18 septembre au Mar. 24 septembre 2024"},"content":{"rendered":"<h4>Petit R\u00e9cap&#8217; de la semaine<\/h4>\n<p>\t\t\t\t\t\t\t\t\t\t\t\tmercredi 18 septembre\t\t\t\t\t<\/p>\n<ul>\n<li><a href=\"#pet\">Petit Panda en Afrique<\/a> \u00e0 16h<\/li>\n<li><a href=\"#sep\">Septembre sans attendre<\/a> \u00e0 20h45 (vostfr)<\/li>\n<\/ul>\n<p>\t\t\t\t\t\t\t\t\t\t\t\tsamedi 21 septembre\t\t\t\t\t<\/p>\n<ul>\n<li><a href=\"#fel\">F\u00eal\u00e9s<\/a> \u00e0 20h45<\/li>\n<\/ul>\n<p>\t\t\t\t\t\t\t\t\t\t\t\tdimanche 22 septembre\t\t\t\t\t<\/p>\n<ul>\n<li><a href=\"#lan\">La Nuit se traine<\/a> \u00e0 20h45<\/li>\n<\/ul>\n<p>\t\t\t\t\t\t\t\t\t\t\t\tmardi 24 septembre\t\t\t\t\t<\/p>\n<ul>\n<li><a href=\"#lab\">La Belle Affaire<\/a> \u00e0 20h45 (vostfr)<\/li>\n<\/ul>\n<h4>Petit Panda en Afrique<\/h4>\n<p>\t\t\t\t\t\t\t\t\t\t<img width=\"730\" height=\"973\" src=\"http:\/\/lelalano.fr\/wp-content\/uploads\/2024\/08\/Petit-Panda-en-Afrique-768x1024.jpg\" alt=\"\" decoding=\"async\" loading=\"lazy\" srcset=\"http:\/\/lelalano.fr\/wp-content\/uploads\/2024\/08\/Petit-Panda-en-Afrique-768x1024.jpg 768w, http:\/\/lelalano.fr\/wp-content\/uploads\/2024\/08\/Petit-Panda-en-Afrique-225x300.jpg 225w, http:\/\/lelalano.fr\/wp-content\/uploads\/2024\/08\/Petit-Panda-en-Afrique.jpg 810w\" sizes=\"(max-width: 730px) 100vw, 730px\" \/>\t\t\t\t\t\t\t\t\t\t\t<\/p>\n<h2>Synopsis<\/h2>\n<p>Tout public\u00a0\u00a0<\/p>\n<p>Pang est un jeune panda qui grandit dans un village idyllique au c\u0153ur de la Chine. Mais lorsque sa meilleure amie, Jielong la dragonne, est enlev\u00e9e pour \u00eatre offerte en pr\u00e9sent \u00e0 un jeune roi lion capricieux, Pang n\u2019h\u00e9site pas une seconde : il embarque pour une aventure qui va le mener jusqu\u2019en Afrique ! Aid\u00e9 par un malicieux singe, Pang va rencontrer de nouveaux amis et d\u00e9couvrir les splendeurs d\u2019un continent totalement inconnu des pandas.<\/p>\n<h4>S\u00c9ANCES<\/h4>\n<ul>\n<li >\n\t\t\t\t\t\t\t\t\t\tmercredi 18 septembre 16h\n\t\t\t\t\t\t\t\t\t<\/li>\n<\/ul>\n<h4>INFOS SUR LE FILM<\/h4>\n<p>\t\t<a href=\"https:\/\/www.allocine.fr\/film\/agenda\/sem-2024-08-07\/\"> 7 ao\u00fbt 2024 <\/a>  en salle  | 1h 24min | <a href=\"https:\/\/www.allocine.fr\/films\/genre-13001\/\">Aventure<\/a>, <a href=\"https:\/\/www.allocine.fr\/films\/genre-13026\/\">Animation<\/a>, <a href=\"https:\/\/www.allocine.fr\/films\/genre-13005\/\">Com\u00e9die<\/a>, <a href=\"https:\/\/www.allocine.fr\/films\/genre-13036\/\">Famille<\/a>De <a href=\"https:\/\/www.allocine.fr\/personne\/fichepersonne_gen_cpersonne=81801.html\">Richard Claus<\/a>, <a href=\"https:\/\/www.allocine.fr\/personne\/fichepersonne_gen_cpersonne=55105.html\">Karsten Kiilerich<\/a>Par <a href=\"https:\/\/www.allocine.fr\/personne\/fichepersonne_gen_cpersonne=81801.html\">Richard Claus<\/a>, <a href=\"https:\/\/www.allocine.fr\/personne\/fichepersonne_gen_cpersonne=235611.html\">Rob Sprackling<\/a>Avec <a href=\"https:\/\/www.allocine.fr\/personne\/fichepersonne_gen_cpersonne=11009.html\">Thom Hoffman<\/a>Titre original  Panda Bear in Africa\u00e0 partir de 6 ans<br \/>\n\t\t\t<a href=\"https:\/\/www.youtube.com\/watch?v=qEY5SXXnfZg\" target=\"_blank\" role=\"button\" rel=\"noopener\"><br \/>\n\t\t\t\t\t\tbande annonce<br \/>\n\t\t\t\t\t<\/a><br \/>\n\t\t\t<a href=\"#top\" role=\"button\"><br \/>\n\t\t\t\t\t\thaut de la page<br \/>\n\t\t\t\t\t<\/a><\/p>\n<h4>Septembre sans attendre (vo)<\/h4>\n<p>\t\t\t\t\t\t\t\t\t\t<img width=\"730\" height=\"980\" src=\"http:\/\/lelalano.fr\/wp-content\/uploads\/2024\/08\/Septembre-sans-attendre-763x1024.jpg\" alt=\"\" decoding=\"async\" loading=\"lazy\" srcset=\"http:\/\/lelalano.fr\/wp-content\/uploads\/2024\/08\/Septembre-sans-attendre-763x1024.jpg 763w, http:\/\/lelalano.fr\/wp-content\/uploads\/2024\/08\/Septembre-sans-attendre-224x300.jpg 224w, http:\/\/lelalano.fr\/wp-content\/uploads\/2024\/08\/Septembre-sans-attendre-768x1030.jpg 768w, http:\/\/lelalano.fr\/wp-content\/uploads\/2024\/08\/Septembre-sans-attendre.jpg 805w\" sizes=\"(max-width: 730px) 100vw, 730px\" \/>\t\t\t\t\t\t\t\t\t\t\t<\/p>\n<h2>Synopsis<\/h2>\n<p>Tout public\u00a0<\/p>\n<p>Apr\u00e8s 14 ans de vie commune, Ale et Alex ont une id\u00e9e un peu folle : organiser une f\u00eate pour c\u00e9l\u00e9brer leur s\u00e9paration. Si cette annonce laisse leurs proches perplexes, le couple semble certain de sa d\u00e9cision. Mais l\u2019est-il vraiment ?<\/p>\n<p>\u00a0<\/p>\n<h4>S\u00c9ANCES<\/h4>\n<ul>\n<li >\n\t\t\t\t\t\t\t\t\t\tmercredi 18 septembre 20h45 (vostfr)\n\t\t\t\t\t\t\t\t\t<\/li>\n<\/ul>\n<h4>INFOS SUR LE FILM<\/h4>\n<p>\t\t<a href=\"https:\/\/www.allocine.fr\/film\/agenda\/sem-2024-08-28\/\"> 28 ao\u00fbt 2024 <\/a>  en salle  | 1h 54min | <a href=\"https:\/\/www.allocine.fr\/films\/genre-13002\/\">Com\u00e9die dramatique<\/a>De <a href=\"https:\/\/www.allocine.fr\/personne\/fichepersonne_gen_cpersonne=182843.html\">Jon\u00e1s Trueba<\/a>Par <a href=\"https:\/\/www.allocine.fr\/personne\/fichepersonne_gen_cpersonne=182843.html\">Jon\u00e1s Trueba<\/a>, <a href=\"https:\/\/www.allocine.fr\/personne\/fichepersonne_gen_cpersonne=556803.html\">Itsaso Arana<\/a>Avec <a href=\"https:\/\/www.allocine.fr\/personne\/fichepersonne_gen_cpersonne=556803.html\">Itsaso Arana<\/a>, <a href=\"https:\/\/www.allocine.fr\/personne\/fichepersonne_gen_cpersonne=664814.html\">Vito Sanz<\/a>, <a href=\"https:\/\/www.allocine.fr\/personne\/fichepersonne_gen_cpersonne=128574.html\">Andr\u00e9s Gertrudix<\/a>Titre original  Volver\u00e9is<br \/>\n\t\t\t<a href=\"https:\/\/www.youtube.com\/watch?v=p9PGrIncwVk\" target=\"_blank\" role=\"button\" rel=\"noopener\"><br \/>\n\t\t\t\t\t\tVOIR LA BANDE ANNONCE<br \/>\n\t\t\t\t\t<\/a><br \/>\n\t\t\t<a href=\"#top\" role=\"button\"><br \/>\n\t\t\t\t\t\thaut de la page<br \/>\n\t\t\t\t\t<\/a><\/p>\n<h4>F\u00eal\u00e9s<\/h4>\n<p>\t\t\t\t\t\t\t\t\t\t<img width=\"730\" height=\"973\" src=\"http:\/\/lelalano.fr\/wp-content\/uploads\/2024\/08\/Feles-768x1024.jpg\" alt=\"\" decoding=\"async\" loading=\"lazy\" srcset=\"http:\/\/lelalano.fr\/wp-content\/uploads\/2024\/08\/Feles-768x1024.jpg 768w, http:\/\/lelalano.fr\/wp-content\/uploads\/2024\/08\/Feles-225x300.jpg 225w, http:\/\/lelalano.fr\/wp-content\/uploads\/2024\/08\/Feles.jpg 810w\" sizes=\"(max-width: 730px) 100vw, 730px\" \/>\t\t\t\t\t\t\t\t\t\t\t<\/p>\n<h2>Synopsis<\/h2>\n<p>Tout public\u00a0<\/p>\n<p>L&#8217;Arc-en-ciel est un authentique lieu associatif \u00e0 Marmande qui accueille des personnes ordinaires mais violent\u00e9es par la vie. Ses adh\u00e9rents se soutiennent mutuellement dans leur lutte contre les difficult\u00e9s quotidiennes. Quand on menace de les expulser, un \u00e9lan de solidarit\u00e9 s&#8217;organise autour de Pierre, le fondateur, pour sauver cette maison d\u2019accueil unique.<\/p>\n<p>\u00a0<\/p>\n<h4>S\u00c9ANCES<\/h4>\n<ul>\n<li >\n\t\t\t\t\t\t\t\t\t\tsamedi 21 septembre 20h45\n\t\t\t\t\t\t\t\t\t<\/li>\n<\/ul>\n<h4>INFOS SUR LE FILM<\/h4>\n<p>\t\t<a href=\"https:\/\/www.allocine.fr\/film\/agenda\/sem-2024-08-28\/\"> 28 ao\u00fbt 2024 <\/a>  en salle  | 1h 31min | <a href=\"https:\/\/www.allocine.fr\/films\/genre-13002\/\">Com\u00e9die dramatique<\/a>De <a href=\"https:\/\/www.allocine.fr\/personne\/fichepersonne_gen_cpersonne=190371.html\">Christophe Duthuron<\/a>Par <a href=\"https:\/\/www.allocine.fr\/personne\/fichepersonne_gen_cpersonne=190371.html\">Christophe Duthuron<\/a>, <a href=\"https:\/\/www.allocine.fr\/personne\/fichepersonne_gen_cpersonne=147013.html\">Alfred Lot<\/a>Avec <a href=\"https:\/\/www.allocine.fr\/personne\/fichepersonne_gen_cpersonne=19172.html\">Charlotte De Turckheim<\/a>, <a href=\"https:\/\/www.allocine.fr\/personne\/fichepersonne_gen_cpersonne=18572.html\">Bernard Le Coq<\/a>, <a href=\"https:\/\/www.allocine.fr\/personne\/fichepersonne_gen_cpersonne=12559.html\">Pierre Richard<\/a><br \/>\n\t\t\t<a href=\"https:\/\/www.youtube.com\/watch?v=2aGyOe3FOZ8\" target=\"_blank\" role=\"button\" rel=\"noopener\"><br \/>\n\t\t\t\t\t\tVoir la bande annonce<br \/>\n\t\t\t\t\t<\/a><br \/>\n\t\t\t<a href=\"#top\" role=\"button\"><br \/>\n\t\t\t\t\t\thaut de la page<br \/>\n\t\t\t\t\t<\/a><\/p>\n<h4>La Nuit se tra\u00eene<\/h4>\n<p>\t\t\t\t\t\t\t\t\t\t<img width=\"730\" height=\"973\" src=\"http:\/\/lelalano.fr\/wp-content\/uploads\/2024\/08\/La-Nuit-se-traine-768x1024.jpg\" alt=\"\" decoding=\"async\" loading=\"lazy\" srcset=\"http:\/\/lelalano.fr\/wp-content\/uploads\/2024\/08\/La-Nuit-se-traine-768x1024.jpg 768w, http:\/\/lelalano.fr\/wp-content\/uploads\/2024\/08\/La-Nuit-se-traine-225x300.jpg 225w, http:\/\/lelalano.fr\/wp-content\/uploads\/2024\/08\/La-Nuit-se-traine.jpg 810w\" sizes=\"(max-width: 730px) 100vw, 730px\" \/>\t\t\t\t\t\t\t\t\t\t\t<\/p>\n<h2>Synopsis<\/h2>\n<p>Tout public avec avertissement\u00a0<\/p>\n<p>Ce soir-l\u00e0, Mady, \u00e9tudiant le jour et serrurier la nuit, voit sa vie basculer quand il ouvre la mauvaise porte et devient accidentellement complice d&#8217;une affaire de grand banditisme. Au c\u0153ur d\u2019une ville en pleine \u00e9bullition, Mady n&#8217;a qu&#8217;une nuit pour se tirer d&#8217;affaires et retrouver la trace de Claire, celle qui a trahi sa confiance. Le compte \u00e0 rebours est lanc\u00e9\u2026<\/p>\n<p>\u00a0<\/p>\n<h4>S\u00c9ANCES<\/h4>\n<ul>\n<li >\n\t\t\t\t\t\t\t\t\t\tdimanche 22 septembre 20h45\n\t\t\t\t\t\t\t\t\t<\/li>\n<\/ul>\n<h4>INFOS SUR LE FILM<\/h4>\n<p>\t\t<a href=\"https:\/\/www.allocine.fr\/film\/agenda\/sem-2024-08-28\/\"> 28 ao\u00fbt 2024 <\/a>  en salle  | 1h 31min | <a href=\"https:\/\/www.allocine.fr\/films\/genre-13025\/\">Action<\/a>, <a href=\"https:\/\/www.allocine.fr\/films\/genre-13023\/\">Thriller<\/a>De <a href=\"https:\/\/www.allocine.fr\/personne\/fichepersonne_gen_cpersonne=890210.html\">Michiel Blanchart<\/a>Par <a href=\"https:\/\/www.allocine.fr\/personne\/fichepersonne_gen_cpersonne=890210.html\">Michiel Blanchart<\/a>Avec <a href=\"https:\/\/www.allocine.fr\/personne\/fichepersonne_gen_cpersonne=934030.html\">Jonathan Feltre<\/a>, <a href=\"https:\/\/www.allocine.fr\/personne\/fichepersonne_gen_cpersonne=769872.html\">Natacha Krief<\/a>, <a href=\"https:\/\/www.allocine.fr\/personne\/fichepersonne_gen_cpersonne=201629.html\">Jonas Bloquet<\/a><br \/>\n\t\t\t<a href=\"https:\/\/www.youtube.com\/watch?v=mfdOjxPOE4M\" target=\"_blank\" role=\"button\" rel=\"noopener\"><br \/>\n\t\t\t\t\t\tVoir la bande annonce<br \/>\n\t\t\t\t\t<\/a><br \/>\n\t\t\t<a href=\"#top\" role=\"button\"><br \/>\n\t\t\t\t\t\thaut de la page<br \/>\n\t\t\t\t\t<\/a><\/p>\n<h4>La Belle affaire (vo)<\/h4>\n<p>\t\t\t\t\t\t\t\t\t\t<img width=\"730\" height=\"973\" src=\"http:\/\/lelalano.fr\/wp-content\/uploads\/2024\/08\/La-Belle-affaire-768x1024.jpg\" alt=\"\" decoding=\"async\" loading=\"lazy\" srcset=\"http:\/\/lelalano.fr\/wp-content\/uploads\/2024\/08\/La-Belle-affaire-768x1024.jpg 768w, http:\/\/lelalano.fr\/wp-content\/uploads\/2024\/08\/La-Belle-affaire-225x300.jpg 225w, http:\/\/lelalano.fr\/wp-content\/uploads\/2024\/08\/La-Belle-affaire.jpg 810w\" sizes=\"(max-width: 730px) 100vw, 730px\" \/>\t\t\t\t\t\t\t\t\t\t\t<\/p>\n<h2>Synopsis<\/h2>\n<p>Tout public\u00a0<\/p>\n<p>1990, en pleine r\u00e9unification complexe des deux Allemagne, les ouvriers d\u2019un m\u00eame quartier d\u2019ex-RDA se retrouvent sans emploi. Ils d\u00e9couvrent un jour l\u2019emplacement de milliers de billets est-allemands vou\u00e9s \u00e0 \u00eatre d\u00e9truits. Ils ont trois jours pour s\u2019en emparer et convertir l\u2019argent en Deutsche Mark, en montant l\u2019affaire qui changera leur vie.<\/p>\n<p>\u00a0<\/p>\n<h4>S\u00c9ANCES<\/h4>\n<ul>\n<li >\n\t\t\t\t\t\t\t\t\t\tmardi 24 septembre 20h45 (vostfr)\n\t\t\t\t\t\t\t\t\t<\/li>\n<\/ul>\n<h4>INFOS SUR LE FILM<\/h4>\n<p>\t\t<a href=\"https:\/\/www.allocine.fr\/film\/agenda\/sem-2024-08-28\/\"> 28 ao\u00fbt 2024 <\/a>  en salle  | 1h 56min | <a href=\"https:\/\/www.allocine.fr\/films\/genre-13005\/\">Com\u00e9die<\/a>De <a href=\"https:\/\/www.allocine.fr\/personne\/fichepersonne_gen_cpersonne=129915.html\">Natja Brunckhorst<\/a>Par <a href=\"https:\/\/www.allocine.fr\/personne\/fichepersonne_gen_cpersonne=129915.html\">Natja Brunckhorst<\/a>Avec <a href=\"https:\/\/www.allocine.fr\/personne\/fichepersonne_gen_cpersonne=140889.html\">Sandra H\u00fcller<\/a>, <a href=\"https:\/\/www.allocine.fr\/personne\/fichepersonne_gen_cpersonne=178739.html\">Max Riemelt<\/a>, <a href=\"https:\/\/www.allocine.fr\/personne\/fichepersonne_gen_cpersonne=205980.html\">Ronald Zehrfeld<\/a>Titre original  Zwei zu Eins<br \/>\n\t\t\t<a href=\"https:\/\/www.youtube.com\/watch?v=Z3z42YUvIGs\" target=\"_blank\" role=\"button\" rel=\"noopener\"><br \/>\n\t\t\t\t\t\tVoir la bande annonce<br \/>\n\t\t\t\t\t<\/a><br \/>\n\t\t\t<a href=\"#top\" role=\"button\"><br \/>\n\t\t\t\t\t\thaut de la page<br \/>\n\t\t\t\t\t<\/a><\/p>\n","protected":false},"excerpt":{"rendered":"<p>Petit R\u00e9cap&#8217; de la semaine mercredi 18 septembre Petit Panda en Afrique \u00e0 16h Septembre sans attendre \u00e0 20h45 (vostfr) samedi 21 septembre F\u00eal\u00e9s \u00e0 20h45 dimanche 22 septembre La Nuit se traine \u00e0 20h45 mardi 24 septembre La Belle Affaire \u00e0 20h45 (vostfr) Petit Panda en Afrique Synopsis Tout public\u00a0\u00a0 Pang est un jeune<span class=\"read-more-wrap\"><a class=\"moretag\" href=\"https:\/\/lelalano.fr\/index.php\/semaine-du-mer-18-septembre-au-mar-24-septembre-2024\/\">Lire la suite<span class=\"screen-reader-text\">Semaine du Mer. 18 septembre au Mar. 24 septembre 2024<\/span><\/a><\/span><\/p>\n","protected":false},"author":1,"featured_media":0,"parent":0,"menu_order":0,"comment_status":"closed","ping_status":"closed","template":"","meta":{"footnotes":""},"_links":{"self":[{"href":"https:\/\/lelalano.fr\/index.php\/wp-json\/wp\/v2\/pages\/11883"}],"collection":[{"href":"https:\/\/lelalano.fr\/index.php\/wp-json\/wp\/v2\/pages"}],"about":[{"href":"https:\/\/lelalano.fr\/index.php\/wp-json\/wp\/v2\/types\/page"}],"author":[{"embeddable":true,"href":"https:\/\/lelalano.fr\/index.php\/wp-json\/wp\/v2\/users\/1"}],"replies":[{"embeddable":true,"href":"https:\/\/lelalano.fr\/index.php\/wp-json\/wp\/v2\/comments?post=11883"}],"version-history":[{"count":19,"href":"https:\/\/lelalano.fr\/index.php\/wp-json\/wp\/v2\/pages\/11883\/revisions"}],"predecessor-version":[{"id":11910,"href":"https:\/\/lelalano.fr\/index.php\/wp-json\/wp\/v2\/pages\/11883\/revisions\/11910"}],"wp:attachment":[{"href":"https:\/\/lelalano.fr\/index.php\/wp-json\/wp\/v2\/media?parent=11883"}],"curies":[{"name":"wp","href":"https:\/\/api.w.org\/{rel}","templated":true}]}}