{"id":12760,"date":"2025-03-27T11:44:30","date_gmt":"2025-03-27T10:44:30","guid":{"rendered":"http:\/\/lelalano.fr\/?page_id=12760"},"modified":"2025-03-27T12:05:08","modified_gmt":"2025-03-27T11:05:08","slug":"semaine-du-mer-30-avril-au-mar-06-mai-2025","status":"publish","type":"page","link":"https:\/\/lelalano.fr\/index.php\/semaine-du-mer-30-avril-au-mar-06-mai-2025\/","title":{"rendered":"Semaine du Mer. 30 avril au Mar. 06 mai 2025"},"content":{"rendered":"<h4>Petit R\u00e9cap&#8217; de la semaine<\/h4>\n<p>\t\t\t\t\t\t\t\t\t\t\t\tmercredi 30 avril\t\t\t\t\t<\/p>\n<ul>\n<li><a href=\"#moo\">Moon le panda<\/a>\u00a0\u00e0 16h<\/li>\n<li><a href=\"#laj\">La Jeune femme \u00e0 l\u2019aiguille<\/a> \u00e0 20h45 (vo) (int &#8211; 12 ans)<\/li>\n<\/ul>\n<p>\t\t\t\t\t\t\t\t\t\t\t\tsamedi 03 mai\t\t\t\t\t<\/p>\n<ul>\n<li><a href=\"#dou\">Doux J\u00e9sus<\/a> \u00e0 20h45<\/li>\n<\/ul>\n<p>\t\t\t\t\t\t\t\t\t\t\t\tdimanche 04 mai\t\t\t\t\t<\/p>\n<ul>\n<li><a href=\"#mik\">Mikado<\/a> \u00e0 20h45<\/li>\n<\/ul>\n<p>\t\t\t\t\t\t\t\t\t\t\t\tmardi 06 mai\t\t\t\t\t<\/p>\n<ul>\n<li><a href=\"#ber\">Bergers<\/a> \u00e0 20h45<\/li>\n<\/ul>\n<h4>Moon le panda<\/h4>\n<p>\t\t\t\t\t\t\t\t\t\t<img width=\"730\" height=\"973\" src=\"http:\/\/lelalano.fr\/wp-content\/uploads\/2025\/03\/Moon-le-panda-768x1024.jpg\" alt=\"\" decoding=\"async\" loading=\"lazy\" srcset=\"http:\/\/lelalano.fr\/wp-content\/uploads\/2025\/03\/Moon-le-panda-768x1024.jpg 768w, http:\/\/lelalano.fr\/wp-content\/uploads\/2025\/03\/Moon-le-panda-225x300.jpg 225w, http:\/\/lelalano.fr\/wp-content\/uploads\/2025\/03\/Moon-le-panda.jpg 810w\" sizes=\"(max-width: 730px) 100vw, 730px\" \/>\t\t\t\t\t\t\t\t\t\t\t<\/p>\n<h2>Synopsis<\/h2>\n<p>Tout public\u00a0<\/p>\n<p>Tian a 12 ans quand il est envoy\u00e9 chez sa grand-m\u00e8re \u00e0 cause de ses mauvais r\u00e9sultats \u00e0 l&#8217;\u00e9cole. Loin de la ville, dans les myst\u00e9rieuses montagnes chinoises, il se lie d\u2019amiti\u00e9 en secret avec un panda qu\u2019il nomme Moon. C\u2019est le d\u00e9but d\u2019une incroyable aventure qui va changer \u00e0 tout jamais sa vie et celle de sa famille.<\/p>\n<h4>S\u00c9ANCES<\/h4>\n<ul>\n<li >\n\t\t\t\t\t\t\t\t\t\tmercredi 30 avril 16h\n\t\t\t\t\t\t\t\t\t<\/li>\n<\/ul>\n<h4>INFOS SUR LE FILM<\/h4>\n<p>\t\t<a href=\"https:\/\/www.allocine.fr\/film\/agenda\/sem-2025-04-09\/\"> 9 avril 2025 <\/a>  en salle  | 1h 40min | <a href=\"https:\/\/www.allocine.fr\/films\/genre-13001\/\">Aventure<\/a>, <a href=\"https:\/\/www.allocine.fr\/films\/genre-13036\/\">Famille<\/a>De <a href=\"https:\/\/www.allocine.fr\/personne\/fichepersonne_gen_cpersonne=38525.html\">Gilles de Maistre<\/a>Avec <a href=\"https:\/\/www.allocine.fr\/personne\/fichepersonne_gen_cpersonne=1017978.html\">No\u00e9 Liu Martane<\/a>, <a href=\"https:\/\/www.allocine.fr\/personne\/fichepersonne_gen_cpersonne=22953.html\">Sylvia Chang<\/a>, <a href=\"https:\/\/www.allocine.fr\/personne\/fichepersonne_gen_cpersonne=70244.html\">Y\u00e9 Liu<\/a>\u00e0 partir de 6 ans<br \/>\n\t\t\t<a href=\"https:\/\/www.youtube.com\/watch?v=yZyCvepB0fc\" target=\"_blank\" role=\"button\" rel=\"noopener\"><br \/>\n\t\t\t\t\t\tbande annonce<br \/>\n\t\t\t\t\t<\/a><br \/>\n\t\t\t<a href=\"#top\" role=\"button\"><br \/>\n\t\t\t\t\t\thaut de la page<br \/>\n\t\t\t\t\t<\/a><\/p>\n<h4>La Jeune femme \u00e0 l\u2019aiguille (vo) (int &#8211; 12 ans)<br \/>\n<\/h4>\n<p>\t\t\t\t\t\t\t\t\t\t<img width=\"680\" height=\"924\" src=\"http:\/\/lelalano.fr\/wp-content\/uploads\/2025\/03\/La-Jeune-femme-a-laiguille.jpg\" alt=\"\" decoding=\"async\" loading=\"lazy\" srcset=\"http:\/\/lelalano.fr\/wp-content\/uploads\/2025\/03\/La-Jeune-femme-a-laiguille.jpg 680w, http:\/\/lelalano.fr\/wp-content\/uploads\/2025\/03\/La-Jeune-femme-a-laiguille-221x300.jpg 221w\" sizes=\"(max-width: 680px) 100vw, 680px\" \/>\t\t\t\t\t\t\t\t\t\t\t<\/p>\n<h2>Synopsis<\/h2>\n<p>Interdit &#8211; 12 ans\u00a0<\/p>\n<p>Copenhague, 1918. Karoline, une jeune ouvri\u00e8re, lutte pour survivre Alors qu\u2019elle tombe enceinte, elle rencontre Dagmar, une femme charismatique qui dirige une agence d&#8217;adoption clandestine. Un lien fort se cr\u00e9e entre les deux femmes et Karoline accepte un r\u00f4le de nourrice \u00e0 ses c\u00f4t\u00e9s.<\/p>\n<p>\u00a0<\/p>\n<h4>S\u00c9ANCES<\/h4>\n<ul>\n<li >\n\t\t\t\t\t\t\t\t\t\tmercredi 30 avril 20h45 (vostfr \/ int &#8211; de 12 ans)\n\t\t\t\t\t\t\t\t\t<\/li>\n<\/ul>\n<h4>INFOS SUR LE FILM<\/h4>\n<p>\t\t<a href=\"https:\/\/www.allocine.fr\/film\/agenda\/sem-2025-04-09\/\"> 9 avril 2025 <\/a>  en salle  | 2h 02min | <a href=\"https:\/\/www.allocine.fr\/films\/genre-13008\/\">Drame<\/a>, <a href=\"https:\/\/www.allocine.fr\/films\/genre-13015\/\">Historique<\/a>De <a href=\"https:\/\/www.allocine.fr\/personne\/fichepersonne_gen_cpersonne=608636.html\">Magnus von Horn<\/a>Par <a href=\"https:\/\/www.allocine.fr\/personne\/fichepersonne_gen_cpersonne=995603.html\">Line Langebek Knudsen<\/a>, <a href=\"https:\/\/www.allocine.fr\/personne\/fichepersonne_gen_cpersonne=608636.html\">Magnus von Horn<\/a>Avec <a href=\"https:\/\/www.allocine.fr\/personne\/fichepersonne_gen_cpersonne=552841.html\">Victoria Carmen Sonne<\/a>, <a href=\"https:\/\/www.allocine.fr\/personne\/fichepersonne_gen_cpersonne=27974.html\">Trine Dyrholm<\/a>, <a href=\"https:\/\/www.allocine.fr\/personne\/fichepersonne_gen_cpersonne=773682.html\">Besir Zeciri<\/a>Titre original  Pigen med n\u00e5len<br \/>\n\t\t\t<a href=\"https:\/\/www.youtube.com\/watch?v=qpbUuqQbrSY\" target=\"_blank\" role=\"button\" rel=\"noopener\"><br \/>\n\t\t\t\t\t\tVOIR LA BANDE ANNONCE<br \/>\n\t\t\t\t\t<\/a><br \/>\n\t\t\t<a href=\"#top\" role=\"button\"><br \/>\n\t\t\t\t\t\thaut de la page<br \/>\n\t\t\t\t\t<\/a><\/p>\n<h4>Doux J\u00e9sus<\/h4>\n<p>\t\t\t\t\t\t\t\t\t\t<img width=\"730\" height=\"973\" src=\"http:\/\/lelalano.fr\/wp-content\/uploads\/2025\/03\/Doux-Jesus-768x1024.jpg\" alt=\"\" decoding=\"async\" loading=\"lazy\" srcset=\"http:\/\/lelalano.fr\/wp-content\/uploads\/2025\/03\/Doux-Jesus-768x1024.jpg 768w, http:\/\/lelalano.fr\/wp-content\/uploads\/2025\/03\/Doux-Jesus-225x300.jpg 225w, http:\/\/lelalano.fr\/wp-content\/uploads\/2025\/03\/Doux-Jesus.jpg 810w\" sizes=\"(max-width: 730px) 100vw, 730px\" \/>\t\t\t\t\t\t\t\t\t\t\t<\/p>\n<h2>Synopsis<\/h2>\n<p>S\u0153ur Lucie, religieuse d\u00e9vou\u00e9e, d\u00e9cide de fuir son couvent au bout de 20 ans pour retrouver son amour de jeunesse. C&#8217;est pour elle le d\u00e9but d&#8217;une aventure extraordinaire qui mettra sa foi \u00e0 l&#8217;\u00e9preuve et la confrontera au monde d\u2019aujourd\u2019hui plein de surprises et de tentations.<\/p>\n<p>\u00a0<\/p>\n<h4>S\u00c9ANCES<\/h4>\n<ul>\n<li >\n\t\t\t\t\t\t\t\t\t\tsamedi 03 mai 20h45\n\t\t\t\t\t\t\t\t\t<\/li>\n<\/ul>\n<h4>INFOS SUR LE FILM<\/h4>\n<p>\t\t<a href=\"https:\/\/www.allocine.fr\/film\/agenda\/sem-2025-04-09\/\"> 9 avril 2025 <\/a>  en salle  | 1h 26min | <a href=\"https:\/\/www.allocine.fr\/films\/genre-13005\/\">Com\u00e9die<\/a>De <a href=\"https:\/\/www.allocine.fr\/personne\/fichepersonne_gen_cpersonne=23027.html\">Fr\u00e9d\u00e9ric Quiring<\/a>Par <a href=\"https:\/\/www.allocine.fr\/personne\/fichepersonne_gen_cpersonne=23027.html\">Fr\u00e9d\u00e9ric Quiring<\/a>Avec <a href=\"https:\/\/www.allocine.fr\/personne\/fichepersonne_gen_cpersonne=95475.html\">Marilou Berry<\/a>, <a href=\"https:\/\/www.allocine.fr\/personne\/fichepersonne_gen_cpersonne=12094.html\">Isabelle Nanty<\/a>, <a href=\"https:\/\/www.allocine.fr\/personne\/fichepersonne_gen_cpersonne=558868.html\">Barbara Bolotner<\/a><br \/>\n\t\t\t<a href=\"https:\/\/www.youtube.com\/watch?v=1VmJVfWUTlc\" target=\"_blank\" role=\"button\" rel=\"noopener\"><br \/>\n\t\t\t\t\t\tVOIR LA BANDE ANNONCE<br \/>\n\t\t\t\t\t<\/a><br \/>\n\t\t\t<a href=\"#top\" role=\"button\"><br \/>\n\t\t\t\t\t\thaut de la page<br \/>\n\t\t\t\t\t<\/a><\/p>\n<h4>Mikado<\/h4>\n<p>\t\t\t\t\t\t\t\t\t\t<img width=\"730\" height=\"994\" src=\"http:\/\/lelalano.fr\/wp-content\/uploads\/2025\/03\/Mikado-752x1024.jpg\" alt=\"\" decoding=\"async\" loading=\"lazy\" srcset=\"http:\/\/lelalano.fr\/wp-content\/uploads\/2025\/03\/Mikado-752x1024.jpg 752w, http:\/\/lelalano.fr\/wp-content\/uploads\/2025\/03\/Mikado-220x300.jpg 220w, http:\/\/lelalano.fr\/wp-content\/uploads\/2025\/03\/Mikado-768x1046.jpg 768w, http:\/\/lelalano.fr\/wp-content\/uploads\/2025\/03\/Mikado.jpg 793w\" sizes=\"(max-width: 730px) 100vw, 730px\" \/>\t\t\t\t\t\t\t\t\t\t\t<\/p>\n<h2>Synopsis<\/h2>\n<p>Tout public\u00a0<\/p>\n<p>Mikado et Laetitia vivent avec leurs enfants sur les routes. Une panne de moteur les am\u00e8ne \u00e0 s\u2019installer le temps d\u2019un \u00e9t\u00e9 chez Vincent, un enseignant qui vit seul avec sa fille. C\u2019est le d\u00e9but d\u2019une parenth\u00e8se enchant\u00e9e qui pourrait aussi bouleverser l\u2019\u00e9quilibre de toute la famille alors que Nuage, leur fille a\u00een\u00e9e, se prend \u00e0 r\u00eaver d\u2019une vie normale.<\/p>\n<p>\u00a0<\/p>\n<h4>S\u00c9ANCES<\/h4>\n<ul>\n<li >\n\t\t\t\t\t\t\t\t\t\tdimanche 04 mai 20h45\n\t\t\t\t\t\t\t\t\t<\/li>\n<\/ul>\n<h4>INFOS SUR LE FILM<\/h4>\n<p>\t\t<a href=\"https:\/\/www.allocine.fr\/film\/agenda\/sem-2025-04-09\/\"> 9 avril 2025 <\/a>  en salle  | 1h 34min | <a href=\"https:\/\/www.allocine.fr\/films\/genre-13002\/\">Com\u00e9die dramatique<\/a>De <a href=\"https:\/\/www.allocine.fr\/personne\/fichepersonne_gen_cpersonne=191199.html\">Baya Kasmi<\/a>Par <a href=\"https:\/\/www.allocine.fr\/personne\/fichepersonne_gen_cpersonne=191199.html\">Baya Kasmi<\/a>, <a href=\"https:\/\/www.allocine.fr\/personne\/fichepersonne_gen_cpersonne=97298.html\">Olivier Adam<\/a>Avec <a href=\"https:\/\/www.allocine.fr\/personne\/fichepersonne_gen_cpersonne=219831.html\">F\u00e9lix Moati<\/a>, <a href=\"https:\/\/www.allocine.fr\/personne\/fichepersonne_gen_cpersonne=167021.html\">Vimala Pons<\/a>, <a href=\"https:\/\/www.allocine.fr\/personne\/fichepersonne_gen_cpersonne=38768.html\">Ramzy Bedia<\/a><br \/>\n\t\t\t<a href=\"https:\/\/www.youtube.com\/watch?v=uilgonKlECA\" target=\"_blank\" role=\"button\" rel=\"noopener\"><br \/>\n\t\t\t\t\t\tVoir la bande annonce<br \/>\n\t\t\t\t\t<\/a><br \/>\n\t\t\t<a href=\"#top\" role=\"button\"><br \/>\n\t\t\t\t\t\thaut de la page<br \/>\n\t\t\t\t\t<\/a><\/p>\n<h4>Bergers<\/h4>\n<p>\t\t\t\t\t\t\t\t\t\t<img width=\"730\" height=\"973\" src=\"http:\/\/lelalano.fr\/wp-content\/uploads\/2025\/03\/Bergers-768x1024.jpg\" alt=\"\" decoding=\"async\" loading=\"lazy\" srcset=\"http:\/\/lelalano.fr\/wp-content\/uploads\/2025\/03\/Bergers-768x1024.jpg 768w, http:\/\/lelalano.fr\/wp-content\/uploads\/2025\/03\/Bergers-225x300.jpg 225w, http:\/\/lelalano.fr\/wp-content\/uploads\/2025\/03\/Bergers.jpg 810w\" sizes=\"(max-width: 730px) 100vw, 730px\" \/>\t\t\t\t\t\t\t\t\t\t\t<\/p>\n<h2>Synopsis<\/h2>\n<p>Tout public\u00a0<\/p>\n<p>Sur un coup de t\u00eate, Mathyas troque sa vie de publicitaire \u00e0 Montr\u00e9al pour celle de berger en Provence. Il esp\u00e9rait trouver la qui\u00e9tude, il d\u00e9couvre un m\u00e9tier \u00e9reintant et des \u00e9leveurs souvent \u00e0 bout. Mais quand il rencontre Elise qui elle aussi vient de tout quitter, ils se voient confier un troupeau de 800 moutons et s\u2019engagent dans une transhumance. Ensemble, ils vont traverser les \u00e9preuves de la montagne et se fa\u00e7onner une vie nouvelle.<\/p>\n<p>\u00a0<\/p>\n<h4>S\u00c9ANCES<\/h4>\n<ul>\n<li >\n\t\t\t\t\t\t\t\t\t\tmardi 06 mai 20h45\n\t\t\t\t\t\t\t\t\t<\/li>\n<\/ul>\n<h4>INFOS SUR LE FILM<\/h4>\n<p>\t\t<a href=\"https:\/\/www.allocine.fr\/film\/agenda\/sem-2025-04-09\/\"> 9 avril 2025 <\/a>  en salle  | 1h 53min | <a href=\"https:\/\/www.allocine.fr\/films\/genre-13002\/\">Com\u00e9die dramatique<\/a>De <a href=\"https:\/\/www.allocine.fr\/personne\/fichepersonne_gen_cpersonne=206293.html\">Sophie Deraspe<\/a>Par <a href=\"https:\/\/www.allocine.fr\/personne\/fichepersonne_gen_cpersonne=206293.html\">Sophie Deraspe<\/a>Avec <a href=\"https:\/\/www.allocine.fr\/personne\/fichepersonne_gen_cpersonne=916183.html\">F\u00e9lix-Antoine Duval<\/a>, <a href=\"https:\/\/www.allocine.fr\/personne\/fichepersonne_gen_cpersonne=506848.html\">Sol\u00e8ne Rigot<\/a>, <a href=\"https:\/\/www.allocine.fr\/personne\/fichepersonne_gen_cpersonne=14742.html\">Guilaine Londez<\/a><br \/>\n\t\t\t<a href=\"https:\/\/www.youtube.com\/watch?v=yfpYG0icYK0\" target=\"_blank\" role=\"button\" rel=\"noopener\"><br \/>\n\t\t\t\t\t\tVoir la bande annonce<br \/>\n\t\t\t\t\t<\/a><br \/>\n\t\t\t<a href=\"#top\" role=\"button\"><br \/>\n\t\t\t\t\t\thaut de la page<br \/>\n\t\t\t\t\t<\/a><\/p>\n","protected":false},"excerpt":{"rendered":"<p>Petit R\u00e9cap&#8217; de la semaine mercredi 30 avril Moon le panda\u00a0\u00e0 16h La Jeune femme \u00e0 l\u2019aiguille \u00e0 20h45 (vo) (int &#8211; 12 ans) samedi 03 mai Doux J\u00e9sus \u00e0 20h45 dimanche 04 mai Mikado \u00e0 20h45 mardi 06 mai Bergers \u00e0 20h45 Moon le panda Synopsis Tout public\u00a0 Tian a 12 ans quand il<span class=\"read-more-wrap\"><a class=\"moretag\" href=\"https:\/\/lelalano.fr\/index.php\/semaine-du-mer-30-avril-au-mar-06-mai-2025\/\">Lire la suite<span class=\"screen-reader-text\">Semaine du Mer. 30 avril au Mar. 06 mai 2025<\/span><\/a><\/span><\/p>\n","protected":false},"author":1,"featured_media":0,"parent":0,"menu_order":0,"comment_status":"closed","ping_status":"closed","template":"","meta":{"footnotes":""},"_links":{"self":[{"href":"https:\/\/lelalano.fr\/index.php\/wp-json\/wp\/v2\/pages\/12760"}],"collection":[{"href":"https:\/\/lelalano.fr\/index.php\/wp-json\/wp\/v2\/pages"}],"about":[{"href":"https:\/\/lelalano.fr\/index.php\/wp-json\/wp\/v2\/types\/page"}],"author":[{"embeddable":true,"href":"https:\/\/lelalano.fr\/index.php\/wp-json\/wp\/v2\/users\/1"}],"replies":[{"embeddable":true,"href":"https:\/\/lelalano.fr\/index.php\/wp-json\/wp\/v2\/comments?post=12760"}],"version-history":[{"count":21,"href":"https:\/\/lelalano.fr\/index.php\/wp-json\/wp\/v2\/pages\/12760\/revisions"}],"predecessor-version":[{"id":12787,"href":"https:\/\/lelalano.fr\/index.php\/wp-json\/wp\/v2\/pages\/12760\/revisions\/12787"}],"wp:attachment":[{"href":"https:\/\/lelalano.fr\/index.php\/wp-json\/wp\/v2\/media?parent=12760"}],"curies":[{"name":"wp","href":"https:\/\/api.w.org\/{rel}","templated":true}]}}