{"id":12876,"date":"2025-04-26T22:47:55","date_gmt":"2025-04-26T20:47:55","guid":{"rendered":"http:\/\/lelalano.fr\/?page_id=12876"},"modified":"2025-04-29T10:17:57","modified_gmt":"2025-04-29T08:17:57","slug":"semaine-du-mer-28-mai-au-mar-03-juin-2025","status":"publish","type":"page","link":"https:\/\/lelalano.fr\/index.php\/semaine-du-mer-28-mai-au-mar-03-juin-2025\/","title":{"rendered":"Semaine du Mer. 28 mai au Mar. 03 juin 2025"},"content":{"rendered":"<h4>Petit R\u00e9cap&#8217; de la semaine<\/h4>\n<p>\t\t\t\t\t\t\t\t\t\t\t\tmercredi 28 mai\t\t\t\t\t<\/p>\n<ul>\n<li><a href=\"#rum\">Rumours, nuit blanche au sommet<\/a> \u00e0 20h45 (vostfr)<\/li>\n<\/ul>\n<p>\t\t\t\t\t\t\t\t\t\t\t\tsamedi 31 mai\t\t\t\t\t<\/p>\n<ul>\n<li><a href=\"#unm\">Un monde merveilleux<\/a> \u00e0 20h45<\/li>\n<\/ul>\n<p>\t\t\t\t\t\t\t\t\t\t\t\tdimanche 01 juin\t\t\t\t\t<\/p>\n<ul>\n<li><a href=\"#gho\">Ghostlight<\/a> \u00e0 20h45 (vostfr)<\/li>\n<\/ul>\n<p>\t\t\t\t\t\t\t\t\t\t\t\tmardi 03 juin\t\t\t\t\t<\/p>\n<ul>\n<li><a href=\"#les\">Les Musiciens<\/a> \u00e0 20h45<\/li>\n<\/ul>\n<h4>Rumours, nuit blanche au sommet (vo)<\/h4>\n<p>\t\t\t\t\t\t\t\t\t\t<img width=\"730\" height=\"913\" src=\"http:\/\/lelalano.fr\/wp-content\/uploads\/2025\/04\/Rumours-nuit-blanche-au-sommet-819x1024.jpg\" alt=\"\" decoding=\"async\" loading=\"lazy\" srcset=\"http:\/\/lelalano.fr\/wp-content\/uploads\/2025\/04\/Rumours-nuit-blanche-au-sommet-819x1024.jpg 819w, http:\/\/lelalano.fr\/wp-content\/uploads\/2025\/04\/Rumours-nuit-blanche-au-sommet-240x300.jpg 240w, http:\/\/lelalano.fr\/wp-content\/uploads\/2025\/04\/Rumours-nuit-blanche-au-sommet-768x960.jpg 768w, http:\/\/lelalano.fr\/wp-content\/uploads\/2025\/04\/Rumours-nuit-blanche-au-sommet.jpg 864w\" sizes=\"(max-width: 730px) 100vw, 730px\" \/>\t\t\t\t\t\t\t\t\t\t\t<\/p>\n<h2>Synopsis<\/h2>\n<p>R\u00e9unis dans un ch\u00e2teau en Allemagne pour leur sommet annuel, les dirigeants des pays du G7 s&#8217;installent en bordure d&#8217;une for\u00eat pour pr\u00e9parer leur d\u00e9claration. A la nuit tomb\u00e9e, le groupe constate que le personnel qui les entourait a disparu. En voulant tenter de les retrouver, les sept politiciens s&#8217;enfoncent plus avant dans une for\u00eat qui s&#8217;av\u00e8re pleine de p\u00e9rils et de myst\u00e8res.\t\t<\/p>\n<h4>S\u00c9ANCES<\/h4>\n<ul>\n<li >\n\t\t\t\t\t\t\t\t\t\tmercredi 28 mai 20h45 (vostfr)\n\t\t\t\t\t\t\t\t\t<\/li>\n<\/ul>\n<h4>INFOS SUR LE FILM<\/h4>\n<p>\t\t<a href=\"https:\/\/www.allocine.fr\/film\/agenda\/sem-2025-05-07\/\"> 7 mai 2025 <\/a>  en salle  | 1h 43min | <a href=\"https:\/\/www.allocine.fr\/films\/genre-13005\/\">Com\u00e9die<\/a>, <a href=\"https:\/\/www.allocine.fr\/films\/genre-13008\/\">Drame<\/a>De <a href=\"https:\/\/www.allocine.fr\/personne\/fichepersonne_gen_cpersonne=8361.html\">Guy Maddin<\/a>, <a href=\"https:\/\/www.allocine.fr\/personne\/fichepersonne_gen_cpersonne=720449.html\">Evan Johnson<\/a>, <a href=\"https:\/\/www.allocine.fr\/personne\/fichepersonne_gen_cpersonne=753900.html\">Galen Johnson<\/a>Par <a href=\"https:\/\/www.allocine.fr\/personne\/fichepersonne_gen_cpersonne=8361.html\">Guy Maddin<\/a>, <a href=\"https:\/\/www.allocine.fr\/personne\/fichepersonne_gen_cpersonne=720449.html\">Evan Johnson<\/a>Avec <a href=\"https:\/\/www.allocine.fr\/personne\/fichepersonne_gen_cpersonne=28561.html\">Cate Blanchett<\/a>, <a href=\"https:\/\/www.allocine.fr\/personne\/fichepersonne_gen_cpersonne=18650.html\">Roy Dupuis<\/a>, <a href=\"https:\/\/www.allocine.fr\/personne\/fichepersonne_gen_cpersonne=148335.html\">Nikki Amuka-Bird<\/a>Titre original  Rumours<br \/>\n\t\t\t<a href=\"https:\/\/www.youtube.com\/watch?v=rMWFSaioL1Y\" target=\"_blank\" role=\"button\" rel=\"noopener\"><br \/>\n\t\t\t\t\t\tbande annonce<br \/>\n\t\t\t\t\t<\/a><br \/>\n\t\t\t<a href=\"#top\" role=\"button\"><br \/>\n\t\t\t\t\t\thaut de la page<br \/>\n\t\t\t\t\t<\/a><\/p>\n<h4>Un monde merveilleux<br \/>\n<\/h4>\n<p>\t\t\t\t\t\t\t\t\t\t<img width=\"730\" height=\"973\" src=\"http:\/\/lelalano.fr\/wp-content\/uploads\/2025\/04\/Un-monde-merveilleux-768x1024.jpg\" alt=\"\" decoding=\"async\" loading=\"lazy\" srcset=\"http:\/\/lelalano.fr\/wp-content\/uploads\/2025\/04\/Un-monde-merveilleux-768x1024.jpg 768w, http:\/\/lelalano.fr\/wp-content\/uploads\/2025\/04\/Un-monde-merveilleux-225x300.jpg 225w, http:\/\/lelalano.fr\/wp-content\/uploads\/2025\/04\/Un-monde-merveilleux.jpg 810w\" sizes=\"(max-width: 730px) 100vw, 730px\" \/>\t\t\t\t\t\t\t\t\t\t\t<\/p>\n<h2>Synopsis<\/h2>\n<p>Dans un futur un peu trop proche o\u00f9 les humains d\u00e9pendent des robots, Max, une ancienne prof r\u00e9fractaire \u00e0 la technologie, vivote avec sa fille gr\u00e2ce \u00e0 des petites combines. Elle a un plan : kidnapper un robot dernier cri pour le revendre en pi\u00e8ces d\u00e9tach\u00e9es. Mais tout d\u00e9rape. Flanqu\u00e9e de ce robot qui l\u2019exasp\u00e8re, elle s\u2019embarque dans une course-poursuite pour retrouver sa fille et prouver qu\u2019il reste un peu d\u2019humanit\u00e9 dans ce monde.<\/p>\n<p>\u00a0<\/p>\n<h4>S\u00c9ANCES<\/h4>\n<ul>\n<li >\n\t\t\t\t\t\t\t\t\t\tsamedi 31 mai 20h45\n\t\t\t\t\t\t\t\t\t<\/li>\n<\/ul>\n<h4>INFOS SUR LE FILM<\/h4>\n<p>\t\t<a href=\"https:\/\/www.allocine.fr\/film\/agenda\/sem-2025-05-07\/\"> 7 mai 2025 <\/a>  en salle  | 1h 18min | <a href=\"https:\/\/www.allocine.fr\/films\/genre-13002\/\">Com\u00e9die dramatique<\/a>De <a href=\"https:\/\/www.allocine.fr\/personne\/fichepersonne_gen_cpersonne=843207.html\">Giulio Callegari<\/a>Par <a href=\"https:\/\/www.allocine.fr\/personne\/fichepersonne_gen_cpersonne=843207.html\">Giulio Callegari<\/a>Avec <a href=\"https:\/\/www.allocine.fr\/personne\/fichepersonne_gen_cpersonne=242219.html\">Blanche Gardin<\/a>, <a href=\"https:\/\/www.allocine.fr\/personne\/fichepersonne_gen_cpersonne=961550.html\">Ang\u00e9lique Flaug\u00e8re<\/a>, <a href=\"https:\/\/www.allocine.fr\/personne\/fichepersonne_gen_cpersonne=1000004554.html\">Laly Mercier<\/a><br \/>\n\t\t\t<a href=\"https:\/\/www.youtube.com\/watch?v=zHBBUJNhVxY\" target=\"_blank\" role=\"button\" rel=\"noopener\"><br \/>\n\t\t\t\t\t\tVOIR LA BANDE ANNONCE<br \/>\n\t\t\t\t\t<\/a><br \/>\n\t\t\t<a href=\"#top\" role=\"button\"><br \/>\n\t\t\t\t\t\thaut de la page<br \/>\n\t\t\t\t\t<\/a><\/p>\n<h4>Ghostlight<\/h4>\n<p>\t\t\t\t\t\t\t\t\t\t<img width=\"730\" height=\"973\" src=\"http:\/\/lelalano.fr\/wp-content\/uploads\/2025\/04\/ghoslight-768x1024.jpg\" alt=\"\" decoding=\"async\" loading=\"lazy\" srcset=\"http:\/\/lelalano.fr\/wp-content\/uploads\/2025\/04\/ghoslight-768x1024.jpg 768w, http:\/\/lelalano.fr\/wp-content\/uploads\/2025\/04\/ghoslight-225x300.jpg 225w, http:\/\/lelalano.fr\/wp-content\/uploads\/2025\/04\/ghoslight.jpg 810w\" sizes=\"(max-width: 730px) 100vw, 730px\" \/>\t\t\t\t\t\t\t\t\t\t\t<\/p>\n<h2>Synopsis<\/h2>\n<p>Tout public\u00a0<\/p>\n<p>Dan travaille sur des chantiers de voirie \u00e0 Chicago et ses environs. Un peu par hasard, et \u00e0 l\u2019insu de sa famille, il int\u00e8gre une troupe de th\u00e9\u00e2tre amateur qui met en sc\u00e8ne Rom\u00e9o et Juliette. Peu \u00e0 peu, la trag\u00e9die qui se monte sur sc\u00e8ne commence \u00e0 lui renvoyer le reflet de sa propre vie.<\/p>\n<p>\u00a0<\/p>\n<h4>S\u00c9ANCES<\/h4>\n<ul>\n<li >\n\t\t\t\t\t\t\t\t\t\tdimanche 01 juin 20h45 (vostfr)\n\t\t\t\t\t\t\t\t\t<\/li>\n<\/ul>\n<h4>INFOS SUR LE FILM<\/h4>\n<p>\t\t<a href=\"https:\/\/www.allocine.fr\/film\/agenda\/sem-2025-04-30\/\"> 30 avril 2025 <\/a>  en salle  | 1h 55min | <a href=\"https:\/\/www.allocine.fr\/films\/genre-13002\/\">Com\u00e9die dramatique<\/a>, <a href=\"https:\/\/www.allocine.fr\/films\/genre-13008\/\">Drame<\/a>De <a href=\"https:\/\/www.allocine.fr\/personne\/fichepersonne_gen_cpersonne=674025.html\">Kelly O&#8217;Sullivan<\/a>, <a href=\"https:\/\/www.allocine.fr\/personne\/fichepersonne_gen_cpersonne=542710.html\">Alex Thompson<\/a>Par <a href=\"https:\/\/www.allocine.fr\/personne\/fichepersonne_gen_cpersonne=674025.html\">Kelly O&#8217;Sullivan<\/a>Avec <a href=\"https:\/\/www.allocine.fr\/personne\/fichepersonne_gen_cpersonne=118136.html\">Keith Kupferer<\/a>, <a href=\"https:\/\/www.allocine.fr\/personne\/fichepersonne_gen_cpersonne=1016302.html\">Katherine Mallen Kupferer<\/a>, <a href=\"https:\/\/www.allocine.fr\/personne\/fichepersonne_gen_cpersonne=542879.html\">Tara Mallen<\/a><br \/>\n\t\t\t<a href=\"https:\/\/www.youtube.com\/watch?v=g4RPZNBTGoc\" target=\"_blank\" role=\"button\" rel=\"noopener\"><br \/>\n\t\t\t\t\t\tVoir la bande annonce<br \/>\n\t\t\t\t\t<\/a><br \/>\n\t\t\t<a href=\"#top\" role=\"button\"><br \/>\n\t\t\t\t\t\thaut de la page<br \/>\n\t\t\t\t\t<\/a><\/p>\n<h4>Les Musiciens<br \/>\n<\/h4>\n<p>\t\t\t\t\t\t\t\t\t\t<img width=\"730\" height=\"973\" src=\"http:\/\/lelalano.fr\/wp-content\/uploads\/2025\/04\/les-musiciens-768x1024.jpg\" alt=\"\" decoding=\"async\" loading=\"lazy\" srcset=\"http:\/\/lelalano.fr\/wp-content\/uploads\/2025\/04\/les-musiciens-768x1024.jpg 768w, http:\/\/lelalano.fr\/wp-content\/uploads\/2025\/04\/les-musiciens-225x300.jpg 225w, http:\/\/lelalano.fr\/wp-content\/uploads\/2025\/04\/les-musiciens.jpg 810w\" sizes=\"(max-width: 730px) 100vw, 730px\" \/>\t\t\t\t\t\t\t\t\t\t\t<\/p>\n<h2>Synopsis<\/h2>\n<p>\u00a0Astrid Thompson parvient enfin \u00e0 r\u00e9aliser le r\u00eave de son p\u00e8re : r\u00e9unir quatre Stradivarius pour un concert unique attendu par les m\u00e9lomanes du monde entier. Mais Lise, George, Peter et Apolline, les quatre virtuoses recrut\u00e9s pour l\u2019occasion, sont incapables de jouer ensemble. Les crises d\u2019\u00e9go se succ\u00e8dent au rythme des r\u00e9p\u00e9titions. Sans solution, Astrid se r\u00e9sout \u00e0 aller chercher le seul qui, \u00e0 ses yeux, peut encore sauver l\u2019\u00e9v\u00e9nement : Charlie Beaumont, le compositeur de la partition.\t\t<\/p>\n<h4>S\u00c9ANCES<\/h4>\n<ul>\n<li >\n\t\t\t\t\t\t\t\t\t\tmardi 03 juin 20h45\n\t\t\t\t\t\t\t\t\t<\/li>\n<\/ul>\n<h4>INFOS SUR LE FILM<\/h4>\n<p>\t\t<a href=\"https:\/\/www.allocine.fr\/film\/agenda\/sem-2025-05-07\/\"> 7 mai 2025 <\/a>  en salle  | 1h 42min | <a href=\"https:\/\/www.allocine.fr\/films\/genre-13002\/\">Com\u00e9die dramatique<\/a>De <a href=\"https:\/\/www.allocine.fr\/personne\/fichepersonne_gen_cpersonne=575002.html\">Gr\u00e9gory Magne<\/a>Par <a href=\"https:\/\/www.allocine.fr\/personne\/fichepersonne_gen_cpersonne=575002.html\">Gr\u00e9gory Magne<\/a>, <a href=\"https:\/\/www.allocine.fr\/personne\/fichepersonne_gen_cpersonne=835905.html\"> Haroun<\/a>Avec <a href=\"https:\/\/www.allocine.fr\/personne\/fichepersonne_gen_cpersonne=62868.html\">Val\u00e9rie Donzelli<\/a>, <a href=\"https:\/\/www.allocine.fr\/personne\/fichepersonne_gen_cpersonne=5946.html\">Fr\u00e9d\u00e9ric Pierrot<\/a>, <a href=\"https:\/\/www.allocine.fr\/personne\/fichepersonne_gen_cpersonne=273203.html\">Mathieu Spinosi<\/a><br \/>\n\t\t\t<a href=\"https:\/\/www.youtube.com\/watch?v=ngPDdDGp5Ow\" target=\"_blank\" role=\"button\" rel=\"noopener\"><br \/>\n\t\t\t\t\t\tVOIR LA BANDE ANNONCE<br \/>\n\t\t\t\t\t<\/a><br \/>\n\t\t\t<a href=\"#top\" role=\"button\"><br \/>\n\t\t\t\t\t\thaut de la page<br \/>\n\t\t\t\t\t<\/a><\/p>\n","protected":false},"excerpt":{"rendered":"<p>Petit R\u00e9cap&#8217; de la semaine mercredi 28 mai Rumours, nuit blanche au sommet \u00e0 20h45 (vostfr) samedi 31 mai Un monde merveilleux \u00e0 20h45 dimanche 01 juin Ghostlight \u00e0 20h45 (vostfr) mardi 03 juin Les Musiciens \u00e0 20h45 Rumours, nuit blanche au sommet (vo) Synopsis R\u00e9unis dans un ch\u00e2teau en Allemagne pour leur sommet annuel,<span class=\"read-more-wrap\"><a class=\"moretag\" href=\"https:\/\/lelalano.fr\/index.php\/semaine-du-mer-28-mai-au-mar-03-juin-2025\/\">Lire la suite<span class=\"screen-reader-text\">Semaine du Mer. 28 mai au Mar. 03 juin 2025<\/span><\/a><\/span><\/p>\n","protected":false},"author":1,"featured_media":0,"parent":0,"menu_order":0,"comment_status":"closed","ping_status":"closed","template":"","meta":{"footnotes":""},"_links":{"self":[{"href":"https:\/\/lelalano.fr\/index.php\/wp-json\/wp\/v2\/pages\/12876"}],"collection":[{"href":"https:\/\/lelalano.fr\/index.php\/wp-json\/wp\/v2\/pages"}],"about":[{"href":"https:\/\/lelalano.fr\/index.php\/wp-json\/wp\/v2\/types\/page"}],"author":[{"embeddable":true,"href":"https:\/\/lelalano.fr\/index.php\/wp-json\/wp\/v2\/users\/1"}],"replies":[{"embeddable":true,"href":"https:\/\/lelalano.fr\/index.php\/wp-json\/wp\/v2\/comments?post=12876"}],"version-history":[{"count":26,"href":"https:\/\/lelalano.fr\/index.php\/wp-json\/wp\/v2\/pages\/12876\/revisions"}],"predecessor-version":[{"id":12907,"href":"https:\/\/lelalano.fr\/index.php\/wp-json\/wp\/v2\/pages\/12876\/revisions\/12907"}],"wp:attachment":[{"href":"https:\/\/lelalano.fr\/index.php\/wp-json\/wp\/v2\/media?parent=12876"}],"curies":[{"name":"wp","href":"https:\/\/api.w.org\/{rel}","templated":true}]}}