{"id":1311,"date":"2018-06-12T16:47:38","date_gmt":"2018-06-12T14:47:38","guid":{"rendered":"http:\/\/lelalano.fr\/?page_id=1311"},"modified":"2018-06-12T16:54:47","modified_gmt":"2018-06-12T14:54:47","slug":"quand-le-cinema-passe-a-la-tele","status":"publish","type":"page","link":"https:\/\/lelalano.fr\/index.php\/quand-le-cinema-passe-a-la-tele\/","title":{"rendered":"Quand le cin\u00e9ma passe \u00e0 la t\u00e9l\u00e9&#8230;"},"content":{"rendered":"<p><iframe width='100%' height='400px' frameborder='0' marginheight ='0' marginwidth='0' scrolling ='no' src='https:\/\/player.ina.fr\/player\/embed\/CAB97134236\/1\/1b0bd203fbcd702f9bc9b10ac3d0fc21\/wide\/1'><\/iframe><\/p>\n<p><iframe width='100%' height='400px' frameborder='0' marginheight ='0' marginwidth='0' scrolling ='no' src='https:\/\/player.ina.fr\/player\/embed\/TLC9709021878\/1\/1b0bd203fbcd702f9bc9b10ac3d0fc21\/wide\/0'><\/iframe><\/p>\n","protected":false},"excerpt":{"rendered":"","protected":false},"author":1,"featured_media":0,"parent":0,"menu_order":0,"comment_status":"closed","ping_status":"closed","template":"","meta":{"footnotes":""},"_links":{"self":[{"href":"https:\/\/lelalano.fr\/index.php\/wp-json\/wp\/v2\/pages\/1311"}],"collection":[{"href":"https:\/\/lelalano.fr\/index.php\/wp-json\/wp\/v2\/pages"}],"about":[{"href":"https:\/\/lelalano.fr\/index.php\/wp-json\/wp\/v2\/types\/page"}],"author":[{"embeddable":true,"href":"https:\/\/lelalano.fr\/index.php\/wp-json\/wp\/v2\/users\/1"}],"replies":[{"embeddable":true,"href":"https:\/\/lelalano.fr\/index.php\/wp-json\/wp\/v2\/comments?post=1311"}],"version-history":[{"count":8,"href":"https:\/\/lelalano.fr\/index.php\/wp-json\/wp\/v2\/pages\/1311\/revisions"}],"predecessor-version":[{"id":1319,"href":"https:\/\/lelalano.fr\/index.php\/wp-json\/wp\/v2\/pages\/1311\/revisions\/1319"}],"wp:attachment":[{"href":"https:\/\/lelalano.fr\/index.php\/wp-json\/wp\/v2\/media?parent=1311"}],"curies":[{"name":"wp","href":"https:\/\/api.w.org\/{rel}","templated":true}]}}