{"id":13116,"date":"2025-07-17T12:01:30","date_gmt":"2025-07-17T10:01:30","guid":{"rendered":"http:\/\/lelalano.fr\/?page_id=13116"},"modified":"2026-03-03T12:22:05","modified_gmt":"2026-03-03T11:22:05","slug":"spectacles-saison-2025-2026-2","status":"publish","type":"page","link":"https:\/\/lelalano.fr\/index.php\/spectacles-saison-2025-2026-2\/","title":{"rendered":"Spectacles saison 2025\/2026"},"content":{"rendered":"<h2>Chronologie des spectacles <\/h2>\n<p>\t\t\t\t\t\t\t\t\t\t\t\tTria Fata, Cie La Pendue &#8211; jeudi 02 octobre 20h30.\t\t\t\t\t<\/p>\n<p><a href=\"#tri\">Informations , r\u00e9servations.<\/a><\/p>\n<p>\t\t\t\t\t\t\t\t\t\t\t\tMONTANHA &#8211; Etienne Manchon \/ F\u00e9lix Robin &#8211;  jeudi 26 mars 20h30.\t\t\t\t\t<\/p>\n<p><a href=\"#mon\">Informations , r\u00e9servations.<\/a><\/p>\n<h1>Vendredi 02 ocotbre 21h<\/h1>\n<p>\t\t\t\t\t\t\t\t\t\t<img width=\"730\" height=\"491\" src=\"http:\/\/lelalano.fr\/wp-content\/uploads\/2025\/07\/lapandue_triafata7-1024x689.jpg\" alt=\"\" decoding=\"async\" loading=\"lazy\" srcset=\"https:\/\/lelalano.fr\/wp-content\/uploads\/2025\/07\/lapandue_triafata7-1024x689.jpg 1024w, https:\/\/lelalano.fr\/wp-content\/uploads\/2025\/07\/lapandue_triafata7-300x202.jpg 300w, https:\/\/lelalano.fr\/wp-content\/uploads\/2025\/07\/lapandue_triafata7-768x517.jpg 768w, https:\/\/lelalano.fr\/wp-content\/uploads\/2025\/07\/lapandue_triafata7-1536x1034.jpg 1536w, https:\/\/lelalano.fr\/wp-content\/uploads\/2025\/07\/lapandue_triafata7.jpg 1920w\" sizes=\"(max-width: 730px) 100vw, 730px\" \/>\t\t\t\t\t\t\t\t\t\t\t<\/p>\n<figure class='gallery-item'>\n\t\t\t\t<a data-elementor-open-lightbox=\"default\" data-elementor-lightbox-slideshow=\"dd99674\" href='http:\/\/lelalano.fr\/wp-content\/uploads\/2025\/07\/lapandue_triafata9.jpg'><img width=\"150\" height=\"150\" src=\"http:\/\/lelalano.fr\/wp-content\/uploads\/2025\/07\/lapandue_triafata9-150x150.jpg\" alt=\"\" decoding=\"async\" loading=\"lazy\" \/><\/a><br \/>\n\t\t\t<\/figure>\n<figure class='gallery-item'>\n\t\t\t\t<a data-elementor-open-lightbox=\"default\" data-elementor-lightbox-slideshow=\"dd99674\" href='http:\/\/lelalano.fr\/wp-content\/uploads\/2025\/07\/lapandue_triafata8.jpg'><img width=\"150\" height=\"150\" src=\"http:\/\/lelalano.fr\/wp-content\/uploads\/2025\/07\/lapandue_triafata8-150x150.jpg\" alt=\"\" decoding=\"async\" loading=\"lazy\" \/><\/a><br \/>\n\t\t\t<\/figure>\n<figure class='gallery-item'>\n\t\t\t\t<a data-elementor-open-lightbox=\"default\" data-elementor-lightbox-slideshow=\"dd99674\" href='http:\/\/lelalano.fr\/wp-content\/uploads\/2025\/07\/lapandue_triafata5.jpg'><img width=\"150\" height=\"150\" src=\"http:\/\/lelalano.fr\/wp-content\/uploads\/2025\/07\/lapandue_triafata5-150x150.jpg\" alt=\"\" decoding=\"async\" loading=\"lazy\" \/><\/a><br \/>\n\t\t\t<\/figure>\n<figure class='gallery-item'>\n\t\t\t\t<a data-elementor-open-lightbox=\"default\" data-elementor-lightbox-slideshow=\"dd99674\" href='http:\/\/lelalano.fr\/wp-content\/uploads\/2025\/07\/lapandue_triafata3.jpg'><img width=\"150\" height=\"150\" src=\"http:\/\/lelalano.fr\/wp-content\/uploads\/2025\/07\/lapandue_triafata3-150x150.jpg\" alt=\"\" decoding=\"async\" loading=\"lazy\" \/><\/a><br \/>\n\t\t\t<\/figure>\n<figure class='gallery-item'>\n\t\t\t\t<a data-elementor-open-lightbox=\"default\" data-elementor-lightbox-slideshow=\"dd99674\" href='http:\/\/lelalano.fr\/wp-content\/uploads\/2025\/07\/lapandue_triafata2.jpg'><img width=\"150\" height=\"150\" src=\"http:\/\/lelalano.fr\/wp-content\/uploads\/2025\/07\/lapandue_triafata2-150x150.jpg\" alt=\"\" decoding=\"async\" loading=\"lazy\" \/><\/a><br \/>\n\t\t\t<\/figure>\n<h2>TRIA FATA<\/h2>\n<h2>Cie La Pendue<br \/>\n<\/h2>\n<p><b>Marionnettes et musiques \u00e9clectiques <\/b><\/p>\n<p><b>Marionnettes port\u00e9es, \u00e0 fils, \u00e0 gaines et ombres<\/b><\/p>\n<p><b>Musique en direct\u00a0: clarinette, clarinette basse, accord\u00e9on, batterie, voix <\/b><\/p>\n<p>Dur\u00e9e : 55 minutes<\/p>\n<p><strong>Tout public (\u00e0 partir de 9 ans)<\/strong><\/p>\n<p><strong> jeudi 02 octobre 20h30. <\/strong><\/p>\n<p><strong>Spectacle propos\u00e9 dans le cadre des Escales d&#8217;Automne du Conseil D\u00e9partemental des Hautes-Pyr\u00e9n\u00e9es.<br \/><\/strong><\/p>\n<p>Tarif normal : 12.50 \u20ac &#8211; Tarif r\u00e9duit : 8.00 \u20ac<\/p>\n<h3 align=\"JUSTIFY\">Synopsis :<\/h3>\n<p align=\"JUSTIFY\">Elle est marionnettiste, il est musicien, et dans leur cabaret se jouent la vie et la mort. Une vieille dame se pr\u00e9sente : son heure est venue avec celle du spectacle, et elle va d\u00e9ployer en acc\u00e9l\u00e9r\u00e9 le panorama de son existence. Toutes les m\u00e9tamorphoses d\u2019une vie sont ainsi expos\u00e9es aux yeux du spectateur sous une forme dynamique, d\u00e9lirante, insolite, hallucinatoire. De la naissance \u00e0 la fin en passant par l\u2019enfance et l\u2019amour : jeu, voltige, images, feu &#8211; un grand kal\u00e9idoscope tourbillonne avant l\u2019extinction. On passe d\u2019un seuil \u00e0 l\u2019autre dans l\u2019\u00e9clat de figures improbables et sous le r\u00e8gne des trois Parques pr\u00e9sidant \u00e0 nos destin\u00e9es, celle qui tisse le fil de la vie, celle qui le d\u00e9roule et celle qui le coupe ; trois Parques, trois destin\u00e9es, Tria Fata. Sous cet intitul\u00e9, la marionnette incarne au plus pr\u00e8s sa fonction de symbole universel d\u2019humanit\u00e9. <\/p>\n<p align=\"JUSTIFY\">Apr\u00e8s avoir tourn\u00e9 plusieurs fois autour du monde avec l&#8217;irr\u00e9sistible Poli D\u00e9gaine, La Pendue innove avec Tria Fata, cette grande \u00e9vasion.<\/p>\n<h4 align=\"JUSTIFY\"><strong> Ce spectacle a remport\u00e9 le 1<sup>er<\/sup><\/strong><b> PRIX de LA FIRA DE TITELLES DE LLEIDA (ESPAGNE) 2016 <\/b><\/h4>\n<p>\u00a0<\/p>\n<p style=\"margin-bottom: 0cm; widows: 0; orphans: 0;\">Cr\u00e9\u00e9 en 2015 au Th\u00e9\u00e2tre du Temple \u00e0 Saillans<\/p>\n<p style=\"margin-bottom: 0cm; widows: 0; orphans: 0;\">Avec\u00a0: Estelle Charlier et Martin Kaspar Orkestar<\/p>\n<p style=\"margin-bottom: 0cm; widows: 0; orphans: 0;\">Direction artistique\u00a0: Estelle Charlier<\/p>\n<p style=\"margin-bottom: 0cm; widows: 0; orphans: 0;\">Mise en sc\u00e8ne\u00a0: Romuald Collinet<\/p>\n<p style=\"margin-bottom: 0cm; widows: 0; orphans: 0;\">Collaboration \u00e0 la mise en sc\u00e8ne\u00a0: Pavlina Vimmrova<\/p>\n<p style=\"margin-bottom: 0cm; widows: 0; orphans: 0;\">Musique\u00a0: Martin Kaspar Orkestar <\/p>\n<p style=\"margin-bottom: 0cm; widows: 0; orphans: 0;\">Texte et regard\u00a0: Romaric Sangars<\/p>\n<p style=\"margin-bottom: 0cm; widows: 0; orphans: 0;\">Cr\u00e9ation lumi\u00e8re et R\u00e9gie g\u00e9n\u00e9rale\u00a0: Anthony Lopez<\/p>\n<p style=\"margin-bottom: 0cm; widows: 0; orphans: 0;\">Marionnettes et sc\u00e9nographie\u00a0: Estelle Charlier et Romuald Collinet<\/p>\n<p style=\"margin-bottom: 0cm; widows: 0; orphans: 0;\">R\u00e9gie son et lumi\u00e8re\u00a0: Anthony Lopez et Andi Luchsinger <\/p>\n<p style=\"margin-bottom: 0cm; widows: 0; orphans: 0;\">Administration : Patricia Lecoq<\/p>\n<p style=\"margin-bottom: 0cm; widows: 0; orphans: 0;\">\u00a0<\/p>\n<p style=\"margin-bottom: 0cm; widows: 0; orphans: 0;\">Site internet de la Compagnie : https:\/\/www.lapendue.fr\/<\/p>\n<p style=\"margin-bottom: 0cm; widows: 0; orphans: 0;\">Vous pourrez Y d\u00e9couvrir \u00e9galement le travail r\u00e9alis\u00e9 pour le film ANNETTE de L\u00e9o Carax (2021)<\/p>\n<p>\t\t\t<a href=\"https:\/\/le-lalano.s2.yapla.com\/fr\/event-90628\" target=\"_blank\" role=\"button\" rel=\"noopener\"><br \/>\n\t\t\t\t\t\tR\u00e9servation en ligne sur le site Yapla (Cr\u00e9dit agricole)<br \/>\n\t\t\t\t\t<\/a><\/p>\n<h3><strong>R\u00e9servations : 06 87 97 35 51 \/ lelalano@yahoo.fr<\/strong><\/h3>\n<p>\t\t\t<a href=\"https:\/\/www.hautespyrenees.fr\/culture-patrimoine-sport\/les-escales-dautomne\/\" role=\"button\"><br \/>\n\t\t\t\t\t\tProgramme des Escales d&#8217;Automne 2025<br \/>\n\t\t\t\t\t<\/a><br \/>\n\t\t\t<a href=\"#chrono\"><br \/>\n\t\t\t<\/a><\/p>\n<h1>Vendredi 02 ocotbre 21h<\/h1>\n<p>\t\t\t\t\t\t\t\t\t\t<img width=\"730\" height=\"814\" src=\"http:\/\/lelalano.fr\/wp-content\/uploads\/2026\/03\/photo-mont-918x1024.jpg\" alt=\"\" decoding=\"async\" loading=\"lazy\" srcset=\"https:\/\/lelalano.fr\/wp-content\/uploads\/2026\/03\/photo-mont-918x1024.jpg 918w, https:\/\/lelalano.fr\/wp-content\/uploads\/2026\/03\/photo-mont-269x300.jpg 269w, https:\/\/lelalano.fr\/wp-content\/uploads\/2026\/03\/photo-mont-768x857.jpg 768w, https:\/\/lelalano.fr\/wp-content\/uploads\/2026\/03\/photo-mont.jpg 1000w\" sizes=\"(max-width: 730px) 100vw, 730px\" \/>\t\t\t\t\t\t\t\t\t\t\t<\/p>\n<h2>MONTANHA <\/h2>\n<h2>Etienne Manchon \/ F\u00e9lix Robin<\/h2>\n<h2><strong>Jeudi 26 mars 20h30<br \/><\/strong><\/h2>\n<h4>Musique d\u00e8s 8 ans. Dur\u00e9e 1h15.<\/h4>\n<p><em><strong>En partenariat avec<a href=\"https:\/\/www.parvis.net\/spectacle-vivant\/olympicorama\" target=\"_blank\" rel=\"noopener\"> LE PARVIS<\/a> sc\u00e8ne nationale Tarbes Pyr\u00e9n\u00e9es.<br \/><\/strong><\/em><\/p>\n<p>Tarif normal 12 \u20ac, r\u00e9duit 6 \u20ac, -26 ans 6 \u20ac, abonn\u00e9 (Parvis) 8\u20ac<\/p>\n<p><strong>La montagne est une terre de libert\u00e9, de danger et d\u2019introspection. Cette infinit\u00e9 de possibles a conduit deux musiciens d\u2019une complicit\u00e9 rare \u00e0 cr\u00e9er le duo <em>Montanha<\/em>, m\u00ealant le vibraphone de F\u00e9lix Robin et le piano d\u2019Etienne Manchon.<\/strong><\/p>\n<p>Ils s\u2019inspirent de leur amour commun de la montagne pour proposer une musique aventureuse, ancr\u00e9e dans le jazz et ouverte \u00e0 tous les vents. Tous deux compositeurs, ils cr\u00e9ent ensemble l\u2019histoire artistique de <em>Montanha <\/em>en m\u00e9langeant leurs diff\u00e9rentes inspirations et leurs exp\u00e9riences artistiques et humaines, dans un format inhabituel d\u2019une richesse infinie. Les deux musiciens donnent \u00e0 voir et entendre leur symbiose d\u00e9tonante au service d\u2019une beaut\u00e9 intemporelle.\u00a0<\/p>\n<p>V\u00e9ritables alchimistes sonores, les deux artistes invitent les spectateurs \u00e0 entrer dans leur univers o\u00f9 se m\u00ealent sentiers forestiers, avalanches et neiges \u00e9ternelles\u2009!<\/p>\n<p>\t\t\t<a href=\"https:\/\/www.parvis.net\/spectacle-vivant\/montanha\" role=\"button\"><br \/>\n\t\t\t\t\t\tR\u00e9servations site du Parvis<br \/>\n\t\t\t\t\t<\/a><br \/>\n\t\t\t<a href=\"#chrono\"><br \/>\n\t\t\t<\/a><\/p>\n<h2>Nos partenaires :<\/h2>\n<p>\t\t\t\t\t\t\t\t\t\t<img width=\"616\" height=\"207\" src=\"http:\/\/lelalano.fr\/wp-content\/uploads\/2021\/07\/logo-parvis.jpg\" alt=\"\" decoding=\"async\" loading=\"lazy\" srcset=\"https:\/\/lelalano.fr\/wp-content\/uploads\/2021\/07\/logo-parvis.jpg 616w, https:\/\/lelalano.fr\/wp-content\/uploads\/2021\/07\/logo-parvis-300x101.jpg 300w\" sizes=\"(max-width: 616px) 100vw, 616px\" \/><br \/>\n\t\t\t\t\t\t\t\t\t\t<img width=\"200\" height=\"200\" src=\"http:\/\/lelalano.fr\/wp-content\/uploads\/2018\/03\/cd65-new.jpg\" alt=\"\" decoding=\"async\" loading=\"lazy\" srcset=\"https:\/\/lelalano.fr\/wp-content\/uploads\/2018\/03\/cd65-new.jpg 200w, https:\/\/lelalano.fr\/wp-content\/uploads\/2018\/03\/cd65-new-150x150.jpg 150w, https:\/\/lelalano.fr\/wp-content\/uploads\/2018\/03\/cd65-new-186x186.jpg 186w\" sizes=\"(max-width: 200px) 100vw, 200px\" \/><br \/>\n\t\t\t\t\t\t\t\t\t\t<img width=\"200\" height=\"87\" src=\"http:\/\/lelalano.fr\/wp-content\/uploads\/2018\/03\/logo-d\u00e9finitif-texte-pour-le-site-e1522417890838.png\" alt=\"\" decoding=\"async\" loading=\"lazy\" \/><br \/>\n\t\t\t\t\t\t\t\t\t\t<img width=\"105\" height=\"150\" src=\"http:\/\/lelalano.fr\/wp-content\/uploads\/2018\/03\/lalanne-trie.jpg\" alt=\"\" decoding=\"async\" loading=\"lazy\" \/><\/p>\n","protected":false},"excerpt":{"rendered":"<p>Chronologie des spectacles Tria Fata, Cie La Pendue &#8211; jeudi 02 octobre 20h30. Informations , r\u00e9servations. MONTANHA &#8211; Etienne Manchon \/ F\u00e9lix Robin &#8211; jeudi 26 mars 20h30. Informations , r\u00e9servations. Vendredi 02 ocotbre 21h TRIA FATA Cie La Pendue Marionnettes et musiques \u00e9clectiques Marionnettes port\u00e9es, \u00e0 fils, \u00e0 gaines et ombres Musique en direct\u00a0:<span class=\"read-more-wrap\"><a class=\"moretag\" href=\"https:\/\/lelalano.fr\/index.php\/spectacles-saison-2025-2026-2\/\">Lire la suite<span class=\"screen-reader-text\">Spectacles saison 2025\/2026<\/span><\/a><\/span><\/p>\n","protected":false},"author":1,"featured_media":0,"parent":0,"menu_order":0,"comment_status":"closed","ping_status":"closed","template":"","meta":{"footnotes":""},"_links":{"self":[{"href":"https:\/\/lelalano.fr\/index.php\/wp-json\/wp\/v2\/pages\/13116"}],"collection":[{"href":"https:\/\/lelalano.fr\/index.php\/wp-json\/wp\/v2\/pages"}],"about":[{"href":"https:\/\/lelalano.fr\/index.php\/wp-json\/wp\/v2\/types\/page"}],"author":[{"embeddable":true,"href":"https:\/\/lelalano.fr\/index.php\/wp-json\/wp\/v2\/users\/1"}],"replies":[{"embeddable":true,"href":"https:\/\/lelalano.fr\/index.php\/wp-json\/wp\/v2\/comments?post=13116"}],"version-history":[{"count":28,"href":"https:\/\/lelalano.fr\/index.php\/wp-json\/wp\/v2\/pages\/13116\/revisions"}],"predecessor-version":[{"id":14262,"href":"https:\/\/lelalano.fr\/index.php\/wp-json\/wp\/v2\/pages\/13116\/revisions\/14262"}],"wp:attachment":[{"href":"https:\/\/lelalano.fr\/index.php\/wp-json\/wp\/v2\/media?parent=13116"}],"curies":[{"name":"wp","href":"https:\/\/api.w.org\/{rel}","templated":true}]}}