{"id":14083,"date":"2026-02-03T10:38:38","date_gmt":"2026-02-03T09:38:38","guid":{"rendered":"https:\/\/lelalano.fr\/?page_id=14083"},"modified":"2026-02-04T18:39:14","modified_gmt":"2026-02-04T17:39:14","slug":"semaine-du-mer-18-fev-au-mar-24-fev-2026","status":"publish","type":"page","link":"https:\/\/lelalano.fr\/index.php\/semaine-du-mer-18-fev-au-mar-24-fev-2026\/","title":{"rendered":"Semaine du Mer. 18 f\u00e9vrier au Mar. 24 f\u00e9vrier 2026"},"content":{"rendered":"<h4>Petit R\u00e9cap&#8217; de la semaine<\/h4>\n<p>\t\t\t\t\t\t\t\t\t\t\t\tmercredi 18 f\u00e9vrier\t\t\t\t\t<\/p>\n<ul>\n<li><a href=\"#les\">Les L\u00e9gendaires<\/a> \u00e0 16h<\/li>\n<li><a href=\"#lag\">La Grazia<\/a> \u00e0 20h45 (vo)<\/li>\n<\/ul>\n<p>\t\t\t\t\t\t\t\t\t\t\t\tsamedi 21 f\u00e9vrier\t\t\t\t\t<\/p>\n<ul>\n<li><a href=\"#gou\">Gourou<\/a> \u00e0 20h45<\/li>\n<\/ul>\n<p>\t\t\t\t\t\t\t\t\t\t\t\tdimanche 22 f\u00e9vrier\t\t\t\t\t<\/p>\n<ul>\n<li><a href=\"#nur\">Nuremberg<\/a> \u00e0 20h45 (vo)<\/li>\n<\/ul>\n<p>\t\t\t\t\t\t\t\t\t\t\t\tmardi 24 f\u00e9vrier\t\t\t\t\t<\/p>\n<ul>\n<li><a href=\"#lem\">Le Mage du Kremlin<\/a> \u00e0 20h45<\/li>\n<\/ul>\n<h4>Les L\u00e9gendaires<br \/>\n<\/h4>\n<p>\t\t\t\t\t\t\t\t\t\t<img width=\"680\" height=\"924\" src=\"http:\/\/lelalano.fr\/wp-content\/uploads\/2026\/02\/Les-Legendaires.jpg\" alt=\"\" decoding=\"async\" loading=\"lazy\" srcset=\"https:\/\/lelalano.fr\/wp-content\/uploads\/2026\/02\/Les-Legendaires.jpg 680w, https:\/\/lelalano.fr\/wp-content\/uploads\/2026\/02\/Les-Legendaires-221x300.jpg 221w\" sizes=\"(max-width: 680px) 100vw, 680px\" \/>\t\t\t\t\t\t\t\t\t\t\t<\/p>\n<h2>Synopsis<\/h2>\n<p>Tout public\u00a0<\/p>\n<p>Les L\u00e9gendaires, intr\u00e9pides aventuriers, \u00e9taient les plus grands h\u00e9ros de leur temps. Mais suite \u00e0 une terrible mal\u00e9diction, les voil\u00e0 redevenus&#8230; des enfants de 10 ans ! Dana\u00ebl, Jadina, Gryf, Shimy et Razzia vont unir leurs pouvoirs pour vaincre le sorcier Darkhell et lib\u00e9rer leur plan\u00e8te de l\u2019enfance \u00e9ternelle\u2026<\/p>\n<p>\u00a0<\/p>\n<h4>S\u00c9ANCES<\/h4>\n<ul>\n<li >\n\t\t\t\t\t\t\t\t\t\tmercredi 18 f\u00e9vrier 16h\n\t\t\t\t\t\t\t\t\t<\/li>\n<\/ul>\n<h4>INFOS SUR LE FILM<\/h4>\n<p>\t\t<a href=\"https:\/\/www.allocine.fr\/film\/agenda\/sem-2026-01-28\/\"> 28 janvier 2026 <\/a>  en salle  | 1h 32min | <a href=\"https:\/\/www.allocine.fr\/films\/genre-13026\/\">Animation<\/a>, <a href=\"https:\/\/www.allocine.fr\/films\/genre-13001\/\">Aventure<\/a>, <a href=\"https:\/\/www.allocine.fr\/films\/genre-13012\/\">Fantastique<\/a>De <a href=\"https:\/\/www.allocine.fr\/personne\/fichepersonne_gen_cpersonne=180309.html\">Guillaume Ivernel<\/a>Par <a href=\"https:\/\/www.allocine.fr\/personne\/fichepersonne_gen_cpersonne=590105.html\">Antoine Schoumsky<\/a>Avec <a href=\"https:\/\/www.allocine.fr\/personne\/fichepersonne_gen_cpersonne=1000016671.html\">Roman Doduik<\/a>, <a href=\"https:\/\/www.allocine.fr\/personne\/fichepersonne_gen_cpersonne=1000060397.html\">Esth\u00e8le Dumand<\/a>, <a href=\"https:\/\/www.allocine.fr\/personne\/fichepersonne_gen_cpersonne=916554.html\">Elise Tilloloy<\/a>\u00e0 partir de 6 ans<br \/>\n\t\t\t<a href=\"https:\/\/www.youtube.com\/watch?v=pV1SWn1Ywh8\" target=\"_blank\" role=\"button\" rel=\"noopener\"><br \/>\n\t\t\t\t\t\tVOIR LA BANDE ANNONCE<br \/>\n\t\t\t\t\t<\/a><br \/>\n\t\t\t<a href=\"#top\" role=\"button\"><br \/>\n\t\t\t\t\t\thaut de la page<br \/>\n\t\t\t\t\t<\/a><\/p>\n<h4>La Grazia (vo)<\/h4>\n<p>\t\t\t\t\t\t\t\t\t\t<img width=\"730\" height=\"973\" src=\"http:\/\/lelalano.fr\/wp-content\/uploads\/2026\/02\/La-Grazia-768x1024.jpg\" alt=\"\" decoding=\"async\" loading=\"lazy\" srcset=\"https:\/\/lelalano.fr\/wp-content\/uploads\/2026\/02\/La-Grazia-768x1024.jpg 768w, https:\/\/lelalano.fr\/wp-content\/uploads\/2026\/02\/La-Grazia-225x300.jpg 225w, https:\/\/lelalano.fr\/wp-content\/uploads\/2026\/02\/La-Grazia.jpg 810w\" sizes=\"(max-width: 730px) 100vw, 730px\" \/>\t\t\t\t\t\t\t\t\t\t\t<\/p>\n<h2>Synopsis<\/h2>\n<p>Tout public\u00a0<\/p>\n<p>Mariano De Santis, Pr\u00e9sident de la R\u00e9publique italienne, est un homme marqu\u00e9 par le deuil de sa femme et la solitude du pouvoir. Alors que son mandat touche \u00e0 sa fin, il doit faire face \u00e0 des d\u00e9cisions cruciales qui l\u2019obligent \u00e0 affronter ses propres dilemmes moraux : deux gr\u00e2ces pr\u00e9sidentielles et un projet de loi hautement controvers\u00e9.<\/p>\n<p>Aucune r\u00e9f\u00e9rence \u00e0 des pr\u00e9sidents existants, il est le fruit de l&#8217;imagination de l&#8217;auteur.<\/p>\n<h4>S\u00c9ANCES<\/h4>\n<ul>\n<li >\n\t\t\t\t\t\t\t\t\t\tmercredi 18 f\u00e9vrier 20h45 (vostfr)\n\t\t\t\t\t\t\t\t\t<\/li>\n<\/ul>\n<h4>INFOS SUR LE FILM<\/h4>\n<p>\t\t<a href=\"https:\/\/www.allocine.fr\/film\/agenda\/sem-2026-01-28\/\"> 28 janvier 2026 <\/a>  en salle  | 2h 13min | <a href=\"https:\/\/www.allocine.fr\/films\/genre-13008\/\">Drame<\/a>, <a href=\"https:\/\/www.allocine.fr\/films\/genre-13024\/\">Romance<\/a>De <a href=\"https:\/\/www.allocine.fr\/personne\/fichepersonne_gen_cpersonne=93843.html\">Paolo Sorrentino<\/a>Par <a href=\"https:\/\/www.allocine.fr\/personne\/fichepersonne_gen_cpersonne=93843.html\">Paolo Sorrentino<\/a>Avec <a href=\"https:\/\/www.allocine.fr\/personne\/fichepersonne_gen_cpersonne=16798.html\">Toni Servillo<\/a>, <a href=\"https:\/\/www.allocine.fr\/personne\/fichepersonne_gen_cpersonne=722982.html\">Anna Ferzetti<\/a>, <a href=\"https:\/\/www.allocine.fr\/personne\/fichepersonne_gen_cpersonne=268048.html\">Orlando Cinque<\/a><br \/>\n\t\t\t<a href=\"https:\/\/www.youtube.com\/watch?v=mJH3p0hr7zA\" target=\"_blank\" role=\"button\" rel=\"noopener\"><br \/>\n\t\t\t\t\t\tbande annonce<br \/>\n\t\t\t\t\t<\/a><br \/>\n\t\t\t<a href=\"#top\" role=\"button\"><br \/>\n\t\t\t\t\t\thaut de la page<br \/>\n\t\t\t\t\t<\/a><\/p>\n<h4>Gourou<\/h4>\n<p>\t\t\t\t\t\t\t\t\t\t<img width=\"730\" height=\"973\" src=\"http:\/\/lelalano.fr\/wp-content\/uploads\/2026\/02\/Gourou-768x1024.jpg\" alt=\"\" decoding=\"async\" loading=\"lazy\" srcset=\"https:\/\/lelalano.fr\/wp-content\/uploads\/2026\/02\/Gourou-768x1024.jpg 768w, https:\/\/lelalano.fr\/wp-content\/uploads\/2026\/02\/Gourou-225x300.jpg 225w, https:\/\/lelalano.fr\/wp-content\/uploads\/2026\/02\/Gourou.jpg 810w\" sizes=\"(max-width: 730px) 100vw, 730px\" \/>\t\t\t\t\t\t\t\t\t\t\t<\/p>\n<h2>Synopsis<\/h2>\n<p>Tout public avec avertissement\u00a0<\/p>\n<p>Matt est le coach en d\u00e9veloppement personnel le plus suivi de France. Dans une soci\u00e9t\u00e9 en qu\u00eate de sens o\u00f9 la r\u00e9ussite individuelle est devenue sacr\u00e9e, il propose \u00e0 ses adeptes une catharsis qui \u00e9lectrise les foules autant qu&#8217;elle inqui\u00e8te les autorit\u00e9s. Sous le feu des critiques, Matt va s&#8217;engager dans une fuite en avant qui le m\u00e8nera aux fronti\u00e8res de la folie et peut-\u00eatre de la gloire&#8230;<\/p>\n<p>\u00a0<\/p>\n<h4>S\u00c9ANCES<\/h4>\n<ul>\n<li >\n\t\t\t\t\t\t\t\t\t\tsamedi 21 f\u00e9vrier 20h45\n\t\t\t\t\t\t\t\t\t<\/li>\n<\/ul>\n<h4>INFOS SUR LE FILM<\/h4>\n<p>\t\t<a href=\"https:\/\/www.allocine.fr\/film\/agenda\/sem-2026-01-28\/\"> 28 janvier 2026 <\/a>  en salle  | 2h 06min | <a href=\"https:\/\/www.allocine.fr\/films\/genre-13008\/\">Drame<\/a>, <a href=\"https:\/\/www.allocine.fr\/films\/genre-13023\/\">Thriller<\/a>De <a href=\"https:\/\/www.allocine.fr\/personne\/fichepersonne_gen_cpersonne=181956.html\">Yann Gozlan<\/a>Par <a href=\"https:\/\/www.allocine.fr\/personne\/fichepersonne_gen_cpersonne=130709.html\">Jean-Baptiste Delafon<\/a>, <a href=\"https:\/\/www.allocine.fr\/personne\/fichepersonne_gen_cpersonne=181956.html\">Yann Gozlan<\/a>Avec <a href=\"https:\/\/www.allocine.fr\/personne\/fichepersonne_gen_cpersonne=228780.html\">Pierre Niney<\/a>, <a href=\"https:\/\/www.allocine.fr\/personne\/fichepersonne_gen_cpersonne=920476.html\">Marion Barbeau<\/a>, <a href=\"https:\/\/www.allocine.fr\/personne\/fichepersonne_gen_cpersonne=694730.html\">Anthony Bajon<\/a><br \/>\n\t\t\t<a href=\"https:\/\/www.youtube.com\/watch?v=fJPl2vIVyQo\" target=\"_blank\" role=\"button\" rel=\"noopener\"><br \/>\n\t\t\t\t\t\tVoir la bande annonce<br \/>\n\t\t\t\t\t<\/a><br \/>\n\t\t\t<a href=\"#top\" role=\"button\"><br \/>\n\t\t\t\t\t\thaut de la page<br \/>\n\t\t\t\t\t<\/a><\/p>\n<h4>Nuremberg (vo)<\/h4>\n<p>\t\t\t\t\t\t\t\t\t\t<img width=\"730\" height=\"973\" src=\"http:\/\/lelalano.fr\/wp-content\/uploads\/2026\/02\/Nuremberg-768x1024.jpg\" alt=\"\" decoding=\"async\" loading=\"lazy\" srcset=\"https:\/\/lelalano.fr\/wp-content\/uploads\/2026\/02\/Nuremberg-768x1024.jpg 768w, https:\/\/lelalano.fr\/wp-content\/uploads\/2026\/02\/Nuremberg-225x300.jpg 225w, https:\/\/lelalano.fr\/wp-content\/uploads\/2026\/02\/Nuremberg.jpg 810w\" sizes=\"(max-width: 730px) 100vw, 730px\" \/>\t\t\t\t\t\t\t\t\t\t\t<\/p>\n<h2>Synopsis<\/h2>\n<p>\u00a0<\/p>\n<section id=\"synopsis-details\">Tout public avec avertissement\u00a0<\/p>\n<p>1945. Il est temps d\u2019instruire le proc\u00e8s du r\u00e9gime nazi \u00e0 Nuremberg. Le psychiatre am\u00e9ricain Douglas Kelley doit \u00e9valuer la sant\u00e9 mentale des dignitaires du III\u1d49 Reich. Face au manipulateur Hermann G\u00f6ring, il se retrouve pris dans un rapport de force. S&#8217;ouvre alors un duel avec le mal absolu.<\/p>\n<\/section>\n<h4>S\u00c9ANCES<\/h4>\n<ul>\n<li >\n\t\t\t\t\t\t\t\t\t\tdimanche 22 f\u00e9vrier 20h45 (vostfr)\n\t\t\t\t\t\t\t\t\t<\/li>\n<\/ul>\n<h4>INFOS SUR LE FILM<\/h4>\n<p>\t\t<a href=\"https:\/\/www.allocine.fr\/film\/agenda\/sem-2026-01-28\/\"> 28 janvier 2026 <\/a>  en salle  | 2h 28min | <a href=\"https:\/\/www.allocine.fr\/films\/genre-13008\/\">Drame<\/a>, <a href=\"https:\/\/www.allocine.fr\/films\/genre-13015\/\">Historique<\/a>De <a href=\"https:\/\/www.allocine.fr\/personne\/fichepersonne_gen_cpersonne=66731.html\">James Vanderbilt<\/a>Par <a href=\"https:\/\/www.allocine.fr\/personne\/fichepersonne_gen_cpersonne=66731.html\">James Vanderbilt<\/a>Avec <a href=\"https:\/\/www.allocine.fr\/personne\/fichepersonne_gen_cpersonne=20966.html\">Russell Crowe<\/a>, <a href=\"https:\/\/www.allocine.fr\/personne\/fichepersonne_gen_cpersonne=135438.html\">Rami Malek<\/a>, <a href=\"https:\/\/www.allocine.fr\/personne\/fichepersonne_gen_cpersonne=25110.html\">Richard E. Grant<\/a>\u00a0<br \/>\n\t\t\t<a href=\"https:\/\/www.youtube.com\/watch?v=-MOF8tiizHk\" target=\"_blank\" role=\"button\" rel=\"noopener\"><br \/>\n\t\t\t\t\t\tVOIR LA BANDE ANNONCE<br \/>\n\t\t\t\t\t<\/a><br \/>\n\t\t\t<a href=\"#top\" role=\"button\"><br \/>\n\t\t\t\t\t\thaut de la page<br \/>\n\t\t\t\t\t<\/a><\/p>\n<h4>Le Mage du Kremlin<\/h4>\n<p>\t\t\t\t\t\t\t\t\t\t<img width=\"730\" height=\"973\" src=\"http:\/\/lelalano.fr\/wp-content\/uploads\/2026\/02\/Le-Mage-du-Kremlin-1-768x1024.jpg\" alt=\"\" decoding=\"async\" loading=\"lazy\" srcset=\"https:\/\/lelalano.fr\/wp-content\/uploads\/2026\/02\/Le-Mage-du-Kremlin-1-768x1024.jpg 768w, https:\/\/lelalano.fr\/wp-content\/uploads\/2026\/02\/Le-Mage-du-Kremlin-1-225x300.jpg 225w, https:\/\/lelalano.fr\/wp-content\/uploads\/2026\/02\/Le-Mage-du-Kremlin-1.jpg 810w\" sizes=\"(max-width: 730px) 100vw, 730px\" \/>\t\t\t\t\t\t\t\t\t\t\t<\/p>\n<h2>Synopsis<\/h2>\n<p>Tout public\u00a0<\/p>\n<p>Russie, dans les ann\u00e9es 1990. L\u2019URSS s\u2019effondre. Dans le tumulte d\u2019un pays en reconstruction, un jeune homme \u00e0 l\u2019intelligence redoutable, Vadim Baranov, trace sa voie. D\u2019abord artiste puis producteur de t\u00e9l\u00e9-r\u00e9alit\u00e9, il devient le conseiller officieux d\u2019un ancien agent du KGB promis \u00e0 un pouvoir absolu, le futur \u00ab Tsar \u00bb Vladimir Poutine.<\/p>\n<p>Plong\u00e9 au c\u0153ur du syst\u00e8me, Baranov devient un rouage central de la nouvelle Russie, fa\u00e7onnant les discours, les images, les perceptions. Mais une pr\u00e9sence \u00e9chappe \u00e0 son contr\u00f4le : Ksenia, femme libre et insaisissable, incarne une \u00e9chapp\u00e9e possible, loin des logiques d\u2019influence et de domination.<\/p>\n<p>Quinze ans plus tard, apr\u00e8s s\u2019\u00eatre retir\u00e9 dans le silence, Baranov accepte de parler. Ce qu\u2019il r\u00e9v\u00e8le alors brouille les fronti\u00e8res entre r\u00e9alit\u00e9 et fiction, conviction et strat\u00e9gie. Le Mage du Kremlin est une plong\u00e9e dans les arcanes du pouvoir, un r\u00e9cit o\u00f9 chaque mot dissimule une faille.<\/p>\n<p>\u00a0<\/p>\n<h4>S\u00c9ANCES<\/h4>\n<ul>\n<li >\n\t\t\t\t\t\t\t\t\t\tmardi 24 f\u00e9vrier 20h45\n\t\t\t\t\t\t\t\t\t<\/li>\n<\/ul>\n<h4>INFOS SUR LE FILM<\/h4>\n<p>\t\t<a href=\"https:\/\/www.allocine.fr\/film\/agenda\/sem-2026-01-21\/\"> 21 janvier 2026 <\/a>  en salle  | 2h 25min | <a href=\"https:\/\/www.allocine.fr\/films\/genre-13023\/\">Thriller<\/a>De <a href=\"https:\/\/www.allocine.fr\/personne\/fichepersonne_gen_cpersonne=5790.html\">Olivier Assayas<\/a>Par <a href=\"https:\/\/www.allocine.fr\/personne\/fichepersonne_gen_cpersonne=5790.html\">Olivier Assayas<\/a>, <a href=\"https:\/\/www.allocine.fr\/personne\/fichepersonne_gen_cpersonne=46323.html\">Emmanuel Carr\u00e8re<\/a>Avec <a href=\"https:\/\/www.allocine.fr\/personne\/fichepersonne_gen_cpersonne=90379.html\">Paul Dano<\/a>, <a href=\"https:\/\/www.allocine.fr\/personne\/fichepersonne_gen_cpersonne=17802.html\">Jude Law<\/a>, <a href=\"https:\/\/www.allocine.fr\/personne\/fichepersonne_gen_cpersonne=515413.html\">Alicia Vikander<\/a>Titre original  The Wizard Of The Kremlin<br \/>\n\t\t\t<a href=\"https:\/\/www.youtube.com\/watch?v=M14DI1qeXM8\" target=\"_blank\" role=\"button\" rel=\"noopener\"><br \/>\n\t\t\t\t\t\tVoir la bande annonce<br \/>\n\t\t\t\t\t<\/a><br \/>\n\t\t\t<a href=\"#top\" role=\"button\"><br \/>\n\t\t\t\t\t\thaut de la page<br \/>\n\t\t\t\t\t<\/a><\/p>\n","protected":false},"excerpt":{"rendered":"<p>Petit R\u00e9cap&#8217; de la semaine mercredi 18 f\u00e9vrier Les L\u00e9gendaires \u00e0 16h La Grazia \u00e0 20h45 (vo) samedi 21 f\u00e9vrier Gourou \u00e0 20h45 dimanche 22 f\u00e9vrier Nuremberg \u00e0 20h45 (vo) mardi 24 f\u00e9vrier Le Mage du Kremlin \u00e0 20h45 Les L\u00e9gendaires Synopsis Tout public\u00a0 Les L\u00e9gendaires, intr\u00e9pides aventuriers, \u00e9taient les plus grands h\u00e9ros de leur<span class=\"read-more-wrap\"><a class=\"moretag\" href=\"https:\/\/lelalano.fr\/index.php\/semaine-du-mer-18-fev-au-mar-24-fev-2026\/\">Lire la suite<span class=\"screen-reader-text\">Semaine du Mer. 18 f\u00e9vrier au Mar. 24 f\u00e9vrier 2026<\/span><\/a><\/span><\/p>\n","protected":false},"author":1,"featured_media":0,"parent":0,"menu_order":0,"comment_status":"closed","ping_status":"closed","template":"","meta":{"footnotes":""},"_links":{"self":[{"href":"https:\/\/lelalano.fr\/index.php\/wp-json\/wp\/v2\/pages\/14083"}],"collection":[{"href":"https:\/\/lelalano.fr\/index.php\/wp-json\/wp\/v2\/pages"}],"about":[{"href":"https:\/\/lelalano.fr\/index.php\/wp-json\/wp\/v2\/types\/page"}],"author":[{"embeddable":true,"href":"https:\/\/lelalano.fr\/index.php\/wp-json\/wp\/v2\/users\/1"}],"replies":[{"embeddable":true,"href":"https:\/\/lelalano.fr\/index.php\/wp-json\/wp\/v2\/comments?post=14083"}],"version-history":[{"count":20,"href":"https:\/\/lelalano.fr\/index.php\/wp-json\/wp\/v2\/pages\/14083\/revisions"}],"predecessor-version":[{"id":14193,"href":"https:\/\/lelalano.fr\/index.php\/wp-json\/wp\/v2\/pages\/14083\/revisions\/14193"}],"wp:attachment":[{"href":"https:\/\/lelalano.fr\/index.php\/wp-json\/wp\/v2\/media?parent=14083"}],"curies":[{"name":"wp","href":"https:\/\/api.w.org\/{rel}","templated":true}]}}