{"id":14109,"date":"2026-02-03T11:07:35","date_gmt":"2026-02-03T10:07:35","guid":{"rendered":"https:\/\/lelalano.fr\/?page_id=14109"},"modified":"2026-02-04T19:06:48","modified_gmt":"2026-02-04T18:06:48","slug":"semaine-du-mer-25-fev-au-mar-03-mar-2026","status":"publish","type":"page","link":"https:\/\/lelalano.fr\/index.php\/semaine-du-mer-25-fev-au-mar-03-mar-2026\/","title":{"rendered":"Semaine du Mer. 25 f\u00e9vrier au Mar. 03 mars 2026"},"content":{"rendered":"<h4>Petit R\u00e9cap&#8217; de la semaine<\/h4>\n<p>\t\t\t\t\t\t\t\t\t\t\t\tmercredi 25 f\u00e9vrier\t\t\t\t\t<\/p>\n<ul>\n<li><a href=\"#bis\">Biscuit le chien fantastique<\/a>\u00a0\u00e0 16h<\/li>\n<li><a href=\"#gou\">Gourou<\/a> \u00e0 20h45<\/li>\n<\/ul>\n<p>\t\t\t\t\t\t\t\t\t\t\t\tjeudi 26 f\u00e9vrier\t\t\t\t\t<\/p>\n<ul>\n<li><a href=\"#les\">Les L\u00e9gendaires<\/a> \u00e0 15h<\/li>\n<li><a href=\"#ham\">Hamnet<\/a> \u00e0 17h (vo)<\/li>\n<\/ul>\n<p>\t\t\t\t\t\t\t\t\t\t\t\tsamedi 28 f\u00e9vrier\t\t\t\t\t<\/p>\n<ul>\n<li><a href=\"#rur\">RURAL<\/a> \u00e0 19H (avant-premi\u00e8re)<\/li>\n<\/ul>\n<p>\t\t\t\t\t\t\t\t\t\t\t\tdimanche 01 mars\t\t\t\t\t<\/p>\n<ul>\n<li><a href=\"#n12\">N121-bus de nuit<\/a> \u00e0 20h45<\/li>\n<\/ul>\n<p>\t\t\t\t\t\t\t\t\t\t\t\tmardi 03 mars\t\t\t\t\t<\/p>\n<ul>\n<li><a href=\"#api\">\u00c0 pied d\u2019\u0153uvre<\/a> \u00e0 20h45<\/li>\n<\/ul>\n<h4>Biscuit le chien fantastique<\/h4>\n<p>\t\t\t\t\t\t\t\t\t\t<img width=\"730\" height=\"913\" src=\"http:\/\/lelalano.fr\/wp-content\/uploads\/2026\/02\/Biscuit-le-chien-fantastique-819x1024.jpg\" alt=\"\" decoding=\"async\" loading=\"lazy\" srcset=\"https:\/\/lelalano.fr\/wp-content\/uploads\/2026\/02\/Biscuit-le-chien-fantastique-819x1024.jpg 819w, https:\/\/lelalano.fr\/wp-content\/uploads\/2026\/02\/Biscuit-le-chien-fantastique-240x300.jpg 240w, https:\/\/lelalano.fr\/wp-content\/uploads\/2026\/02\/Biscuit-le-chien-fantastique-768x960.jpg 768w, https:\/\/lelalano.fr\/wp-content\/uploads\/2026\/02\/Biscuit-le-chien-fantastique.jpg 864w\" sizes=\"(max-width: 730px) 100vw, 730px\" \/>\t\t\t\t\t\t\t\t\t\t\t<\/p>\n<h2>Synopsis<\/h2>\n<p>Tout public\u00a0<\/p>\n<p>Danny et son petit chien Biscuit sont les meilleurs amis du monde. Un jour, une magie myst\u00e9rieuse donne \u00e0 Biscuit des pouvoirs incroyables : il peut d\u00e9sormais parler et voler. D\u00e8s que quelqu\u2019un a besoin de lui, il met son masque, enfile sa cape et s\u2019\u00e9lance dans le ciel pour aider : il est devenu un chien fantastique ! Biscuit a d\u00e9sormais deux passions : manger des tacos et sauver le monde. Mais Pudding, le chat du voisin, lui aussi dot\u00e9 de super-pouvoirs, r\u00eave de faire r\u00e9gner les chats sur l\u2019univers. Danny et Biscuit devront prouver qu\u2019ensemble, rien ne peut les arr\u00eater !<\/p>\n<p>\u00a0<\/p>\n<h4>S\u00c9ANCES<\/h4>\n<ul>\n<li >\n\t\t\t\t\t\t\t\t\t\tmercredi 25 f\u00e9vrier 16h\n\t\t\t\t\t\t\t\t\t<\/li>\n<\/ul>\n<h4>INFOS SUR LE FILM<\/h4>\n<p>\t\t<a href=\"https:\/\/www.allocine.fr\/film\/agenda\/sem-2026-02-04\/\"> 4 f\u00e9vrier 2026 <\/a>  en salle  | 1h 32min | <a href=\"https:\/\/www.allocine.fr\/films\/genre-13026\/\">Animation<\/a>, <a href=\"https:\/\/www.allocine.fr\/films\/genre-13005\/\">Com\u00e9die<\/a>, <a href=\"https:\/\/www.allocine.fr\/films\/genre-13036\/\">Famille<\/a>De <a href=\"https:\/\/www.allocine.fr\/personne\/fichepersonne_gen_cpersonne=409361.html\">Shea Wageman<\/a>Par <a href=\"https:\/\/www.allocine.fr\/personne\/fichepersonne_gen_cpersonne=409361.html\">Shea Wageman<\/a>, <a href=\"https:\/\/www.allocine.fr\/personne\/fichepersonne_gen_cpersonne=897475.html\">Steve Ball<\/a>Avec <a href=\"https:\/\/www.allocine.fr\/personne\/fichepersonne_gen_cpersonne=801910.html\"> Artus<\/a>, <a href=\"https:\/\/www.allocine.fr\/personne\/fichepersonne_gen_cpersonne=29666.html\">Owen Wilson<\/a>, <a href=\"https:\/\/www.allocine.fr\/personne\/fichepersonne_gen_cpersonne=927263.html\">Dawson Littman<\/a>Titre original  Charlie the Wonderdog\u00e0 partir de 6 ans<br \/>\n\t\t\t<a href=\"https:\/\/www.youtube.com\/watch?v=VmxXMWGaDzQ\" target=\"_blank\" role=\"button\" rel=\"noopener\"><br \/>\n\t\t\t\t\t\tVOIR LA BANDE ANNONCE<br \/>\n\t\t\t\t\t<\/a><br \/>\n\t\t\t<a href=\"#top\" role=\"button\"><br \/>\n\t\t\t\t\t\thaut de la page<br \/>\n\t\t\t\t\t<\/a><\/p>\n<h4>Gourou<\/h4>\n<p>\t\t\t\t\t\t\t\t\t\t<img width=\"730\" height=\"973\" src=\"http:\/\/lelalano.fr\/wp-content\/uploads\/2026\/02\/Gourou-768x1024.jpg\" alt=\"\" decoding=\"async\" loading=\"lazy\" srcset=\"https:\/\/lelalano.fr\/wp-content\/uploads\/2026\/02\/Gourou-768x1024.jpg 768w, https:\/\/lelalano.fr\/wp-content\/uploads\/2026\/02\/Gourou-225x300.jpg 225w, https:\/\/lelalano.fr\/wp-content\/uploads\/2026\/02\/Gourou.jpg 810w\" sizes=\"(max-width: 730px) 100vw, 730px\" \/>\t\t\t\t\t\t\t\t\t\t\t<\/p>\n<h2>Synopsis<\/h2>\n<p>Tout public avec avertissement\u00a0<\/p>\n<p>Matt est le coach en d\u00e9veloppement personnel le plus suivi de France. Dans une soci\u00e9t\u00e9 en qu\u00eate de sens o\u00f9 la r\u00e9ussite individuelle est devenue sacr\u00e9e, il propose \u00e0 ses adeptes une catharsis qui \u00e9lectrise les foules autant qu&#8217;elle inqui\u00e8te les autorit\u00e9s. Sous le feu des critiques, Matt va s&#8217;engager dans une fuite en avant qui le m\u00e8nera aux fronti\u00e8res de la folie et peut-\u00eatre de la gloire&#8230;<\/p>\n<h4>S\u00c9ANCES<\/h4>\n<ul>\n<li >\n\t\t\t\t\t\t\t\t\t\tmercredi 25 f\u00e9vrier 20h45\n\t\t\t\t\t\t\t\t\t<\/li>\n<\/ul>\n<h4>INFOS SUR LE FILM<\/h4>\n<p>\t\t<a href=\"https:\/\/www.allocine.fr\/film\/agenda\/sem-2026-01-28\/\"> 28 janvier 2026 <\/a>  en salle  | 2h 06min | <a href=\"https:\/\/www.allocine.fr\/films\/genre-13008\/\">Drame<\/a>, <a href=\"https:\/\/www.allocine.fr\/films\/genre-13023\/\">Thriller<\/a>De <a href=\"https:\/\/www.allocine.fr\/personne\/fichepersonne_gen_cpersonne=181956.html\">Yann Gozlan<\/a>Par <a href=\"https:\/\/www.allocine.fr\/personne\/fichepersonne_gen_cpersonne=130709.html\">Jean-Baptiste Delafon<\/a>, <a href=\"https:\/\/www.allocine.fr\/personne\/fichepersonne_gen_cpersonne=181956.html\">Yann Gozlan<\/a>Avec <a href=\"https:\/\/www.allocine.fr\/personne\/fichepersonne_gen_cpersonne=228780.html\">Pierre Niney<\/a>, <a href=\"https:\/\/www.allocine.fr\/personne\/fichepersonne_gen_cpersonne=920476.html\">Marion Barbeau<\/a>, <a href=\"https:\/\/www.allocine.fr\/personne\/fichepersonne_gen_cpersonne=694730.html\">Anthony Bajon<\/a><br \/>\n\t\t\t<a href=\"https:\/\/www.youtube.com\/watch?v=fJPl2vIVyQo\" target=\"_blank\" role=\"button\" rel=\"noopener\"><br \/>\n\t\t\t\t\t\tbande annonce<br \/>\n\t\t\t\t\t<\/a><br \/>\n\t\t\t<a href=\"#top\" role=\"button\"><br \/>\n\t\t\t\t\t\thaut de la page<br \/>\n\t\t\t\t\t<\/a><\/p>\n<h4>Les L\u00e9gendaires<\/h4>\n<p>\t\t\t\t\t\t\t\t\t\t<img width=\"680\" height=\"924\" src=\"http:\/\/lelalano.fr\/wp-content\/uploads\/2026\/02\/Les-Legendaires.jpg\" alt=\"\" decoding=\"async\" loading=\"lazy\" srcset=\"https:\/\/lelalano.fr\/wp-content\/uploads\/2026\/02\/Les-Legendaires.jpg 680w, https:\/\/lelalano.fr\/wp-content\/uploads\/2026\/02\/Les-Legendaires-221x300.jpg 221w\" sizes=\"(max-width: 680px) 100vw, 680px\" \/>\t\t\t\t\t\t\t\t\t\t\t<\/p>\n<h2>Synopsis<\/h2>\n<p>Tout public\u00a0<\/p>\n<p>Les L\u00e9gendaires, intr\u00e9pides aventuriers, \u00e9taient les plus grands h\u00e9ros de leur temps. Mais suite \u00e0 une terrible mal\u00e9diction, les voil\u00e0 redevenus&#8230; des enfants de 10 ans ! Dana\u00ebl, Jadina, Gryf, Shimy et Razzia vont unir leurs pouvoirs pour vaincre le sorcier Darkhell et lib\u00e9rer leur plan\u00e8te de l\u2019enfance \u00e9ternelle\u2026<\/p>\n<p>\u00a0<\/p>\n<h4>S\u00c9ANCES<\/h4>\n<ul>\n<li >\n\t\t\t\t\t\t\t\t\t\tjeudi 26 f\u00e9vrier 15h\n\t\t\t\t\t\t\t\t\t<\/li>\n<\/ul>\n<h4>INFOS SUR LE FILM<\/h4>\n<p>\t\t<a href=\"https:\/\/www.allocine.fr\/film\/agenda\/sem-2026-01-28\/\"> 28 janvier 2026 <\/a>  en salle  | 1h 32min | <a href=\"https:\/\/www.allocine.fr\/films\/genre-13026\/\">Animation<\/a>, <a href=\"https:\/\/www.allocine.fr\/films\/genre-13001\/\">Aventure<\/a>, <a href=\"https:\/\/www.allocine.fr\/films\/genre-13012\/\">Fantastique<\/a>De <a href=\"https:\/\/www.allocine.fr\/personne\/fichepersonne_gen_cpersonne=180309.html\">Guillaume Ivernel<\/a>Par <a href=\"https:\/\/www.allocine.fr\/personne\/fichepersonne_gen_cpersonne=590105.html\">Antoine Schoumsky<\/a>Avec <a href=\"https:\/\/www.allocine.fr\/personne\/fichepersonne_gen_cpersonne=1000016671.html\">Roman Doduik<\/a>, <a href=\"https:\/\/www.allocine.fr\/personne\/fichepersonne_gen_cpersonne=1000060397.html\">Esth\u00e8le Dumand<\/a>, <a href=\"https:\/\/www.allocine.fr\/personne\/fichepersonne_gen_cpersonne=916554.html\">Elise Tilloloy<\/a>\u00e0 partir de 6 ans\u00a0<br \/>\n\t\t\t<a href=\"https:\/\/www.youtube.com\/watch?v=pV1SWn1Ywh8\" target=\"_blank\" role=\"button\" rel=\"noopener\"><br \/>\n\t\t\t\t\t\tVoir la bande annonce<br \/>\n\t\t\t\t\t<\/a><br \/>\n\t\t\t<a href=\"#top\" role=\"button\"><br \/>\n\t\t\t\t\t\thaut de la page<br \/>\n\t\t\t\t\t<\/a><\/p>\n<h4>Hamnet (vo)<\/h4>\n<p>\t\t\t\t\t\t\t\t\t\t<img width=\"730\" height=\"973\" src=\"http:\/\/lelalano.fr\/wp-content\/uploads\/2026\/02\/Hamnet-768x1024.jpg\" alt=\"\" decoding=\"async\" loading=\"lazy\" srcset=\"https:\/\/lelalano.fr\/wp-content\/uploads\/2026\/02\/Hamnet-768x1024.jpg 768w, https:\/\/lelalano.fr\/wp-content\/uploads\/2026\/02\/Hamnet-225x300.jpg 225w, https:\/\/lelalano.fr\/wp-content\/uploads\/2026\/02\/Hamnet.jpg 810w\" sizes=\"(max-width: 730px) 100vw, 730px\" \/>\t\t\t\t\t\t\t\t\t\t\t<\/p>\n<h2>Synopsis<\/h2>\n<section id=\"synopsis-details\">Tout public\u00a0<\/p>\n<p>Angleterre, 1580. Un professeur de latin fauch\u00e9, fait la connaissance d\u2019Agnes, jeune femme \u00e0 l\u2019esprit libre. Fascin\u00e9s l\u2019un par l\u2019autre, ils entament une liaison fougueuse avant de se marier et d\u2019avoir trois enfants. Tandis que Will tente sa chance comme dramaturge \u00e0 Londres, Agnes assume seule les t\u00e2ches domestiques. Lorsqu\u2019un drame se produit, le couple, autrefois profond\u00e9ment uni, vacille. Mais c\u2019est de leur \u00e9preuve commune que na\u00eetra l\u2019inspiration d\u2019un chef d\u2019\u0153uvre universel.<\/p>\n<\/section>\n<h4>S\u00c9ANCES<\/h4>\n<ul>\n<li >\n\t\t\t\t\t\t\t\t\t\tjeudi 26 f\u00e9vrier \u00e0 17h (vostfr)\n\t\t\t\t\t\t\t\t\t<\/li>\n<\/ul>\n<h4>INFOS SUR LE FILM<\/h4>\n<p>\t\t<a href=\"https:\/\/www.allocine.fr\/film\/agenda\/sem-2026-01-21\/\"> 21 janvier 2026 <\/a>  en salle  | 2h 05min | <a href=\"https:\/\/www.allocine.fr\/films\/genre-13008\/\">Drame<\/a>De <a href=\"https:\/\/www.allocine.fr\/personne\/fichepersonne_gen_cpersonne=714671.html\">Chlo\u00e9 Zhao<\/a>Par <a href=\"https:\/\/www.allocine.fr\/personne\/fichepersonne_gen_cpersonne=714671.html\">Chlo\u00e9 Zhao<\/a>, <a href=\"https:\/\/www.allocine.fr\/personne\/fichepersonne_gen_cpersonne=991338.html\">Maggie O\u2019Farrell<\/a>Avec <a href=\"https:\/\/www.allocine.fr\/personne\/fichepersonne_gen_cpersonne=876352.html\">Paul Mescal<\/a>, <a href=\"https:\/\/www.allocine.fr\/personne\/fichepersonne_gen_cpersonne=723723.html\">Jessie Buckley<\/a>, <a href=\"https:\/\/www.allocine.fr\/personne\/fichepersonne_gen_cpersonne=24887.html\">Emily Watson<\/a>\u00a0<br \/>\n\t\t\t<a href=\"https:\/\/www.youtube.com\/watch?v=b-2Nx-x9NsgOF8tiizHk\" target=\"_blank\" role=\"button\" rel=\"noopener\"><br \/>\n\t\t\t\t\t\tVOIR LA BANDE ANNONCE<br \/>\n\t\t\t\t\t<\/a><br \/>\n\t\t\t<a href=\"#top\" role=\"button\"><br \/>\n\t\t\t\t\t\thaut de la page<br \/>\n\t\t\t\t\t<\/a><\/p>\n<h4>Rural<\/h4>\n<p>\t\t\t\t\t\t\t\t\t\t<img width=\"730\" height=\"973\" src=\"http:\/\/lelalano.fr\/wp-content\/uploads\/2026\/02\/Rural-768x1024.jpg\" alt=\"\" decoding=\"async\" loading=\"lazy\" srcset=\"https:\/\/lelalano.fr\/wp-content\/uploads\/2026\/02\/Rural-768x1024.jpg 768w, https:\/\/lelalano.fr\/wp-content\/uploads\/2026\/02\/Rural-225x300.jpg 225w, https:\/\/lelalano.fr\/wp-content\/uploads\/2026\/02\/Rural.jpg 810w\" sizes=\"(max-width: 730px) 100vw, 730px\" \/>\t\t\t\t\t\t\t\t\t\t\t<\/p>\n<h2>Synopsis<\/h2>\n<p>Avant-premi\u00e8re<\/p>\n<p><strong>Projection pr\u00e9c\u00e9d\u00e9e d&#8217;une pr\u00e9sentation des chercheurs de l&#8217;\u00e9quipe dynamiques rurales (lisst) et suivie d&#8217;une discussion.<\/strong><\/p>\n<p>\u00a0Edouard Bergeon (\u00ab Au Nom de la Terre \u00bb) nous plonge dans la vie de J\u00e9r\u00f4me Bayle, \u00e9leveur charismatique du Sud-Ouest et figure nationale de la ruralit\u00e9. Avec humour et tendresse, il dresse un portrait sensible de l\u2019agriculture familiale fran\u00e7aise d\u2019aujourd\u2019hui et de ceux qui se battent pour la faire perdurer.\t\t<\/p>\n<h4>S\u00c9ANCES<\/h4>\n<ul>\n<li >\n\t\t\t\t\t\t\t\t\t\tsamedi 28 f\u00e9vrier 19h (avant-premi\u00e8re)\n\t\t\t\t\t\t\t\t\t<\/li>\n<\/ul>\n<h4>INFOS SUR LE FILM<\/h4>\n<p>\t\t<a href=\"https:\/\/www.allocine.fr\/film\/agenda\/sem-2026-03-04\/\"> 4 mars 2026 <\/a>  en salle  | 1h 33min | <a href=\"https:\/\/www.allocine.fr\/films\/documentaires\/\">Documentaire<\/a>De <a href=\"https:\/\/www.allocine.fr\/personne\/fichepersonne_gen_cpersonne=629594.html\">Edouard Bergeon<\/a>Par <a href=\"https:\/\/www.allocine.fr\/personne\/fichepersonne_gen_cpersonne=629594.html\">Edouard Bergeon<\/a>, <a href=\"https:\/\/www.allocine.fr\/personne\/fichepersonne_gen_cpersonne=1000073246.html\">Fran\u00e7ois Pursigle<\/a><br \/>\n\t\t\t<a href=\"https:\/\/www.youtube.com\/watch?v=OX9FmEhIPgQ\" target=\"_blank\" role=\"button\" rel=\"noopener\"><br \/>\n\t\t\t\t\t\tVoir la bande annonce<br \/>\n\t\t\t\t\t<\/a><br \/>\n\t\t\t<a href=\"#top\" role=\"button\"><br \/>\n\t\t\t\t\t\thaut de la page<br \/>\n\t\t\t\t\t<\/a><\/p>\n<h4>N121 &#8211; Bus de nuit<\/h4>\n<p>\t\t\t\t\t\t\t\t\t\t<img width=\"730\" height=\"973\" src=\"http:\/\/lelalano.fr\/wp-content\/uploads\/2026\/02\/N121-Bus-de-nuit-768x1024.jpg\" alt=\"\" decoding=\"async\" loading=\"lazy\" srcset=\"https:\/\/lelalano.fr\/wp-content\/uploads\/2026\/02\/N121-Bus-de-nuit-768x1024.jpg 768w, https:\/\/lelalano.fr\/wp-content\/uploads\/2026\/02\/N121-Bus-de-nuit-225x300.jpg 225w, https:\/\/lelalano.fr\/wp-content\/uploads\/2026\/02\/N121-Bus-de-nuit.jpg 810w\" sizes=\"(max-width: 730px) 100vw, 730px\" \/>\t\t\t\t\t\t\t\t\t\t\t<\/p>\n<h2>Synopsis<\/h2>\n<p>Tout public\u00a0<\/p>\n<p>Oscar, Simon et A\u00efssa, trois amis d\u2019enfance, vont \u00e0 Paris pour f\u00eater une bonne nouvelle. Mais dans le bus de nuit qui les ram\u00e8ne chez eux, le N121, un \u00e9change entre passagers d\u00e9g\u00e9n\u00e8re et la situation d\u00e9rape.<\/p>\n<p>\u00a0<\/p>\n<h4>S\u00c9ANCES<\/h4>\n<ul>\n<li >\n\t\t\t\t\t\t\t\t\t\tdimanche 01 mars 20h45\n\t\t\t\t\t\t\t\t\t<\/li>\n<\/ul>\n<h4>INFOS SUR LE FILM<\/h4>\n<p>\t\t<a href=\"https:\/\/www.allocine.fr\/film\/agenda\/sem-2026-02-04\/\"> 4 f\u00e9vrier 2026 <\/a>  en salle  | 1h 30min | <a href=\"https:\/\/www.allocine.fr\/films\/genre-13008\/\">Drame<\/a>, <a href=\"https:\/\/www.allocine.fr\/films\/genre-13023\/\">Thriller<\/a>De <a href=\"https:\/\/www.allocine.fr\/personne\/fichepersonne_gen_cpersonne=598936.html\">Morade A\u00efssaoui<\/a>Par <a href=\"https:\/\/www.allocine.fr\/personne\/fichepersonne_gen_cpersonne=598936.html\">Morade A\u00efssaoui<\/a>, <a href=\"https:\/\/www.allocine.fr\/personne\/fichepersonne_gen_cpersonne=598934.html\">Kamel Guemra<\/a>Avec <a href=\"https:\/\/www.allocine.fr\/personne\/fichepersonne_gen_cpersonne=914453.html\">Riadh Bela\u00efche<\/a>, <a href=\"https:\/\/www.allocine.fr\/personne\/fichepersonne_gen_cpersonne=857942.html\">Bakary Diombera<\/a>, <a href=\"https:\/\/www.allocine.fr\/personne\/fichepersonne_gen_cpersonne=857940.html\">Gaspard Gevin-Hi\u00e9<\/a><br \/>\n\t\t\t<a href=\"https:\/\/www.youtube.com\/watch?v=jBD-u_WfVhM\" target=\"_blank\" role=\"button\" rel=\"noopener\"><br \/>\n\t\t\t\t\t\tVoir la bande annonce<br \/>\n\t\t\t\t\t<\/a><br \/>\n\t\t\t<a href=\"#top\" role=\"button\"><br \/>\n\t\t\t\t\t\thaut de la page<br \/>\n\t\t\t\t\t<\/a><\/p>\n<h4>\u00c0 pied d&#8217;\u0153uvre<\/h4>\n<p>\t\t\t\t\t\t\t\t\t\t<img width=\"730\" height=\"994\" src=\"http:\/\/lelalano.fr\/wp-content\/uploads\/2026\/02\/A-pied-doeuvre-752x1024.jpg\" alt=\"\" decoding=\"async\" loading=\"lazy\" srcset=\"https:\/\/lelalano.fr\/wp-content\/uploads\/2026\/02\/A-pied-doeuvre-752x1024.jpg 752w, https:\/\/lelalano.fr\/wp-content\/uploads\/2026\/02\/A-pied-doeuvre-220x300.jpg 220w, https:\/\/lelalano.fr\/wp-content\/uploads\/2026\/02\/A-pied-doeuvre-768x1046.jpg 768w, https:\/\/lelalano.fr\/wp-content\/uploads\/2026\/02\/A-pied-doeuvre.jpg 793w\" sizes=\"(max-width: 730px) 100vw, 730px\" \/>\t\t\t\t\t\t\t\t\t\t\t<\/p>\n<h2>Synopsis<\/h2>\n<p>Tout public\u00a0<\/p>\n<p>Achever un texte ne veut pas dire \u00eatre publi\u00e9, \u00eatre publi\u00e9 ne veut pas dire \u00eatre lu, \u00eatre lu ne veut pas dire \u00eatre aim\u00e9, \u00eatre aim\u00e9 ne veut pas dire avoir du succ\u00e8s, avoir du succ\u00e8s n&#8217;augure aucune fortune.<\/p>\n<p>\u00c0 Pied d\u2019\u0153uvre raconte l&#8217;histoire vraie d&#8217;un photographe \u00e0 succ\u00e8s qui abandonne tout pour se consacrer \u00e0 l&#8217;\u00e9criture, et d\u00e9couvre la pauvret\u00e9.<\/p>\n<p>\u00a0<\/p>\n<h4>S\u00c9ANCES<\/h4>\n<ul>\n<li >\n\t\t\t\t\t\t\t\t\t\tmardi 03 mars 20h45\n\t\t\t\t\t\t\t\t\t<\/li>\n<\/ul>\n<h4>INFOS SUR LE FILM<\/h4>\n<p>\t\t<a href=\"https:\/\/www.allocine.fr\/film\/agenda\/sem-2026-02-04\/\"> 4 f\u00e9vrier 2026 <\/a>  en salle  | 1h 32min | <a href=\"https:\/\/www.allocine.fr\/films\/genre-13002\/\">Com\u00e9die dramatique<\/a>De <a href=\"https:\/\/www.allocine.fr\/personne\/fichepersonne_gen_cpersonne=62868.html\">Val\u00e9rie Donzelli<\/a>Par <a href=\"https:\/\/www.allocine.fr\/personne\/fichepersonne_gen_cpersonne=62868.html\">Val\u00e9rie Donzelli<\/a>, <a href=\"https:\/\/www.allocine.fr\/personne\/fichepersonne_gen_cpersonne=40469.html\">Gilles Marchand<\/a>Avec <a href=\"https:\/\/www.allocine.fr\/personne\/fichepersonne_gen_cpersonne=252531.html\">Bastien Bouillon<\/a>, <a href=\"https:\/\/www.allocine.fr\/personne\/fichepersonne_gen_cpersonne=4966.html\">Andr\u00e9 Marcon<\/a>, <a href=\"https:\/\/www.allocine.fr\/personne\/fichepersonne_gen_cpersonne=18566.html\">Virginie Ledoyen<\/a><br \/>\n\t\t\t<a href=\"https:\/\/www.youtube.com\/watch?v=Gifr5NrMeBk\" target=\"_blank\" role=\"button\" rel=\"noopener\"><br \/>\n\t\t\t\t\t\tVoir la bande annonce<br \/>\n\t\t\t\t\t<\/a><br \/>\n\t\t\t<a href=\"#top\" role=\"button\"><br \/>\n\t\t\t\t\t\thaut de la page<br \/>\n\t\t\t\t\t<\/a><\/p>\n","protected":false},"excerpt":{"rendered":"<p>Petit R\u00e9cap&#8217; de la semaine mercredi 25 f\u00e9vrier Biscuit le chien fantastique\u00a0\u00e0 16h Gourou \u00e0 20h45 jeudi 26 f\u00e9vrier Les L\u00e9gendaires \u00e0 15h Hamnet \u00e0 17h (vo) samedi 28 f\u00e9vrier RURAL \u00e0 19H (avant-premi\u00e8re) dimanche 01 mars N121-bus de nuit \u00e0 20h45 mardi 03 mars \u00c0 pied d\u2019\u0153uvre \u00e0 20h45 Biscuit le chien fantastique Synopsis<span class=\"read-more-wrap\"><a class=\"moretag\" href=\"https:\/\/lelalano.fr\/index.php\/semaine-du-mer-25-fev-au-mar-03-mar-2026\/\">Lire la suite<span class=\"screen-reader-text\">Semaine du Mer. 25 f\u00e9vrier au Mar. 03 mars 2026<\/span><\/a><\/span><\/p>\n","protected":false},"author":1,"featured_media":0,"parent":0,"menu_order":0,"comment_status":"closed","ping_status":"closed","template":"","meta":{"footnotes":""},"_links":{"self":[{"href":"https:\/\/lelalano.fr\/index.php\/wp-json\/wp\/v2\/pages\/14109"}],"collection":[{"href":"https:\/\/lelalano.fr\/index.php\/wp-json\/wp\/v2\/pages"}],"about":[{"href":"https:\/\/lelalano.fr\/index.php\/wp-json\/wp\/v2\/types\/page"}],"author":[{"embeddable":true,"href":"https:\/\/lelalano.fr\/index.php\/wp-json\/wp\/v2\/users\/1"}],"replies":[{"embeddable":true,"href":"https:\/\/lelalano.fr\/index.php\/wp-json\/wp\/v2\/comments?post=14109"}],"version-history":[{"count":32,"href":"https:\/\/lelalano.fr\/index.php\/wp-json\/wp\/v2\/pages\/14109\/revisions"}],"predecessor-version":[{"id":14194,"href":"https:\/\/lelalano.fr\/index.php\/wp-json\/wp\/v2\/pages\/14109\/revisions\/14194"}],"wp:attachment":[{"href":"https:\/\/lelalano.fr\/index.php\/wp-json\/wp\/v2\/media?parent=14109"}],"curies":[{"name":"wp","href":"https:\/\/api.w.org\/{rel}","templated":true}]}}