{"id":14292,"date":"2026-03-04T15:30:52","date_gmt":"2026-03-04T14:30:52","guid":{"rendered":"https:\/\/lelalano.fr\/?page_id=14292"},"modified":"2026-03-04T16:57:28","modified_gmt":"2026-03-04T15:57:28","slug":"semaine-du-mer-01-avril-au-mar-07-avril-mars-2026","status":"publish","type":"page","link":"https:\/\/lelalano.fr\/index.php\/semaine-du-mer-01-avril-au-mar-07-avril-mars-2026\/","title":{"rendered":"Semaine du Mer. 01 avril au Mar. 07 avril 2026"},"content":{"rendered":"<h4>Petit R\u00e9cap&#8217; de la semaine<\/h4>\n<p>\t\t\t\t\t\t\t\t\t\t\t\tmercredi 01 avril\t\t\t\t\t<\/p>\n<ul>\n<li><a href=\"#jum\">Jumpers<\/a> \u00e0 16h<\/li>\n<li><a href=\"#orp\">Orphelin<\/a> \u00e0 20h45 (vo)<\/li>\n<\/ul>\n<p>\t\t\t\t\t\t\t\t\t\t\t\tsamedi 04 avril\t\t\t\t\t<\/p>\n<ul>\n<li><a href=\"#jum\">Jumpers<\/a> \u00e0 20h45<\/li>\n<\/ul>\n<p>\t\t\t\t\t\t\t\t\t\t\t\tdimanche 05 avril\t\t\t\t\t<\/p>\n<ul>\n<li><a href=\"#lat\">La traque de Meral<\/a> \u00e0 20h45 (vo)<\/li>\n<\/ul>\n<p>\t\t\t\t\t\t\t\t\t\t\t\tmardi 07 avril\t\t\t\t\t<\/p>\n<ul>\n<li><a href=\"#les\">LES K D&#8217;OR<\/a> \u00e0 20h45<\/li>\n<\/ul>\n<h4>Jumpers<br \/>\n<\/h4>\n<p>\t\t\t\t\t\t\t\t\t\t<img width=\"691\" height=\"1024\" src=\"http:\/\/lelalano.fr\/wp-content\/uploads\/2026\/03\/Jumpers02-691x1024.jpg\" alt=\"\" decoding=\"async\" loading=\"lazy\" srcset=\"https:\/\/lelalano.fr\/wp-content\/uploads\/2026\/03\/Jumpers02-691x1024.jpg 691w, https:\/\/lelalano.fr\/wp-content\/uploads\/2026\/03\/Jumpers02-203x300.jpg 203w, https:\/\/lelalano.fr\/wp-content\/uploads\/2026\/03\/Jumpers02.jpg 729w\" sizes=\"(max-width: 691px) 100vw, 691px\" \/>\t\t\t\t\t\t\t\t\t\t\t<\/p>\n<h2>Synopsis<\/h2>\n<p>Mabel, une adolescente passionn\u00e9e par les animaux, saute (litt\u00e9ralement !) sur l\u2019occasion d\u2019essayer une nouvelle technologie r\u00e9volutionnaire permettant de communiquer avec eux d\u2019une mani\u00e8re totalement in\u00e9dite\u2026 en se glissant dans la peau d\u2019une adorable femelle castor. Con\u00e7u par des scientifiques visionnaires, ce dispositif permet de transf\u00e9rer la conscience humaine dans le corps de robots-animaux plus vrais que nature. Mabel se lance alors dans une aventure unique et riche en d\u00e9couvertes au c\u0153ur du r\u00e8gne animal.<\/p>\n<p>\u00a0<\/p>\n<h4>S\u00c9ANCES<\/h4>\n<ul>\n<li >\n\t\t\t\t\t\t\t\t\t\tmercredi 01 avril 16h\n\t\t\t\t\t\t\t\t\t<\/li>\n<li >\n\t\t\t\t\t\t\t\t\t\tsamedi 04 avril 20h45\n\t\t\t\t\t\t\t\t\t<\/li>\n<\/ul>\n<h4>INFOS SUR LE FILM<\/h4>\n<p>\t\t<a href=\"https:\/\/www.allocine.fr\/film\/agenda\/sem-2026-03-04\/\"> 4 mars 2026 <\/a>  en salle  | 1h 45min | <a href=\"https:\/\/www.allocine.fr\/films\/genre-13026\/\">Animation<\/a>, <a href=\"https:\/\/www.allocine.fr\/films\/genre-13001\/\">Aventure<\/a>, <a href=\"https:\/\/www.allocine.fr\/films\/genre-13005\/\">Com\u00e9die<\/a>De <a href=\"https:\/\/www.allocine.fr\/personne\/fichepersonne_gen_cpersonne=676962.html\">Daniel Chong<\/a>Par <a href=\"https:\/\/www.allocine.fr\/personne\/fichepersonne_gen_cpersonne=715061.html\">Jesse Andrews<\/a>, <a href=\"https:\/\/www.allocine.fr\/personne\/fichepersonne_gen_cpersonne=676962.html\">Daniel Chong<\/a>Avec <a href=\"https:\/\/www.allocine.fr\/personne\/fichepersonne_gen_cpersonne=962448.html\">Mallory Wanecque<\/a>, <a href=\"https:\/\/www.allocine.fr\/personne\/fichepersonne_gen_cpersonne=587897.html\">Piper Curda<\/a>, <a href=\"https:\/\/www.allocine.fr\/personne\/fichepersonne_gen_cpersonne=801910.html\"> Artus<\/a>Titre original  HoppersD\u00e8s 6 ans<br \/>\n\t\t\t<a href=\"https:\/\/www.youtube.com\/watch?v=K2tl-7DCb8o\" target=\"_blank\" role=\"button\" rel=\"noopener\"><br \/>\n\t\t\t\t\t\tVOIR LA BANDE ANNONCE<br \/>\n\t\t\t\t\t<\/a><br \/>\n\t\t\t<a href=\"#top\" role=\"button\"><br \/>\n\t\t\t\t\t\thaut de la page<br \/>\n\t\t\t\t\t<\/a><\/p>\n<h4>Orphelin<\/h4>\n<p>\t\t\t\t\t\t\t\t\t\t<img width=\"730\" height=\"973\" src=\"http:\/\/lelalano.fr\/wp-content\/uploads\/2026\/03\/Orphelin-768x1024.jpg\" alt=\"\" decoding=\"async\" loading=\"lazy\" srcset=\"https:\/\/lelalano.fr\/wp-content\/uploads\/2026\/03\/Orphelin-768x1024.jpg 768w, https:\/\/lelalano.fr\/wp-content\/uploads\/2026\/03\/Orphelin-225x300.jpg 225w, https:\/\/lelalano.fr\/wp-content\/uploads\/2026\/03\/Orphelin.jpg 810w\" sizes=\"(max-width: 730px) 100vw, 730px\" \/>\t\t\t\t\t\t\t\t\t\t\t<\/p>\n<h2>Synopsis<\/h2>\n<p>Tout public\u00a0<\/p>\n<p>Budapest 1957, apr\u00e8s l&#8217;\u00e9chec de l&#8217;insurrection contre le r\u00e9gime communiste. Andor, un jeune gar\u00e7on juif, vit seul avec sa m\u00e8re Klara qui l&#8217;\u00e9l\u00e8ve dans le souvenir de son mari disparu dans les camps. Mais quand un homme rustre tout juste arriv\u00e9 de la campagne pr\u00e9tend \u00eatre son vrai p\u00e8re, le monde d\u2019Andor vole soudain en \u00e9clats\u2026<\/p>\n<h4>S\u00c9ANCES<\/h4>\n<ul>\n<li >\n\t\t\t\t\t\t\t\t\t\tmercredi 01 avril 20h45 (vostfr)\n\t\t\t\t\t\t\t\t\t<\/li>\n<\/ul>\n<h4>INFOS SUR LE FILM<\/h4>\n<p>\t\t<a href=\"https:\/\/www.allocine.fr\/film\/agenda\/sem-2026-03-11\/\"> 11 mars 2026 <\/a>  en salle  | 2h 13min | <a href=\"https:\/\/www.allocine.fr\/films\/genre-13008\/\">Drame<\/a>De <a href=\"https:\/\/www.allocine.fr\/personne\/fichepersonne_gen_cpersonne=731082.html\">L\u00e1szl\u00f3 Nemes<\/a>Par <a href=\"https:\/\/www.allocine.fr\/personne\/fichepersonne_gen_cpersonne=731082.html\">L\u00e1szl\u00f3 Nemes<\/a>, <a href=\"https:\/\/www.allocine.fr\/personne\/fichepersonne_gen_cpersonne=731100.html\">Clara Royer<\/a>Avec <a href=\"https:\/\/www.allocine.fr\/personne\/fichepersonne_gen_cpersonne=1000038387.html\">Bojtorj\u00e1n Barabas<\/a>, <a href=\"https:\/\/www.allocine.fr\/personne\/fichepersonne_gen_cpersonne=943622.html\">Andrea Waskovics<\/a>, <a href=\"https:\/\/www.allocine.fr\/personne\/fichepersonne_gen_cpersonne=167254.html\">Gr\u00e9gory Gadebois<\/a>Titre original  \u00c1rva<br \/>\n\t\t\t<a href=\"https:\/\/www.youtube.com\/watch?v=6pgBYsuAzcA\" target=\"_blank\" role=\"button\" rel=\"noopener\"><br \/>\n\t\t\t\t\t\tbande annonce<br \/>\n\t\t\t\t\t<\/a><br \/>\n\t\t\t<a href=\"#top\" role=\"button\"><br \/>\n\t\t\t\t\t\thaut de la page<br \/>\n\t\t\t\t\t<\/a><\/p>\n<h4>La Traque de Meral<\/h4>\n<p>\t\t\t\t\t\t\t\t\t\t<img width=\"730\" height=\"994\" src=\"http:\/\/lelalano.fr\/wp-content\/uploads\/2026\/03\/La-Traque-de-Meral-752x1024.jpg\" alt=\"\" decoding=\"async\" loading=\"lazy\" srcset=\"https:\/\/lelalano.fr\/wp-content\/uploads\/2026\/03\/La-Traque-de-Meral-752x1024.jpg 752w, https:\/\/lelalano.fr\/wp-content\/uploads\/2026\/03\/La-Traque-de-Meral-220x300.jpg 220w, https:\/\/lelalano.fr\/wp-content\/uploads\/2026\/03\/La-Traque-de-Meral-768x1046.jpg 768w, https:\/\/lelalano.fr\/wp-content\/uploads\/2026\/03\/La-Traque-de-Meral.jpg 793w\" sizes=\"(max-width: 730px) 100vw, 730px\" \/>\t\t\t\t\t\t\t\t\t\t\t<\/p>\n<h2>Synopsis<\/h2>\n<p>Meral, une m\u00e8re c\u00e9libataire n\u00e9erlandaise d\u2019origine turque, est accus\u00e9e \u00e0 tort de fraude fiscale et contrainte de rembourser 34 000 euros d\u2019allocations familiales. Prise dans un engrenage administratif redoutable et traqu\u00e9e sans rel\u00e2che par un enqu\u00eateur social, Meral va prendre une d\u00e9cision radicale pour sauver sa famille.<\/p>\n<p><i>Inspir\u00e9 de faits r\u00e9els.<\/i><\/p>\n<p>\u00a0<\/p>\n<h4>S\u00c9ANCES<\/h4>\n<ul>\n<li >\n\t\t\t\t\t\t\t\t\t\tdimanche 05 avril 20h45 (vostfr)\n\t\t\t\t\t\t\t\t\t<\/li>\n<\/ul>\n<h4>INFOS SUR LE FILM<\/h4>\n<p>\t\t<a href=\"https:\/\/www.allocine.fr\/film\/agenda\/sem-2026-03-11\/\"> 11 mars 2026 <\/a>  en salle  | 1h 31min | <a href=\"https:\/\/www.allocine.fr\/films\/genre-13008\/\">Drame<\/a>De <a href=\"https:\/\/www.allocine.fr\/personne\/fichepersonne_gen_cpersonne=807892.html\">Stijn Bouma<\/a>Par <a href=\"https:\/\/www.allocine.fr\/personne\/fichepersonne_gen_cpersonne=807892.html\">Stijn Bouma<\/a>, <a href=\"https:\/\/www.allocine.fr\/personne\/fichepersonne_gen_cpersonne=543187.html\">Roelof-Jan Minneboo<\/a>Avec <a href=\"https:\/\/www.allocine.fr\/personne\/fichepersonne_gen_cpersonne=1000019721.html\">Dilan Yurdakul<\/a>, <a href=\"https:\/\/www.allocine.fr\/personne\/fichepersonne_gen_cpersonne=246277.html\">Gijs Naber<\/a>, <a href=\"https:\/\/www.allocine.fr\/personne\/fichepersonne_gen_cpersonne=422669.html\">Raymond Thiry<\/a>Titre original  De jacht op Meral \u00d6<br \/>\n\t\t\t<a href=\"https:\/\/www.youtube.com\/watch?v=N1__aoPX_Mo\" target=\"_blank\" role=\"button\" rel=\"noopener\"><br \/>\n\t\t\t\t\t\tVoir la bande annonce<br \/>\n\t\t\t\t\t<\/a><br \/>\n\t\t\t<a href=\"#top\" role=\"button\"><br \/>\n\t\t\t\t\t\thaut de la page<br \/>\n\t\t\t\t\t<\/a><\/p>\n<h4>LES K D&#8217;OR<\/h4>\n<p>\t\t\t\t\t\t\t\t\t\t<img width=\"730\" height=\"973\" src=\"http:\/\/lelalano.fr\/wp-content\/uploads\/2026\/03\/LES-K-DOR-768x1024.jpg\" alt=\"\" decoding=\"async\" loading=\"lazy\" srcset=\"https:\/\/lelalano.fr\/wp-content\/uploads\/2026\/03\/LES-K-DOR-768x1024.jpg 768w, https:\/\/lelalano.fr\/wp-content\/uploads\/2026\/03\/LES-K-DOR-225x300.jpg 225w, https:\/\/lelalano.fr\/wp-content\/uploads\/2026\/03\/LES-K-DOR.jpg 810w\" sizes=\"(max-width: 730px) 100vw, 730px\" \/>\t\t\t\t\t\t\t\t\t\t\t<\/p>\n<h2>Synopsis<\/h2>\n<p>\u00a0<\/p>\n<section id=\"synopsis-details\">D\u2019apr\u00e8s sa m\u00e8re, No\u00e9 serait le fils cach\u00e9 de Kadhafi. Devenu chasseur de tr\u00e9sors, No\u00e9 n\u2019a donc plus qu\u2019une obsession, retrouver l\u2019or de son p\u00e8re \u00e9parpill\u00e9 dans le Sahel apr\u00e8s sa mort. Pour y arriver il va avoir besoin des connexions de Zoulika (anciennement Louise), aussi attachante qu\u2019incontr\u00f4lable et fra\u00eechement sortie d\u2019un centre de r\u00e9insertion civique, ainsi que de Ryan, puceau malvoyant de 52 ans participant au \u00ab Marathon des sables \u00bb\u2026 Une parfaite couverture pour passer la fronti\u00e8re discr\u00e8tement !<\/section>\n<h4>S\u00c9ANCES<\/h4>\n<ul>\n<li >\n\t\t\t\t\t\t\t\t\t\tmardi 07 avril 20h45\n\t\t\t\t\t\t\t\t\t<\/li>\n<\/ul>\n<h4>INFOS SUR LE FILM<\/h4>\n<p>\t\t<a href=\"https:\/\/www.allocine.fr\/film\/agenda\/sem-2026-03-11\/\"> 11 mars 2026 <\/a>  en salle  | <a href=\"https:\/\/www.allocine.fr\/films\/genre-13005\/\">Com\u00e9die<\/a>De <a href=\"https:\/\/www.allocine.fr\/personne\/fichepersonne_gen_cpersonne=878831.html\">Jeremy Ferrari<\/a>Par <a href=\"https:\/\/www.allocine.fr\/personne\/fichepersonne_gen_cpersonne=878831.html\">Jeremy Ferrari<\/a>, <a href=\"https:\/\/www.allocine.fr\/personne\/fichepersonne_gen_cpersonne=889967.html\">Cl\u00e9ment Peny<\/a>Avec <a href=\"https:\/\/www.allocine.fr\/personne\/fichepersonne_gen_cpersonne=878831.html\">Jeremy Ferrari<\/a>, <a href=\"https:\/\/www.allocine.fr\/personne\/fichepersonne_gen_cpersonne=925828.html\">Laura Felpin<\/a>, <a href=\"https:\/\/www.allocine.fr\/personne\/fichepersonne_gen_cpersonne=38767.html\">Eric Judor<\/a><br \/>\n\t\t\t<a href=\"https:\/\/www.youtube.com\/watch?v=tmxtFs9IKRg\" target=\"_blank\" role=\"button\" rel=\"noopener\"><br \/>\n\t\t\t\t\t\tVOIR LA BANDE ANNONCE<br \/>\n\t\t\t\t\t<\/a><br \/>\n\t\t\t<a href=\"#top\" role=\"button\"><br \/>\n\t\t\t\t\t\thaut de la page<br \/>\n\t\t\t\t\t<\/a><\/p>\n","protected":false},"excerpt":{"rendered":"<p>Petit R\u00e9cap&#8217; de la semaine mercredi 01 avril Jumpers \u00e0 16h Orphelin \u00e0 20h45 (vo) samedi 04 avril Jumpers \u00e0 20h45 dimanche 05 avril La traque de Meral \u00e0 20h45 (vo) mardi 07 avril LES K D&#8217;OR \u00e0 20h45 Jumpers Synopsis Mabel, une adolescente passionn\u00e9e par les animaux, saute (litt\u00e9ralement !) sur l\u2019occasion d\u2019essayer une<span class=\"read-more-wrap\"><a class=\"moretag\" href=\"https:\/\/lelalano.fr\/index.php\/semaine-du-mer-01-avril-au-mar-07-avril-mars-2026\/\">Lire la suite<span class=\"screen-reader-text\">Semaine du Mer. 01 avril au Mar. 07 avril 2026<\/span><\/a><\/span><\/p>\n","protected":false},"author":1,"featured_media":0,"parent":0,"menu_order":0,"comment_status":"closed","ping_status":"closed","template":"","meta":{"footnotes":""},"_links":{"self":[{"href":"https:\/\/lelalano.fr\/index.php\/wp-json\/wp\/v2\/pages\/14292"}],"collection":[{"href":"https:\/\/lelalano.fr\/index.php\/wp-json\/wp\/v2\/pages"}],"about":[{"href":"https:\/\/lelalano.fr\/index.php\/wp-json\/wp\/v2\/types\/page"}],"author":[{"embeddable":true,"href":"https:\/\/lelalano.fr\/index.php\/wp-json\/wp\/v2\/users\/1"}],"replies":[{"embeddable":true,"href":"https:\/\/lelalano.fr\/index.php\/wp-json\/wp\/v2\/comments?post=14292"}],"version-history":[{"count":20,"href":"https:\/\/lelalano.fr\/index.php\/wp-json\/wp\/v2\/pages\/14292\/revisions"}],"predecessor-version":[{"id":14317,"href":"https:\/\/lelalano.fr\/index.php\/wp-json\/wp\/v2\/pages\/14292\/revisions\/14317"}],"wp:attachment":[{"href":"https:\/\/lelalano.fr\/index.php\/wp-json\/wp\/v2\/media?parent=14292"}],"curies":[{"name":"wp","href":"https:\/\/api.w.org\/{rel}","templated":true}]}}