{"id":14431,"date":"2026-04-16T16:10:52","date_gmt":"2026-04-16T14:10:52","guid":{"rendered":"https:\/\/lelalano.fr\/?page_id=14431"},"modified":"2026-04-22T19:42:24","modified_gmt":"2026-04-22T17:42:24","slug":"semaine-du-mer-06-mai-au-mar-12-mai-2026","status":"publish","type":"page","link":"https:\/\/lelalano.fr\/index.php\/semaine-du-mer-06-mai-au-mar-12-mai-2026\/","title":{"rendered":"Semaine du Mer. 06 Mai au Mar. 12 Mai 2026"},"content":{"rendered":"<h4>Petit R\u00e9cap&#8217; de la semaine<\/h4>\n<p>\t\t\t\t\t\t\t\t\t\t\t\tmercredi 06 mai\t\t\t\t\t<\/p>\n<ul>\n<li><a href=\"#len\">L&#8217; enfant du d\u00e9sert<\/a> \u00e0 17h15<\/li>\n<li><a href=\"#yel\">Yellow Letters<\/a> \u00e0 20h45 (vo)<\/li>\n<\/ul>\n<p>\t\t\t\t\t\t\t\t\t\t\t\tjeudi 07 mai\t\t\t\t\t<\/p>\n<ul>\n<li><a href=\"#lac\">La corde au cou<\/a> \u00e0 17h15 (vo)<\/li>\n<\/ul>\n<p>\t\t\t\t\t\t\t\t\t\t\t\tsamedi 09 mai\t\t\t\t\t<\/p>\n<ul>\n<li><a href=\"#jus\">Juste une illusion<\/a> \u00e0 20H45<\/li>\n<\/ul>\n<p>\t\t\t\t\t\t\t\t\t\t\t\tdimanche 10 mai\t\t\t\t\t<\/p>\n<ul>\n<li><a href=\"#sau\">Sauvage<\/a> \u00e0 20h45<\/li>\n<\/ul>\n<p>\t\t\t\t\t\t\t\t\t\t\t\tmardi 12 mai\t\t\t\t\t<\/p>\n<ul>\n<li><a href=\"#coc\">Cocorico 2<\/a> \u00e0 20h45<\/li>\n<\/ul>\n<h4>L&#8217;Enfant Du D\u00e9sert<\/h4>\n<p>\t\t\t\t\t\t\t\t\t\t<img width=\"730\" height=\"973\" src=\"http:\/\/lelalano.fr\/wp-content\/uploads\/2026\/04\/lenfant-du-desert-768x1024.jpg\" alt=\"\" decoding=\"async\" loading=\"lazy\" srcset=\"https:\/\/lelalano.fr\/wp-content\/uploads\/2026\/04\/lenfant-du-desert-768x1024.jpg 768w, https:\/\/lelalano.fr\/wp-content\/uploads\/2026\/04\/lenfant-du-desert-225x300.jpg 225w, https:\/\/lelalano.fr\/wp-content\/uploads\/2026\/04\/lenfant-du-desert.jpg 810w\" sizes=\"(max-width: 730px) 100vw, 730px\" \/>\t\t\t\t\t\t\t\t\t\t\t<\/p>\n<h2>Synopsis<\/h2>\n<p>Tout public\u00a0<\/p>\n<p>Sun, \u00e2g\u00e9e de 14 ans, a publi\u00e9 un livre inspir\u00e9 d&#8217;une histoire que son grand-p\u00e8re lui racontait : l&#8217;incroyable histoire d&#8217;Hadara, un enfant nomade perdu par sa famille \u00e0 l\u2019\u00e2ge de 2 ans dans une temp\u00eate de sable dans le d\u00e9sert, qui a ensuite \u00e9t\u00e9 recueilli et \u00e9lev\u00e9 par un couple d\u2019autruches. Mais lorsque Sun est invit\u00e9e \u00e0 visiter le Sahara, elle se rend compte qu&#8217;Hadara est peut-\u00eatre plus qu&#8217;une simple histoire pour s&#8217;endormir.<\/p>\n<p>\u00a0<\/p>\n<h4>S\u00c9ANCES<\/h4>\n<ul>\n<li >\n\t\t\t\t\t\t\t\t\t\tmercredi 06 mai 17h15\n\t\t\t\t\t\t\t\t\t<\/li>\n<\/ul>\n<h4>INFOS SUR LE FILM<\/h4>\n<p>\t\t<a href=\"https:\/\/www.allocine.fr\/film\/agenda\/sem-2026-04-08\/\"> 8 avril 2026 <\/a>  en salle  | 1h 32min | <a href=\"https:\/\/www.allocine.fr\/films\/genre-13001\/\">Aventure<\/a>, <a href=\"https:\/\/www.allocine.fr\/films\/genre-13036\/\">Famille<\/a>De <a href=\"https:\/\/www.allocine.fr\/personne\/fichepersonne_gen_cpersonne=38525.html\">Gilles de Maistre<\/a>Par <a href=\"https:\/\/www.allocine.fr\/personne\/fichepersonne_gen_cpersonne=38525.html\">Gilles de Maistre<\/a>, <a href=\"https:\/\/www.allocine.fr\/personne\/fichepersonne_gen_cpersonne=795767.html\">Prune de Maistre<\/a>Avec <a href=\"https:\/\/www.allocine.fr\/personne\/fichepersonne_gen_cpersonne=1000063875.html\">Nahel Tran<\/a>, <a href=\"https:\/\/www.allocine.fr\/personne\/fichepersonne_gen_cpersonne=1000071244.html\">Zayn Sekkat<\/a>, <a href=\"https:\/\/www.allocine.fr\/personne\/fichepersonne_gen_cpersonne=1000063876.html\">Nah\u00efl Bouazzaoui<\/a><br \/>\n\t\t\t<a href=\"https:\/\/www.youtube.com\/watch?v=AT8z3SEDi1k\" target=\"_blank\" role=\"button\" rel=\"noopener\"><br \/>\n\t\t\t\t\t\tVOIR LA BANDE ANNONCE<br \/>\n\t\t\t\t\t<\/a><br \/>\n\t\t\t<a href=\"#top\" role=\"button\"><br \/>\n\t\t\t\t\t\thaut de la page<br \/>\n\t\t\t\t\t<\/a><\/p>\n<h4>Yellow Letters (vo)<\/h4>\n<p>\t\t\t\t\t\t\t\t\t\t<img width=\"730\" height=\"994\" src=\"http:\/\/lelalano.fr\/wp-content\/uploads\/2026\/04\/Yellow-Letters-752x1024.jpg\" alt=\"\" decoding=\"async\" loading=\"lazy\" srcset=\"https:\/\/lelalano.fr\/wp-content\/uploads\/2026\/04\/Yellow-Letters-752x1024.jpg 752w, https:\/\/lelalano.fr\/wp-content\/uploads\/2026\/04\/Yellow-Letters-220x300.jpg 220w, https:\/\/lelalano.fr\/wp-content\/uploads\/2026\/04\/Yellow-Letters-768x1046.jpg 768w, https:\/\/lelalano.fr\/wp-content\/uploads\/2026\/04\/Yellow-Letters.jpg 793w\" sizes=\"(max-width: 730px) 100vw, 730px\" \/>\t\t\t\t\t\t\t\t\t\t\t<\/p>\n<h2>Synopsis<\/h2>\n<p>Tout public\u00a0<\/p>\n<p>Professeur \u00e0 la facult\u00e9 d\u2019Ankara, Aziz re\u00e7oit la \u00ab lettre jaune \u00bb qui lui signifie arbitrairement sa r\u00e9vocation. Quand sa femme Derya, c\u00e9l\u00e8bre com\u00e9dienne au th\u00e9\u00e2tre national, la re\u00e7oit \u00e0 son tour, c\u2019est le coup de gr\u00e2ce pour le couple. L\u2019un et l\u2019autre, condamn\u00e9s pour leurs id\u00e9es, sont oblig\u00e9s de se r\u00e9fugier \u00e0 Istanbul chez la m\u00e8re d\u2019Aziz. Le compromis entre cette pr\u00e9carit\u00e9 nouvelle et leur engagement politique va mettre leur mariage \u00e0 l\u2019\u00e9preuve.<\/p>\n<h4>S\u00c9ANCES<\/h4>\n<ul>\n<li >\n\t\t\t\t\t\t\t\t\t\tmercredi 06 mai 20h45 (vostfr)\n\t\t\t\t\t\t\t\t\t<\/li>\n<\/ul>\n<h4>INFOS SUR LE FILM<\/h4>\n<p>\t\t<a href=\"https:\/\/www.allocine.fr\/film\/agenda\/sem-2026-04-01\/\"> 1 avril 2026 <\/a>  en salle  | 2h 08min | <a href=\"https:\/\/www.allocine.fr\/films\/genre-13008\/\">Drame<\/a>De <a href=\"https:\/\/www.allocine.fr\/personne\/fichepersonne_gen_cpersonne=150672.html\">\u0130lker \u00c7atak<\/a>Par <a href=\"https:\/\/www.allocine.fr\/personne\/fichepersonne_gen_cpersonne=150672.html\">\u0130lker \u00c7atak<\/a>, <a href=\"https:\/\/www.allocine.fr\/personne\/fichepersonne_gen_cpersonne=989908.html\">Ayda \u00c7atak<\/a>Avec <a href=\"https:\/\/www.allocine.fr\/personne\/fichepersonne_gen_cpersonne=188727.html\">\u00d6zg\u00fc Namal<\/a>, <a href=\"https:\/\/www.allocine.fr\/personne\/fichepersonne_gen_cpersonne=142746.html\">Tansu Bi\u00e7er<\/a>, <a href=\"https:\/\/www.allocine.fr\/personne\/fichepersonne_gen_cpersonne=1000018187.html\">Leyla Smyrna Cabas<\/a>Titre original  Sar\u0131 Zarflar<br \/>\n\t\t\t<a href=\"https:\/\/www.youtube.com\/watch?v=oxEveNIwxUA\" target=\"_blank\" role=\"button\" rel=\"noopener\"><br \/>\n\t\t\t\t\t\tbande annonce<br \/>\n\t\t\t\t\t<\/a><br \/>\n\t\t\t<a href=\"#top\" role=\"button\"><br \/>\n\t\t\t\t\t\thaut de la page<br \/>\n\t\t\t\t\t<\/a><\/p>\n<h4>La Corde au cou (vo)<\/h4>\n<p>\t\t\t\t\t\t\t\t\t\t<img width=\"730\" height=\"994\" src=\"http:\/\/lelalano.fr\/wp-content\/uploads\/2026\/04\/La-Corde-au-cou-752x1024.jpg\" alt=\"\" decoding=\"async\" loading=\"lazy\" srcset=\"https:\/\/lelalano.fr\/wp-content\/uploads\/2026\/04\/La-Corde-au-cou-752x1024.jpg 752w, https:\/\/lelalano.fr\/wp-content\/uploads\/2026\/04\/La-Corde-au-cou-220x300.jpg 220w, https:\/\/lelalano.fr\/wp-content\/uploads\/2026\/04\/La-Corde-au-cou-768x1046.jpg 768w, https:\/\/lelalano.fr\/wp-content\/uploads\/2026\/04\/La-Corde-au-cou.jpg 793w\" sizes=\"(max-width: 730px) 100vw, 730px\" \/>\t\t\t\t\t\t\t\t\t\t\t<\/p>\n<h2>Synopsis<\/h2>\n<p>Tout public\u00a0<\/p>\n<p>Ceci est l\u2019histoire vraie de Tony Kiritsis, un homme ruin\u00e9 \u00e0 cause d\u2019un emprunt. A Indianapolis, le 8 f\u00e9vrier 1977, il kidnappe le fils du courtier responsable de sa situation. Il r\u00e9clame 5 millions de dollars et des excuses. La prise d\u2019otage va durer 63 heures, sous les yeux de la t\u00e9l\u00e9vision locale, puis nationale. L\u2019Am\u00e9rique se passionne pour cette affaire. Chacun choisit son camp. Tony est-il un criminel, ou simplement une victime qui r\u00e9clame justice ?<\/p>\n<h4>S\u00c9ANCES<\/h4>\n<ul>\n<li >\n\t\t\t\t\t\t\t\t\t\tjeudi 07 mai 17h15 (vostfr)\n\t\t\t\t\t\t\t\t\t<\/li>\n<\/ul>\n<h4>INFOS SUR LE FILM<\/h4>\n<p>\t\t<a href=\"https:\/\/www.allocine.fr\/film\/agenda\/sem-2026-04-15\/\"> 15 avril 2026 <\/a>  en salle  | 1h 45min | <a href=\"https:\/\/www.allocine.fr\/films\/genre-13023\/\">Thriller<\/a>De <a href=\"https:\/\/www.allocine.fr\/personne\/fichepersonne_gen_cpersonne=1190.html\">Gus Van Sant<\/a>Par <a href=\"https:\/\/www.allocine.fr\/personne\/fichepersonne_gen_cpersonne=825093.html\">Austin Kolodney<\/a>Avec <a href=\"https:\/\/www.allocine.fr\/personne\/fichepersonne_gen_cpersonne=507300.html\">Bill Skarsg\u00e5rd<\/a>, <a href=\"https:\/\/www.allocine.fr\/personne\/fichepersonne_gen_cpersonne=752227.html\">Dacre Montgomery<\/a>, <a href=\"https:\/\/www.allocine.fr\/personne\/fichepersonne_gen_cpersonne=133868.html\">Colman Domingo<\/a>Titre original  Dead Man&#8217;s Wire<br \/>\n\t\t\t<a href=\"https:\/\/www.youtube.com\/watch?v=a63_x6_mM98\" target=\"_blank\" role=\"button\" rel=\"noopener\"><br \/>\n\t\t\t\t\t\tVoir la bande annonce<br \/>\n\t\t\t\t\t<\/a><br \/>\n\t\t\t<a href=\"#top\" role=\"button\"><br \/>\n\t\t\t\t\t\thaut de la page<br \/>\n\t\t\t\t\t<\/a><\/p>\n<h4>Juste une illusion<\/h4>\n<p>\t\t\t\t\t\t\t\t\t\t<img width=\"730\" height=\"994\" src=\"http:\/\/lelalano.fr\/wp-content\/uploads\/2026\/04\/Juste-une-illusion-752x1024.jpg\" alt=\"\" decoding=\"async\" loading=\"lazy\" srcset=\"https:\/\/lelalano.fr\/wp-content\/uploads\/2026\/04\/Juste-une-illusion-752x1024.jpg 752w, https:\/\/lelalano.fr\/wp-content\/uploads\/2026\/04\/Juste-une-illusion-220x300.jpg 220w, https:\/\/lelalano.fr\/wp-content\/uploads\/2026\/04\/Juste-une-illusion-768x1046.jpg 768w, https:\/\/lelalano.fr\/wp-content\/uploads\/2026\/04\/Juste-une-illusion.jpg 793w\" sizes=\"(max-width: 730px) 100vw, 730px\" \/>\t\t\t\t\t\t\t\t\t\t\t<\/p>\n<h2>Synopsis<\/h2>\n<section id=\"synopsis-details\">Tout public\u00a0<\/p>\n<p>Nous sommes en 1985, Vincent, bient\u00f4t 13 ans, vit en banlieue parisienne dans une famille de la classe moyenne, entre un grand fr\u00e8re distant et des parents en conflit permanent. Alors qu\u2019il n\u2019est \u00ab d\u00e9j\u00e0 plus \u00bb un enfant et qu\u2019il n\u2019est \u00ab pas encore \u00bb un adulte nous allons partager ses questions et ses doutes sur l\u2019identit\u00e9, l\u2019amiti\u00e9, la famille, la religion, le d\u00e9sir et les premiers \u00e9lans amoureux.<\/p>\n<p>Une com\u00e9die sur cette p\u00e9riode de l\u2019enfance o\u00f9 l\u2019espoir de changer le monde n\u2019\u00e9tait pas \u201cJuste une illusion\u2026\u201d<\/p>\n<\/section>\n<h4>S\u00c9ANCES<\/h4>\n<ul>\n<li >\n\t\t\t\t\t\t\t\t\t\tsamedi 09 mai 20h45\n\t\t\t\t\t\t\t\t\t<\/li>\n<\/ul>\n<h4>INFOS SUR LE FILM<\/h4>\n<p>\t\t<a href=\"https:\/\/www.allocine.fr\/film\/agenda\/sem-2026-04-15\/\"> 15 avril 2026 <\/a>  en salle  | 1h 56min | <a href=\"https:\/\/www.allocine.fr\/films\/genre-13002\/\">Com\u00e9die dramatique<\/a>De <a href=\"https:\/\/www.allocine.fr\/personne\/fichepersonne_gen_cpersonne=28839.html\">Olivier Nakache<\/a>, <a href=\"https:\/\/www.allocine.fr\/personne\/fichepersonne_gen_cpersonne=28840.html\">Eric Toledano<\/a>Par <a href=\"https:\/\/www.allocine.fr\/personne\/fichepersonne_gen_cpersonne=28839.html\">Olivier Nakache<\/a>, <a href=\"https:\/\/www.allocine.fr\/personne\/fichepersonne_gen_cpersonne=28840.html\">Eric Toledano<\/a>Avec <a href=\"https:\/\/www.allocine.fr\/personne\/fichepersonne_gen_cpersonne=11738.html\">Louis Garrel<\/a>, <a href=\"https:\/\/www.allocine.fr\/personne\/fichepersonne_gen_cpersonne=240868.html\">Camille Cottin<\/a>, <a href=\"https:\/\/www.allocine.fr\/personne\/fichepersonne_gen_cpersonne=477196.html\">Pierre Lottin<\/a><br \/>\n\t\t\t<a href=\"https:\/\/www.youtube.com\/watch?v=3NcTEeCZrY0\" target=\"_blank\" role=\"button\" rel=\"noopener\"><br \/>\n\t\t\t\t\t\tVOIR LA BANDE ANNONCE<br \/>\n\t\t\t\t\t<\/a><br \/>\n\t\t\t<a href=\"#top\" role=\"button\"><br \/>\n\t\t\t\t\t\thaut de la page<br \/>\n\t\t\t\t\t<\/a><\/p>\n<h4>Sauvage<\/h4>\n<p>\t\t\t\t\t\t\t\t\t\t<img width=\"730\" height=\"991\" src=\"http:\/\/lelalano.fr\/wp-content\/uploads\/2026\/04\/Sauvage-754x1024.jpg\" alt=\"\" decoding=\"async\" loading=\"lazy\" srcset=\"https:\/\/lelalano.fr\/wp-content\/uploads\/2026\/04\/Sauvage-754x1024.jpg 754w, https:\/\/lelalano.fr\/wp-content\/uploads\/2026\/04\/Sauvage-221x300.jpg 221w, https:\/\/lelalano.fr\/wp-content\/uploads\/2026\/04\/Sauvage-768x1043.jpg 768w, https:\/\/lelalano.fr\/wp-content\/uploads\/2026\/04\/Sauvage.jpg 795w\" sizes=\"(max-width: 730px) 100vw, 730px\" \/>\t\t\t\t\t\t\t\t\t\t\t<\/p>\n<h2>Synopsis<\/h2>\n<p>Tout public\u00a0<\/p>\n<p>Au c\u0153ur des C\u00e9vennes, Anja d\u00e9cide de vivre \u00e0 l&#8217;\u00e9cart des autres, au milieu des bois. Insaisissable et sauvage, elle bouleverse peu \u00e0 peu l&#8217;\u00e9quilibre de la vall\u00e9e et de ses habitants. Sa m\u00e8re reste son seul lien avec le monde ext\u00e9rieur&#8230; D&#8217;apr\u00e8s une histoire vraie.<\/p>\n<p>\u00a0<\/p>\n<h4>S\u00c9ANCES<\/h4>\n<ul>\n<li >\n\t\t\t\t\t\t\t\t\t\tdimanche 10 mai 20h45\n\t\t\t\t\t\t\t\t\t<\/li>\n<\/ul>\n<h4>INFOS SUR LE FILM<\/h4>\n<p>\t\t<a href=\"https:\/\/www.allocine.fr\/film\/agenda\/sem-2026-04-08\/\"> 8 avril 2026 <\/a>  en salle  | 1h 41min | <a href=\"https:\/\/www.allocine.fr\/films\/genre-13008\/\">Drame<\/a>De <a href=\"https:\/\/www.allocine.fr\/personne\/fichepersonne_gen_cpersonne=198302.html\">Camille Ponsin<\/a>Par <a href=\"https:\/\/www.allocine.fr\/personne\/fichepersonne_gen_cpersonne=198302.html\">Camille Ponsin<\/a>, <a href=\"https:\/\/www.allocine.fr\/personne\/fichepersonne_gen_cpersonne=130709.html\">Jean-Baptiste Delafon<\/a>Avec <a href=\"https:\/\/www.allocine.fr\/personne\/fichepersonne_gen_cpersonne=144941.html\">C\u00e9line Sallette<\/a>, <a href=\"https:\/\/www.allocine.fr\/personne\/fichepersonne_gen_cpersonne=892759.html\">Lou Lampros<\/a>, <a href=\"https:\/\/www.allocine.fr\/personne\/fichepersonne_gen_cpersonne=41305.html\">Bertrand Belin<\/a><br \/>\n\t\t\t<a href=\"https:\/\/www.youtube.com\/watch?v=w1aFEaTrQJo6ECvYsk\" target=\"_blank\" role=\"button\" rel=\"noopener\"><br \/>\n\t\t\t\t\t\tVoir la bande annonce<br \/>\n\t\t\t\t\t<\/a><br \/>\n\t\t\t<a href=\"#top\" role=\"button\"><br \/>\n\t\t\t\t\t\thaut de la page<br \/>\n\t\t\t\t\t<\/a><\/p>\n<h4>Cocorico 2<\/h4>\n<p>\t\t\t\t\t\t\t\t\t\t<img width=\"730\" height=\"973\" src=\"http:\/\/lelalano.fr\/wp-content\/uploads\/2026\/04\/Cocorico-2-768x1024.jpg\" alt=\"\" decoding=\"async\" loading=\"lazy\" srcset=\"https:\/\/lelalano.fr\/wp-content\/uploads\/2026\/04\/Cocorico-2-768x1024.jpg 768w, https:\/\/lelalano.fr\/wp-content\/uploads\/2026\/04\/Cocorico-2-225x300.jpg 225w, https:\/\/lelalano.fr\/wp-content\/uploads\/2026\/04\/Cocorico-2.jpg 810w\" sizes=\"(max-width: 730px) 100vw, 730px\" \/>\t\t\t\t\t\t\t\t\t\t\t<\/p>\n<h2>Synopsis<\/h2>\n<p>Tout public\u00a0<\/p>\n<p>Apr\u00e8s avoir d\u00e9couvert la v\u00e9rit\u00e9 sur leurs origines, gr\u00e2ce \u00e0 des tests ADN aux r\u00e9sultats pour le moins surprenants, les Bouvier-Sauvage et les Martin d\u00e9cident d\u2019enterrer la hache de guerre, pour organiser le mariage de leurs enfants. Mais c\u2019\u00e9tait sans compter sur un impr\u00e9vu de taille : un cousin de Fr\u00e9d\u00e9ric a \u00e9t\u00e9 retrouv\u00e9 gr\u00e2ce aux tests\u2026 R\u00e9v\u00e9lant que les r\u00e9sultats \u00e9taient erron\u00e9s. Les deux familles vont d\u00e9couvrir que leurs anc\u00eatres n\u2019ont pas fini de les surprendre !<\/p>\n<p>\u00a0<\/p>\n<h4>S\u00c9ANCES<\/h4>\n<ul>\n<li >\n\t\t\t\t\t\t\t\t\t\tmardi 12 mai 20h45\n\t\t\t\t\t\t\t\t\t<\/li>\n<\/ul>\n<h4>INFOS SUR LE FILM<\/h4>\n<p>\t\t<a href=\"https:\/\/www.allocine.fr\/film\/agenda\/sem-2026-04-08\/\"> 8 avril 2026 <\/a>  en salle  | 1h 31min | <a href=\"https:\/\/www.allocine.fr\/films\/genre-13005\/\">Com\u00e9die<\/a>De <a href=\"https:\/\/www.allocine.fr\/personne\/fichepersonne_gen_cpersonne=757714.html\">Julien Herv\u00e9<\/a>Par <a href=\"https:\/\/www.allocine.fr\/personne\/fichepersonne_gen_cpersonne=757714.html\">Julien Herv\u00e9<\/a>Avec <a href=\"https:\/\/www.allocine.fr\/personne\/fichepersonne_gen_cpersonne=5119.html\">Christian Clavier<\/a>, <a href=\"https:\/\/www.allocine.fr\/personne\/fichepersonne_gen_cpersonne=18855.html\">Didier Bourdon<\/a>, <a href=\"https:\/\/www.allocine.fr\/personne\/fichepersonne_gen_cpersonne=18641.html\">Sylvie Testud<\/a><br \/>\n\t\t\t<a href=\"https:\/\/www.youtube.com\/watch?v=N_3V1gRVA5Q\" target=\"_blank\" role=\"button\" rel=\"noopener\"><br \/>\n\t\t\t\t\t\tVoir la bande annonce<br \/>\n\t\t\t\t\t<\/a><br \/>\n\t\t\t<a href=\"#top\" role=\"button\"><br \/>\n\t\t\t\t\t\thaut de la page<br \/>\n\t\t\t\t\t<\/a><\/p>\n","protected":false},"excerpt":{"rendered":"<p>Petit R\u00e9cap&#8217; de la semaine mercredi 06 mai L&#8217; enfant du d\u00e9sert \u00e0 17h15 Yellow Letters \u00e0 20h45 (vo) jeudi 07 mai La corde au cou \u00e0 17h15 (vo) samedi 09 mai Juste une illusion \u00e0 20H45 dimanche 10 mai Sauvage \u00e0 20h45 mardi 12 mai Cocorico 2 \u00e0 20h45 L&#8217;Enfant Du D\u00e9sert Synopsis Tout<span class=\"read-more-wrap\"><a class=\"moretag\" href=\"https:\/\/lelalano.fr\/index.php\/semaine-du-mer-06-mai-au-mar-12-mai-2026\/\">Lire la suite<span class=\"screen-reader-text\">Semaine du Mer. 06 Mai au Mar. 12 Mai 2026<\/span><\/a><\/span><\/p>\n","protected":false},"author":1,"featured_media":0,"parent":0,"menu_order":0,"comment_status":"closed","ping_status":"closed","template":"","meta":{"footnotes":""},"_links":{"self":[{"href":"https:\/\/lelalano.fr\/index.php\/wp-json\/wp\/v2\/pages\/14431"}],"collection":[{"href":"https:\/\/lelalano.fr\/index.php\/wp-json\/wp\/v2\/pages"}],"about":[{"href":"https:\/\/lelalano.fr\/index.php\/wp-json\/wp\/v2\/types\/page"}],"author":[{"embeddable":true,"href":"https:\/\/lelalano.fr\/index.php\/wp-json\/wp\/v2\/users\/1"}],"replies":[{"embeddable":true,"href":"https:\/\/lelalano.fr\/index.php\/wp-json\/wp\/v2\/comments?post=14431"}],"version-history":[{"count":24,"href":"https:\/\/lelalano.fr\/index.php\/wp-json\/wp\/v2\/pages\/14431\/revisions"}],"predecessor-version":[{"id":14496,"href":"https:\/\/lelalano.fr\/index.php\/wp-json\/wp\/v2\/pages\/14431\/revisions\/14496"}],"wp:attachment":[{"href":"https:\/\/lelalano.fr\/index.php\/wp-json\/wp\/v2\/media?parent=14431"}],"curies":[{"name":"wp","href":"https:\/\/api.w.org\/{rel}","templated":true}]}}