{"id":14460,"date":"2026-04-19T19:42:55","date_gmt":"2026-04-19T17:42:55","guid":{"rendered":"https:\/\/lelalano.fr\/?page_id=14460"},"modified":"2026-04-22T19:53:45","modified_gmt":"2026-04-22T17:53:45","slug":"semaine-du-mer-13-mai-au-mar-19-mai-2026","status":"publish","type":"page","link":"https:\/\/lelalano.fr\/index.php\/semaine-du-mer-13-mai-au-mar-19-mai-2026\/","title":{"rendered":"Semaine du Mer. 13 mai au Mar. 19 mai 2026"},"content":{"rendered":"<h4>Petit R\u00e9cap&#8217; de la semaine<\/h4>\n<p>\t\t\t\t\t\t\t\t\t\t\t\tmercredi 13 mai\t\t\t\t\t<\/p>\n<ul>\n<li><a href=\"#sup\">Super Mario Galaxy Le Film<\/a> \u00e0 17h15<\/li>\n<li><a href=\"#jus\">Juste une illusion<\/a> \u00e0 20h45<\/li>\n<\/ul>\n<p>\t\t\t\t\t\t\t\t\t\t\t\tsamedi 16 mai\t\t\t\t\t<\/p>\n<ul>\n<li><a href=\"#pou\">Pour le meilleur<\/a> \u00e0 20h45<\/li>\n<\/ul>\n<p>\t\t\t\t\t\t\t\t\t\t\t\tdimanche 17 mai\t\t\t\t\t<\/p>\n<ul>\n<li><a href=\"#une\">Une fille en Or<\/a> \u00e0 20H45<\/li>\n<\/ul>\n<p>\t\t\t\t\t\t\t\t\t\t\t\tmardi 19 mai\t\t\t\t\t<\/p>\n<ul>\n<li><a href=\"#lar\">L&#8217;arnaqueuse<\/a> \u00e0 20h45<\/li>\n<\/ul>\n<h4>Super Mario Galaxy Le Film<\/h4>\n<p>\t\t\t\t\t\t\t\t\t\t<img width=\"730\" height=\"913\" src=\"http:\/\/lelalano.fr\/wp-content\/uploads\/2026\/04\/super-mario-819x1024.jpg\" alt=\"\" decoding=\"async\" loading=\"lazy\" srcset=\"https:\/\/lelalano.fr\/wp-content\/uploads\/2026\/04\/super-mario-819x1024.jpg 819w, https:\/\/lelalano.fr\/wp-content\/uploads\/2026\/04\/super-mario-240x300.jpg 240w, https:\/\/lelalano.fr\/wp-content\/uploads\/2026\/04\/super-mario-768x960.jpg 768w, https:\/\/lelalano.fr\/wp-content\/uploads\/2026\/04\/super-mario.jpg 864w\" sizes=\"(max-width: 730px) 100vw, 730px\" \/>\t\t\t\t\t\t\t\t\t\t\t<\/p>\n<h2>Synopsis<\/h2>\n<p>Tout public\u00a0<\/p>\n<p>Apr\u00e8s SUPER MARIO BROS., l\u2019adaptation cin\u00e9matographique du c\u00e9l\u00e8bre jeu vid\u00e9o et forts du succ\u00e8s remport\u00e9 dans le monde entier avec plus d\u2019un milliard de dollars de recettes, ILLUMINATION et NINTENDO se retrouvent une nouvelle fois, afin de nous offrir un tout nouveau chapitre, cette fois \u00e0 dimension cosmique, mais tout aussi bourr\u00e9 d\u2019action : SUPER MARIO GALAXY.<\/p>\n<p>\u00c0 peine install\u00e9s au Royaume Champignon, un myst\u00e9rieux appel \u00e0 l&#8217;aide va pousser Mario et Luigi \u00e0 reprendre du service et plonger dans les zones d\u2019ombre du pass\u00e9 de la princesse Peach. Une mission qui va propulser nos h\u00e9ros et leur nouvelle constellation d\u2019amis, tr\u00e8s loin de chez eux, \u00e0 travers un p\u00e9riple intergalactique, \u00e0 la d\u00e9couverte de nouveaux mondes o\u00f9 se forgeront des alliances pour le moins inattendues.<\/p>\n<p>\u00a0<\/p>\n<h4>S\u00c9ANCES<\/h4>\n<ul>\n<li >\n\t\t\t\t\t\t\t\t\t\tmercredi 13 mai 17h15\n\t\t\t\t\t\t\t\t\t<\/li>\n<\/ul>\n<h4>INFOS SUR LE FILM<\/h4>\n<p>\t\t<a href=\"https:\/\/www.allocine.fr\/film\/agenda\/sem-2026-04-01\/\"> 1 avril 2026 <\/a>  en salle  | 1h 39min | <a href=\"https:\/\/www.allocine.fr\/films\/genre-13025\/\">Action<\/a>, <a href=\"https:\/\/www.allocine.fr\/films\/genre-13026\/\">Animation<\/a>, <a href=\"https:\/\/www.allocine.fr\/films\/genre-13001\/\">Aventure<\/a>, <a href=\"https:\/\/www.allocine.fr\/films\/genre-13036\/\">Famille<\/a>, <a href=\"https:\/\/www.allocine.fr\/films\/genre-13012\/\">Fantastique<\/a>De <a href=\"https:\/\/www.allocine.fr\/personne\/fichepersonne_gen_cpersonne=692388.html\">Aaron Horvath<\/a>, <a href=\"https:\/\/www.allocine.fr\/personne\/fichepersonne_gen_cpersonne=242927.html\">Michael Jelenic<\/a>Par <a href=\"https:\/\/www.allocine.fr\/personne\/fichepersonne_gen_cpersonne=438592.html\">Matthew Fogel<\/a>Avec <a href=\"https:\/\/www.allocine.fr\/personne\/fichepersonne_gen_cpersonne=98332.html\">Chris Pratt<\/a>, <a href=\"https:\/\/www.allocine.fr\/personne\/fichepersonne_gen_cpersonne=714777.html\">Anya Taylor-Joy<\/a>, <a href=\"https:\/\/www.allocine.fr\/personne\/fichepersonne_gen_cpersonne=104799.html\">Charlie Day<\/a>Titre original  The Super Mario Galaxy Movie<br \/>\n\t\t\t<a href=\"https:\/\/www.youtube.com\/watch?v=BHRN7Oufjw4\" target=\"_blank\" role=\"button\" rel=\"noopener\"><br \/>\n\t\t\t\t\t\tVOIR LA BANDE ANNONCE<br \/>\n\t\t\t\t\t<\/a><br \/>\n\t\t\t<a href=\"#top\" role=\"button\"><br \/>\n\t\t\t\t\t\thaut de la page<br \/>\n\t\t\t\t\t<\/a><\/p>\n<h4>Juste une illusion<\/h4>\n<p>\t\t\t\t\t\t\t\t\t\t<img width=\"730\" height=\"994\" src=\"http:\/\/lelalano.fr\/wp-content\/uploads\/2026\/04\/Juste-une-illusion-1-752x1024.jpg\" alt=\"\" decoding=\"async\" loading=\"lazy\" srcset=\"https:\/\/lelalano.fr\/wp-content\/uploads\/2026\/04\/Juste-une-illusion-1-752x1024.jpg 752w, https:\/\/lelalano.fr\/wp-content\/uploads\/2026\/04\/Juste-une-illusion-1-220x300.jpg 220w, https:\/\/lelalano.fr\/wp-content\/uploads\/2026\/04\/Juste-une-illusion-1-768x1046.jpg 768w, https:\/\/lelalano.fr\/wp-content\/uploads\/2026\/04\/Juste-une-illusion-1.jpg 793w\" sizes=\"(max-width: 730px) 100vw, 730px\" \/>\t\t\t\t\t\t\t\t\t\t\t<\/p>\n<h2>Synopsis<\/h2>\n<p>Tout public\u00a0<\/p>\n<p>Nous sommes en 1985, Vincent, bient\u00f4t 13 ans, vit en banlieue parisienne dans une famille de la classe moyenne, entre un grand fr\u00e8re distant et des parents en conflit permanent. Alors qu\u2019il n\u2019est \u00ab d\u00e9j\u00e0 plus \u00bb un enfant et qu\u2019il n\u2019est \u00ab pas encore \u00bb un adulte nous allons partager ses questions et ses doutes sur l\u2019identit\u00e9, l\u2019amiti\u00e9, la famille, la religion, le d\u00e9sir et les premiers \u00e9lans amoureux.<\/p>\n<p>Une com\u00e9die sur cette p\u00e9riode de l\u2019enfance o\u00f9 l\u2019espoir de changer le monde n\u2019\u00e9tait pas \u201cJuste une illusion\u2026\u201d<\/p>\n<h4>S\u00c9ANCES<\/h4>\n<ul>\n<li >\n\t\t\t\t\t\t\t\t\t\tmercredi 13 mai 20h45\n\t\t\t\t\t\t\t\t\t<\/li>\n<\/ul>\n<h4>INFOS SUR LE FILM<\/h4>\n<p>\t\t<a href=\"https:\/\/www.allocine.fr\/film\/agenda\/sem-2026-04-15\/\"> 15 avril 2026 <\/a>  en salle  | 1h 56min | <a href=\"https:\/\/www.allocine.fr\/films\/genre-13002\/\">Com\u00e9die dramatique<\/a>De <a href=\"https:\/\/www.allocine.fr\/personne\/fichepersonne_gen_cpersonne=28839.html\">Olivier Nakache<\/a>, <a href=\"https:\/\/www.allocine.fr\/personne\/fichepersonne_gen_cpersonne=28840.html\">Eric Toledano<\/a>Par <a href=\"https:\/\/www.allocine.fr\/personne\/fichepersonne_gen_cpersonne=28839.html\">Olivier Nakache<\/a>, <a href=\"https:\/\/www.allocine.fr\/personne\/fichepersonne_gen_cpersonne=28840.html\">Eric Toledano<\/a>Avec <a href=\"https:\/\/www.allocine.fr\/personne\/fichepersonne_gen_cpersonne=11738.html\">Louis Garrel<\/a>, <a href=\"https:\/\/www.allocine.fr\/personne\/fichepersonne_gen_cpersonne=240868.html\">Camille Cottin<\/a>, <a href=\"https:\/\/www.allocine.fr\/personne\/fichepersonne_gen_cpersonne=477196.html\">Pierre Lottin<\/a><br \/>\n\t\t\t<a href=\"https:\/\/www.youtube.com\/watch?v=3NcTEeCZrY0\" target=\"_blank\" role=\"button\" rel=\"noopener\"><br \/>\n\t\t\t\t\t\tbande annonce<br \/>\n\t\t\t\t\t<\/a><br \/>\n\t\t\t<a href=\"#top\" role=\"button\"><br \/>\n\t\t\t\t\t\thaut de la page<br \/>\n\t\t\t\t\t<\/a><\/p>\n<h4>Pour le meilleur<\/h4>\n<p>\t\t\t\t\t\t\t\t\t\t<img width=\"730\" height=\"973\" src=\"http:\/\/lelalano.fr\/wp-content\/uploads\/2026\/04\/Pour-le-meilleur-768x1024.jpg\" alt=\"\" decoding=\"async\" loading=\"lazy\" srcset=\"https:\/\/lelalano.fr\/wp-content\/uploads\/2026\/04\/Pour-le-meilleur-768x1024.jpg 768w, https:\/\/lelalano.fr\/wp-content\/uploads\/2026\/04\/Pour-le-meilleur-225x300.jpg 225w, https:\/\/lelalano.fr\/wp-content\/uploads\/2026\/04\/Pour-le-meilleur.jpg 810w\" sizes=\"(max-width: 730px) 100vw, 730px\" \/>\t\t\t\t\t\t\t\t\t\t\t<\/p>\n<h2>Synopsis<\/h2>\n<p>Tout public\u00a0<\/p>\n<p>L\u2019incroyable histoire d\u2019amour entre Philippe Croizon, un homme priv\u00e9 de ses quatre membres et de Suzana, une femme qui va lui redonner l\u2019\u00e9nergie et la possibilit\u00e9 d\u2019avoir encore des r\u00eaves, dont celui de traverser la Manche \u00e0 la nage.<\/p>\n<p>\u200b<\/p>\n<h4>S\u00c9ANCES<\/h4>\n<ul>\n<li >\n\t\t\t\t\t\t\t\t\t\tsamedi 16 mai 20h45\n\t\t\t\t\t\t\t\t\t<\/li>\n<\/ul>\n<h4>INFOS SUR LE FILM<\/h4>\n<p>\t\t<a href=\"https:\/\/www.allocine.fr\/film\/agenda\/sem-2026-04-22\/\"> 22 avril 2026 <\/a>  en salle  | 1h 47min | <a href=\"https:\/\/www.allocine.fr\/films\/genre-13002\/\">Com\u00e9die dramatique<\/a>De <a href=\"https:\/\/www.allocine.fr\/personne\/fichepersonne_gen_cpersonne=131987.html\">Marie-Castille Mention-Schaar<\/a>Par <a href=\"https:\/\/www.allocine.fr\/personne\/fichepersonne_gen_cpersonne=131987.html\">Marie-Castille Mention-Schaar<\/a>, <a href=\"https:\/\/www.allocine.fr\/personne\/fichepersonne_gen_cpersonne=174105.html\">Christian Sonderegger<\/a>Avec <a href=\"https:\/\/www.allocine.fr\/personne\/fichepersonne_gen_cpersonne=1000033939.html\">Pierre Rabine<\/a>, <a href=\"https:\/\/www.allocine.fr\/personne\/fichepersonne_gen_cpersonne=183327.html\">Lilly-Fleur Pointeaux<\/a>, <a href=\"https:\/\/www.allocine.fr\/personne\/fichepersonne_gen_cpersonne=1856.html\">Sandrine Bonnaire<\/a>\u00a0<br \/>\n\t\t\t<a href=\"https:\/\/www.youtube.com\/watch?v=3FxNBd35Vus\" target=\"_blank\" role=\"button\" rel=\"noopener\"><br \/>\n\t\t\t\t\t\tVoir la bande annonce<br \/>\n\t\t\t\t\t<\/a><br \/>\n\t\t\t<a href=\"#top\" role=\"button\"><br \/>\n\t\t\t\t\t\thaut de la page<br \/>\n\t\t\t\t\t<\/a><\/p>\n<h4>Une fille en or<\/h4>\n<p>\t\t\t\t\t\t\t\t\t\t<img width=\"730\" height=\"973\" src=\"http:\/\/lelalano.fr\/wp-content\/uploads\/2026\/04\/Une-fille-en-or-768x1024.jpg\" alt=\"\" decoding=\"async\" loading=\"lazy\" srcset=\"https:\/\/lelalano.fr\/wp-content\/uploads\/2026\/04\/Une-fille-en-or-768x1024.jpg 768w, https:\/\/lelalano.fr\/wp-content\/uploads\/2026\/04\/Une-fille-en-or-225x300.jpg 225w, https:\/\/lelalano.fr\/wp-content\/uploads\/2026\/04\/Une-fille-en-or.jpg 810w\" sizes=\"(max-width: 730px) 100vw, 730px\" \/>\t\t\t\t\t\t\t\t\t\t\t<\/p>\n<h2>Synopsis<\/h2>\n<p>Tout public\u00a0<\/p>\n<p>Un jour, Cl\u00e9mence prend conscience que personne ne l&#8217;a jamais admir\u00e9e. Berc\u00e9e par les illusions d&#8217;une enfance chaotique, elle croise un certain Paul, petit patron autoritaire que rien ni personne n&#8217;impressionne. Elle se dit alors qu&#8217;il est temps pour elle de se poser la seule question qui vaille : \u00ab Et si je valais plus que je ne le crois ? \u00bb<\/p>\n<p>\u00a0<\/p>\n<h4>S\u00c9ANCES<\/h4>\n<ul>\n<li >\n\t\t\t\t\t\t\t\t\t\tdimanche 17 mai 20h45\n\t\t\t\t\t\t\t\t\t<\/li>\n<\/ul>\n<h4>INFOS SUR LE FILM<\/h4>\n<p>\t\t<a href=\"https:\/\/www.allocine.fr\/film\/agenda\/sem-2026-04-15\/\"> 15 avril 2026 <\/a>  en salle  | 1h 26min | <a href=\"https:\/\/www.allocine.fr\/films\/genre-13005\/\">Com\u00e9die<\/a>, <a href=\"https:\/\/www.allocine.fr\/films\/genre-13024\/\">Romance<\/a>De <a href=\"https:\/\/www.allocine.fr\/personne\/fichepersonne_gen_cpersonne=12405.html\">Jean-Luc Gaget<\/a>Par <a href=\"https:\/\/www.allocine.fr\/personne\/fichepersonne_gen_cpersonne=12405.html\">Jean-Luc Gaget<\/a>, <a href=\"https:\/\/www.allocine.fr\/personne\/fichepersonne_gen_cpersonne=582683.html\">Rapha\u00eble Moussafir<\/a>Avec <a href=\"https:\/\/www.allocine.fr\/personne\/fichepersonne_gen_cpersonne=722075.html\">Pauline Cl\u00e9ment<\/a>, <a href=\"https:\/\/www.allocine.fr\/personne\/fichepersonne_gen_cpersonne=149962.html\">Arthur Dupont<\/a>, <a href=\"https:\/\/www.allocine.fr\/personne\/fichepersonne_gen_cpersonne=184343.html\">\u00c9milie Caen<\/a>\u00a0<br \/>\n\t\t\t<a href=\"https:\/\/www.youtube.com\/watch?v=uFOYYTlWUsE\" target=\"_blank\" role=\"button\" rel=\"noopener\"><br \/>\n\t\t\t\t\t\tVoir la bande annonce<br \/>\n\t\t\t\t\t<\/a><br \/>\n\t\t\t<a href=\"#top\" role=\"button\"><br \/>\n\t\t\t\t\t\thaut de la page<br \/>\n\t\t\t\t\t<\/a><\/p>\n<h4>L&#8217;Arnaqueuse<\/h4>\n<p>\t\t\t\t\t\t\t\t\t\t<img width=\"730\" height=\"994\" src=\"http:\/\/lelalano.fr\/wp-content\/uploads\/2026\/04\/LArnaqueuse-752x1024.jpg\" alt=\"\" decoding=\"async\" loading=\"lazy\" srcset=\"https:\/\/lelalano.fr\/wp-content\/uploads\/2026\/04\/LArnaqueuse-752x1024.jpg 752w, https:\/\/lelalano.fr\/wp-content\/uploads\/2026\/04\/LArnaqueuse-220x300.jpg 220w, https:\/\/lelalano.fr\/wp-content\/uploads\/2026\/04\/LArnaqueuse-768x1046.jpg 768w, https:\/\/lelalano.fr\/wp-content\/uploads\/2026\/04\/LArnaqueuse.jpg 793w\" sizes=\"(max-width: 730px) 100vw, 730px\" \/>\t\t\t\t\t\t\t\t\t\t\t<\/p>\n<h2>Synopsis<\/h2>\n<section id=\"synopsis-details\">Fanny, 30 ans, enceinte, n\u2019en peut plus de vivre chez son p\u00e8re avec Virgil, son compagnon, champion de la procrastination. Alors quand elle tombe sur une offre en or : un appartement \u00ab parquet, moulures, chemin\u00e9es \u00bb en viager dans Paris, elle fonce t\u00eate baiss\u00e9e. Mais Mass\u00e9na, la vendeuse, est tout sauf mourante\u2026 Bien d\u00e9cid\u00e9e \u00e0 r\u00e9cup\u00e9rer les cl\u00e9s de sa nouvelle vie, Fanny s\u2019engage dans une guerre sans piti\u00e9 contre l\u2019arnaqueuse professionnelle.<\/section>\n<h4>S\u00c9ANCES<\/h4>\n<ul>\n<li >\n\t\t\t\t\t\t\t\t\t\tmardi 19 mai 20h45\n\t\t\t\t\t\t\t\t\t<\/li>\n<\/ul>\n<h4>INFOS SUR LE FILM<\/h4>\n<p>\t\t<a href=\"https:\/\/www.allocine.fr\/film\/agenda\/sem-2026-04-22\/\"> 22 avril 2026 <\/a>  en salle  | 1h 22min | <a href=\"https:\/\/www.allocine.fr\/films\/genre-13005\/\">Com\u00e9die<\/a>De <a href=\"https:\/\/www.allocine.fr\/personne\/fichepersonne_gen_cpersonne=228155.html\">Wilfried Meance<\/a>Par <a href=\"https:\/\/www.allocine.fr\/personne\/fichepersonne_gen_cpersonne=222195.html\">Jean-Pascal Zadi<\/a>, <a href=\"https:\/\/www.allocine.fr\/personne\/fichepersonne_gen_cpersonne=208276.html\">Micha\u00ebl Souhait\u00e9<\/a>Avec <a href=\"https:\/\/www.allocine.fr\/personne\/fichepersonne_gen_cpersonne=854694.html\">Fadily Camara<\/a>, <a href=\"https:\/\/www.allocine.fr\/personne\/fichepersonne_gen_cpersonne=8124.html\">Josiane Balasko<\/a>, <a href=\"https:\/\/www.allocine.fr\/personne\/fichepersonne_gen_cpersonne=222195.html\">Jean-Pascal Zadi<\/a>\u00a0<br \/>\n\t\t\t<a href=\"https:\/\/www.youtube.com\/watch?v=lFRIIV-d16E\" target=\"_blank\" role=\"button\" rel=\"noopener\"><br \/>\n\t\t\t\t\t\tVOIR LA BANDE ANNONCE<br \/>\n\t\t\t\t\t<\/a><br \/>\n\t\t\t<a href=\"#top\" role=\"button\"><br \/>\n\t\t\t\t\t\thaut de la page<br \/>\n\t\t\t\t\t<\/a><\/p>\n","protected":false},"excerpt":{"rendered":"<p>Petit R\u00e9cap&#8217; de la semaine mercredi 13 mai Super Mario Galaxy Le Film \u00e0 17h15 Juste une illusion \u00e0 20h45 samedi 16 mai Pour le meilleur \u00e0 20h45 dimanche 17 mai Une fille en Or \u00e0 20H45 mardi 19 mai L&#8217;arnaqueuse \u00e0 20h45 Super Mario Galaxy Le Film Synopsis Tout public\u00a0 Apr\u00e8s SUPER MARIO BROS.,<span class=\"read-more-wrap\"><a class=\"moretag\" href=\"https:\/\/lelalano.fr\/index.php\/semaine-du-mer-13-mai-au-mar-19-mai-2026\/\">Lire la suite<span class=\"screen-reader-text\">Semaine du Mer. 13 mai au Mar. 19 mai 2026<\/span><\/a><\/span><\/p>\n","protected":false},"author":1,"featured_media":0,"parent":0,"menu_order":0,"comment_status":"closed","ping_status":"closed","template":"","meta":{"footnotes":""},"_links":{"self":[{"href":"https:\/\/lelalano.fr\/index.php\/wp-json\/wp\/v2\/pages\/14460"}],"collection":[{"href":"https:\/\/lelalano.fr\/index.php\/wp-json\/wp\/v2\/pages"}],"about":[{"href":"https:\/\/lelalano.fr\/index.php\/wp-json\/wp\/v2\/types\/page"}],"author":[{"embeddable":true,"href":"https:\/\/lelalano.fr\/index.php\/wp-json\/wp\/v2\/users\/1"}],"replies":[{"embeddable":true,"href":"https:\/\/lelalano.fr\/index.php\/wp-json\/wp\/v2\/comments?post=14460"}],"version-history":[{"count":22,"href":"https:\/\/lelalano.fr\/index.php\/wp-json\/wp\/v2\/pages\/14460\/revisions"}],"predecessor-version":[{"id":14503,"href":"https:\/\/lelalano.fr\/index.php\/wp-json\/wp\/v2\/pages\/14460\/revisions\/14503"}],"wp:attachment":[{"href":"https:\/\/lelalano.fr\/index.php\/wp-json\/wp\/v2\/media?parent=14460"}],"curies":[{"name":"wp","href":"https:\/\/api.w.org\/{rel}","templated":true}]}}