{"id":14485,"date":"2026-04-19T20:17:08","date_gmt":"2026-04-19T18:17:08","guid":{"rendered":"https:\/\/lelalano.fr\/?page_id=14485"},"modified":"2026-04-23T14:44:13","modified_gmt":"2026-04-23T12:44:13","slug":"semaine-du-mer-20-mai-au-mar-26-mai-2026","status":"publish","type":"page","link":"https:\/\/lelalano.fr\/index.php\/semaine-du-mer-20-mai-au-mar-26-mai-2026\/","title":{"rendered":"Semaine du Mer. 20 mai au Mar. 26 mai 2026"},"content":{"rendered":"<h4>Petit R\u00e9cap&#8217; de la semaine<\/h4>\n<p>\t\t\t\t\t\t\t\t\t\t\t\tmercredi 20 mai\t\t\t\t\t<\/p>\n<ul>\n<li><a href=\"#nou\">Nous l&#8217;orchestre<\/a> \u00e0 17h15<\/li>\n<li><a href=\"#lap\">La Poup\u00e9e<\/a> \u00e0 20h45<\/li>\n<\/ul>\n<p>\t\t\t\t\t\t\t\t\t\t\t\tjeudi 21 mai\t\t\t\t\t<\/p>\n<ul>\n<li><a href=\"#led\">Le Diable s&#8217;habille en Prada<\/a> \u00e0 17h15 (vostfr)<\/li>\n<\/ul>\n<p>\t\t\t\t\t\t\t\t\t\t\t\tsamedi 23 mai\t\t\t\t\t<\/p>\n<ul>\n<li><a href=\"#mic\">Michael<\/a> \u00e0 20H45<\/li>\n<\/ul>\n<p>\t\t\t\t\t\t\t\t\t\t\t\tmardi 26 mai\t\t\t\t\t<\/p>\n<ul>\n<li><a href=\"#led\">Le Diable s&#8217;habille en Prada<\/a>\u00a0 \u00e0 20h45<\/li>\n<\/ul>\n<h4>Nous l\u2019orchestre<\/h4>\n<p>\t\t\t\t\t\t\t\t\t\t<img width=\"730\" height=\"973\" src=\"http:\/\/lelalano.fr\/wp-content\/uploads\/2026\/04\/Nous-lorchestre-768x1024.jpg\" alt=\"\" decoding=\"async\" loading=\"lazy\" srcset=\"https:\/\/lelalano.fr\/wp-content\/uploads\/2026\/04\/Nous-lorchestre-768x1024.jpg 768w, https:\/\/lelalano.fr\/wp-content\/uploads\/2026\/04\/Nous-lorchestre-225x300.jpg 225w, https:\/\/lelalano.fr\/wp-content\/uploads\/2026\/04\/Nous-lorchestre.jpg 810w\" sizes=\"(max-width: 730px) 100vw, 730px\" \/>\t\t\t\t\t\t\t\t\t\t\t<\/p>\n<h2>Synopsis<\/h2>\n<p>Tout public\u00a0<\/p>\n<p>Comment jouer ensemble sans se sentir dispara\u00eetre dans la masse ? Comment cohabiter si longtemps sans que le groupe explose ? Quel r\u00f4le joue vraiment le chef d\u2019orchestre ? Pour la premi\u00e8re fois, cam\u00e9ras et micros se faufilent parmi les 120 musiciens de l\u2019Orchestre de Paris, \u00e0 la Philharmonie, sous la baguette de leur jeune chef prodige, Klaus M\u00e4kel\u00e4. Un film immersif au c\u0153ur de la musique en train de se faire ; au plus pr\u00e8s de l\u2019exp\u00e9rience des musiciens, de leurs \u00e9motions, de la beaut\u00e9.<\/p>\n<p>\u00a0<\/p>\n<h4>S\u00c9ANCES<\/h4>\n<ul>\n<li >\n\t\t\t\t\t\t\t\t\t\tmercredi 20 mai \u00e0 17h15\n\t\t\t\t\t\t\t\t\t<\/li>\n<\/ul>\n<h4>INFOS SUR LE FILM<\/h4>\n<p>\t\t<a href=\"https:\/\/www.allocine.fr\/film\/agenda\/sem-2026-04-22\/\"> 22 avril 2026 <\/a>  en salle  | 1h 30min | <a href=\"https:\/\/www.allocine.fr\/films\/documentaires\/\">Documentaire<\/a>De <a href=\"https:\/\/www.allocine.fr\/personne\/fichepersonne_gen_cpersonne=244601.html\">Philippe B\u00e9ziat<\/a>Par <a href=\"https:\/\/www.allocine.fr\/personne\/fichepersonne_gen_cpersonne=244601.html\">Philippe B\u00e9ziat<\/a>Avec <a href=\"https:\/\/www.allocine.fr\/personne\/fichepersonne_gen_cpersonne=1000051311.html\">Klaus M\u00e4kel\u00e4<\/a><br \/>\n\t\t\t<a href=\"https:\/\/www.youtube.com\/watch?v=BD12055qUuA\" target=\"_blank\" role=\"button\" rel=\"noopener\"><br \/>\n\t\t\t\t\t\tVOIR LA BANDE ANNONCE<br \/>\n\t\t\t\t\t<\/a><br \/>\n\t\t\t<a href=\"#top\" role=\"button\"><br \/>\n\t\t\t\t\t\thaut de la page<br \/>\n\t\t\t\t\t<\/a><\/p>\n<h4>La Poup\u00e9e<\/h4>\n<p>\t\t\t\t\t\t\t\t\t\t<img width=\"730\" height=\"973\" src=\"http:\/\/lelalano.fr\/wp-content\/uploads\/2026\/04\/La-Poupee-768x1024.jpg\" alt=\"\" decoding=\"async\" loading=\"lazy\" srcset=\"https:\/\/lelalano.fr\/wp-content\/uploads\/2026\/04\/La-Poupee-768x1024.jpg 768w, https:\/\/lelalano.fr\/wp-content\/uploads\/2026\/04\/La-Poupee-225x300.jpg 225w, https:\/\/lelalano.fr\/wp-content\/uploads\/2026\/04\/La-Poupee.jpg 810w\" sizes=\"(max-width: 730px) 100vw, 730px\" \/>\t\t\t\t\t\t\t\t\t\t\t<\/p>\n<h2>Synopsis<\/h2>\n<p>Tout public\u00a0<\/p>\n<p>R\u00e9mi ne s\u2019est jamais remis de sa derni\u00e8re s\u00e9paration. Depuis, il s\u2019est mis en couple avec une poup\u00e9e, c\u2019est plus simple. Elle s\u2019appelle Audrey. Le jour o\u00f9 Patricia, une nouvelle coll\u00e8gue, arrive dans l\u2019entreprise de R\u00e9mi, Audrey va myst\u00e9rieusement prendre vie.<\/p>\n<h4>S\u00c9ANCES<\/h4>\n<ul>\n<li >\n\t\t\t\t\t\t\t\t\t\tmercredi 20 mai 20h45\n\t\t\t\t\t\t\t\t\t<\/li>\n<\/ul>\n<h4>INFOS SUR LE FILM<\/h4>\n<p>\t\t<a href=\"https:\/\/www.allocine.fr\/film\/agenda\/sem-2026-04-22\/\"> 22 avril 2026 <\/a>  en salle  | 1h 20min | <a href=\"https:\/\/www.allocine.fr\/films\/genre-13005\/\">Com\u00e9die<\/a>, <a href=\"https:\/\/www.allocine.fr\/films\/genre-13024\/\">Romance<\/a>De <a href=\"https:\/\/www.allocine.fr\/personne\/fichepersonne_gen_cpersonne=1000012492.html\">Sophie Beaulieu<\/a>Par <a href=\"https:\/\/www.allocine.fr\/personne\/fichepersonne_gen_cpersonne=1000012492.html\">Sophie Beaulieu<\/a>Avec <a href=\"https:\/\/www.allocine.fr\/personne\/fichepersonne_gen_cpersonne=180052.html\">Vincent Macaigne<\/a>, <a href=\"https:\/\/www.allocine.fr\/personne\/fichepersonne_gen_cpersonne=714061.html\">Zo\u00e9 Marchal<\/a>, <a href=\"https:\/\/www.allocine.fr\/personne\/fichepersonne_gen_cpersonne=40179.html\">C\u00e9cile de France<\/a><br \/>\n\t\t\t<a href=\"https:\/\/www.youtube.com\/watch?v=e3FUH3VKfHk\" target=\"_blank\" role=\"button\" rel=\"noopener\"><br \/>\n\t\t\t\t\t\tbande annonce<br \/>\n\t\t\t\t\t<\/a><br \/>\n\t\t\t<a href=\"#top\" role=\"button\"><br \/>\n\t\t\t\t\t\thaut de la page<br \/>\n\t\t\t\t\t<\/a><\/p>\n<h4>Le Diable s&#8217;habille en Prada 2<\/h4>\n<p>\t\t\t\t\t\t\t\t\t\t<img width=\"717\" height=\"1024\" src=\"http:\/\/lelalano.fr\/wp-content\/uploads\/2026\/04\/Le-Diable-shabille-en-Prada-2-717x1024.jpg\" alt=\"\" decoding=\"async\" loading=\"lazy\" srcset=\"https:\/\/lelalano.fr\/wp-content\/uploads\/2026\/04\/Le-Diable-shabille-en-Prada-2-717x1024.jpg 717w, https:\/\/lelalano.fr\/wp-content\/uploads\/2026\/04\/Le-Diable-shabille-en-Prada-2-210x300.jpg 210w, https:\/\/lelalano.fr\/wp-content\/uploads\/2026\/04\/Le-Diable-shabille-en-Prada-2.jpg 756w\" sizes=\"(max-width: 717px) 100vw, 717px\" \/>\t\t\t\t\t\t\t\t\t\t\t<\/p>\n<h2>Synopsis<\/h2>\n<p>Miranda, Andy, Emily et Nigel replongent dans l\u2019univers impitoyable et glamour du magazine Runway et des rues new-yorkaises o\u00f9 l\u2019\u00e9l\u00e9gance est une arme redoutable.\t\t<\/p>\n<h4>S\u00c9ANCES<\/h4>\n<ul>\n<li >\n\t\t\t\t\t\t\t\t\t\tjeudi 21 mai 17h15 (vostfr)\n\t\t\t\t\t\t\t\t\t<\/li>\n<li >\n\t\t\t\t\t\t\t\t\t\tmardi 26 mai 20h45\n\t\t\t\t\t\t\t\t\t<\/li>\n<\/ul>\n<h4>INFOS SUR LE FILM<\/h4>\n<p>\t\t<a href=\"https:\/\/www.allocine.fr\/film\/agenda\/sem-2026-04-29\/\"> 29 avril 2026 <\/a>  en salle  | 1h 59min | <a href=\"https:\/\/www.allocine.fr\/films\/genre-13005\/\">Com\u00e9die<\/a>, <a href=\"https:\/\/www.allocine.fr\/films\/genre-13008\/\">Drame<\/a>De <a href=\"https:\/\/www.allocine.fr\/personne\/fichepersonne_gen_cpersonne=67945.html\">David Frankel<\/a>Par <a href=\"https:\/\/www.allocine.fr\/personne\/fichepersonne_gen_cpersonne=77451.html\">Aline Brosh McKenna<\/a>Avec <a href=\"https:\/\/www.allocine.fr\/personne\/fichepersonne_gen_cpersonne=9.html\">Meryl Streep<\/a>, <a href=\"https:\/\/www.allocine.fr\/personne\/fichepersonne_gen_cpersonne=65719.html\">Anne Hathaway<\/a>, <a href=\"https:\/\/www.allocine.fr\/personne\/fichepersonne_gen_cpersonne=123054.html\">Emily Blunt<\/a>Titre original  The Devil Wears Prada 2<br \/>\n\t\t\t<a href=\"https:\/\/www.youtube.com\/watch?v=bEptFLe6q0k\" target=\"_blank\" role=\"button\" rel=\"noopener\"><br \/>\n\t\t\t\t\t\tVoir la bande annonce (vostfr)<br \/>\n\t\t\t\t\t<\/a><br \/>\n\t\t\t<a href=\"https:\/\/www.youtube.com\/watch?v=N8VuVMl9xq4\" target=\"_blank\" role=\"button\" rel=\"noopener\"><br \/>\n\t\t\t\t\t\tVoir la bande annonce<br \/>\n\t\t\t\t\t<\/a><br \/>\n\t\t\t<a href=\"#top\" role=\"button\"><br \/>\n\t\t\t\t\t\thaut de la page<br \/>\n\t\t\t\t\t<\/a><\/p>\n<h4>Michael<\/h4>\n<p>\t\t\t\t\t\t\t\t\t\t<img width=\"730\" height=\"913\" src=\"http:\/\/lelalano.fr\/wp-content\/uploads\/2026\/04\/Michael-1-819x1024.jpg\" alt=\"\" decoding=\"async\" loading=\"lazy\" srcset=\"https:\/\/lelalano.fr\/wp-content\/uploads\/2026\/04\/Michael-1-819x1024.jpg 819w, https:\/\/lelalano.fr\/wp-content\/uploads\/2026\/04\/Michael-1-240x300.jpg 240w, https:\/\/lelalano.fr\/wp-content\/uploads\/2026\/04\/Michael-1-768x960.jpg 768w, https:\/\/lelalano.fr\/wp-content\/uploads\/2026\/04\/Michael-1.jpg 864w\" sizes=\"(max-width: 730px) 100vw, 730px\" \/>\t\t\t\t\t\t\t\t\t\t\t<\/p>\n<h2>Synopsis<\/h2>\n<p>Tout public\u00a0<\/p>\n<p>Michael dresse le portrait cin\u00e9matographique de la vie de l&#8217;un des artistes les plus influents de notre \u00e9poque.<\/p>\n<p>Le film raconte l&#8217;histoire de Michael Jackson au-del\u00e0 de la musique, depuis la d\u00e9couverte d&#8217;un talent hors du commun en tant que leader des Jackson Five, jusqu&#8217;\u00e0 l&#8217;artiste visionnaire dont l&#8217;ambition cr\u00e9ative a aliment\u00e9 une qu\u00eate incessante pour devenir le plus grand artiste au monde.<\/p>\n<p>Mettant en lumi\u00e8re sa vie hors sc\u00e8ne et ses performances les plus embl\u00e9matiques de ses d\u00e9buts en solo, le film offre au public une place au premier rang pour d\u00e9couvrir Michael Jackson comme jamais auparavant. C&#8217;est ici que son histoire commence.<\/p>\n<p>\u00a0<\/p>\n<h4>S\u00c9ANCES<\/h4>\n<ul>\n<li >\n\t\t\t\t\t\t\t\t\t\tsamedi 23 mai 20h45\n\t\t\t\t\t\t\t\t\t<\/li>\n<\/ul>\n<h4>INFOS SUR LE FILM<\/h4>\n<p>\t\t<a href=\"https:\/\/www.allocine.fr\/film\/agenda\/sem-2026-04-22\/\"> 22 avril 2026 <\/a>  en salle  | 2h 08min | <a href=\"https:\/\/www.allocine.fr\/films\/genre-13027\/\">Biopic<\/a>, <a href=\"https:\/\/www.allocine.fr\/films\/genre-13008\/\">Drame<\/a>, <a href=\"https:\/\/www.allocine.fr\/films\/genre-13043\/\">Musical<\/a>De <a href=\"https:\/\/www.allocine.fr\/personne\/fichepersonne_gen_cpersonne=26888.html\">Antoine Fuqua<\/a>Par <a href=\"https:\/\/www.allocine.fr\/personne\/fichepersonne_gen_cpersonne=46147.html\">John Logan<\/a>Avec <a href=\"https:\/\/www.allocine.fr\/personne\/fichepersonne_gen_cpersonne=985734.html\">Jaafar Jackson<\/a>, <a href=\"https:\/\/www.allocine.fr\/personne\/fichepersonne_gen_cpersonne=133868.html\">Colman Domingo<\/a>, <a href=\"https:\/\/www.allocine.fr\/personne\/fichepersonne_gen_cpersonne=31596.html\">Nia Long<\/a><br \/>\n\t\t\t<a href=\"https:\/\/www.youtube.com\/watch?v=cXWcaO338-g\" target=\"_blank\" role=\"button\" rel=\"noopener\"><br \/>\n\t\t\t\t\t\tVoir la bande annonce<br \/>\n\t\t\t\t\t<\/a><br \/>\n\t\t\t<a href=\"#top\" role=\"button\"><br \/>\n\t\t\t\t\t\thaut de la page<br \/>\n\t\t\t\t\t<\/a><\/p>\n","protected":false},"excerpt":{"rendered":"<p>Petit R\u00e9cap&#8217; de la semaine mercredi 20 mai Nous l&#8217;orchestre \u00e0 17h15 La Poup\u00e9e \u00e0 20h45 jeudi 21 mai Le Diable s&#8217;habille en Prada \u00e0 17h15 (vostfr) samedi 23 mai Michael \u00e0 20H45 mardi 26 mai Le Diable s&#8217;habille en Prada\u00a0 \u00e0 20h45 Nous l\u2019orchestre Synopsis Tout public\u00a0 Comment jouer ensemble sans se sentir dispara\u00eetre<span class=\"read-more-wrap\"><a class=\"moretag\" href=\"https:\/\/lelalano.fr\/index.php\/semaine-du-mer-20-mai-au-mar-26-mai-2026\/\">Lire la suite<span class=\"screen-reader-text\">Semaine du Mer. 20 mai au Mar. 26 mai 2026<\/span><\/a><\/span><\/p>\n","protected":false},"author":1,"featured_media":0,"parent":0,"menu_order":0,"comment_status":"closed","ping_status":"closed","template":"","meta":{"footnotes":""},"_links":{"self":[{"href":"https:\/\/lelalano.fr\/index.php\/wp-json\/wp\/v2\/pages\/14485"}],"collection":[{"href":"https:\/\/lelalano.fr\/index.php\/wp-json\/wp\/v2\/pages"}],"about":[{"href":"https:\/\/lelalano.fr\/index.php\/wp-json\/wp\/v2\/types\/page"}],"author":[{"embeddable":true,"href":"https:\/\/lelalano.fr\/index.php\/wp-json\/wp\/v2\/users\/1"}],"replies":[{"embeddable":true,"href":"https:\/\/lelalano.fr\/index.php\/wp-json\/wp\/v2\/comments?post=14485"}],"version-history":[{"count":24,"href":"https:\/\/lelalano.fr\/index.php\/wp-json\/wp\/v2\/pages\/14485\/revisions"}],"predecessor-version":[{"id":14558,"href":"https:\/\/lelalano.fr\/index.php\/wp-json\/wp\/v2\/pages\/14485\/revisions\/14558"}],"wp:attachment":[{"href":"https:\/\/lelalano.fr\/index.php\/wp-json\/wp\/v2\/media?parent=14485"}],"curies":[{"name":"wp","href":"https:\/\/api.w.org\/{rel}","templated":true}]}}