{"id":8015,"date":"2022-07-02T21:48:40","date_gmt":"2022-07-02T19:48:40","guid":{"rendered":"http:\/\/lelalano.fr\/?page_id=8015"},"modified":"2022-07-05T10:29:25","modified_gmt":"2022-07-05T08:29:25","slug":"spectacles-scolaires-2022-2023","status":"publish","type":"page","link":"https:\/\/lelalano.fr\/index.php\/spectacles-scolaires-2022-2023\/","title":{"rendered":"Spectacles Scolaires 2022-2023"},"content":{"rendered":"<h2>Chronologie des spectacles<\/h2>\n<p>\t\t\t\t\t\t\t\t\t\t\t\tVendredi 20 janvier 2023\t\t\t\t\t<\/p>\n<h4><a href=\"#jai\">J&#8217;ai dormi pr\u00e8s d\u2019un arbre\u00a0<\/a><\/h4>\n<p>Spectacle Jeunesse Musicale de France.<\/p>\n<p>\t\t\t\t\t\t\t\t\t\t\t\tJeudi 23 mars 2023\t\t\t\t\t<\/p>\n<h4><a href=\"#leb\">Le Berger des sons<\/a><\/h4>\n<p>Spectacle Jeunesse Musicale de France.<\/p>\n<p>\t\t\t\t\t\t\t\t\t\t\t\tVendredi 31 mars\t\t\t\t\t<\/p>\n<h4><a href=\"#pet\">Petits Contes Orientaux<\/a><\/h4>\n<p>Spectacle Jeunesse Musicale de France.<\/p>\n<h2>Vendredi 20 janvier 2023 &#8211; 10h et 14h30.<\/h2>\n<p>\t\t\t\t\t\t\t\t\t\t<img loading=\"lazy\" decoding=\"async\" width=\"215\" height=\"300\" src=\"http:\/\/lelalano.fr\/wp-content\/uploads\/2022\/07\/AFFICHE_A3_ARBRE_\u00a9TBaas-web-215x300.jpg\" alt=\"\" srcset=\"http:\/\/lelalano.fr\/wp-content\/uploads\/2022\/07\/AFFICHE_A3_ARBRE_\u00a9TBaas-web-215x300.jpg 215w, http:\/\/lelalano.fr\/wp-content\/uploads\/2022\/07\/AFFICHE_A3_ARBRE_\u00a9TBaas-web.jpg 600w\" sizes=\"(max-width: 215px) 100vw, 215px\" \/>\t\t\t\t\t\t\t\t\t\t\t<\/p>\n<p>\u00a9TBaas-web<\/p>\n<p>\t\t\t\t\t\t\t\t\t\t<img loading=\"lazy\" decoding=\"async\" width=\"730\" height=\"478\" src=\"http:\/\/lelalano.fr\/wp-content\/uploads\/2022\/07\/J-ai-dprmi-pres-d-un-arbre_\u00a9-Fabien-Espinasse-web.jpg\" alt=\"\" srcset=\"http:\/\/lelalano.fr\/wp-content\/uploads\/2022\/07\/J-ai-dprmi-pres-d-un-arbre_\u00a9-Fabien-Espinasse-web.jpg 800w, http:\/\/lelalano.fr\/wp-content\/uploads\/2022\/07\/J-ai-dprmi-pres-d-un-arbre_\u00a9-Fabien-Espinasse-web-300x197.jpg 300w, http:\/\/lelalano.fr\/wp-content\/uploads\/2022\/07\/J-ai-dprmi-pres-d-un-arbre_\u00a9-Fabien-Espinasse-web-768x503.jpg 768w\" sizes=\"(max-width: 730px) 100vw, 730px\" \/>\t\t\t\t\t\t\t\t\t\t\t<\/p>\n<p>\u00a9-Fabien-Espinasse<\/p>\n<p>https:\/\/www.youtube.com\/watch?v=yhwv5S-sQF0https:\/\/www.youtube.com\/watch?v=gEvtqF22L0g\t\t<\/p>\n<h2>J&#8217;ai dormi pr\u00e8s d\u2019un arbre &#8211; Manu Galure, Lorenzo Naccarato,<br \/>\nSimon Chouf (Toulouse).<\/h2>\n<h2>Chansons au pied lev\u00e9<\/h2>\n<h2>Public<\/h2>\n<p>\u00c9l\u00e9mentaire\u00a0\u2022 6e\u00a0\u2022 5e \u2022 Lyc\u00e9e \u2022 Familiale \u00e0 partir de 6 ans<\/p>\n<p><strong>\u00a0 <br \/><\/strong><\/p>\n<p>R\u00e9sum\u00e9<\/p>\n<section>\n<p>Apr\u00e8s plus de deux ans de Tour de France \u00e0 pied et en chansons, 10 000 km de marche et pr\u00e8s de 400 concerts, Manu Galure a des histoires \u00e0 chanter. Des aventures de troubadours, de sangliers qui vous mangent les pieds, d&#8217;arbres qui courent, de siestes trop longues et de pingouins qui puent. Sur la sc\u00e8ne, un piano \u00e0 queue et un piano droit, mais bricol\u00e9s et bancals, qu&#8217;on visse, qu&#8217;on cloue, qu&#8217;on scotche, qu&#8217;on remplit de ressorts et de ferraille, des pianos qu&#8217;on joue avec les pieds, avec des marteaux, avec une meuleuse. Les histoires ressemblent aux musiques et aux sonorit\u00e9s qui les accompagnent, \u00e9tranges et amusantes, grin\u00e7antes et pleines de malice.<\/p>\n<p>Dans ce nouveau spectacle \u00e9crit sur mesure pour les JM France, Manu Galure continuera de faire ce qu&#8217;il aime : martyriser des fables, inventer des univers extravagants, faire rire et surprendre. Il jurera qu&#8217;il n&#8217;aime pas les enfants, mais voil\u00e0 qu&#8217;il se met, pour la premi\u00e8re fois, \u00e0 leur \u00e9crire des chansons\u2026<\/p>\n<h2>Distribution<\/h2>\n<p><strong>Manu Galure<\/strong> chant et piano<br \/><strong>Lorenzo Naccarato<\/strong> piano<br \/><strong>Simon Chouf<\/strong>\u00a0jeu, son et lumi\u00e8re<br \/>(Occitanie)<\/p>\n<p><strong>Musique<\/strong> Manu Galure<\/p>\n<\/section>\n<h3><strong>Tarif et r\u00e9servation<\/strong><\/h3>\n<p>Tarif scolaire : 5 \u20ac par \u00e9l\u00e8ve.<\/p>\n<p>R\u00e9servations par mail : lelalano@yahoo.fr<\/p>\n<p><em>Merci de pr\u00e9ciser la s\u00e9ance souhait\u00e9e (10h ou 14h30) le nom de l&#8217;\u00e9cole, celui de l&#8217;enseignant, le nombre d&#8217;\u00e9l\u00e8ves ainsi qu&#8217;un num\u00e9ro de t\u00e9l\u00e9phone. (Toutes les donn\u00e9es que vous nous transmettrez, ne seront utilis\u00e9es qu&#8217;\u00e0 la seule fin de l&#8217;organisation de l&#8217;\u00e9v\u00e8nement concern\u00e9.)<br \/><\/em><\/p>\n<p>Nous vous confirmerons le plus rapidement possible par mail, votre r\u00e9servation.<\/p>\n<p>\t\t\t<a href=\"#chrono\"><br \/>\n\t\t\t<\/a><\/p>\n<h2>Jeudi 23 mars 2023 &#8211; 10h et 14h30<\/h2>\n<p>\t\t\t\t\t\t\t\t\t\t<img loading=\"lazy\" decoding=\"async\" width=\"730\" height=\"486\" src=\"http:\/\/lelalano.fr\/wp-content\/uploads\/2022\/07\/Le-berger-des-sons\u00a9F_Ferranti-web.jpg\" alt=\"\" srcset=\"http:\/\/lelalano.fr\/wp-content\/uploads\/2022\/07\/Le-berger-des-sons\u00a9F_Ferranti-web.jpg 800w, http:\/\/lelalano.fr\/wp-content\/uploads\/2022\/07\/Le-berger-des-sons\u00a9F_Ferranti-web-300x200.jpg 300w, http:\/\/lelalano.fr\/wp-content\/uploads\/2022\/07\/Le-berger-des-sons\u00a9F_Ferranti-web-768x512.jpg 768w\" sizes=\"(max-width: 730px) 100vw, 730px\" \/>\t\t\t\t\t\t\t\t\t\t\t<\/p>\n<p>\u00a9F_Ferranti<\/p>\n<p>https:\/\/www.youtube.com\/watch?v=6LSwIaskwtw\t\t<\/p>\n<h2>Le Berger des sons &#8211; Alain Larribet, Compagnie Le Berger des sons (Nouvelle-Aquitaine)<\/h2>\n<h2>Lou Petit, de l&#8217;Occitan \u00e0 l&#8217;Orient<\/h2>\n<p><strong>Maternelle \u2022 \u00c9l\u00e9mentaire \u2022 Familiale \u00e0 partir de 6 ans<\/strong><\/p>\n<p>Alain Larribet est un artiste \u00e0 la personnalit\u00e9 singuli\u00e8re, g\u00e9n\u00e9reuse et attachante. Musicien autodidacte, il a cr\u00e9\u00e9 un \u00ab langage d\u2019\u00e9motions \u00bb qui ne reconna\u00eet que la po\u00e9sie des\u00a0sons pour figurer une prairie, une montagne, une cascade, l\u2019air, la pluie, son chien\u2026 Sa voix, impr\u00e9gn\u00e9e de diverses couleurs des chants du monde, nous transporte au-del\u00e0 des\u00a0fronti\u00e8res, par-del\u00e0 la cime des arbres qui ont jalonn\u00e9 son chemin. Au fil de ses p\u00e9r\u00e9grinations, de la Vall\u00e9e d\u2019Aspe aux steppes mongoles, on entendra tant\u00f4t un<em> duduk<\/em>, tant\u00f4t un\u00a0<em>hulusi<\/em>, tant\u00f4t encore un <em>hang<\/em>, un tambourin \u00e0 cordes, un harmonium indien\u2026<\/p>\n<p>Lib\u00e9r\u00e9 de toute convention, Alain Larribet se souvient et nous partage des r\u00e9cits de son enfance et des histoires de pastoralisme, t\u00e9moignant avec une grande sinc\u00e9rit\u00e9 de son\u00a0amour pour la nature et sa passion pour le voyage. Plus qu\u2019un r\u00e9cit personnel, le Berger des sons est l\u2019histoire d\u2019une vie\u2026\u00e9mouvante, espi\u00e8gle et passionn\u00e9e.<\/p>\n<h2>Distribution<\/h2>\n<p><strong>Compagnie Le Berger des sons<\/strong> (Nouvelle-Aquitaine)<br \/><strong>Alain Larribet<\/strong> chant, instruments du monde<\/p>\n<p><strong>Mise en sc\u00e8ne<\/strong> Clotilde Gilles<br \/><strong>Son et lumi\u00e8re<\/strong> Olivier Pouquet<\/p>\n<p><strong>Compositions originales<\/strong><\/p>\n<h3><strong>Tarif et r\u00e9servation<\/strong><\/h3>\n<p>Tarif scolaire : 5 \u20ac par \u00e9l\u00e8ve.<\/p>\n<p>R\u00e9servations par mail : lelalano@yahoo.fr<\/p>\n<p><em>Merci de pr\u00e9ciser la s\u00e9ance souhait\u00e9e (10h* ou 14h30) le nom de l&#8217;\u00e9cole, celui de l&#8217;enseignant, le nombre d&#8217;\u00e9l\u00e8ves ainsi qu&#8217;un num\u00e9ro de t\u00e9l\u00e9phone. (Toutes les donn\u00e9es que vous nous transmettrez, ne seront utilis\u00e9es qu&#8217;\u00e0 la seule fin de l&#8217;organisation de l&#8217;\u00e9v\u00e8nement concern\u00e9.)<br \/><\/em><\/p>\n<p>Nous vous confirmerons le plus rapidement possible par mail, votre r\u00e9servation.<\/p>\n<ul>\n<li>* s\u00e9ance r\u00e9serv\u00e9e en priorit\u00e9 aux classes de maternelles.<\/li>\n<\/ul>\n<p><em>\u00a0<\/em><\/p>\n<p>\t\t\t<a href=\"#chrono\"><br \/>\n\t\t\t<\/a><\/p>\n<h2>vendredi 31 mars 2023 &#8211; 10h et 14h30.<\/h2>\n<p>\t\t\t\t\t\t\t\t\t\t<img loading=\"lazy\" decoding=\"async\" width=\"300\" height=\"214\" src=\"http:\/\/lelalano.fr\/wp-content\/uploads\/2022\/07\/PETITS-CONTES-ORIENTAUX-cCarr\u00e9ment-nouvelle-ok-web-300x214.jpg\" alt=\"\" srcset=\"http:\/\/lelalano.fr\/wp-content\/uploads\/2022\/07\/PETITS-CONTES-ORIENTAUX-cCarr\u00e9ment-nouvelle-ok-web-300x214.jpg 300w, http:\/\/lelalano.fr\/wp-content\/uploads\/2022\/07\/PETITS-CONTES-ORIENTAUX-cCarr\u00e9ment-nouvelle-ok-web-768x547.jpg 768w, http:\/\/lelalano.fr\/wp-content\/uploads\/2022\/07\/PETITS-CONTES-ORIENTAUX-cCarr\u00e9ment-nouvelle-ok-web.jpg 800w\" sizes=\"(max-width: 300px) 100vw, 300px\" \/>\t\t\t\t\t\t\t\t\t\t\t<\/p>\n<h6><em><strong>\u00a0(c)Carr\u00e9ment nouvelle<br \/><\/strong><\/em><\/h6>\n<h2>Petits Contes Orientaux<\/h2>\n<h2>Tradition et modernit\u00e9 \u00e0 l\u2019unisson<\/h2>\n<p><strong>Maternelle \u2022 \u00c9l\u00e9mentaire \u2022 6e \u2022 5e \u2022 Familiale \u00e0 partir de 3 ans<\/strong><\/p>\n<p>Fid\u00e8les \u00e0 leur d\u00e9marche initi\u00e9e avec <em>Les Aventures du Prince Ahmed<\/em> de m\u00ealer instruments\u00a0traditionnels orientaux et musique \u00e9lectronique, Nicolas Leli\u00e8vre et Olivier Hue\u00a0cr\u00e9ent un univers sonore original et po\u00e9tique. Leurs compositions, qui oscillent entre\u00a0m\u00e9lodies envo\u00fbtantes et sonorit\u00e9s apaisantes, viennent souligner la beaut\u00e9 des images\u00a0et apporter un souffle de modernit\u00e9 \u00e0 des techniques anciennes.<\/p>\n<p>Compos\u00e9 de trois courts-m\u00e9trages iraniens aux techniques d\u2019animation diverses\u00a0(dessin, papier d\u00e9coup\u00e9, textile), ce cin\u00e9-concert nous entra\u00eene \u00e0 travers des histoires\u00a0universelles peupl\u00e9es d\u2019animaux pas si sauvages et de personnages pas toujours\u00a0tendres, o\u00f9 l\u2019on rencontre un corbeau affam\u00e9 cherchant le confort d\u2019une cage dor\u00e9e, un\u00a0loup sournois, un chasseur cupide, un b\u00fbcheron g\u00e9n\u00e9reux\u2026 Port\u00e9s par la musique de\u00a0deux artistes \u00e9clectiques et innovants, ces bijoux d\u2019animation, merveilles intemporelles\u00a0finement cisel\u00e9es, offrent aux petits comme aux grands l\u2019occasion de s\u2019envoler sur un\u00a0tapis persan et s\u2019ouvrir au monde.<\/p>\n<h2>Distribution<\/h2>\n<p><strong>Compagnie Les Amis de FantomUs\u00a0<\/strong><br \/>(Normandie)<\/p>\n<p><strong>Olivier Hue<\/strong> luths, oud, tanb\u00fbr, clarinette, fl\u00fbte japonaise<br \/><strong>Nicolas Leli\u00e8vre<\/strong> zarb et daf d\u2019Iran, percussions, harmonium indien, pad \u00e9lectronique<\/p>\n<p><strong>Musique<\/strong>\u00a0compositions originales<\/p>\n<p><strong>Vid\u00e9os<\/strong> Shangoul et Mangoul de Farkhondeh Torabi et Morteza Sarkani (Kanoon \/ Films du Pr\u00e9au)<br \/>\u00a0 \u00a0 \u00a0 \u00a0 \u00a0 \u00a0 \u00a0Le Retour de Vadjollah Fard Moghadam (Kanoon \/ Films du Paradoxe)<br \/>\u00a0 \u00a0 \u00a0 \u00a0 \u00a0 \u00a0 \u00a0Une Histoire Douce de Mohammad Reza Abedi (Kanoon \/ Films du Whippet)<\/p>\n<h3><strong>Tarif et r\u00e9servation<\/strong><\/h3>\n<p>Tarif scolaire : 5 \u20ac par \u00e9l\u00e8ve.<\/p>\n<p>R\u00e9servations par mail : lelalano@yahoo.fr<\/p>\n<p><em>Merci de pr\u00e9ciser la s\u00e9ance souhait\u00e9e (10h* ou 14h30) le nom de l&#8217;\u00e9cole, celui de l&#8217;enseignant, le nombre d&#8217;\u00e9l\u00e8ves ainsi qu&#8217;un num\u00e9ro de t\u00e9l\u00e9phone. (Toutes les donn\u00e9es que vous nous transmettrez, ne seront utilis\u00e9es qu&#8217;\u00e0 la seule fin de l&#8217;organisation de l&#8217;\u00e9v\u00e8nement concern\u00e9.)<br \/><\/em><\/p>\n<p>Nous vous confirmerons le plus rapidement possible par mail, votre r\u00e9servation.<\/p>\n<ul>\n<li>* s\u00e9ance r\u00e9serv\u00e9e en priorit\u00e9 aux classes de maternelles.<\/li>\n<\/ul>\n<p><em>\u00a0<\/em><\/p>\n<p>\t\t\t<a href=\"#chrono\"><br \/>\n\t\t\t<\/a><\/p>\n<h2>Nos partenaires :<\/h2>\n<p>\t\t\t\t\t\t\t\t\t\t<img loading=\"lazy\" decoding=\"async\" width=\"200\" height=\"200\" src=\"http:\/\/lelalano.fr\/wp-content\/uploads\/2018\/03\/cd65-new.jpg\" alt=\"\" srcset=\"http:\/\/lelalano.fr\/wp-content\/uploads\/2018\/03\/cd65-new.jpg 200w, http:\/\/lelalano.fr\/wp-content\/uploads\/2018\/03\/cd65-new-150x150.jpg 150w, http:\/\/lelalano.fr\/wp-content\/uploads\/2018\/03\/cd65-new-186x186.jpg 186w\" sizes=\"(max-width: 200px) 100vw, 200px\" \/><br \/>\n\t\t\t\t\t\t\t\t\t\t<img loading=\"lazy\" decoding=\"async\" width=\"200\" height=\"87\" src=\"http:\/\/lelalano.fr\/wp-content\/uploads\/2018\/03\/logo-d\u00e9finitif-texte-pour-le-site-e1522417890838.png\" alt=\"\" \/><br \/>\n\t\t\t\t\t\t\t\t\t\t<img loading=\"lazy\" decoding=\"async\" width=\"105\" height=\"150\" src=\"http:\/\/lelalano.fr\/wp-content\/uploads\/2018\/03\/lalanne-trie.jpg\" alt=\"\" \/><br \/>\n\t\t\t\t\t\t\t\t\t\t<img loading=\"lazy\" decoding=\"async\" width=\"730\" height=\"405\" src=\"http:\/\/lelalano.fr\/wp-content\/uploads\/2022\/07\/jmf-horizontal_rouge-1024x568.png\" alt=\"\" srcset=\"http:\/\/lelalano.fr\/wp-content\/uploads\/2022\/07\/jmf-horizontal_rouge-1024x568.png 1024w, http:\/\/lelalano.fr\/wp-content\/uploads\/2022\/07\/jmf-horizontal_rouge-300x166.png 300w, http:\/\/lelalano.fr\/wp-content\/uploads\/2022\/07\/jmf-horizontal_rouge-768x426.png 768w\" sizes=\"(max-width: 730px) 100vw, 730px\" \/><\/p>\n","protected":false},"excerpt":{"rendered":"<p>Chronologie des spectacles Vendredi 20 janvier 2023 J&#8217;ai dormi pr\u00e8s d\u2019un arbre\u00a0 Spectacle Jeunesse Musicale de France. Jeudi 23 mars 2023 Le Berger des sons Spectacle Jeunesse Musicale de France. Vendredi 31 mars Petits Contes Orientaux Spectacle Jeunesse Musicale de France. Vendredi 20 janvier 2023 &#8211; 10h et 14h30. \u00a9TBaas-web \u00a9-Fabien-Espinasse https:\/\/www.youtube.com\/watch?v=yhwv5S-sQF0https:\/\/www.youtube.com\/watch?v=gEvtqF22L0g J&#8217;ai dormi pr\u00e8s<span class=\"read-more-wrap\"><a class=\"moretag\" href=\"https:\/\/lelalano.fr\/index.php\/spectacles-scolaires-2022-2023\/\">Lire la suite<span class=\"screen-reader-text\">Spectacles Scolaires 2022-2023<\/span><\/a><\/span><\/p>\n","protected":false},"author":1,"featured_media":0,"parent":0,"menu_order":0,"comment_status":"closed","ping_status":"closed","template":"","meta":{"footnotes":""},"_links":{"self":[{"href":"https:\/\/lelalano.fr\/index.php\/wp-json\/wp\/v2\/pages\/8015"}],"collection":[{"href":"https:\/\/lelalano.fr\/index.php\/wp-json\/wp\/v2\/pages"}],"about":[{"href":"https:\/\/lelalano.fr\/index.php\/wp-json\/wp\/v2\/types\/page"}],"author":[{"embeddable":true,"href":"https:\/\/lelalano.fr\/index.php\/wp-json\/wp\/v2\/users\/1"}],"replies":[{"embeddable":true,"href":"https:\/\/lelalano.fr\/index.php\/wp-json\/wp\/v2\/comments?post=8015"}],"version-history":[{"count":25,"href":"https:\/\/lelalano.fr\/index.php\/wp-json\/wp\/v2\/pages\/8015\/revisions"}],"predecessor-version":[{"id":8051,"href":"https:\/\/lelalano.fr\/index.php\/wp-json\/wp\/v2\/pages\/8015\/revisions\/8051"}],"wp:attachment":[{"href":"https:\/\/lelalano.fr\/index.php\/wp-json\/wp\/v2\/media?parent=8015"}],"curies":[{"name":"wp","href":"https:\/\/api.w.org\/{rel}","templated":true}]}}