{"id":952,"date":"2018-05-12T17:19:11","date_gmt":"2018-05-12T15:19:11","guid":{"rendered":"http:\/\/lelalano.fr\/?page_id=952"},"modified":"2023-07-27T10:53:32","modified_gmt":"2023-07-27T08:53:32","slug":"presentation","status":"publish","type":"page","link":"https:\/\/lelalano.fr\/index.php\/accueil\/presentation\/","title":{"rendered":"Cin\u00e9ma le Lalano : portrait"},"content":{"rendered":"<p>\u00c0 Lalanne-Trie, commune des Hautes-Pyr\u00e9n\u00e9es, se trouve la Maison de la Communication, cin\u00e9ma le Lalano : espace culturel d&#8217;une capacit\u00e9 de 300 places d\u00e9di\u00e9 au cin\u00e9ma, aux spectacles vivants et \u00e0 l&#8217;accueil d&#8217;initiatives culturelles et artistiques.<br \/>Fr\u00e9quentation : environ 8000 personnes par an toutes activit\u00e9s confondues dont 4000 pour le cin\u00e9ma en moyenne.<br \/>Le cin\u00e9ma le Lalano est class\u00e9 Art &amp; Essai par le CNC et propose 5 s\u00e9ances tout public par semaine. Des programmations sp\u00e9cifiques sont \u00e9galement mise en place pour accueillir les publics scolaire, les seniors ainsi que des groupes adultes handicap\u00e9s.<br \/>Le cin\u00e9ma le Lalano fait parti de l&#8217;entente de programmation V\u00e9o, ce qui facilite la relation avec les distributeurs de films. Pour consulter le programme des activit\u00e9s du Lalano :<br \/>lelalano.fr<br \/>ccptm.fr<br \/>allocine.fr (recherche : cin\u00e9ma le Lalano)<br \/>Facebook, Instagram&#8230;<br \/>Le cin\u00e9ma le Lalano est financ\u00e9 par la Commune de Lalanne-Trie, le Conseil D\u00e9partementale des Hautes-Pyr\u00e9n\u00e9es, le CNC (classement Art &amp; Essai), la Communaut\u00e9 de Commune du Pays de Trie et du Magnoac.<\/p>\n<p>Les r\u00e9novations techniques notamment pour le passage au num\u00e9rique ont \u00e9t\u00e9 financ\u00e9 par l&#8217;\u00c9tat, le CNC, le Conseil R\u00e9gional Occitanie, le D\u00e9partement des Hautes-Pyr\u00e9n\u00e9es, la Commune de Lalanne-Trie.<br \/>Le cin\u00e9ma le Lalano adh\u00e8re \u00e0 l&#8217;Afcae (Association fran\u00e7aise des cin\u00e9ma Art et Essai), \u00e0 l&#8217;ADRC (agence pour le d\u00e9veloppement r\u00e9gional du cin\u00e9ma) et au r\u00e9seau V\u00e9o cin\u00e9.<br \/>La liste des entreprises locales soutenant le cin\u00e9ma est consultable <a href=\"http:\/\/lelalano.fr\/index.php\/nos-sponsors\/\" target=\"_blank\" rel=\"noopener\">ici.<\/a><br \/><strong>\u00c9quipements techniques :<\/strong> Le cin\u00e9ma le Lalano est \u00e9quip\u00e9 pour les projections argentiques (copie 35mn) et num\u00e9rique (Dcp), de plus le cin\u00e9ma est \u00e9quip\u00e9 d&#8217;un syst\u00e8me 3D avec lunettes actives Xpand. Le cin\u00e9ma le Lalano est aussi une salle de spectacles qui dispose d&#8217;une sc\u00e8ne de 12 m\u00e8tres d&#8217;ouverture sur 7 de profondeur, dot\u00e9 de loges, d&#8217;\u00e9clairages de sc\u00e8ne et d&#8217;un syst\u00e8me audio. Le Lalano accueil de nombreuses manifestations : concerts, th\u00e9\u00e2tre, danse&#8230; La Maison de la Communication, cin\u00e9ma le Lalano a \u00e0 sa disposition une vaste salle polyvalente avec cuisine collective pouvant accueillir jusqu&#8217;\u00e0 200 couverts. Cet espace comporte une sc\u00e8ne de 10 m d&#8217;ouverture sur 5m permettant \u00e0 des artistes de se produire. Il est aussi \u00e9quip\u00e9 d&#8217;un syst\u00e8me de vid\u00e9o projection. Le Lalano dispose \u00e9galement d&#8217;un th\u00e9\u00e2tre de verdure et d&#8217;un grand parking. Ce complexe fait face \u00e0 la chaine des Pyr\u00e9n\u00e9es avec en point de mire le pic du midi de Bigorre.<\/p>\n<p><strong>Manifestations culturelles r\u00e9guli\u00e8res organis\u00e9 par l&#8217;association la Coust\u00e8te ou dont elle est partenaire financi\u00e8rement et logistiquement : <\/strong><\/p>\n<p><strong>Les Jeudi du Doc<\/strong>, le documentaire c&#8217;est du cin\u00e9ma : En partenariat avec la Cumav65 : association bas\u00e9 \u00e0 Saint Sever de Rustan, le cin\u00e9ma le Lalano organise chaque dernier jeudi du mois d&#8217;octobre \u00e0 avril, la projection d&#8217;un documentaire en pr\u00e9sence de son r\u00e9alisateur ou de protagonistes du film. La projection est suivie d&#8217;une discussion autour du film, des choix de production et des parti pris cin\u00e9matographiques.<\/p>\n<p><strong>\u00c9ducation \u00e0 l&#8217;image <\/strong>: parcours cin\u00e9matographique \u00e0 destination des publics scolaires C&#8217;est un projet culturel visant \u00e0 offrir \u00e0 tous les enfants et adolescents scolaris\u00e9s \u00e0 proximit\u00e9 de notre cin\u00e9ma, un accompagnement leur permettant d\u2019appr\u00e9hender les films comme objets de plaisir, d\u2019\u00e9motion mais aussi d\u2019analyse et de r\u00e9flexion sur le cin\u00e9ma et plus g\u00e9n\u00e9ralement les images. \u00c0 partir d\u2019un parcours cin\u00e9matographique concert\u00e9 avec les \u00e9quipes enseignantes, nous proposerons chaque trimestre un film pour chaque cycle, de la maternelle au coll\u00e8ge soit une quinzaine de s\u00e9ances. Le travail p\u00e9dagogique autour des films se poursuit en classe gr\u00e2ce \u00e0 l&#8217;intervention Mojdeh Famili intervenante ind\u00e9pendante sp\u00e9cialis\u00e9e dans le domaine de l&#8217;\u00e9ducation \u00e0 l&#8217;image et associ\u00e9e \u00e0 la programmation scolaire du Lalano.<\/p>\n<p><strong>Escales d&#8217;automne<\/strong> Nous accueillons chaque ann\u00e9e un spectacle propos\u00e9 par le Conseil D\u00e9partemental dans le cadre des Escales d&#8217;Automne. Il peut s&#8217;agir de th\u00e9\u00e2tre, de musique, de danse ou de cirque. Nous assurons l&#8217;accueil technique et celui du public.<br \/><strong>Programmation de spectacles vivants<\/strong> Au fil de l&#8217;ann\u00e9e nous accueillons entre 2 et 3 spectacles vivants (th\u00e9\u00e2tre, danse, musique, marrionnettes&#8230;) \u00e0 destination du jeune et du tout public.<\/p>\n<figure class='gallery-item'>\n\t\t\t\t<a data-elementor-open-lightbox=\"default\" data-elementor-lightbox-slideshow=\"ec8ec48\" href='http:\/\/lelalano.fr\/wp-content\/uploads\/2022\/03\/cabine-03.jpg'><img loading=\"lazy\" decoding=\"async\" width=\"150\" height=\"150\" src=\"http:\/\/lelalano.fr\/wp-content\/uploads\/2022\/03\/cabine-03-150x150.jpg\" alt=\"\" \/><\/a><br \/>\n\t\t\t<\/figure>\n<figure class='gallery-item'>\n\t\t\t\t<a data-elementor-open-lightbox=\"default\" data-elementor-lightbox-slideshow=\"ec8ec48\" href='http:\/\/lelalano.fr\/wp-content\/uploads\/2022\/03\/DSC00505.jpg'><img loading=\"lazy\" decoding=\"async\" width=\"150\" height=\"150\" src=\"http:\/\/lelalano.fr\/wp-content\/uploads\/2022\/03\/DSC00505-150x150.jpg\" alt=\"\" \/><\/a><br \/>\n\t\t\t<\/figure>\n<figure class='gallery-item'>\n\t\t\t\t<a data-elementor-open-lightbox=\"default\" data-elementor-lightbox-slideshow=\"ec8ec48\" href='http:\/\/lelalano.fr\/wp-content\/uploads\/2022\/03\/DSC00486.jpg'><img loading=\"lazy\" decoding=\"async\" width=\"150\" height=\"150\" src=\"http:\/\/lelalano.fr\/wp-content\/uploads\/2022\/03\/DSC00486-150x150.jpg\" alt=\"\" \/><\/a><br \/>\n\t\t\t<\/figure>\n<figure class='gallery-item'>\n\t\t\t\t<a data-elementor-open-lightbox=\"default\" data-elementor-lightbox-slideshow=\"ec8ec48\" href='http:\/\/lelalano.fr\/wp-content\/uploads\/2022\/03\/DSC00484.jpg'><img loading=\"lazy\" decoding=\"async\" width=\"150\" height=\"150\" src=\"http:\/\/lelalano.fr\/wp-content\/uploads\/2022\/03\/DSC00484-150x150.jpg\" alt=\"\" \/><\/a><br \/>\n\t\t\t<\/figure>\n<figure class='gallery-item'>\n\t\t\t\t<a data-elementor-open-lightbox=\"default\" data-elementor-lightbox-slideshow=\"ec8ec48\" href='http:\/\/lelalano.fr\/wp-content\/uploads\/2022\/03\/DSC00459.jpg'><img loading=\"lazy\" decoding=\"async\" width=\"150\" height=\"150\" src=\"http:\/\/lelalano.fr\/wp-content\/uploads\/2022\/03\/DSC00459-150x150.jpg\" alt=\"\" \/><\/a><br \/>\n\t\t\t<\/figure>\n<figure class='gallery-item'>\n\t\t\t\t<a data-elementor-open-lightbox=\"default\" data-elementor-lightbox-slideshow=\"ec8ec48\" href='http:\/\/lelalano.fr\/wp-content\/uploads\/2022\/03\/DSC00223.jpg'><img loading=\"lazy\" decoding=\"async\" width=\"150\" height=\"150\" src=\"http:\/\/lelalano.fr\/wp-content\/uploads\/2022\/03\/DSC00223-150x150.jpg\" alt=\"\" \/><\/a><br \/>\n\t\t\t<\/figure>\n<figure class='gallery-item'>\n\t\t\t\t<a data-elementor-open-lightbox=\"default\" data-elementor-lightbox-slideshow=\"ec8ec48\" href='http:\/\/lelalano.fr\/wp-content\/uploads\/2022\/03\/DSC00068.jpg'><img loading=\"lazy\" decoding=\"async\" width=\"150\" height=\"150\" src=\"http:\/\/lelalano.fr\/wp-content\/uploads\/2022\/03\/DSC00068-150x150.jpg\" alt=\"\" \/><\/a><br \/>\n\t\t\t<\/figure>\n<figure class='gallery-item'>\n\t\t\t\t<a data-elementor-open-lightbox=\"default\" data-elementor-lightbox-slideshow=\"ec8ec48\" href='http:\/\/lelalano.fr\/wp-content\/uploads\/2022\/03\/DSC00055.jpg'><img loading=\"lazy\" decoding=\"async\" width=\"150\" height=\"150\" src=\"http:\/\/lelalano.fr\/wp-content\/uploads\/2022\/03\/DSC00055-150x150.jpg\" alt=\"\" \/><\/a><br \/>\n\t\t\t<\/figure>\n<figure class='gallery-item'>\n\t\t\t\t<a data-elementor-open-lightbox=\"default\" data-elementor-lightbox-slideshow=\"ec8ec48\" href='http:\/\/lelalano.fr\/wp-content\/uploads\/2022\/03\/DSC00039.jpg'><img loading=\"lazy\" decoding=\"async\" width=\"150\" height=\"150\" src=\"http:\/\/lelalano.fr\/wp-content\/uploads\/2022\/03\/DSC00039-150x150.jpg\" alt=\"\" \/><\/a><br \/>\n\t\t\t<\/figure>\n<figure class='gallery-item'>\n\t\t\t\t<a data-elementor-open-lightbox=\"default\" data-elementor-lightbox-slideshow=\"ec8ec48\" href='http:\/\/lelalano.fr\/wp-content\/uploads\/2022\/03\/DSC00021.jpg'><img loading=\"lazy\" decoding=\"async\" width=\"150\" height=\"150\" src=\"http:\/\/lelalano.fr\/wp-content\/uploads\/2022\/03\/DSC00021-150x150.jpg\" alt=\"\" \/><\/a><br \/>\n\t\t\t<\/figure>\n<figure class='gallery-item'>\n\t\t\t\t<a data-elementor-open-lightbox=\"default\" data-elementor-lightbox-slideshow=\"ec8ec48\" href='http:\/\/lelalano.fr\/wp-content\/uploads\/2022\/03\/DSC_0313.jpg'><img loading=\"lazy\" decoding=\"async\" width=\"150\" height=\"150\" src=\"http:\/\/lelalano.fr\/wp-content\/uploads\/2022\/03\/DSC_0313-150x150.jpg\" alt=\"\" \/><\/a><br \/>\n\t\t\t<\/figure>\n<figure class='gallery-item'>\n\t\t\t\t<a data-elementor-open-lightbox=\"default\" data-elementor-lightbox-slideshow=\"ec8ec48\" href='http:\/\/lelalano.fr\/wp-content\/uploads\/2022\/03\/DSC_0310.jpg'><img loading=\"lazy\" decoding=\"async\" width=\"150\" height=\"150\" src=\"http:\/\/lelalano.fr\/wp-content\/uploads\/2022\/03\/DSC_0310-150x150.jpg\" alt=\"\" \/><\/a><br \/>\n\t\t\t<\/figure>\n","protected":false},"excerpt":{"rendered":"<p>\u00c0 Lalanne-Trie, commune des Hautes-Pyr\u00e9n\u00e9es, se trouve la Maison de la Communication, cin\u00e9ma le Lalano : espace culturel d&#8217;une capacit\u00e9 de 300 places d\u00e9di\u00e9 au cin\u00e9ma, aux spectacles vivants et \u00e0 l&#8217;accueil d&#8217;initiatives culturelles et artistiques.Fr\u00e9quentation : environ 8000 personnes par an toutes activit\u00e9s confondues dont 4000 pour le cin\u00e9ma en moyenne.Le cin\u00e9ma le Lalano<span class=\"read-more-wrap\"><a class=\"moretag\" href=\"https:\/\/lelalano.fr\/index.php\/accueil\/presentation\/\">Lire la suite<span class=\"screen-reader-text\">Cin\u00e9ma le Lalano : portrait<\/span><\/a><\/span><\/p>\n","protected":false},"author":1,"featured_media":0,"parent":560,"menu_order":0,"comment_status":"closed","ping_status":"closed","template":"","meta":{"footnotes":""},"_links":{"self":[{"href":"https:\/\/lelalano.fr\/index.php\/wp-json\/wp\/v2\/pages\/952"}],"collection":[{"href":"https:\/\/lelalano.fr\/index.php\/wp-json\/wp\/v2\/pages"}],"about":[{"href":"https:\/\/lelalano.fr\/index.php\/wp-json\/wp\/v2\/types\/page"}],"author":[{"embeddable":true,"href":"https:\/\/lelalano.fr\/index.php\/wp-json\/wp\/v2\/users\/1"}],"replies":[{"embeddable":true,"href":"https:\/\/lelalano.fr\/index.php\/wp-json\/wp\/v2\/comments?post=952"}],"version-history":[{"count":19,"href":"https:\/\/lelalano.fr\/index.php\/wp-json\/wp\/v2\/pages\/952\/revisions"}],"predecessor-version":[{"id":10089,"href":"https:\/\/lelalano.fr\/index.php\/wp-json\/wp\/v2\/pages\/952\/revisions\/10089"}],"up":[{"embeddable":true,"href":"https:\/\/lelalano.fr\/index.php\/wp-json\/wp\/v2\/pages\/560"}],"wp:attachment":[{"href":"https:\/\/lelalano.fr\/index.php\/wp-json\/wp\/v2\/media?parent=952"}],"curies":[{"name":"wp","href":"https:\/\/api.w.org\/{rel}","templated":true}]}}