{"id":9707,"date":"2023-06-27T10:00:38","date_gmt":"2023-06-27T08:00:38","guid":{"rendered":"http:\/\/lelalano.fr\/?page_id=9707"},"modified":"2023-06-27T10:31:30","modified_gmt":"2023-06-27T08:31:30","slug":"semaine-du-mer-23-aout-au-mar-29-aout-2023","status":"publish","type":"page","link":"https:\/\/lelalano.fr\/index.php\/semaine-du-mer-23-aout-au-mar-29-aout-2023\/","title":{"rendered":"Semaine du Mer. 23 ao\u00fbt au Mar. 29 ao\u00fbt 2023"},"content":{"rendered":"<h4>Petit R\u00e9cap&#8217; de la semaine<\/h4>\n<p>\t\t\t\t\t\t\t\t\t\t\t\tmercredi 23 ao\u00fbt\t\t\t\t\t<\/p>\n<ul>\n<li><a href=\"#mir\">Miraculous &#8211; le film<\/a> \u00e0 16h<\/li>\n<li><a href=\"#les\">Les Algues vertes<\/a> \u00e0 20h45<\/li>\n<\/ul>\n<p>\t\t\t\t\t\t\t\t\t\t\t\tjeudi 24 ao\u00fbt\t\t\t\t\t<\/p>\n<ul>\n<li><a href=\"#rub\">Ruby, l&#8217;ado Kraken<\/a> \u00e0 16h<\/li>\n<\/ul>\n<p>\t\t\t\t\t\t\t\t\t\t\t\tsamedi 26 ao\u00fbt\t\t\t\t\t<\/p>\n<ul>\n<li><a href=\"#mis\">Mission: Impossible \u2013 Dead Reckoning Partie 1<\/a> \u00e0 20h45<\/li>\n<\/ul>\n<p>\t\t\t\t\t\t\t\t\t\t\t\tdimanche 27 ao\u00fbt\t\t\t\t\t<\/p>\n<ul>\n<li><a href=\"#opp\">Oppenheimer<\/a> \u00e0 20h45 (vo)<\/li>\n<\/ul>\n<p>\t\t\t\t\t\t\t\t\t\t\t\tmardi 29 ao\u00fbt\t\t\t\t\t<\/p>\n<ul>\n<li><a href=\"#pet\">Petit J\u00e9sus<\/a> \u00e0 20h45<\/li>\n<\/ul>\n<h4>Miraculous &#8211; le film<\/h4>\n<p>\t\t\t\t\t\t\t\t\t\t<img loading=\"lazy\" decoding=\"async\" width=\"730\" height=\"989\" src=\"http:\/\/lelalano.fr\/wp-content\/uploads\/2023\/06\/Miraculous-le-film-1-756x1024.jpg\" alt=\"\" srcset=\"http:\/\/lelalano.fr\/wp-content\/uploads\/2023\/06\/Miraculous-le-film-1-756x1024.jpg 756w, http:\/\/lelalano.fr\/wp-content\/uploads\/2023\/06\/Miraculous-le-film-1-221x300.jpg 221w, http:\/\/lelalano.fr\/wp-content\/uploads\/2023\/06\/Miraculous-le-film-1-768x1041.jpg 768w, http:\/\/lelalano.fr\/wp-content\/uploads\/2023\/06\/Miraculous-le-film-1.jpg 797w\" sizes=\"(max-width: 730px) 100vw, 730px\" \/>\t\t\t\t\t\t\t\t\t\t\t<\/p>\n<h2>Synopsis<\/h2>\n<p>La super-h\u00e9ro\u00efne, qui a conquis le c\u0153ur de millions de fans \u00e0 travers le monde, d\u00e9barque pour la premi\u00e8re fois au cin\u00e9ma ! Ladybug va devoir unir ses forces avec Chat Noir, le charismatique justicier masqu\u00e9 qui n\u2019a pas sa langue dans sa poche, pour affronter le Papillon et sa horde de super-vilains, alors que ceux-ci menacent de d\u00e9truire Paris. Mais, alors que les deux h\u00e9ros se rapprochent, Marinette ignore que derri\u00e8re son myst\u00e9rieux complice se cache Adrien, le camarade de classe dont elle est amoureuse\u2026\t\t<\/p>\n<h4>S\u00c9ANCES<\/h4>\n<ul>\n<li >\n\t\t\t\t\t\t\t\t\t\tmercredi 23 ao\u00fbt 16h\n\t\t\t\t\t\t\t\t\t<\/li>\n<\/ul>\n<h4>INFOS SUR LE FILM<\/h4>\n<p>\t\t<a href=\"https:\/\/www.allocine.fr\/film\/agenda\/sem-2023-07-05\/\"> 5 juillet 2023 <\/a> <strong> en salle <\/strong> \/ 1h 42min \/ <a href=\"https:\/\/www.allocine.fr\/films\/genre-13026\/\">Animation<\/a>, <a href=\"https:\/\/www.allocine.fr\/films\/genre-13025\/\">Action<\/a>, <a href=\"https:\/\/www.allocine.fr\/films\/genre-13001\/\">Aventure<\/a>, <a href=\"https:\/\/www.allocine.fr\/films\/genre-13013\/\">Com\u00e9die musicale<\/a>De <a href=\"https:\/\/www.allocine.fr\/personne\/fichepersonne_gen_cpersonne=646178.html\">Jeremy Zag<\/a>Par <a href=\"https:\/\/www.allocine.fr\/personne\/fichepersonne_gen_cpersonne=646178.html\">Jeremy Zag<\/a>, <a href=\"https:\/\/www.allocine.fr\/personne\/fichepersonne_gen_cpersonne=998400.html\">Bettina L\u00f3pez Mendoza<\/a>Avec <a href=\"https:\/\/www.allocine.fr\/personne\/fichepersonne_gen_cpersonne=815195.html\">Anouck Hautbois<\/a>, <a href=\"https:\/\/www.allocine.fr\/personne\/fichepersonne_gen_cpersonne=503062.html\">Benjamin Bollen<\/a>, <a href=\"https:\/\/www.allocine.fr\/personne\/fichepersonne_gen_cpersonne=249510.html\">Antoine Tom\u00e9<\/a>\u00e0 partir de 6 ans<br \/>\n\t\t\t<a href=\"https:\/\/www.youtube.com\/watch?v=QidIZNU91Xs\" target=\"_blank\" role=\"button\"><br \/>\n\t\t\t\t\t\tVOIR LA BANDE ANNONCE<br \/>\n\t\t\t\t\t<\/a><br \/>\n\t\t\t<a href=\"#top\" role=\"button\"><br \/>\n\t\t\t\t\t\thaut de la page<br \/>\n\t\t\t\t\t<\/a><\/p>\n<h4>Les Algues vertes<\/h4>\n<p>\t\t\t\t\t\t\t\t\t\t<img loading=\"lazy\" decoding=\"async\" width=\"730\" height=\"994\" src=\"http:\/\/lelalano.fr\/wp-content\/uploads\/2023\/06\/Les-Algues-vertes-752x1024.jpg\" alt=\"\" srcset=\"http:\/\/lelalano.fr\/wp-content\/uploads\/2023\/06\/Les-Algues-vertes-752x1024.jpg 752w, http:\/\/lelalano.fr\/wp-content\/uploads\/2023\/06\/Les-Algues-vertes-220x300.jpg 220w, http:\/\/lelalano.fr\/wp-content\/uploads\/2023\/06\/Les-Algues-vertes-768x1046.jpg 768w, http:\/\/lelalano.fr\/wp-content\/uploads\/2023\/06\/Les-Algues-vertes.jpg 793w\" sizes=\"(max-width: 730px) 100vw, 730px\" \/>\t\t\t\t\t\t\t\t\t\t\t<\/p>\n<h2>Synopsis<\/h2>\n<section id=\"synopsis-details\">\n<section id=\"synopsis-details\">\u00c0 la suite de morts suspectes, In\u00e8s L\u00e9raud, jeune journaliste, d\u00e9cide de s\u2019installer en Bretagne pour enqu\u00eater sur le ph\u00e9nom\u00e8ne des algues vertes. \u00c0 travers ses rencontres, elle d\u00e9couvre la fabrique du silence qui entoure ce d\u00e9sastre \u00e9cologique et social. Face aux pressions, parviendra-t-elle \u00e0 faire triompher la v\u00e9rit\u00e9 ?<\/p>\n<p><i>Adaptation des algues vertes &#8211; l\u2019histoire interdite, la bande dessin\u00e9e d\u2019In\u00e8s L\u00e9raud et Pierre Van Hove, tir\u00e9e de l&#8217;enqu\u00eate men\u00e9e par In\u00e8s L\u00e9raud sur le scandale des algues vertes.<\/i><\/section>\n<\/section>\n<h4>S\u00c9ANCES<\/h4>\n<ul>\n<li >\n\t\t\t\t\t\t\t\t\t\tmercredi 23 ao\u00fbt 20h45\n\t\t\t\t\t\t\t\t\t<\/li>\n<\/ul>\n<h4>INFOS SUR LE FILM<\/h4>\n<p>\t\t<a href=\"https:\/\/www.allocine.fr\/film\/agenda\/sem-2023-07-12\/\"> 12 juillet 2023 <\/a> <strong> en salle <\/strong> \/ 1h 47min \/ <a href=\"https:\/\/www.allocine.fr\/films\/genre-13008\/\">Drame<\/a>, <a href=\"https:\/\/www.allocine.fr\/films\/genre-13023\/\">Thriller<\/a>De <a href=\"https:\/\/www.allocine.fr\/personne\/fichepersonne_gen_cpersonne=627.html\">Pierre Jolivet<\/a>Par <a href=\"https:\/\/www.allocine.fr\/personne\/fichepersonne_gen_cpersonne=627.html\">Pierre Jolivet<\/a>, <a href=\"https:\/\/www.allocine.fr\/personne\/fichepersonne_gen_cpersonne=240829.html\">In\u00e8s L\u00e9raud<\/a>Avec <a href=\"https:\/\/www.allocine.fr\/personne\/fichepersonne_gen_cpersonne=144941.html\">C\u00e9line Sallette<\/a>, <a href=\"https:\/\/www.allocine.fr\/personne\/fichepersonne_gen_cpersonne=32807.html\">Nina Meurisse<\/a>, <a href=\"https:\/\/www.allocine.fr\/personne\/fichepersonne_gen_cpersonne=173450.html\">Julie Ferrier<\/a><br \/>\n\t\t\t<a href=\"https:\/\/www.youtube.com\/watch?v=KyRpq2eHvdg\" target=\"_blank\" role=\"button\"><br \/>\n\t\t\t\t\t\tVOIR LA BANDE ANNONCE<br \/>\n\t\t\t\t\t<\/a><br \/>\n\t\t\t<a href=\"#top\" role=\"button\"><br \/>\n\t\t\t\t\t\thaut de la page<br \/>\n\t\t\t\t\t<\/a><\/p>\n<h4>Ruby, l&#8217;ado Kraken<\/h4>\n<p>\t\t\t\t\t\t\t\t\t\t<img loading=\"lazy\" decoding=\"async\" width=\"647\" height=\"1024\" src=\"http:\/\/lelalano.fr\/wp-content\/uploads\/2023\/06\/Ruby-lado-Kraken-647x1024.jpg\" alt=\"\" srcset=\"http:\/\/lelalano.fr\/wp-content\/uploads\/2023\/06\/Ruby-lado-Kraken-647x1024.jpg 647w, http:\/\/lelalano.fr\/wp-content\/uploads\/2023\/06\/Ruby-lado-Kraken-189x300.jpg 189w, http:\/\/lelalano.fr\/wp-content\/uploads\/2023\/06\/Ruby-lado-Kraken.jpg 682w\" sizes=\"(max-width: 647px) 100vw, 647px\" \/>\t\t\t\t\t\t\t\t\t\t\t<\/p>\n<h2>Synopsis et d\u00e9tails<\/h2>\n<p>\u00c2g\u00e9e de 16 ans, Ruby Gillman est aussi maladroite qu\u2019adorable. Elle tente d\u00e9sesp\u00e9r\u00e9ment de trouver sa place au lyc\u00e9e d\u2019Oceanside, o\u00f9 elle a l\u2019impression d\u2019\u00eatre totalement transparente. Elle donne des cours de soutien en maths \u00e0 un jeune skater dont elle est secr\u00e8tement amoureuse, mais qui ne semble admirer chez elle que sa capacit\u00e9 \u00e0 r\u00e9soudre des \u00e9quations. Et de toute fa\u00e7on, elle ne peut pas fr\u00e9quenter les \u00e9l\u00e8ves les plus int\u00e9ressants du lyc\u00e9e, car sa m\u00e8re qui la surprot\u00e8ge, lui a formellement interdit de se baigner dans l\u2019oc\u00e9an. Mais le jour o\u00f9 elle lui d\u00e9sob\u00e9it et brise cette r\u00e8gle d\u2019or, elle d\u00e9couvre qu\u2019elle est la descendante directe de la lign\u00e9e des reines guerri\u00e8res Kraken, et qu\u2019elle est destin\u00e9e \u00e0 monter sur le tr\u00f4ne jusque-l\u00e0 occup\u00e9 par sa grand-m\u00e8re : la reine guerri\u00e8re des Sept mers. Les Kraken ont pr\u00eat\u00e9 serment de prot\u00e9ger les oc\u00e9ans du monde entier de la cupidit\u00e9 et de la vanit\u00e9 des sir\u00e8nes, leurs ennemies jur\u00e9es. Le seul v\u00e9ritable probl\u00e8me pour Ruby est qu\u2019elle va donc devoir s\u2019opposer \u00e0 Chelsea, la nouvelle la plus jolie et la plus populaire du lyc\u00e9e qui se trouve justement \u00eatre une sir\u00e8ne. Ruby devra alors embrasser son destin et s\u2019imposer pour prot\u00e9ger ceux qu\u2019elle aime le plus.<\/p>\n<h4>S\u00c9ANCES<\/h4>\n<ul>\n<li >\n\t\t\t\t\t\t\t\t\t\tjeudi 24 ao\u00fbt 16h\n\t\t\t\t\t\t\t\t\t<\/li>\n<\/ul>\n<h4>INFOS SUR LE FILM<\/h4>\n<p>\t\t<a href=\"https:\/\/www.allocine.fr\/film\/agenda\/sem-2023-06-28\/\"> 28 juin 2023 <\/a> <strong> en salle <\/strong> \/ 1h 30min \/ <a href=\"https:\/\/www.allocine.fr\/films\/genre-13026\/\">Animation<\/a>, <a href=\"https:\/\/www.allocine.fr\/films\/genre-13001\/\">Aventure<\/a>, <a href=\"https:\/\/www.allocine.fr\/films\/genre-13036\/\">Famille<\/a>, <a href=\"https:\/\/www.allocine.fr\/films\/genre-13025\/\">Action<\/a>, <a href=\"https:\/\/www.allocine.fr\/films\/genre-13005\/\">Com\u00e9die<\/a>De <a href=\"https:\/\/www.allocine.fr\/personne\/fichepersonne_gen_cpersonne=48680.html\">Kirk DeMicco<\/a>, <a href=\"https:\/\/www.allocine.fr\/personne\/fichepersonne_gen_cpersonne=989495.html\">Faryn Pearl<\/a>Par <a href=\"https:\/\/www.allocine.fr\/personne\/fichepersonne_gen_cpersonne=92224.html\">Pam Brady<\/a>, <a href=\"https:\/\/www.allocine.fr\/personne\/fichepersonne_gen_cpersonne=743406.html\">Brian C. Brown<\/a>Avec <a href=\"https:\/\/www.allocine.fr\/personne\/fichepersonne_gen_cpersonne=728840.html\">Lana Condor<\/a>, <a href=\"https:\/\/www.allocine.fr\/personne\/fichepersonne_gen_cpersonne=17446.html\">Toni Collette<\/a>, <a href=\"https:\/\/www.allocine.fr\/personne\/fichepersonne_gen_cpersonne=1339.html\">Jane Fonda<\/a>Titre original  Ruby Gillman, Teenage Kraken<br \/>\n\t\t\t<a href=\"https:\/\/www.youtube.com\/watch?v=OAYzWTtNj9U\" target=\"_blank\" role=\"button\"><br \/>\n\t\t\t\t\t\tVoir la bande annonce<br \/>\n\t\t\t\t\t<\/a><br \/>\n\t\t\t<a href=\"#top\" role=\"button\"><br \/>\n\t\t\t\t\t\thaut de la page<br \/>\n\t\t\t\t\t<\/a><\/p>\n<h4>Mission: Impossible \u2013 Dead Reckoning Partie 1<\/h4>\n<p>\t\t\t\t\t\t\t\t\t\t<img loading=\"lazy\" decoding=\"async\" width=\"683\" height=\"1024\" src=\"http:\/\/lelalano.fr\/wp-content\/uploads\/2023\/06\/Mission-Impossible-\u2013-Dead-Reckoning-Partie-1-683x1024.jpg\" alt=\"\" srcset=\"http:\/\/lelalano.fr\/wp-content\/uploads\/2023\/06\/Mission-Impossible-\u2013-Dead-Reckoning-Partie-1-683x1024.jpg 683w, http:\/\/lelalano.fr\/wp-content\/uploads\/2023\/06\/Mission-Impossible-\u2013-Dead-Reckoning-Partie-1-200x300.jpg 200w, http:\/\/lelalano.fr\/wp-content\/uploads\/2023\/06\/Mission-Impossible-\u2013-Dead-Reckoning-Partie-1.jpg 720w\" sizes=\"(max-width: 683px) 100vw, 683px\" \/>\t\t\t\t\t\t\t\t\t\t\t<\/p>\n<h2>Synopsis et d\u00e9tails<\/h2>\n<p>Dans Mission: Impossible &#8211; Dead Reckoning Partie 1, Ethan Hunt et son \u00e9quipe de l\u2019IMF se lancent dans leur mission la plus p\u00e9rilleuse \u00e0 ce jour : traquer une effroyable nouvelle arme avant que celle-ci ne tombe entre de mauvaises mains et menace l\u2019humanit\u00e9 enti\u00e8re.<\/p>\n<p>Le contr\u00f4le du futur et le destin du monde sont en jeu. Alors que les forces obscures de son pass\u00e9 ressurgissent, Ethan s\u2019engage dans une course mortelle autour du globe. Confront\u00e9 \u00e0 un puissant et \u00e9nigmatique ennemi, Ethan r\u00e9alise que rien ne peut se placer au-dessus de sa mission &#8211; pas m\u00eame la vie de ceux qu\u2019il aime.<\/p>\n<h4>S\u00c9ANCES<\/h4>\n<ul>\n<li >\n\t\t\t\t\t\t\t\t\t\tsamedi 26 ao\u00fbt 20h45\n\t\t\t\t\t\t\t\t\t<\/li>\n<\/ul>\n<h4>INFOS SUR LE FILM<\/h4>\n<p>\t\t<a href=\"https:\/\/www.allocine.fr\/film\/agenda\/sem-2023-07-12\/\"> 12 juillet 2023 <\/a> <strong> en salle <\/strong> \/ 2h 43min \/ <a href=\"https:\/\/www.allocine.fr\/films\/genre-13025\/\">Action<\/a>, <a href=\"https:\/\/www.allocine.fr\/films\/genre-13022\/\">Espionnage<\/a>De <a href=\"https:\/\/www.allocine.fr\/personne\/fichepersonne_gen_cpersonne=38799.html\">Christopher McQuarrie<\/a>Par <a href=\"https:\/\/www.allocine.fr\/personne\/fichepersonne_gen_cpersonne=38799.html\">Christopher McQuarrie<\/a>, <a href=\"https:\/\/www.allocine.fr\/personne\/fichepersonne_gen_cpersonne=92713.html\">Erik Jendresen<\/a>Avec <a href=\"https:\/\/www.allocine.fr\/personne\/fichepersonne_gen_cpersonne=1722.html\">Tom Cruise<\/a>, <a href=\"https:\/\/www.allocine.fr\/personne\/fichepersonne_gen_cpersonne=158004.html\">Hayley Atwell<\/a>, <a href=\"https:\/\/www.allocine.fr\/personne\/fichepersonne_gen_cpersonne=43981.html\">Simon Pegg<\/a>Titre original  Mission: Impossible \u2013 Dead Reckoning Part One<br \/>\n\t\t\t<a href=\"https:\/\/www.youtube.com\/watch?v=AzRdtaXA3VM\" target=\"_blank\" role=\"button\"><br \/>\n\t\t\t\t\t\tVOIR LA BANDE ANNONCE<br \/>\n\t\t\t\t\t<\/a><br \/>\n\t\t\t<a href=\"#top\" role=\"button\"><br \/>\n\t\t\t\t\t\thaut de la page<br \/>\n\t\t\t\t\t<\/a><\/p>\n<h4>Oppenheimer (vo)<\/h4>\n<p>\t\t\t\t\t\t\t\t\t\t<img loading=\"lazy\" decoding=\"async\" width=\"730\" height=\"973\" src=\"http:\/\/lelalano.fr\/wp-content\/uploads\/2023\/06\/Oppenheimer-768x1024.jpg\" alt=\"\" srcset=\"http:\/\/lelalano.fr\/wp-content\/uploads\/2023\/06\/Oppenheimer-768x1024.jpg 768w, http:\/\/lelalano.fr\/wp-content\/uploads\/2023\/06\/Oppenheimer-225x300.jpg 225w, http:\/\/lelalano.fr\/wp-content\/uploads\/2023\/06\/Oppenheimer.jpg 810w\" sizes=\"(max-width: 730px) 100vw, 730px\" \/>\t\t\t\t\t\t\t\t\t\t\t<\/p>\n<h2>Synopsis<\/h2>\n<p>Le nouveau film de Christopher Nolan sur l\u2019univers palpitant de l\u2018homme complexe qui a mis en jeu la vie du monde entier pour mieux le sauver.<\/p>\n<h4>S\u00c9ANCES<\/h4>\n<ul>\n<li >\n\t\t\t\t\t\t\t\t\t\tdimanche 27 ao\u00fbt 20h45 (vostfr : anglais sous-titr\u00e9 fran\u00e7ais)\n\t\t\t\t\t\t\t\t\t<\/li>\n<\/ul>\n<h4>INFOS SUR LE FILM<\/h4>\n<p>\t\t<a href=\"https:\/\/www.allocine.fr\/film\/agenda\/sem-2023-07-19\/\"> 19 juillet 2023 <\/a> <strong> en salle <\/strong> \/ 3h 00min \/ <a href=\"https:\/\/www.allocine.fr\/films\/genre-13027\/\">Biopic<\/a>, <a href=\"https:\/\/www.allocine.fr\/films\/genre-13015\/\">Historique<\/a>, <a href=\"https:\/\/www.allocine.fr\/films\/genre-13023\/\">Thriller<\/a>De <a href=\"https:\/\/www.allocine.fr\/personne\/fichepersonne_gen_cpersonne=30367.html\">Christopher Nolan<\/a>Par <a href=\"https:\/\/www.allocine.fr\/personne\/fichepersonne_gen_cpersonne=30367.html\">Christopher Nolan<\/a>Avec <a href=\"https:\/\/www.allocine.fr\/personne\/fichepersonne_gen_cpersonne=69081.html\">Cillian Murphy<\/a>, <a href=\"https:\/\/www.allocine.fr\/personne\/fichepersonne_gen_cpersonne=10976.html\">Robert Downey Jr.<\/a>, <a href=\"https:\/\/www.allocine.fr\/personne\/fichepersonne_gen_cpersonne=1192.html\">Matt Damon<\/a><br \/>\n\t\t\t<a href=\"https:\/\/www.youtube.com\/watch?v=i2DdcW8TNEo\" target=\"_blank\" role=\"button\"><br \/>\n\t\t\t\t\t\tVOIR LA BANDE ANNONCE<br \/>\n\t\t\t\t\t<\/a><br \/>\n\t\t\t<a href=\"#top\" role=\"button\"><br \/>\n\t\t\t\t\t\thaut de la page<br \/>\n\t\t\t\t\t<\/a><\/p>\n<h4>Petit J\u00e9sus<\/h4>\n<p>\t\t\t\t\t\t\t\t\t\t<img loading=\"lazy\" decoding=\"async\" width=\"730\" height=\"991\" src=\"http:\/\/lelalano.fr\/wp-content\/uploads\/2023\/06\/Petit-J\u00e9sus-754x1024.jpg\" alt=\"\" srcset=\"http:\/\/lelalano.fr\/wp-content\/uploads\/2023\/06\/Petit-J\u00e9sus-754x1024.jpg 754w, http:\/\/lelalano.fr\/wp-content\/uploads\/2023\/06\/Petit-J\u00e9sus-221x300.jpg 221w, http:\/\/lelalano.fr\/wp-content\/uploads\/2023\/06\/Petit-J\u00e9sus-768x1043.jpg 768w, http:\/\/lelalano.fr\/wp-content\/uploads\/2023\/06\/Petit-J\u00e9sus.jpg 795w\" sizes=\"(max-width: 730px) 100vw, 730px\" \/>\t\t\t\t\t\t\t\t\t\t\t<\/p>\n<h2>Synopsis<\/h2>\n<p>Jean, p\u00e8re r\u00e9cemment s\u00e9par\u00e9, enchaine les gal\u00e8res\u2026<br \/>Mais le cours de sa vie pourrait bien changer, car il en est s\u00fbr : son fils, Loulou, 10 ans, fait des miracles\u2026 et avec un peu de chance\u2026 il pourrait m\u00eame \u00eatre le nouveau messie ! Ne reste qu\u2019\u00e0 en convaincre le reste du monde\u2026<\/p>\n<h4>S\u00c9ANCES<\/h4>\n<ul>\n<li >\n\t\t\t\t\t\t\t\t\t\tmardi 29 ao\u00fbt \u00e0 20h45\n\t\t\t\t\t\t\t\t\t<\/li>\n<\/ul>\n<h4>INFOS SUR LE FILM<\/h4>\n<p>\t\t<a href=\"https:\/\/www.allocine.fr\/film\/agenda\/sem-2023-07-12\/\"> 12 juillet 2023 <\/a> <strong> en salle <\/strong> \/ 1h 35min \/ <a href=\"https:\/\/www.allocine.fr\/films\/genre-13005\/\">Com\u00e9die<\/a>De <a href=\"https:\/\/www.allocine.fr\/personne\/fichepersonne_gen_cpersonne=963759.html\">Julien Rigoulot<\/a>Par <a href=\"https:\/\/www.allocine.fr\/personne\/fichepersonne_gen_cpersonne=963759.html\">Julien Rigoulot<\/a>Avec <a href=\"https:\/\/www.allocine.fr\/personne\/fichepersonne_gen_cpersonne=237410.html\">Antoine Bertrand<\/a>, <a href=\"https:\/\/www.allocine.fr\/personne\/fichepersonne_gen_cpersonne=2349.html\">G\u00e9rard Darmon<\/a>, <a href=\"https:\/\/www.allocine.fr\/personne\/fichepersonne_gen_cpersonne=137485.html\">Bruno Sanches<\/a><br \/>\n\t\t\t<a href=\"https:\/\/www.youtube.com\/watch?v=YdMpkL34n9Y\" target=\"_blank\" role=\"button\"><br \/>\n\t\t\t\t\t\tVOIR LA BANDE ANNONCE<br \/>\n\t\t\t\t\t<\/a><br \/>\n\t\t\t<a href=\"#top\" role=\"button\"><br \/>\n\t\t\t\t\t\thaut de la page<br \/>\n\t\t\t\t\t<\/a><\/p>\n","protected":false},"excerpt":{"rendered":"<p>Petit R\u00e9cap&#8217; de la semaine mercredi 23 ao\u00fbt Miraculous &#8211; le film \u00e0 16h Les Algues vertes \u00e0 20h45 jeudi 24 ao\u00fbt Ruby, l&#8217;ado Kraken \u00e0 16h samedi 26 ao\u00fbt Mission: Impossible \u2013 Dead Reckoning Partie 1 \u00e0 20h45 dimanche 27 ao\u00fbt Oppenheimer \u00e0 20h45 (vo) mardi 29 ao\u00fbt Petit J\u00e9sus \u00e0 20h45 Miraculous &#8211;<span class=\"read-more-wrap\"><a class=\"moretag\" href=\"https:\/\/lelalano.fr\/index.php\/semaine-du-mer-23-aout-au-mar-29-aout-2023\/\">Lire la suite<span class=\"screen-reader-text\">Semaine du Mer. 23 ao\u00fbt au Mar. 29 ao\u00fbt 2023<\/span><\/a><\/span><\/p>\n","protected":false},"author":1,"featured_media":0,"parent":0,"menu_order":0,"comment_status":"closed","ping_status":"closed","template":"","meta":{"footnotes":""},"_links":{"self":[{"href":"https:\/\/lelalano.fr\/index.php\/wp-json\/wp\/v2\/pages\/9707"}],"collection":[{"href":"https:\/\/lelalano.fr\/index.php\/wp-json\/wp\/v2\/pages"}],"about":[{"href":"https:\/\/lelalano.fr\/index.php\/wp-json\/wp\/v2\/types\/page"}],"author":[{"embeddable":true,"href":"https:\/\/lelalano.fr\/index.php\/wp-json\/wp\/v2\/users\/1"}],"replies":[{"embeddable":true,"href":"https:\/\/lelalano.fr\/index.php\/wp-json\/wp\/v2\/comments?post=9707"}],"version-history":[{"count":25,"href":"https:\/\/lelalano.fr\/index.php\/wp-json\/wp\/v2\/pages\/9707\/revisions"}],"predecessor-version":[{"id":9741,"href":"https:\/\/lelalano.fr\/index.php\/wp-json\/wp\/v2\/pages\/9707\/revisions\/9741"}],"wp:attachment":[{"href":"https:\/\/lelalano.fr\/index.php\/wp-json\/wp\/v2\/media?parent=9707"}],"curies":[{"name":"wp","href":"https:\/\/api.w.org\/{rel}","templated":true}]}}