{"id":9742,"date":"2023-06-27T10:34:23","date_gmt":"2023-06-27T08:34:23","guid":{"rendered":"http:\/\/lelalano.fr\/?page_id=9742"},"modified":"2023-06-27T10:57:00","modified_gmt":"2023-06-27T08:57:00","slug":"semaine-du-mer-30-aout-au-mar-05-septembre-2023","status":"publish","type":"page","link":"https:\/\/lelalano.fr\/index.php\/semaine-du-mer-30-aout-au-mar-05-septembre-2023\/","title":{"rendered":"Semaine du Mer. 30 ao\u00fbt au Mar. 05 septembre 2023"},"content":{"rendered":"<h4>Petit R\u00e9cap&#8217; de la semaine<\/h4>\n<p>\t\t\t\t\t\t\t\t\t\t\t\tmercredi 30 ao\u00fbt\t\t\t\t\t<\/p>\n<ul>\n<li><a href=\"#mag\">Magic !<\/a> \u00e0 16h<\/li>\n<li><a href=\"#ast\">Asteroid City<\/a> \u00e0 20h45 (vo)<\/li>\n<\/ul>\n<p>\t\t\t\t\t\t\t\t\t\t\t\tsamedi 02 septembre\t\t\t\t\t<\/p>\n<ul>\n<li><a href=\"#lem\">Le Manoir Hant\u00e9<\/a> \u00e0 20h45<\/li>\n<\/ul>\n<p>\t\t\t\t\t\t\t\t\t\t\t\tdimanche 03 septembre\t\t\t\t\t<\/p>\n<ul>\n<li><a href=\"#lep\">Le Processus de paix<\/a> \u00e0 20h45<\/li>\n<\/ul>\n<p>\t\t\t\t\t\t\t\t\t\t\t\tmardi 05 septembre\t\t\t\t\t<\/p>\n<ul>\n<li><a href=\"#bar\">Barbie<\/a> \u00e0 20h45<\/li>\n<\/ul>\n<h4>Magic !<\/h4>\n<p>\t\t\t\t\t\t\t\t\t\t<img loading=\"lazy\" decoding=\"async\" width=\"730\" height=\"994\" src=\"http:\/\/lelalano.fr\/wp-content\/uploads\/2023\/06\/magicc-752x1024.jpg\" alt=\"\" srcset=\"http:\/\/lelalano.fr\/wp-content\/uploads\/2023\/06\/magicc-752x1024.jpg 752w, http:\/\/lelalano.fr\/wp-content\/uploads\/2023\/06\/magicc-220x300.jpg 220w, http:\/\/lelalano.fr\/wp-content\/uploads\/2023\/06\/magicc-768x1046.jpg 768w, http:\/\/lelalano.fr\/wp-content\/uploads\/2023\/06\/magicc.jpg 793w\" sizes=\"(max-width: 730px) 100vw, 730px\" \/>\t\t\t\t\t\t\t\t\t\t\t<\/p>\n<h2>Synopsis<\/h2>\n<p>Il existe un monde magique o\u00f9 vivent de dr\u00f4les de f\u00e9es qui, la nuit venue, s\u2019invitent d\u00e9poser des cadeaux chez les humains. L\u2019une d\u2019elles, Violetta, un peu t\u00eate en l\u2019air, se retrouve coinc\u00e9e sur Terre. Heureusement, elle rencontre Maxie, 10 ans : celle-ci fera tout pour aider Violetta \u00e0 retourner chez elle. Le compte \u00e0 rebours est lanc\u00e9 avant que la porte magique entre les deux mondes ne disparaisse !\t\t<\/p>\n<h4>S\u00c9ANCES<\/h4>\n<ul>\n<li >\n\t\t\t\t\t\t\t\t\t\tmercredi 30 ao\u00fbt 16h\n\t\t\t\t\t\t\t\t\t<\/li>\n<\/ul>\n<h4>INFOS SUR LE FILM<\/h4>\n<p>\t\t<a href=\"https:\/\/www.allocine.fr\/film\/agenda\/sem-2023-08-02\/\"> 2 ao\u00fbt 2023 <\/a> <strong> en salle <\/strong> \/ 1h 29min \/ <a href=\"https:\/\/www.allocine.fr\/films\/genre-13036\/\">Famille<\/a>, <a href=\"https:\/\/www.allocine.fr\/films\/genre-13026\/\">Animation<\/a>, <a href=\"https:\/\/www.allocine.fr\/films\/genre-13012\/\">Fantastique<\/a>De <a href=\"https:\/\/www.allocine.fr\/personne\/fichepersonne_gen_cpersonne=865029.html\">Caroline Origer<\/a>Par <a href=\"https:\/\/www.allocine.fr\/personne\/fichepersonne_gen_cpersonne=454082.html\">Silja Clemens<\/a>Avec <a href=\"https:\/\/www.allocine.fr\/personne\/fichepersonne_gen_cpersonne=492605.html\">Jella Haase<\/a>, <a href=\"https:\/\/www.allocine.fr\/personne\/fichepersonne_gen_cpersonne=650110.html\">Lisa-Marie Koroll<\/a>, <a href=\"https:\/\/www.allocine.fr\/personne\/fichepersonne_gen_cpersonne=260220.html\">Stephan Benson<\/a>Titre original  My Fairy Troublemaker\u00e0 partir de 3 ans<br \/>\n\t\t\t<a role=\"button\"><br \/>\n\t\t\t\t\t\tpas de bande annonce<br \/>\n\t\t\t\t\t<\/a><br \/>\n\t\t\t<a href=\"#top\" role=\"button\"><br \/>\n\t\t\t\t\t\thaut de la page<br \/>\n\t\t\t\t\t<\/a><\/p>\n<h4>Asteroid City<\/h4>\n<p>\t\t\t\t\t\t\t\t\t\t<img loading=\"lazy\" decoding=\"async\" width=\"730\" height=\"913\" src=\"http:\/\/lelalano.fr\/wp-content\/uploads\/2023\/06\/Asteroid-City-819x1024.jpg\" alt=\"\" srcset=\"http:\/\/lelalano.fr\/wp-content\/uploads\/2023\/06\/Asteroid-City-819x1024.jpg 819w, http:\/\/lelalano.fr\/wp-content\/uploads\/2023\/06\/Asteroid-City-240x300.jpg 240w, http:\/\/lelalano.fr\/wp-content\/uploads\/2023\/06\/Asteroid-City-768x960.jpg 768w, http:\/\/lelalano.fr\/wp-content\/uploads\/2023\/06\/Asteroid-City.jpg 864w\" sizes=\"(max-width: 730px) 100vw, 730px\" \/>\t\t\t\t\t\t\t\t\t\t\t<\/p>\n<h2>Synopsis<\/h2>\n<section id=\"synopsis-details\">\n<section id=\"synopsis-details\"><strong>Ce film est pr\u00e9sent\u00e9 en Comp\u00e9tition au Festival de Cannes 2023.<\/strong><\/p>\n<p>Asteroid City est une ville minuscule, en plein d\u00e9sert, dans le sud-ouest des \u00c9tats-Unis. Nous sommes en 1955. Le site est surtout c\u00e9l\u00e8bre pour son gigantesque crat\u00e8re de m\u00e9t\u00e9orite et son observatoire astronomique \u00e0 proximit\u00e9. Ce week-end, les militaires et les astronomes accueillent cinq enfants surdou\u00e9s, distingu\u00e9s pour leurs cr\u00e9ations scientifiques, afin qu\u2019ils pr\u00e9sentent leurs inventions. \u00c0 quelques kilom\u00e8tres de l\u00e0, par-del\u00e0 les collines, on aper\u00e7oit des champignons atomiques provoqu\u00e9s par des essais nucl\u00e9aires.<\/section>\n<\/section>\n<h4>S\u00c9ANCES<\/h4>\n<ul>\n<li >\n\t\t\t\t\t\t\t\t\t\tmercredi 30 ao\u00fbt 20h45 (vostfr : anglais sous-titr\u00e9 fran\u00e7ais)\n\t\t\t\t\t\t\t\t\t<\/li>\n<\/ul>\n<h4>INFOS SUR LE FILM<\/h4>\n<p>\t\t<a href=\"https:\/\/www.allocine.fr\/film\/agenda\/sem-2023-06-21\/\"> 21 juin 2023 <\/a> <strong> en salle <\/strong> \/ 1h 46min \/ <a href=\"https:\/\/www.allocine.fr\/films\/genre-13002\/\">Com\u00e9die dramatique<\/a>De <a href=\"https:\/\/www.allocine.fr\/personne\/fichepersonne_gen_cpersonne=30278.html\">Wes Anderson<\/a>Par <a href=\"https:\/\/www.allocine.fr\/personne\/fichepersonne_gen_cpersonne=30278.html\">Wes Anderson<\/a>Avec <a href=\"https:\/\/www.allocine.fr\/personne\/fichepersonne_gen_cpersonne=30279.html\">Jason Schwartzman<\/a>, <a href=\"https:\/\/www.allocine.fr\/personne\/fichepersonne_gen_cpersonne=27868.html\">Scarlett Johansson<\/a>, <a href=\"https:\/\/www.allocine.fr\/personne\/fichepersonne_gen_cpersonne=14100.html\">Tom Hanks<\/a><br \/>\n\t\t\t<a href=\"https:\/\/www.allocine.fr\/video\/player_gen_cmedia=19600531&amp;cfilm=290497.html\" target=\"_blank\" role=\"button\"><br \/>\n\t\t\t\t\t\tVOIR LA BANDE ANNONCE<br \/>\n\t\t\t\t\t<\/a><br \/>\n\t\t\t<a href=\"#top\" role=\"button\"><br \/>\n\t\t\t\t\t\thaut de la page<br \/>\n\t\t\t\t\t<\/a><\/p>\n<h4>Le Manoir hant\u00e9<\/h4>\n<p>\t\t\t\t\t\t\t\t\t\t<img loading=\"lazy\" decoding=\"async\" width=\"730\" height=\"973\" src=\"http:\/\/lelalano.fr\/wp-content\/uploads\/2023\/06\/Le-Manoir-hant\u00e9-768x1024.jpg\" alt=\"\" srcset=\"http:\/\/lelalano.fr\/wp-content\/uploads\/2023\/06\/Le-Manoir-hant\u00e9-768x1024.jpg 768w, http:\/\/lelalano.fr\/wp-content\/uploads\/2023\/06\/Le-Manoir-hant\u00e9-225x300.jpg 225w, http:\/\/lelalano.fr\/wp-content\/uploads\/2023\/06\/Le-Manoir-hant\u00e9.jpg 810w\" sizes=\"(max-width: 730px) 100vw, 730px\" \/>\t\t\t\t\t\t\t\t\t\t\t<\/p>\n<h2>Synopsis et d\u00e9tails<\/h2>\n<p>Inspir\u00e9 de l\u2019attraction mythique des parcs Disneyland, LE MANOIR HANT\u00c9 raconte l\u2019histoire d\u2019une m\u00e8re et son fils qui engagent une \u00e9quipe de pseudo-experts pour les aider \u00e0 chasser les diff\u00e9rents spectres et fant\u00f4mes qui hantent leur maison.<\/p>\n<h4>S\u00c9ANCES<\/h4>\n<ul>\n<li >\n\t\t\t\t\t\t\t\t\t\tsamedi 02 septembre 20h45\n\t\t\t\t\t\t\t\t\t<\/li>\n<\/ul>\n<h4>INFOS SUR LE FILM<\/h4>\n<p>\t\t<a href=\"https:\/\/www.allocine.fr\/film\/agenda\/sem-2023-07-26\/\"> 26 juillet 2023 <\/a> <strong> en salle <\/strong> \/ <a href=\"https:\/\/www.allocine.fr\/films\/genre-13005\/\">Com\u00e9die<\/a>, <a href=\"https:\/\/www.allocine.fr\/films\/genre-13012\/\">Fantastique<\/a>, <a href=\"https:\/\/www.allocine.fr\/films\/genre-13036\/\">Famille<\/a>, <a href=\"https:\/\/www.allocine.fr\/films\/genre-13001\/\">Aventure<\/a>De <a href=\"https:\/\/www.allocine.fr\/personne\/fichepersonne_gen_cpersonne=666162.html\">Justin Simien<\/a>Par <a href=\"https:\/\/www.allocine.fr\/personne\/fichepersonne_gen_cpersonne=577912.html\">Katie Dippold<\/a>Avec <a href=\"https:\/\/www.allocine.fr\/personne\/fichepersonne_gen_cpersonne=644408.html\">Lakeith Stanfield<\/a>, <a href=\"https:\/\/www.allocine.fr\/personne\/fichepersonne_gen_cpersonne=211504.html\">Tiffany Haddish<\/a>, <a href=\"https:\/\/www.allocine.fr\/personne\/fichepersonne_gen_cpersonne=29666.html\">Owen Wilson<\/a>Titre original  Haunted Mansion<br \/>\n\t\t\t<a href=\"https:\/\/www.youtube.com\/watch?v=hLOY02BJfgs\" target=\"_blank\" role=\"button\"><br \/>\n\t\t\t\t\t\tVoir la bande annonce<br \/>\n\t\t\t\t\t<\/a><br \/>\n\t\t\t<a href=\"#top\" role=\"button\"><br \/>\n\t\t\t\t\t\thaut de la page<br \/>\n\t\t\t\t\t<\/a><\/p>\n<h4>Le Processus de paix<\/h4>\n<p>\t\t\t\t\t\t\t\t\t\t<img loading=\"lazy\" decoding=\"async\" width=\"730\" height=\"973\" src=\"http:\/\/lelalano.fr\/wp-content\/uploads\/2023\/06\/Le-Processus-de-paix-768x1024.jpg\" alt=\"\" srcset=\"http:\/\/lelalano.fr\/wp-content\/uploads\/2023\/06\/Le-Processus-de-paix-768x1024.jpg 768w, http:\/\/lelalano.fr\/wp-content\/uploads\/2023\/06\/Le-Processus-de-paix-225x300.jpg 225w, http:\/\/lelalano.fr\/wp-content\/uploads\/2023\/06\/Le-Processus-de-paix.jpg 810w\" sizes=\"(max-width: 730px) 100vw, 730px\" \/>\t\t\t\t\t\t\t\t\t\t\t<\/p>\n<h2>Synopsis et d\u00e9tails<\/h2>\n<p>Quand on s\u2019aime mais qu\u2019on ne se supporte plus, qu\u2019est-ce qu\u2019on fait ?<br \/>Marie et Simon sont profond\u00e9ment amoureux, malgr\u00e9 les disputes constantes dans leur vie de couple. Pour ne pas se s\u00e9parer, ils se lancent dans une aventure un peu folle : \u00e9tablir une liste de r\u00e8gles qu\u2019ils devront suivre co\u00fbte que co\u00fbte. Ils l\u2019appellent la charte Universelle des droits du couple. \t\t<\/p>\n<h4>S\u00c9ANCES<\/h4>\n<ul>\n<li >\n\t\t\t\t\t\t\t\t\t\tdimanche 03 septembre 20h45\n\t\t\t\t\t\t\t\t\t<\/li>\n<\/ul>\n<h4>INFOS SUR LE FILM<\/h4>\n<p>\t\t<a href=\"https:\/\/www.allocine.fr\/film\/agenda\/sem-2023-06-14\/\"> 14 juin 2023 <\/a> <strong> en salle <\/strong> \/ 1h 32min \/ <a href=\"https:\/\/www.allocine.fr\/films\/genre-13024\/\">Romance<\/a>, <a href=\"https:\/\/www.allocine.fr\/films\/genre-13002\/\">Com\u00e9die dramatique<\/a>De <a href=\"https:\/\/www.allocine.fr\/personne\/fichepersonne_gen_cpersonne=415195.html\">Ilan Klipper<\/a>Par <a href=\"https:\/\/www.allocine.fr\/personne\/fichepersonne_gen_cpersonne=415195.html\">Ilan Klipper<\/a>, <a href=\"https:\/\/www.allocine.fr\/personne\/fichepersonne_gen_cpersonne=438777.html\">Camille Chamoux<\/a>Avec <a href=\"https:\/\/www.allocine.fr\/personne\/fichepersonne_gen_cpersonne=438777.html\">Camille Chamoux<\/a>, <a href=\"https:\/\/www.allocine.fr\/personne\/fichepersonne_gen_cpersonne=506920.html\">Damien Bonnard<\/a>, <a href=\"https:\/\/www.allocine.fr\/personne\/fichepersonne_gen_cpersonne=1010.html\">Ariane Ascaride<\/a><br \/>\n\t\t\t<a href=\"https:\/\/www.youtube.com\/watch?v=zP3EvbMb-Po\" target=\"_blank\" role=\"button\"><br \/>\n\t\t\t\t\t\tVOIR LA BANDE ANNONCE<br \/>\n\t\t\t\t\t<\/a><br \/>\n\t\t\t<a href=\"#top\" role=\"button\"><br \/>\n\t\t\t\t\t\thaut de la page<br \/>\n\t\t\t\t\t<\/a><\/p>\n<h4>Barbie<\/h4>\n<p>\t\t\t\t\t\t\t\t\t\t<img loading=\"lazy\" decoding=\"async\" width=\"691\" height=\"1024\" src=\"http:\/\/lelalano.fr\/wp-content\/uploads\/2023\/06\/Barbie-691x1024.jpg\" alt=\"\" srcset=\"http:\/\/lelalano.fr\/wp-content\/uploads\/2023\/06\/Barbie-691x1024.jpg 691w, http:\/\/lelalano.fr\/wp-content\/uploads\/2023\/06\/Barbie-203x300.jpg 203w, http:\/\/lelalano.fr\/wp-content\/uploads\/2023\/06\/Barbie.jpg 729w\" sizes=\"(max-width: 691px) 100vw, 691px\" \/>\t\t\t\t\t\t\t\t\t\t\t<\/p>\n<h2>Synopsis<\/h2>\n<p>A Barbie Land, vous \u00eates un \u00eatre parfait dans un monde parfait. Sauf si vous \u00eates en crise existentielle, ou si vous \u00eates Ken.<\/p>\n<h4>S\u00c9ANCES<\/h4>\n<ul>\n<li >\n\t\t\t\t\t\t\t\t\t\tmardi 05 septembre 20h45\n\t\t\t\t\t\t\t\t\t<\/li>\n<\/ul>\n<h4>INFOS SUR LE FILM<\/h4>\n<p>\t\t<a href=\"https:\/\/www.allocine.fr\/film\/agenda\/sem-2023-07-19\/\"> 19 juillet 2023 <\/a> <strong> en salle <\/strong> \/ 1h 54min \/ <a href=\"https:\/\/www.allocine.fr\/films\/genre-13001\/\">Aventure<\/a>, <a href=\"https:\/\/www.allocine.fr\/films\/genre-13005\/\">Com\u00e9die<\/a>, <a href=\"https:\/\/www.allocine.fr\/films\/genre-13036\/\">Famille<\/a>De <a href=\"https:\/\/www.allocine.fr\/personne\/fichepersonne_gen_cpersonne=227924.html\">Greta Gerwig<\/a>Par <a href=\"https:\/\/www.allocine.fr\/personne\/fichepersonne_gen_cpersonne=227924.html\">Greta Gerwig<\/a>, <a href=\"https:\/\/www.allocine.fr\/personne\/fichepersonne_gen_cpersonne=41958.html\">Noah Baumbach<\/a>Avec <a href=\"https:\/\/www.allocine.fr\/personne\/fichepersonne_gen_cpersonne=403573.html\">Margot Robbie<\/a>, <a href=\"https:\/\/www.allocine.fr\/personne\/fichepersonne_gen_cpersonne=57126.html\">Ryan Gosling<\/a>, <a href=\"https:\/\/www.allocine.fr\/personne\/fichepersonne_gen_cpersonne=859102.html\">Emma Mackey<\/a><br \/>\n\t\t\t<a href=\"https:\/\/www.youtube.com\/watch?v=2oOzWcbVf1c\" target=\"_blank\" role=\"button\"><br \/>\n\t\t\t\t\t\tVOIR LA BANDE ANNONCE<br \/>\n\t\t\t\t\t<\/a><br \/>\n\t\t\t<a href=\"#top\" role=\"button\"><br \/>\n\t\t\t\t\t\thaut de la page<br \/>\n\t\t\t\t\t<\/a><\/p>\n","protected":false},"excerpt":{"rendered":"<p>Petit R\u00e9cap&#8217; de la semaine mercredi 30 ao\u00fbt Magic ! \u00e0 16h Asteroid City \u00e0 20h45 (vo) samedi 02 septembre Le Manoir Hant\u00e9 \u00e0 20h45 dimanche 03 septembre Le Processus de paix \u00e0 20h45 mardi 05 septembre Barbie \u00e0 20h45 Magic ! Synopsis Il existe un monde magique o\u00f9 vivent de dr\u00f4les de f\u00e9es qui,<span class=\"read-more-wrap\"><a class=\"moretag\" href=\"https:\/\/lelalano.fr\/index.php\/semaine-du-mer-30-aout-au-mar-05-septembre-2023\/\">Lire la suite<span class=\"screen-reader-text\">Semaine du Mer. 30 ao\u00fbt au Mar. 05 septembre 2023<\/span><\/a><\/span><\/p>\n","protected":false},"author":1,"featured_media":0,"parent":0,"menu_order":0,"comment_status":"closed","ping_status":"closed","template":"","meta":{"footnotes":""},"_links":{"self":[{"href":"https:\/\/lelalano.fr\/index.php\/wp-json\/wp\/v2\/pages\/9742"}],"collection":[{"href":"https:\/\/lelalano.fr\/index.php\/wp-json\/wp\/v2\/pages"}],"about":[{"href":"https:\/\/lelalano.fr\/index.php\/wp-json\/wp\/v2\/types\/page"}],"author":[{"embeddable":true,"href":"https:\/\/lelalano.fr\/index.php\/wp-json\/wp\/v2\/users\/1"}],"replies":[{"embeddable":true,"href":"https:\/\/lelalano.fr\/index.php\/wp-json\/wp\/v2\/comments?post=9742"}],"version-history":[{"count":22,"href":"https:\/\/lelalano.fr\/index.php\/wp-json\/wp\/v2\/pages\/9742\/revisions"}],"predecessor-version":[{"id":9772,"href":"https:\/\/lelalano.fr\/index.php\/wp-json\/wp\/v2\/pages\/9742\/revisions\/9772"}],"wp:attachment":[{"href":"https:\/\/lelalano.fr\/index.php\/wp-json\/wp\/v2\/media?parent=9742"}],"curies":[{"name":"wp","href":"https:\/\/api.w.org\/{rel}","templated":true}]}}