{"id":9854,"date":"2023-07-18T17:52:12","date_gmt":"2023-07-18T15:52:12","guid":{"rendered":"http:\/\/lelalano.fr\/?page_id=9854"},"modified":"2023-07-20T17:38:50","modified_gmt":"2023-07-20T15:38:50","slug":"inscription-cine-classe-2023-2024","status":"publish","type":"page","link":"https:\/\/lelalano.fr\/index.php\/inscription-cine-classe-2023-2024\/","title":{"rendered":"Inscription cin\u00e9 classe 2023 \/ 2024"},"content":{"rendered":"<p>Pour vous inscrire au dispositif Cin\u00e9 Classe 2023\/24 envoyez-nous un mail \u00e0 <strong>lelalano@yahoo.fr<\/strong> en indiquant :<\/p>\n<ul>\n<li>le nom de votre \u00e9cole<\/li>\n<li>votre nom ainsi que vos coordonn\u00e9es (t\u00e9l\u00e9phone, mail)<\/li>\n<li>le nombre d&#8217;enfants\u00a0 ainsi que le nombre d&#8217;accompagnateurs<\/li>\n<li>le choix de la date. <em><strong>Vous trouverez ci-dessous les dates disponibles par niveau.<\/strong><\/em><\/li>\n<\/ul>\n<h3><strong>Cycle 1<\/strong><\/h3>\n<p>1er trimestre : <strong>Vive le vent d&#8217;hiver !<\/strong><\/p>\n<ul>\n<li>mardi 3 octobre 10h<\/li>\n<li>jeudi 5 octobre 10h<\/li>\n<li>mardi 07 novembre 10h<\/li>\n<li>jeudi 09 novembre 10h<\/li>\n<\/ul>\n<p>2\u00e9me trimestre : <strong>Le Grand jour du Li\u00e8vre<\/strong><\/p>\n<ul>\n<li>mardi 16 janvier 10h<\/li>\n<li>jeudi 18 janvier 10h<\/li>\n<li>mardi 05 mars 10h<\/li>\n<li>jeudi 07 mars 10h<\/li>\n<\/ul>\n<p>3\u00e8me trimestre : <strong>La pie voleuse<\/strong><\/p>\n<ul>\n<li>jeudi 25 avril 10h<\/li>\n<li>mardi 07 mai 10h<\/li>\n<\/ul>\n<h3><strong>Cycle 2 <br \/><\/strong><\/h3>\n<p>1er trimestre : <strong>Shaun le Mouton Le Film : La Ferme Contre-Attaque<\/strong><\/p>\n<ul>\n<li>jeudi 05 octobre 14h<\/li>\n<li>mardi 17 octobre 10h<\/li>\n<li>jeudi 09 novembre 14h<\/li>\n<li>mardi 14 novembre 10h<\/li>\n<\/ul>\n<p>2\u00e9me trimestre : <strong>Un Conte peut en cacher un autre<\/strong><\/p>\n<ul>\n<li>jeudi 18 janvier 14h<\/li>\n<li>mardi 23 janvier 10h<\/li>\n<li>jeudi 07 mars 14h<\/li>\n<li>mardi 12 mars 10h<\/li>\n<\/ul>\n<p>3\u00e8me trimestre : <strong>Baleines, les gardiennes de la plan\u00e8te<\/strong><\/p>\n<ul>\n<li>jeudi 25 avril 14h<\/li>\n<li>mardi 14 mai 10h<\/li>\n<\/ul>\n<h3><strong>Cycle 3<br \/><\/strong><\/h3>\n<p>1er trimestre : <strong>Le chant de la mer<\/strong><\/p>\n<ul>\n<li>mardi 10 octobre 10h<\/li>\n<li>jeudi 16 novembre 14h<\/li>\n<li>jeudi 23 novembre 14h<\/li>\n<\/ul>\n<p>2\u00e9me trimestre : <strong>Le Tableau<\/strong><\/p>\n<ul>\n<li>jeudi 25 janvier 14h<\/li>\n<li>mardi 30 janvier 10h<\/li>\n<li>jeudi 14 mars 14h<\/li>\n<li>mardi 19 mars 10h<\/li>\n<\/ul>\n<p>3\u00e8me trimestre : <strong>Baleines, les gardiennes de la plan\u00e8te<\/strong><\/p>\n<ul>\n<li>jeudi 25 avril 14h<\/li>\n<li>mardi 14 mai 10h<\/li>\n<\/ul>\n","protected":false},"excerpt":{"rendered":"<p>Pour vous inscrire au dispositif Cin\u00e9 Classe 2023\/24 envoyez-nous un mail \u00e0 lelalano@yahoo.fr en indiquant : le nom de votre \u00e9cole votre nom ainsi que vos coordonn\u00e9es (t\u00e9l\u00e9phone, mail) le nombre d&#8217;enfants\u00a0 ainsi que le nombre d&#8217;accompagnateurs le choix de la date. Vous trouverez ci-dessous les dates disponibles par niveau. Cycle 1 1er trimestre :<span class=\"read-more-wrap\"><a class=\"moretag\" href=\"https:\/\/lelalano.fr\/index.php\/inscription-cine-classe-2023-2024\/\">Lire la suite<span class=\"screen-reader-text\">Inscription cin\u00e9 classe 2023 \/ 2024<\/span><\/a><\/span><\/p>\n","protected":false},"author":1,"featured_media":0,"parent":0,"menu_order":0,"comment_status":"closed","ping_status":"closed","template":"","meta":{"footnotes":""},"_links":{"self":[{"href":"https:\/\/lelalano.fr\/index.php\/wp-json\/wp\/v2\/pages\/9854"}],"collection":[{"href":"https:\/\/lelalano.fr\/index.php\/wp-json\/wp\/v2\/pages"}],"about":[{"href":"https:\/\/lelalano.fr\/index.php\/wp-json\/wp\/v2\/types\/page"}],"author":[{"embeddable":true,"href":"https:\/\/lelalano.fr\/index.php\/wp-json\/wp\/v2\/users\/1"}],"replies":[{"embeddable":true,"href":"https:\/\/lelalano.fr\/index.php\/wp-json\/wp\/v2\/comments?post=9854"}],"version-history":[{"count":26,"href":"https:\/\/lelalano.fr\/index.php\/wp-json\/wp\/v2\/pages\/9854\/revisions"}],"predecessor-version":[{"id":10059,"href":"https:\/\/lelalano.fr\/index.php\/wp-json\/wp\/v2\/pages\/9854\/revisions\/10059"}],"wp:attachment":[{"href":"https:\/\/lelalano.fr\/index.php\/wp-json\/wp\/v2\/media?parent=9854"}],"curies":[{"name":"wp","href":"https:\/\/api.w.org\/{rel}","templated":true}]}}