{"id":9925,"date":"2023-07-19T20:22:29","date_gmt":"2023-07-19T18:22:29","guid":{"rendered":"http:\/\/lelalano.fr\/?page_id=9925"},"modified":"2023-07-20T17:43:05","modified_gmt":"2023-07-20T15:43:05","slug":"cycle-2-2023-2024","status":"publish","type":"page","link":"https:\/\/lelalano.fr\/index.php\/cycle-2-2023-2024\/","title":{"rendered":"Cycle 2 2023-2024"},"content":{"rendered":"<h4>Synth\u00e8se<\/h4>\n<p>\t\t\t\t\t\t\t\t\t\t\t\tPremier Trimestre\t\t\t\t\t<\/p>\n<p><a href=\"#sha\"><strong>Shaun le Mouton Le Film : La Ferme Contre-Attaque<\/strong><\/a><\/p>\n<p>\u00a0<\/p>\n<p>\t\t\t\t\t\t\t\t\t\t\t\tSecond Trimestre\t\t\t\t\t<\/p>\n<p><a href=\"#unc\"><strong>Un conte peut en cacher un autre<\/strong><\/a><\/p>\n<p>\t\t\t\t\t\t\t\t\t\t\t\tTroisi\u00e8me Trimestre\t\t\t\t\t<\/p>\n<section data-id=\"34a4d17\" data-element_type=\"section\">\n<p><a href=\"#les\"><strong>Les Gardiennes de la plan\u00e8te<\/strong><\/a><\/p>\n<\/section>\n<h4 contenteditable=\"true\" data-elementor-setting-key=\"title\" data-pen-placeholder=\"\u00c9crivez ici...\">\u00a0<\/h4>\n<h4>Shaun le Mouton Le Film : La Ferme Contre-Attaque<\/h4>\n<p>\t\t\t\t\t\t\t\t\t\t<img loading=\"lazy\" decoding=\"async\" width=\"730\" height=\"994\" src=\"http:\/\/lelalano.fr\/wp-content\/uploads\/2023\/07\/shaun-affiche-752x1024.jpg\" alt=\"\" srcset=\"http:\/\/lelalano.fr\/wp-content\/uploads\/2023\/07\/shaun-affiche-752x1024.jpg 752w, http:\/\/lelalano.fr\/wp-content\/uploads\/2023\/07\/shaun-affiche-220x300.jpg 220w, http:\/\/lelalano.fr\/wp-content\/uploads\/2023\/07\/shaun-affiche-768x1046.jpg 768w, http:\/\/lelalano.fr\/wp-content\/uploads\/2023\/07\/shaun-affiche.jpg 793w\" sizes=\"(max-width: 730px) 100vw, 730px\" \/>\t\t\t\t\t\t\t\t\t\t\t<\/p>\n<div class=\"llorix-one-lite-video-container\"><iframe loading=\"lazy\" width=\"730\" height=\"411\" src=\"https:\/\/www.youtube.com\/embed\/MD7I5MAtHV0?feature=oembed\" frameborder=\"0\" allow=\"accelerometer; autoplay; clipboard-write; encrypted-media; gyroscope; picture-in-picture; web-share\" allowfullscreen title=\"SHAUN LE MOUTON LE FILM : LA FERME CONTRE-ATTAQUE - Bande-annonce #2 (2019)\"><\/iframe><\/div>\n<figure class='gallery-item'>\n\t\t\t\t<a data-elementor-open-lightbox=\"default\" data-elementor-lightbox-slideshow=\"ada3ebb\" href='http:\/\/lelalano.fr\/wp-content\/uploads\/2023\/07\/shaun-2-web.jpg'><img loading=\"lazy\" decoding=\"async\" width=\"150\" height=\"150\" src=\"http:\/\/lelalano.fr\/wp-content\/uploads\/2023\/07\/shaun-2-web-150x150.jpg\" alt=\"\" \/><\/a><br \/>\n\t\t\t<\/figure>\n<figure class='gallery-item'>\n\t\t\t\t<a data-elementor-open-lightbox=\"default\" data-elementor-lightbox-slideshow=\"ada3ebb\" href='http:\/\/lelalano.fr\/wp-content\/uploads\/2023\/07\/shaun-4-web.jpg'><img loading=\"lazy\" decoding=\"async\" width=\"150\" height=\"150\" src=\"http:\/\/lelalano.fr\/wp-content\/uploads\/2023\/07\/shaun-4-web-150x150.jpg\" alt=\"\" \/><\/a><br \/>\n\t\t\t<\/figure>\n<figure class='gallery-item'>\n\t\t\t\t<a data-elementor-open-lightbox=\"default\" data-elementor-lightbox-slideshow=\"ada3ebb\" href='http:\/\/lelalano.fr\/wp-content\/uploads\/2023\/07\/shaun-6-web.jpg'><img loading=\"lazy\" decoding=\"async\" width=\"150\" height=\"150\" src=\"http:\/\/lelalano.fr\/wp-content\/uploads\/2023\/07\/shaun-6-web-150x150.jpg\" alt=\"\" \/><\/a><br \/>\n\t\t\t<\/figure>\n<figure class='gallery-item'>\n\t\t\t\t<a data-elementor-open-lightbox=\"default\" data-elementor-lightbox-slideshow=\"ada3ebb\" href='http:\/\/lelalano.fr\/wp-content\/uploads\/2023\/07\/shaun-7-web.jpg'><img loading=\"lazy\" decoding=\"async\" width=\"150\" height=\"150\" src=\"http:\/\/lelalano.fr\/wp-content\/uploads\/2023\/07\/shaun-7-web-150x150.jpg\" alt=\"\" \/><\/a><br \/>\n\t\t\t<\/figure>\n<p><strong>R\u00e9alis\u00e9 par :<\/strong> Will Becher, Richard Phelan<\/p>\n<p><strong>Pays :<\/strong> Royaume-Uni<\/p>\n<p><strong>Date de sortie :<\/strong> 2019<\/p>\n<p><strong>Dur\u00e9e :<\/strong> 1h30<\/p>\n<p><strong>\u00c2ge conseill\u00e9 :<\/strong> Tous publics, \u00e0 partir de 6 ans<\/p>\n<p><strong>Genre :<\/strong> Animation<\/p>\n<h2>Synopsis<\/h2>\n<p>Objectif Laine ! Un vaisseau spatial s\u2019est \u00e9cras\u00e9 pr\u00e8s de la ferme de Shaun. A son bord, une adorable et malicieuse petite cr\u00e9ature, pr\u00e9nomm\u00e9e LU-LA. Avec ses pouvoirs surnaturels, son go\u00fbt pour l\u2019aventure, et ses rots venus d\u2019un autre monde, elle est imm\u00e9diatement adopt\u00e9e par le troupeau. Mais lorsqu\u2019une sombre organisation gouvernementale se lance \u00e0 sa poursuite, bien d\u00e9cid\u00e9e \u00e0 capturer la petite alien, la ferme contre-attaque ! Shaun et le troupeau vont tout faire pour aider LU-LA \u00e0 rentrer chez elle.<\/p>\n<p>Horaires des s\u00e9ances :<\/p>\n<ul>\n<li>jeudi 05 octobre 14h<\/li>\n<li>mardi 17 octobre 10h<\/li>\n<li>jeudi 09 novembre 14h<\/li>\n<li>mardi 14 novembre 10h<\/li>\n<\/ul>\n<p>\t\t\t<a href=\"http:\/\/lelalano.fr\/index.php\/inscription-cine-classe-2023-2024\/\" role=\"button\"><br \/>\n\t\t\t\t\t\ts&#8217;inscrire pour le film<br \/>\n\t\t\t\t\t<\/a><\/p>\n<p><strong>Pour planifier les interventions vous devez contacter directement Mojdeh Famili (mojdeh.famili@gmail.com).<\/strong><\/p>\n<p>\t\t\t<a href=\"#synthese\"><br \/>\n\t\t\t<\/a><\/p>\n<h4>Un Conte peut en cacher un autre<\/h4>\n<p>\t\t\t\t\t\t\t\t\t\t<img loading=\"lazy\" decoding=\"async\" width=\"400\" height=\"550\" src=\"http:\/\/lelalano.fr\/wp-content\/uploads\/2023\/07\/affiche-Un-Conte-peut-en-cacher-un-autre.jpg\" alt=\"\" srcset=\"http:\/\/lelalano.fr\/wp-content\/uploads\/2023\/07\/affiche-Un-Conte-peut-en-cacher-un-autre.jpg 400w, http:\/\/lelalano.fr\/wp-content\/uploads\/2023\/07\/affiche-Un-Conte-peut-en-cacher-un-autre-218x300.jpg 218w\" sizes=\"(max-width: 400px) 100vw, 400px\" \/>\t\t\t\t\t\t\t\t\t\t\t<\/p>\n<div class=\"llorix-one-lite-video-container\"><iframe loading=\"lazy\" width=\"730\" height=\"411\" src=\"https:\/\/www.youtube.com\/embed\/SHb6fNcG09I?feature=oembed\" frameborder=\"0\" allow=\"accelerometer; autoplay; clipboard-write; encrypted-media; gyroscope; picture-in-picture; web-share\" allowfullscreen title=\"UN CONTE PEUT EN CACHER UN AUTRE La Bande Annonce (2017)\"><\/iframe><\/div>\n<figure class='gallery-item'>\n\t\t\t\t<a data-elementor-open-lightbox=\"default\" data-elementor-lightbox-slideshow=\"18ead9c\" href='http:\/\/lelalano.fr\/wp-content\/uploads\/2023\/07\/un-conte-1.jpg'><img loading=\"lazy\" decoding=\"async\" width=\"150\" height=\"150\" src=\"http:\/\/lelalano.fr\/wp-content\/uploads\/2023\/07\/un-conte-1-150x150.jpg\" alt=\"\" \/><\/a><br \/>\n\t\t\t<\/figure>\n<figure class='gallery-item'>\n\t\t\t\t<a data-elementor-open-lightbox=\"default\" data-elementor-lightbox-slideshow=\"18ead9c\" href='http:\/\/lelalano.fr\/wp-content\/uploads\/2023\/07\/un-conte-2.jpg'><img loading=\"lazy\" decoding=\"async\" width=\"150\" height=\"150\" src=\"http:\/\/lelalano.fr\/wp-content\/uploads\/2023\/07\/un-conte-2-150x150.jpg\" alt=\"\" \/><\/a><br \/>\n\t\t\t<\/figure>\n<figure class='gallery-item'>\n\t\t\t\t<a data-elementor-open-lightbox=\"default\" data-elementor-lightbox-slideshow=\"18ead9c\" href='http:\/\/lelalano.fr\/wp-content\/uploads\/2023\/07\/un-conte-3.jpg'><img loading=\"lazy\" decoding=\"async\" width=\"150\" height=\"150\" src=\"http:\/\/lelalano.fr\/wp-content\/uploads\/2023\/07\/un-conte-3-150x150.jpg\" alt=\"\" \/><\/a><br \/>\n\t\t\t<\/figure>\n<figure class='gallery-item'>\n\t\t\t\t<a data-elementor-open-lightbox=\"default\" data-elementor-lightbox-slideshow=\"18ead9c\" href='http:\/\/lelalano.fr\/wp-content\/uploads\/2023\/07\/un-conte-4.jpg'><img loading=\"lazy\" decoding=\"async\" width=\"150\" height=\"150\" src=\"http:\/\/lelalano.fr\/wp-content\/uploads\/2023\/07\/un-conte-4-150x150.jpg\" alt=\"\" \/><\/a><br \/>\n\t\t\t<\/figure>\n<p><strong>R\u00e9alis\u00e9 par :<\/strong> Jakob Schuh, Jan Lachauer<\/p>\n<p><strong>Pays :<\/strong> Royaume-Uni<\/p>\n<p><strong>Date de sortie :<\/strong> 2017<\/p>\n<p><strong>Dur\u00e9e :<\/strong> 1h01<\/p>\n<p><strong>\u00c2ge conseill\u00e9 :<\/strong> Tous publics, \u00e0 partir de 6\/7 ans<\/p>\n<p><strong>Genre :<\/strong> Animation<\/p>\n<h2>Synopsis<\/h2>\n<p>Comment r\u00e9inventer les contes de f\u00e9es avec humour et intelligence\u2026<\/p>\n<p>Imaginons que Le Petit Chaperon Rouge et Blanche-Neige soient de vieilles copines\u2026 Elles feraient alliance pour se d\u00e9barrasser de pr\u00e9dateurs affam\u00e9s ou d\u2019une belle-m\u00e8re meurtri\u00e8re. Et que ferait Jacques (celui du haricot magique) s\u2019il avait Cendrillon pour charmante voisine ? Un loup aux allures de dandy nous raconte\u2026<\/p>\n<p><em>Apr\u00e8s Charlie et la Chocolaterie, une nouvelle adaptation d\u2019un livre de Roald Dahl par les producteurs du Gruffalo et Monsieur Bout-de-Bois !<\/em><\/p>\n<p>Horaires des s\u00e9ances :<\/p>\n<ul>\n<li>jeudi 18 janvier 14h<\/li>\n<li>mardi 23 janvier 10h<\/li>\n<li>jeudi 07 mars 14h<\/li>\n<li>mardi 12 mars 10h<\/li>\n<\/ul>\n<p>\t\t\t<a href=\"http:\/\/lelalano.fr\/index.php\/inscription-cine-classe-2023-2024\/\" role=\"button\"><br \/>\n\t\t\t\t\t\ts&#8217;inscrire pour le film<br \/>\n\t\t\t\t\t<\/a><\/p>\n<p><strong>Pour planifier les interventions vous devez contacter directement Mojdeh Famili (mojdeh.famili@gmail.com).<\/strong><\/p>\n<p>\t\t\t<a href=\"#synthese\"><br \/>\n\t\t\t<\/a><\/p>\n<h4>Baleines, les gardiennes de la plan\u00e8te<br \/>\n<\/h4>\n<p>\t\t\t\t\t\t\t\t\t\t<img loading=\"lazy\" decoding=\"async\" width=\"400\" height=\"550\" src=\"http:\/\/lelalano.fr\/wp-content\/uploads\/2023\/07\/affiche-film-Baleines-Les-gardiennes-de-la-planete-.jpg\" alt=\"\" srcset=\"http:\/\/lelalano.fr\/wp-content\/uploads\/2023\/07\/affiche-film-Baleines-Les-gardiennes-de-la-planete-.jpg 400w, http:\/\/lelalano.fr\/wp-content\/uploads\/2023\/07\/affiche-film-Baleines-Les-gardiennes-de-la-planete--218x300.jpg 218w\" sizes=\"(max-width: 400px) 100vw, 400px\" \/>\t\t\t\t\t\t\t\t\t\t\t<\/p>\n<div class=\"llorix-one-lite-video-container\"><iframe loading=\"lazy\" width=\"730\" height=\"411\" src=\"https:\/\/www.youtube.com\/embed\/IvscSZp3NMo?feature=oembed\" frameborder=\"0\" allow=\"accelerometer; autoplay; clipboard-write; encrypted-media; gyroscope; picture-in-picture; web-share\" allowfullscreen title=\"LES GARDIENNES DE LA PLAN\u00c8TE Bande Annonce VF (2023, Documentaire) Jean-Albert Li\u00e8vre\"><\/iframe><\/div>\n<figure class='gallery-item'>\n\t\t\t\t<a data-elementor-open-lightbox=\"default\" data-elementor-lightbox-slideshow=\"ac8598d\" href='http:\/\/lelalano.fr\/wp-content\/uploads\/2023\/07\/photo-film-LES-GARDIENNES-DE-LA-PLANETE-11.jpg'><img loading=\"lazy\" decoding=\"async\" width=\"150\" height=\"150\" src=\"http:\/\/lelalano.fr\/wp-content\/uploads\/2023\/07\/photo-film-LES-GARDIENNES-DE-LA-PLANETE-11-150x150.jpg\" alt=\"\" \/><\/a><br \/>\n\t\t\t<\/figure>\n<figure class='gallery-item'>\n\t\t\t\t<a data-elementor-open-lightbox=\"default\" data-elementor-lightbox-slideshow=\"ac8598d\" href='http:\/\/lelalano.fr\/wp-content\/uploads\/2023\/07\/photo-film-LES-GARDIENNES-DE-LA-PLANETE-27.jpg'><img loading=\"lazy\" decoding=\"async\" width=\"150\" height=\"150\" src=\"http:\/\/lelalano.fr\/wp-content\/uploads\/2023\/07\/photo-film-LES-GARDIENNES-DE-LA-PLANETE-27-150x150.jpg\" alt=\"\" \/><\/a><br \/>\n\t\t\t<\/figure>\n<figure class='gallery-item'>\n\t\t\t\t<a data-elementor-open-lightbox=\"default\" data-elementor-lightbox-slideshow=\"ac8598d\" href='http:\/\/lelalano.fr\/wp-content\/uploads\/2023\/07\/photo-film-LES-GARDIENNES-DE-LA-PLANETE-60.jpg'><img loading=\"lazy\" decoding=\"async\" width=\"150\" height=\"150\" src=\"http:\/\/lelalano.fr\/wp-content\/uploads\/2023\/07\/photo-film-LES-GARDIENNES-DE-LA-PLANETE-60-150x150.jpg\" alt=\"\" \/><\/a><br \/>\n\t\t\t<\/figure>\n<figure class='gallery-item'>\n\t\t\t\t<a data-elementor-open-lightbox=\"default\" data-elementor-lightbox-slideshow=\"ac8598d\" href='http:\/\/lelalano.fr\/wp-content\/uploads\/2023\/07\/photo-film-LES-GARDIENNES-DE-LA-PLANETE-Bulles.jpg'><img loading=\"lazy\" decoding=\"async\" width=\"150\" height=\"150\" src=\"http:\/\/lelalano.fr\/wp-content\/uploads\/2023\/07\/photo-film-LES-GARDIENNES-DE-LA-PLANETE-Bulles-150x150.jpg\" alt=\"\" \/><\/a><br \/>\n\t\t\t<\/figure>\n<ul>\n<li>\n<p><strong>R\u00e9alis\u00e9 par :<\/strong> Jean-Albert Li\u00e8vre<\/p>\n<p><strong>Pays :<\/strong> France<\/p>\n<p><strong>Date de sortie :<\/strong> 2023<\/p>\n<p><strong>Dur\u00e9e :<\/strong> 1h22<\/p>\n<p><strong>Genre :<\/strong> Documentaire<\/p>\n<\/li>\n<\/ul>\n<p><strong>Synopsis :<\/strong><\/p>\n<p style=\"margin-bottom: 0cm;\">Une baleine \u00e0 bosse s\u2019est \u00e9chou\u00e9e sur un rivage isol\u00e9. Alors qu\u2019un groupe d\u2019hommes et de femmes organise son sauvetage, nous d\u00e9couvrons l\u2019histoire extraordinaire des c\u00e9tac\u00e9s, citoyens des oc\u00e9ans du monde, essentiels \u00e0 l\u2019\u00e9cosyst\u00e8me de notre plan\u00e8te depuis plus de 50 millions d\u2019ann\u00e9es.<\/p>\n<p>Horaires des s\u00e9ances :<\/p>\n<ul>\n<li>jeudi 25 avril 14h<\/li>\n<li>mardi 14 mai 10h<\/li>\n<\/ul>\n<p>\t\t\t<a href=\"http:\/\/lelalano.fr\/index.php\/inscription-cine-classe-2023-2024\/\" role=\"button\"><br \/>\n\t\t\t\t\t\ts&#8217;inscrire pour le film<br \/>\n\t\t\t\t\t<\/a><\/p>\n<p><strong>Pour planifier les interventions vous devez contacter directement Mojdeh Famili (mojdeh.famili@gmail.com).<\/strong><\/p>\n<p>\t\t\t<a href=\"#synthese\"><br \/>\n\t\t\t<\/a><\/p>\n","protected":false},"excerpt":{"rendered":"<p>Synth\u00e8se Premier Trimestre Shaun le Mouton Le Film : La Ferme Contre-Attaque \u00a0 Second Trimestre Un conte peut en cacher un autre Troisi\u00e8me Trimestre Les Gardiennes de la plan\u00e8te \u00a0 Shaun le Mouton Le Film : La Ferme Contre-Attaque R\u00e9alis\u00e9 par : Will Becher, Richard Phelan Pays : Royaume-Uni Date de sortie : 2019 Dur\u00e9e<span class=\"read-more-wrap\"><a class=\"moretag\" href=\"https:\/\/lelalano.fr\/index.php\/cycle-2-2023-2024\/\">Lire la suite<span class=\"screen-reader-text\">Cycle 2 2023-2024<\/span><\/a><\/span><\/p>\n","protected":false},"author":1,"featured_media":0,"parent":0,"menu_order":0,"comment_status":"closed","ping_status":"closed","template":"","meta":{"footnotes":""},"_links":{"self":[{"href":"https:\/\/lelalano.fr\/index.php\/wp-json\/wp\/v2\/pages\/9925"}],"collection":[{"href":"https:\/\/lelalano.fr\/index.php\/wp-json\/wp\/v2\/pages"}],"about":[{"href":"https:\/\/lelalano.fr\/index.php\/wp-json\/wp\/v2\/types\/page"}],"author":[{"embeddable":true,"href":"https:\/\/lelalano.fr\/index.php\/wp-json\/wp\/v2\/users\/1"}],"replies":[{"embeddable":true,"href":"https:\/\/lelalano.fr\/index.php\/wp-json\/wp\/v2\/comments?post=9925"}],"version-history":[{"count":16,"href":"https:\/\/lelalano.fr\/index.php\/wp-json\/wp\/v2\/pages\/9925\/revisions"}],"predecessor-version":[{"id":10067,"href":"https:\/\/lelalano.fr\/index.php\/wp-json\/wp\/v2\/pages\/9925\/revisions\/10067"}],"wp:attachment":[{"href":"https:\/\/lelalano.fr\/index.php\/wp-json\/wp\/v2\/media?parent=9925"}],"curies":[{"name":"wp","href":"https:\/\/api.w.org\/{rel}","templated":true}]}}