{"id":9978,"date":"2023-07-20T11:44:01","date_gmt":"2023-07-20T09:44:01","guid":{"rendered":"http:\/\/lelalano.fr\/?page_id=9978"},"modified":"2023-07-20T11:47:20","modified_gmt":"2023-07-20T09:47:20","slug":"cineclasse-dispositif-2023-2024","status":"publish","type":"page","link":"https:\/\/lelalano.fr\/index.php\/cineclasse-dispositif-2023-2024\/","title":{"rendered":"Cin\u00e9Classe, dispositif 2023-2024"},"content":{"rendered":"<p><a href=\"http:\/\/lelalano.fr\/index.php\/cycle-1-2023-2024\/\" role=\"button\"><br \/>\n\t\t\t\t\t\tProgramme cycle 1<br \/>\n\t\t\t\t\t<\/a><br \/>\n\t\t\t<a href=\"http:\/\/lelalano.fr\/index.php\/cycle-2-2023-2024\/\" role=\"button\"><br \/>\n\t\t\t\t\t\tProgramme cycle 2<br \/>\n\t\t\t\t\t<\/a><br \/>\n\t\t\t<a href=\"http:\/\/lelalano.fr\/index.php\/cycle-3-2023-2024\/\" role=\"button\"><br \/>\n\t\t\t\t\t\tProgramme cycle 3<br \/>\n\t\t\t\t\t<\/a><\/p>\n<section data-id=\"7d3090a\" data-element_type=\"section\">\n<p>Le dispositif <strong>&#8220;Cin\u00e9 Classe&#8221;<\/strong> est reconduit pour l&#8217;ann\u00e9e scolaire 2023\/24. Nous vous proposons de nouveau cette ann\u00e9e, un suivi en classe des films que vous serez venu voir au cin\u00e9ma.<\/p>\n<p>Le cin\u00e9ma le Lalano coordinateur de ce projet, confie \u00e0 <strong>Mojdeh FAMILI<\/strong> la programmation et l\u2019animation de ces parcours qui concernent tous les niveaux de la maternelle au coll\u00e8ge.Pour proc\u00e9der \u00e0 l&#8217;inscription de votre classe, cliquez sur le bouton s\u2019inscrire que vous trouverez en bas de cette page et\/ou sur les pages d\u00e9crivant les diff\u00e9rent parcours. Nous prendrons contact avec vous le plus rapidement possible pour vous confirmer la prise en compte de votre participation au dispositif.\u00a0<strong>Rappel des objectifs du dispositif Cin\u00e9 Classe :<\/strong><\/p>\n<p>Outre d\u2019accompagner les jeunes dans l\u2019appr\u00e9hension des \u0153uvres cin\u00e9matographiques comme objets de plaisirs, d\u2019\u00e9motions, d\u2019analyses ou de r\u00e9flexions sur le monde qui nous entoure, Cin\u00e9 Classe permet de :<\/p>\n<ul>\n<li>Proposer des films dont la forme, l\u2019origine ou l\u2019esth\u00e9tique, permettent aux \u00e9l\u00e8ves de cultiver des go\u00fbts nouveaux.<\/li>\n<li>D\u00e9velopper la pratique d\u2019une activit\u00e9 culturelle en cr\u00e9ant un dialogue entre les jeunes et les salles de proximit\u00e9.<\/li>\n<li>Offrir des prolongements p\u00e9dagogiques aux enseignants notamment en proposant des interventions en classe.<\/li>\n<\/ul>\n<p>Dans le cadre de ce dispositif, les \u00e9l\u00e8ves de chaque niveau verront au cours de l\u2019ann\u00e9e scolaire 3 films. Tous les films propos\u00e9s et visionn\u00e9s en salle, b\u00e9n\u00e9ficieront en classe d\u2019une action d\u2019analyse men\u00e9e par notre intervenante. <strong>L\u2019objectif est de sensibiliser les \u00e9l\u00e8ves \u00e0 la lecture de l\u2019image et au langage cin\u00e9matographique; le d\u00e9veloppement du regard et de l\u2019esprit critique ; l\u2019ouverture au monde et la d\u00e9couverte d\u2019autres cultures.<\/strong> Il s\u2019agit d\u2019un temps d\u2019\u00e9change d\u2019une heure durant laquelle, au moyen d\u2019extraits et de documents visuels, les \u00e9l\u00e8ves pourrons revenir sur le film, exprimer leur point de vue et leur ressenti, participer \u00e0 l\u2019\u00e9laboration d\u2019une approche analytique. Le but est \u00e9galement de permettre aux enseignants de progressivement s\u2019approprier les ressources du cin\u00e9ma et d\u2019en faire un outil usuel au service de leur p\u00e9dagogie.<\/p>\n<p>Pour animer ce dispositif nous avons choisi de faire appel \u00e0 <strong>Mojdeh FAMILI<\/strong> qui apr\u00e8s des \u00e9tudes cin\u00e9matographiques \u00e0 l\u2019universit\u00e9 de la Sorbonne Nouvelle (Paris 3) et des activit\u00e9s professionnelles dans les domaines de la r\u00e9alisation, l\u2019\u00e9dition et l\u2019enseignement, s\u2019est install\u00e9e \u00e0 Guizerix (65230) et a travaill\u00e9 depuis 2004 au sein du service scolaire de Cin\u00e9 32.<\/p>\n<p><strong>Financement du dispositif :<\/strong><\/p>\n<p>le Conseil D\u00e9partemental des Hautes-Pyr\u00e9n\u00e9es prendra en charge la moiti\u00e9 du co\u00fbt des s\u00e9ances scolaires soit 1.5 \u20ac par \u00e9l\u00e8ve. Le cin\u00e9ma le Lalano aid\u00e9 dans ces projets artistiques et culturels par le Conseil D\u00e9partemental des Hautes-Pyr\u00e9n\u00e9es, l&#8217;Afcae (Association Fran\u00e7aise des Cin\u00e9ma d&#8217;Art et d&#8217;Essai) et le CNC (Centre national du cin\u00e9ma et de l&#8217;image anim\u00e9e), ne pourra malgr\u00e9 tout prendre en charge comme l&#8217;ann\u00e9e derni\u00e8re la totalit\u00e9 des interventions. Nous serons donc amen\u00e9 \u00e0 vous demander la somme de 20 \u20ac par intervention, ce qui repr\u00e9sente un tiers de leur co\u00fbt.<\/p>\n<\/section>\n<p>\t\t\t<a href=\"http:\/\/lelalano.fr\/index.php\/cycle-1-2023-2024\/\" role=\"button\"><br \/>\n\t\t\t\t\t\tProgramme cycle 1<br \/>\n\t\t\t\t\t<\/a><br \/>\n\t\t\t<a href=\"http:\/\/lelalano.fr\/index.php\/cycle-2-2023-2024\/\" role=\"button\"><br \/>\n\t\t\t\t\t\tProgramme cycle 2<br \/>\n\t\t\t\t\t<\/a><br \/>\n\t\t\t<a href=\"http:\/\/lelalano.fr\/index.php\/cycle-3-2023-2024\/\" role=\"button\"><br \/>\n\t\t\t\t\t\tProgramme cycle 3<br \/>\n\t\t\t\t\t<\/a><br \/>\n\t\t\t<a href=\"http:\/\/lelalano.fr\/index.php\/inscription-cine-classe-2023-2024\/\" role=\"button\"><br \/>\n\t\t\t\t\t\tS&#8217;incrire au dispositif<br \/>\n\t\t\t\t\t<\/a><\/p>\n","protected":false},"excerpt":{"rendered":"<p>Programme cycle 1 Programme cycle 2 Programme cycle 3 Le dispositif &#8220;Cin\u00e9 Classe&#8221; est reconduit pour l&#8217;ann\u00e9e scolaire 2023\/24. Nous vous proposons de nouveau cette ann\u00e9e, un suivi en classe des films que vous serez venu voir au cin\u00e9ma. Le cin\u00e9ma le Lalano coordinateur de ce projet, confie \u00e0 Mojdeh FAMILI la programmation et l\u2019animation<span class=\"read-more-wrap\"><a class=\"moretag\" href=\"https:\/\/lelalano.fr\/index.php\/cineclasse-dispositif-2023-2024\/\">Lire la suite<span class=\"screen-reader-text\">Cin\u00e9Classe, dispositif 2023-2024<\/span><\/a><\/span><\/p>\n","protected":false},"author":1,"featured_media":0,"parent":0,"menu_order":0,"comment_status":"closed","ping_status":"closed","template":"","meta":{"footnotes":""},"_links":{"self":[{"href":"https:\/\/lelalano.fr\/index.php\/wp-json\/wp\/v2\/pages\/9978"}],"collection":[{"href":"https:\/\/lelalano.fr\/index.php\/wp-json\/wp\/v2\/pages"}],"about":[{"href":"https:\/\/lelalano.fr\/index.php\/wp-json\/wp\/v2\/types\/page"}],"author":[{"embeddable":true,"href":"https:\/\/lelalano.fr\/index.php\/wp-json\/wp\/v2\/users\/1"}],"replies":[{"embeddable":true,"href":"https:\/\/lelalano.fr\/index.php\/wp-json\/wp\/v2\/comments?post=9978"}],"version-history":[{"count":6,"href":"https:\/\/lelalano.fr\/index.php\/wp-json\/wp\/v2\/pages\/9978\/revisions"}],"predecessor-version":[{"id":9984,"href":"https:\/\/lelalano.fr\/index.php\/wp-json\/wp\/v2\/pages\/9978\/revisions\/9984"}],"wp:attachment":[{"href":"https:\/\/lelalano.fr\/index.php\/wp-json\/wp\/v2\/media?parent=9978"}],"curies":[{"name":"wp","href":"https:\/\/api.w.org\/{rel}","templated":true}]}}