{"id":9985,"date":"2023-07-20T12:44:27","date_gmt":"2023-07-20T10:44:27","guid":{"rendered":"http:\/\/lelalano.fr\/?page_id=9985"},"modified":"2023-07-20T17:49:38","modified_gmt":"2023-07-20T15:49:38","slug":"scolaires-2023-24","status":"publish","type":"page","link":"https:\/\/lelalano.fr\/index.php\/scolaires-2023-24\/","title":{"rendered":"Scolaires 23\/24"},"content":{"rendered":"<p>Pour l&#8217;ann\u00e9e scolaire 2023\/24, quatre parcours culturels vous sont propos\u00e9s. deux concernent le cin\u00e9ma :\u00a0 <a href=\"http:\/\/lelalano.fr\/index.php\/cineclasse-dispositif-2023-2024\/\" target=\"_blank\" rel=\"noopener\"><strong><em>Cin\u00e9 Classe<\/em><\/strong><\/a> ainsi que le dispositif national<a href=\"http:\/\/lelalano.fr\/index.php\/ecole-et-college-au-cinema-23-24\/\" target=\"_blank\" rel=\"noopener\"><strong><em> \u00c9cole et Coll\u00e8ge au cin\u00e9ma.<\/em><\/strong><\/a><\/p>\n<p>Les deux autres dispositifs concernent le <strong>spectacle vivant <\/strong>et\u00a0 s\u2019appuie sur une programmation musicale \u00e9tablie par <a href=\"http:\/\/lelalano.fr\/index.php\/spectacles-scolaire-jmf-2023-2024\/\" target=\"_blank\" rel=\"noopener\"><strong>les Jeunesses Musicales des Hautes-Pyr\u00e9n\u00e9es <\/strong><\/a>ainsi que sur une programmation propos\u00e9 par <a href=\"http:\/\/lelalano.fr\/index.php\/spectacles-scolaires-2023-2024\/\" target=\"_blank\" rel=\"noopener\"><strong>Le Lalano (th\u00e9\u00e2tre et la marionnette).<\/strong><\/a><\/p>\n","protected":false},"excerpt":{"rendered":"<p>Pour l&#8217;ann\u00e9e scolaire 2023\/24, quatre parcours culturels vous sont propos\u00e9s. deux concernent le cin\u00e9ma :\u00a0 Cin\u00e9 Classe ainsi que le dispositif national \u00c9cole et Coll\u00e8ge au cin\u00e9ma. Les deux autres dispositifs concernent le spectacle vivant et\u00a0 s\u2019appuie sur une programmation musicale \u00e9tablie par les Jeunesses Musicales des Hautes-Pyr\u00e9n\u00e9es ainsi que sur une programmation propos\u00e9 par<span class=\"read-more-wrap\"><a class=\"moretag\" href=\"https:\/\/lelalano.fr\/index.php\/scolaires-2023-24\/\">Lire la suite<span class=\"screen-reader-text\">Scolaires 23\/24<\/span><\/a><\/span><\/p>\n","protected":false},"author":1,"featured_media":0,"parent":0,"menu_order":0,"comment_status":"closed","ping_status":"closed","template":"","meta":{"footnotes":""},"_links":{"self":[{"href":"https:\/\/lelalano.fr\/index.php\/wp-json\/wp\/v2\/pages\/9985"}],"collection":[{"href":"https:\/\/lelalano.fr\/index.php\/wp-json\/wp\/v2\/pages"}],"about":[{"href":"https:\/\/lelalano.fr\/index.php\/wp-json\/wp\/v2\/types\/page"}],"author":[{"embeddable":true,"href":"https:\/\/lelalano.fr\/index.php\/wp-json\/wp\/v2\/users\/1"}],"replies":[{"embeddable":true,"href":"https:\/\/lelalano.fr\/index.php\/wp-json\/wp\/v2\/comments?post=9985"}],"version-history":[{"count":6,"href":"https:\/\/lelalano.fr\/index.php\/wp-json\/wp\/v2\/pages\/9985\/revisions"}],"predecessor-version":[{"id":10073,"href":"https:\/\/lelalano.fr\/index.php\/wp-json\/wp\/v2\/pages\/9985\/revisions\/10073"}],"wp:attachment":[{"href":"https:\/\/lelalano.fr\/index.php\/wp-json\/wp\/v2\/media?parent=9985"}],"curies":[{"name":"wp","href":"https:\/\/api.w.org\/{rel}","templated":true}]}}